{"id":38312,"date":"2022-12-21T14:26:41","date_gmt":"2022-12-21T07:26:41","guid":{"rendered":"https:\/\/mouldking.store\/?post_type=product&#038;p=38312"},"modified":"2025-12-25T09:12:04","modified_gmt":"2025-12-25T02:12:04","slug":"moc-92335-indycar-2021-drr-karam-oval-spec-with-253-pieces","status":"publish","type":"product","link":"https:\/\/mouldking.store\/de\/shop\/moc-92335-indycar-2021-drr-karam-oval-spec-with-253-pieces\/","title":{"rendered":"MOC-92335 Indycar 2021 DRR Karam Oval Spec mit 253 St\u00fcck"},"content":{"rendered":"<ol>\n<li>Marke: MOC<\/li>\n<li>Geschlecht: Unisex<\/li>\n<li>Name: Indycar 2021 DRR Karam Oval Spec<\/li>\n<li>Altersspanne: &gt; 6 Jahre alt<\/li>\n<li>Modellnummer: 92335<\/li>\n<li>Einstufung: Assemblage<\/li>\n<li>Kunststoffblockform: Selbstsichernde Steine<\/li>\n<li>Material: Kunststoff<\/li>\n<li>Kunststofftyp: ABS<\/li>\n<li>Ziegelsteine: 253 St\u00fcck<\/li>\n<li>Gewicht: 300 g<\/li>\n<li>Enth\u00e4lt eine ausf\u00fchrliche Montageanleitung.<\/li>\n<\/ol>\n<p>Notiz:<br \/>\n1. Ohne Originalverpackung, aber wir garantieren, dass unsere Produkte eine Qualit\u00e4tssicherung und eine sch\u00f6ne Verpackung haben.<br \/>\n2. Wie alle Teile, die wir vor dem Versand \u00fcberpr\u00fcft haben, machen Sie sich keine Sorgen, wenn Sie feststellen, dass einige Teile fehlen oder besch\u00e4digt sind, und kontaktieren Sie uns einfach, und wir k\u00f6nnen sie Ihnen umgehend kostenlos erneut zusenden.<\/p>\n<figure id=\"attachment_38313\" aria-describedby=\"caption-attachment-38313\" style=\"width: 1024px\" class=\"wp-caption aligncenter\"><img fetchpriority=\"high\" decoding=\"async\" class=\"wp-image-38313 size-large\" src=\"https:\/\/mouldking.store\/wp-content\/uploads\/2022\/12\/MOC-92335-Technic-Indycar-2021-DRR-Karam-Oval-Spec-MOC-FACTORY-1024x1024.png\" alt=\"MOC-92335 Indycar 2021 DRR Karam Oval Spec With 253 Pieces\" width=\"1024\" height=\"1024\" title=\"-\" srcset=\"https:\/\/mouldking.store\/wp-content\/uploads\/2022\/12\/MOC-92335-Technic-Indycar-2021-DRR-Karam-Oval-Spec-MOC-FACTORY-1024x1024.png 1024w, https:\/\/mouldking.store\/wp-content\/uploads\/2022\/12\/MOC-92335-Technic-Indycar-2021-DRR-Karam-Oval-Spec-MOC-FACTORY-300x300.png 300w, https:\/\/mouldking.store\/wp-content\/uploads\/2022\/12\/MOC-92335-Technic-Indycar-2021-DRR-Karam-Oval-Spec-MOC-FACTORY-768x768.png 768w, https:\/\/mouldking.store\/wp-content\/uploads\/2022\/12\/MOC-92335-Technic-Indycar-2021-DRR-Karam-Oval-Spec-MOC-FACTORY-600x600.png 600w, https:\/\/mouldking.store\/wp-content\/uploads\/2022\/12\/MOC-92335-Technic-Indycar-2021-DRR-Karam-Oval-Spec-MOC-FACTORY-150x150.png 150w, https:\/\/mouldking.store\/wp-content\/uploads\/2022\/12\/MOC-92335-Technic-Indycar-2021-DRR-Karam-Oval-Spec-MOC-FACTORY-60x60.png 60w, https:\/\/mouldking.store\/wp-content\/uploads\/2022\/12\/MOC-92335-Technic-Indycar-2021-DRR-Karam-Oval-Spec-MOC-FACTORY-90x90.png 90w, https:\/\/mouldking.store\/wp-content\/uploads\/2022\/12\/MOC-92335-Technic-Indycar-2021-DRR-Karam-Oval-Spec-MOC-FACTORY.png 1095w\" sizes=\"(max-width: 1024px) 100vw, 1024px\" \/><figcaption id=\"caption-attachment-38313\" class=\"wp-caption-text\">MOC-92335 Indycar 2021 DRR Karam Oval Spec mit 253 St\u00fcck<\/figcaption><\/figure>\n<figure id=\"attachment_38314\" aria-describedby=\"caption-attachment-38314\" style=\"width: 1024px\" class=\"wp-caption aligncenter\"><img decoding=\"async\" class=\"wp-image-38314 size-large\" src=\"https:\/\/mouldking.store\/wp-content\/uploads\/2022\/12\/Indycar-2021-DRR-Karam-Oval-Spec-MOC-92335-1-1024x1024.jpg\" alt=\"MOC-92335 Indycar 2021 DRR Karam Oval Spec With 253 Pieces\" width=\"1024\" height=\"1024\" title=\"-\" srcset=\"https:\/\/mouldking.store\/wp-content\/uploads\/2022\/12\/Indycar-2021-DRR-Karam-Oval-Spec-MOC-92335-1-1024x1024.jpg 1024w, https:\/\/mouldking.store\/wp-content\/uploads\/2022\/12\/Indycar-2021-DRR-Karam-Oval-Spec-MOC-92335-1-300x300.jpg 300w, https:\/\/mouldking.store\/wp-content\/uploads\/2022\/12\/Indycar-2021-DRR-Karam-Oval-Spec-MOC-92335-1-768x768.jpg 768w, https:\/\/mouldking.store\/wp-content\/uploads\/2022\/12\/Indycar-2021-DRR-Karam-Oval-Spec-MOC-92335-1-600x600.jpg 600w, https:\/\/mouldking.store\/wp-content\/uploads\/2022\/12\/Indycar-2021-DRR-Karam-Oval-Spec-MOC-92335-1-150x150.jpg 150w, https:\/\/mouldking.store\/wp-content\/uploads\/2022\/12\/Indycar-2021-DRR-Karam-Oval-Spec-MOC-92335-1-60x60.jpg 60w, https:\/\/mouldking.store\/wp-content\/uploads\/2022\/12\/Indycar-2021-DRR-Karam-Oval-Spec-MOC-92335-1-90x90.jpg 90w, https:\/\/mouldking.store\/wp-content\/uploads\/2022\/12\/Indycar-2021-DRR-Karam-Oval-Spec-MOC-92335-1.jpg 1100w\" sizes=\"(max-width: 1024px) 100vw, 1024px\" \/><figcaption id=\"caption-attachment-38314\" class=\"wp-caption-text\">MOC-92335 Indycar 2021 DRR Karam Oval Spec mit 253 St\u00fcck<\/figcaption><\/figure>\n<figure id=\"attachment_38315\" aria-describedby=\"caption-attachment-38315\" style=\"width: 1024px\" class=\"wp-caption aligncenter\"><img decoding=\"async\" class=\"wp-image-38315 size-large\" src=\"https:\/\/mouldking.store\/wp-content\/uploads\/2022\/12\/Indycar-2021-DRR-Karam-Oval-Spec-MOC-92335-2-1024x1024.jpg\" alt=\"MOC-92335 Indycar 2021 DRR Karam Oval Spec With 253 Pieces\" width=\"1024\" height=\"1024\" title=\"-\" srcset=\"https:\/\/mouldking.store\/wp-content\/uploads\/2022\/12\/Indycar-2021-DRR-Karam-Oval-Spec-MOC-92335-2-1024x1024.jpg 1024w, https:\/\/mouldking.store\/wp-content\/uploads\/2022\/12\/Indycar-2021-DRR-Karam-Oval-Spec-MOC-92335-2-300x300.jpg 300w, https:\/\/mouldking.store\/wp-content\/uploads\/2022\/12\/Indycar-2021-DRR-Karam-Oval-Spec-MOC-92335-2-768x768.jpg 768w, https:\/\/mouldking.store\/wp-content\/uploads\/2022\/12\/Indycar-2021-DRR-Karam-Oval-Spec-MOC-92335-2-600x600.jpg 600w, https:\/\/mouldking.store\/wp-content\/uploads\/2022\/12\/Indycar-2021-DRR-Karam-Oval-Spec-MOC-92335-2-150x150.jpg 150w, https:\/\/mouldking.store\/wp-content\/uploads\/2022\/12\/Indycar-2021-DRR-Karam-Oval-Spec-MOC-92335-2-60x60.jpg 60w, https:\/\/mouldking.store\/wp-content\/uploads\/2022\/12\/Indycar-2021-DRR-Karam-Oval-Spec-MOC-92335-2-90x90.jpg 90w, https:\/\/mouldking.store\/wp-content\/uploads\/2022\/12\/Indycar-2021-DRR-Karam-Oval-Spec-MOC-92335-2.jpg 1100w\" sizes=\"(max-width: 1024px) 100vw, 1024px\" \/><figcaption id=\"caption-attachment-38315\" class=\"wp-caption-text\">MOC-92335 Indycar 2021 DRR Karam Oval Spec mit 253 St\u00fcck<\/figcaption><\/figure>\n<figure id=\"attachment_38316\" aria-describedby=\"caption-attachment-38316\" style=\"width: 1024px\" class=\"wp-caption aligncenter\"><img loading=\"lazy\" decoding=\"async\" class=\"wp-image-38316 size-large\" src=\"https:\/\/mouldking.store\/wp-content\/uploads\/2022\/12\/Indycar-2021-DRR-Karam-Oval-Spec-MOC-92335-3-1024x1024.jpg\" alt=\"MOC-92335 Indycar 2021 DRR Karam Oval Spec With 253 Pieces\" width=\"1024\" height=\"1024\" title=\"-\" srcset=\"https:\/\/mouldking.store\/wp-content\/uploads\/2022\/12\/Indycar-2021-DRR-Karam-Oval-Spec-MOC-92335-3-1024x1024.jpg 1024w, https:\/\/mouldking.store\/wp-content\/uploads\/2022\/12\/Indycar-2021-DRR-Karam-Oval-Spec-MOC-92335-3-300x300.jpg 300w, https:\/\/mouldking.store\/wp-content\/uploads\/2022\/12\/Indycar-2021-DRR-Karam-Oval-Spec-MOC-92335-3-768x768.jpg 768w, https:\/\/mouldking.store\/wp-content\/uploads\/2022\/12\/Indycar-2021-DRR-Karam-Oval-Spec-MOC-92335-3-600x600.jpg 600w, https:\/\/mouldking.store\/wp-content\/uploads\/2022\/12\/Indycar-2021-DRR-Karam-Oval-Spec-MOC-92335-3-150x150.jpg 150w, https:\/\/mouldking.store\/wp-content\/uploads\/2022\/12\/Indycar-2021-DRR-Karam-Oval-Spec-MOC-92335-3-60x60.jpg 60w, https:\/\/mouldking.store\/wp-content\/uploads\/2022\/12\/Indycar-2021-DRR-Karam-Oval-Spec-MOC-92335-3-90x90.jpg 90w, https:\/\/mouldking.store\/wp-content\/uploads\/2022\/12\/Indycar-2021-DRR-Karam-Oval-Spec-MOC-92335-3.jpg 1100w\" sizes=\"(max-width: 1024px) 100vw, 1024px\" \/><figcaption id=\"caption-attachment-38316\" class=\"wp-caption-text\">MOC-92335 Indycar 2021 DRR Karam Oval Spec mit 253 St\u00fcck<\/figcaption><\/figure>\n<figure id=\"attachment_38317\" aria-describedby=\"caption-attachment-38317\" style=\"width: 1100px\" class=\"wp-caption aligncenter\"><img loading=\"lazy\" decoding=\"async\" class=\"wp-image-38317 size-full\" src=\"https:\/\/mouldking.store\/wp-content\/uploads\/2022\/12\/Indycar-2021-DRR-Karam-Oval-Spec-MOC-92335-4.jpg\" alt=\"MOC-92335 Indycar 2021 DRR Karam Oval Spec With 253 Pieces\" width=\"1100\" height=\"1100\" title=\"-\" srcset=\"https:\/\/mouldking.store\/wp-content\/uploads\/2022\/12\/Indycar-2021-DRR-Karam-Oval-Spec-MOC-92335-4.jpg 1100w, https:\/\/mouldking.store\/wp-content\/uploads\/2022\/12\/Indycar-2021-DRR-Karam-Oval-Spec-MOC-92335-4-300x300.jpg 300w, https:\/\/mouldking.store\/wp-content\/uploads\/2022\/12\/Indycar-2021-DRR-Karam-Oval-Spec-MOC-92335-4-1024x1024.jpg 1024w, https:\/\/mouldking.store\/wp-content\/uploads\/2022\/12\/Indycar-2021-DRR-Karam-Oval-Spec-MOC-92335-4-768x768.jpg 768w, https:\/\/mouldking.store\/wp-content\/uploads\/2022\/12\/Indycar-2021-DRR-Karam-Oval-Spec-MOC-92335-4-600x600.jpg 600w, https:\/\/mouldking.store\/wp-content\/uploads\/2022\/12\/Indycar-2021-DRR-Karam-Oval-Spec-MOC-92335-4-150x150.jpg 150w, https:\/\/mouldking.store\/wp-content\/uploads\/2022\/12\/Indycar-2021-DRR-Karam-Oval-Spec-MOC-92335-4-60x60.jpg 60w, https:\/\/mouldking.store\/wp-content\/uploads\/2022\/12\/Indycar-2021-DRR-Karam-Oval-Spec-MOC-92335-4-90x90.jpg 90w\" sizes=\"(max-width: 1100px) 100vw, 1100px\" \/><figcaption id=\"caption-attachment-38317\" class=\"wp-caption-text\">MOC-92335 Indycar 2021 DRR Karam Oval Spec mit 253 St\u00fcck<\/figcaption><\/figure>\n<figure id=\"attachment_38318\" aria-describedby=\"caption-attachment-38318\" style=\"width: 1024px\" class=\"wp-caption aligncenter\"><img loading=\"lazy\" decoding=\"async\" class=\"wp-image-38318 size-large\" src=\"https:\/\/mouldking.store\/wp-content\/uploads\/2022\/12\/Indycar-2021-DRR-Karam-Oval-Spec-MOC-92335-5-1024x1024.jpg\" alt=\"MOC-92335 Indycar 2021 DRR Karam Oval Spec With 253 Pieces\" width=\"1024\" height=\"1024\" title=\"-\" srcset=\"https:\/\/mouldking.store\/wp-content\/uploads\/2022\/12\/Indycar-2021-DRR-Karam-Oval-Spec-MOC-92335-5-1024x1024.jpg 1024w, https:\/\/mouldking.store\/wp-content\/uploads\/2022\/12\/Indycar-2021-DRR-Karam-Oval-Spec-MOC-92335-5-300x300.jpg 300w, https:\/\/mouldking.store\/wp-content\/uploads\/2022\/12\/Indycar-2021-DRR-Karam-Oval-Spec-MOC-92335-5-768x768.jpg 768w, https:\/\/mouldking.store\/wp-content\/uploads\/2022\/12\/Indycar-2021-DRR-Karam-Oval-Spec-MOC-92335-5-600x600.jpg 600w, https:\/\/mouldking.store\/wp-content\/uploads\/2022\/12\/Indycar-2021-DRR-Karam-Oval-Spec-MOC-92335-5-150x150.jpg 150w, https:\/\/mouldking.store\/wp-content\/uploads\/2022\/12\/Indycar-2021-DRR-Karam-Oval-Spec-MOC-92335-5-60x60.jpg 60w, https:\/\/mouldking.store\/wp-content\/uploads\/2022\/12\/Indycar-2021-DRR-Karam-Oval-Spec-MOC-92335-5-90x90.jpg 90w, https:\/\/mouldking.store\/wp-content\/uploads\/2022\/12\/Indycar-2021-DRR-Karam-Oval-Spec-MOC-92335-5.jpg 1100w\" sizes=\"(max-width: 1024px) 100vw, 1024px\" \/><figcaption id=\"caption-attachment-38318\" class=\"wp-caption-text\">MOC-92335 Indycar 2021 DRR Karam Oval Spec mit 253 St\u00fcck<\/figcaption><\/figure>","protected":false},"excerpt":{"rendered":"<p>PDF-Bauanleitung<\/p>\n<p>Ohne Originalverpackung<\/p>\n<p>Zeiteinteilung: 4-8 Wochen<\/p>","protected":false},"featured_media":38313,"comment_status":"closed","ping_status":"closed","template":"","meta":{"_acf_changed":false},"product_cat":[1360,1357,1406],"product_tag":[9729,9730,9732,9709,9731,9736,9733,430,9728,9737,9727,9734,9735],"class_list":["product","first","instock","shipping-taxable","purchasable","product-type-simple"],"acf":[],"_links":{"self":[{"href":"https:\/\/mouldking.store\/de\/wp-json\/wp\/v2\/product\/38312","targetHints":{"allow":["GET"]}}],"collection":[{"href":"https:\/\/mouldking.store\/de\/wp-json\/wp\/v2\/product"}],"about":[{"href":"https:\/\/mouldking.store\/de\/wp-json\/wp\/v2\/types\/product"}],"replies":[{"embeddable":true,"href":"https:\/\/mouldking.store\/de\/wp-json\/wp\/v2\/comments?post=38312"}],"wp:featuredmedia":[{"embeddable":true,"href":"https:\/\/mouldking.store\/de\/wp-json\/wp\/v2\/media\/38313"}],"wp:attachment":[{"href":"https:\/\/mouldking.store\/de\/wp-json\/wp\/v2\/media?parent=38312"}],"wp:term":[{"taxonomy":"product_cat","embeddable":true,"href":"https:\/\/mouldking.store\/de\/wp-json\/wp\/v2\/product_cat?post=38312"},{"taxonomy":"product_tag","embeddable":true,"href":"https:\/\/mouldking.store\/de\/wp-json\/wp\/v2\/product_tag?post=38312"}],"curies":[{"name":"wp","href":"https:\/\/api.w.org\/{rel}","templated":true}]}}