{"id":38377,"date":"2022-12-21T16:48:45","date_gmt":"2022-12-21T09:48:45","guid":{"rendered":"https:\/\/mouldking.store\/?post_type=product&#038;p=38377"},"modified":"2025-12-25T09:12:03","modified_gmt":"2025-12-25T02:12:03","slug":"moc-116974-ferdinand-rr-ge-45-tom-switcher-with-582-pieces","status":"publish","type":"product","link":"https:\/\/mouldking.store\/de\/shop\/moc-116974-ferdinand-rr-ge-45-tom-switcher-with-582-pieces\/","title":{"rendered":"MOC-116974 Ferdinand RR GE 45 Tom Switcher mit 582 Teilen"},"content":{"rendered":"<ol>\n<li>Marke: MOC<\/li>\n<li>Geschlecht: Unisex<\/li>\n<li>Name: Ferdinand RR GE 45 Tom Switcher<\/li>\n<li>Altersspanne: &gt; 6 Jahre alt<\/li>\n<li>Model Number: 116974<\/li>\n<li>Einstufung: Assemblage<\/li>\n<li>Kunststoffblockform: Selbstsichernde Steine<\/li>\n<li>Material: Kunststoff<\/li>\n<li>Kunststofftyp: ABS<\/li>\n<li>Bricks Blocks:582 PCS<\/li>\n<li>Size: W:29.1 L:7.8 H:11.5 cm<\/li>\n<li>Gewicht: 500 g<\/li>\n<li>Enth\u00e4lt eine ausf\u00fchrliche Montageanleitung.<\/li>\n<\/ol>\n<p>Notiz:<br \/>\n1. Ohne Originalverpackung, aber wir garantieren, dass unsere Produkte eine Qualit\u00e4tssicherung und eine sch\u00f6ne Verpackung haben.<br \/>\n2. Wie alle Teile, die wir vor dem Versand \u00fcberpr\u00fcft haben, machen Sie sich keine Sorgen, wenn Sie feststellen, dass einige Teile fehlen oder besch\u00e4digt sind, und kontaktieren Sie uns einfach, und wir k\u00f6nnen sie Ihnen umgehend kostenlos erneut zusenden.<\/p>\n<figure id=\"attachment_38378\" aria-describedby=\"caption-attachment-38378\" style=\"width: 1024px\" class=\"wp-caption aligncenter\"><img fetchpriority=\"high\" decoding=\"async\" class=\"wp-image-38378 size-large\" src=\"https:\/\/mouldking.store\/wp-content\/uploads\/2022\/12\/MOC-116974-Technic-Ferdinand-RR-GE-45-Tom-Switcher-MOC-FACTORY-1024x1024.png\" alt=\"MOC-116974 Ferdinand RR GE 45 Tom Switcher With 582 Pieces\" width=\"1024\" height=\"1024\" title=\"-\" srcset=\"https:\/\/mouldking.store\/wp-content\/uploads\/2022\/12\/MOC-116974-Technic-Ferdinand-RR-GE-45-Tom-Switcher-MOC-FACTORY-1024x1024.png 1024w, https:\/\/mouldking.store\/wp-content\/uploads\/2022\/12\/MOC-116974-Technic-Ferdinand-RR-GE-45-Tom-Switcher-MOC-FACTORY-300x300.png 300w, https:\/\/mouldking.store\/wp-content\/uploads\/2022\/12\/MOC-116974-Technic-Ferdinand-RR-GE-45-Tom-Switcher-MOC-FACTORY-768x768.png 768w, https:\/\/mouldking.store\/wp-content\/uploads\/2022\/12\/MOC-116974-Technic-Ferdinand-RR-GE-45-Tom-Switcher-MOC-FACTORY-600x600.png 600w, https:\/\/mouldking.store\/wp-content\/uploads\/2022\/12\/MOC-116974-Technic-Ferdinand-RR-GE-45-Tom-Switcher-MOC-FACTORY-150x150.png 150w, https:\/\/mouldking.store\/wp-content\/uploads\/2022\/12\/MOC-116974-Technic-Ferdinand-RR-GE-45-Tom-Switcher-MOC-FACTORY-60x60.png 60w, https:\/\/mouldking.store\/wp-content\/uploads\/2022\/12\/MOC-116974-Technic-Ferdinand-RR-GE-45-Tom-Switcher-MOC-FACTORY-90x90.png 90w, https:\/\/mouldking.store\/wp-content\/uploads\/2022\/12\/MOC-116974-Technic-Ferdinand-RR-GE-45-Tom-Switcher-MOC-FACTORY.png 1095w\" sizes=\"(max-width: 1024px) 100vw, 1024px\" \/><figcaption id=\"caption-attachment-38378\" class=\"wp-caption-text\">MOC-116974 Ferdinand RR GE 45 Tom Switcher mit 582 Teilen<\/figcaption><\/figure>\n<figure id=\"attachment_38379\" aria-describedby=\"caption-attachment-38379\" style=\"width: 1024px\" class=\"wp-caption aligncenter\"><img decoding=\"async\" class=\"wp-image-38379 size-large\" src=\"https:\/\/mouldking.store\/wp-content\/uploads\/2022\/12\/Ferdinand-RR-GE-45-Tom-Switcher-MOC-116974-1-1024x1024.jpg\" alt=\"MOC-116974 Ferdinand RR GE 45 Tom Switcher With 582 Pieces\" width=\"1024\" height=\"1024\" title=\"-\" srcset=\"https:\/\/mouldking.store\/wp-content\/uploads\/2022\/12\/Ferdinand-RR-GE-45-Tom-Switcher-MOC-116974-1-1024x1024.jpg 1024w, https:\/\/mouldking.store\/wp-content\/uploads\/2022\/12\/Ferdinand-RR-GE-45-Tom-Switcher-MOC-116974-1-300x300.jpg 300w, https:\/\/mouldking.store\/wp-content\/uploads\/2022\/12\/Ferdinand-RR-GE-45-Tom-Switcher-MOC-116974-1-768x768.jpg 768w, https:\/\/mouldking.store\/wp-content\/uploads\/2022\/12\/Ferdinand-RR-GE-45-Tom-Switcher-MOC-116974-1-600x600.jpg 600w, https:\/\/mouldking.store\/wp-content\/uploads\/2022\/12\/Ferdinand-RR-GE-45-Tom-Switcher-MOC-116974-1-150x150.jpg 150w, https:\/\/mouldking.store\/wp-content\/uploads\/2022\/12\/Ferdinand-RR-GE-45-Tom-Switcher-MOC-116974-1-60x60.jpg 60w, https:\/\/mouldking.store\/wp-content\/uploads\/2022\/12\/Ferdinand-RR-GE-45-Tom-Switcher-MOC-116974-1-90x90.jpg 90w, https:\/\/mouldking.store\/wp-content\/uploads\/2022\/12\/Ferdinand-RR-GE-45-Tom-Switcher-MOC-116974-1.jpg 1100w\" sizes=\"(max-width: 1024px) 100vw, 1024px\" \/><figcaption id=\"caption-attachment-38379\" class=\"wp-caption-text\">MOC-116974 Ferdinand RR GE 45 Tom Switcher mit 582 Teilen<\/figcaption><\/figure>\n<figure id=\"attachment_38380\" aria-describedby=\"caption-attachment-38380\" style=\"width: 1024px\" class=\"wp-caption aligncenter\"><img decoding=\"async\" class=\"wp-image-38380 size-large\" src=\"https:\/\/mouldking.store\/wp-content\/uploads\/2022\/12\/Ferdinand-RR-GE-45-Tom-Switcher-MOC-116974-2-1024x1024.jpg\" alt=\"MOC-116974 Ferdinand RR GE 45 Tom Switcher With 582 Pieces\" width=\"1024\" height=\"1024\" title=\"-\" srcset=\"https:\/\/mouldking.store\/wp-content\/uploads\/2022\/12\/Ferdinand-RR-GE-45-Tom-Switcher-MOC-116974-2-1024x1024.jpg 1024w, https:\/\/mouldking.store\/wp-content\/uploads\/2022\/12\/Ferdinand-RR-GE-45-Tom-Switcher-MOC-116974-2-300x300.jpg 300w, https:\/\/mouldking.store\/wp-content\/uploads\/2022\/12\/Ferdinand-RR-GE-45-Tom-Switcher-MOC-116974-2-768x768.jpg 768w, https:\/\/mouldking.store\/wp-content\/uploads\/2022\/12\/Ferdinand-RR-GE-45-Tom-Switcher-MOC-116974-2-600x600.jpg 600w, https:\/\/mouldking.store\/wp-content\/uploads\/2022\/12\/Ferdinand-RR-GE-45-Tom-Switcher-MOC-116974-2-150x150.jpg 150w, https:\/\/mouldking.store\/wp-content\/uploads\/2022\/12\/Ferdinand-RR-GE-45-Tom-Switcher-MOC-116974-2-60x60.jpg 60w, https:\/\/mouldking.store\/wp-content\/uploads\/2022\/12\/Ferdinand-RR-GE-45-Tom-Switcher-MOC-116974-2-90x90.jpg 90w, https:\/\/mouldking.store\/wp-content\/uploads\/2022\/12\/Ferdinand-RR-GE-45-Tom-Switcher-MOC-116974-2.jpg 1100w\" sizes=\"(max-width: 1024px) 100vw, 1024px\" \/><figcaption id=\"caption-attachment-38380\" class=\"wp-caption-text\">MOC-116974 Ferdinand RR GE 45 Tom Switcher mit 582 Teilen<\/figcaption><\/figure>\n<figure id=\"attachment_38381\" aria-describedby=\"caption-attachment-38381\" style=\"width: 1024px\" class=\"wp-caption aligncenter\"><img loading=\"lazy\" decoding=\"async\" class=\"wp-image-38381 size-large\" src=\"https:\/\/mouldking.store\/wp-content\/uploads\/2022\/12\/Ferdinand-RR-GE-45-Tom-Switcher-MOC-116974-3-1024x1024.jpg\" alt=\"MOC-116974 Ferdinand RR GE 45 Tom Switcher With 582 Pieces\" width=\"1024\" height=\"1024\" title=\"-\" srcset=\"https:\/\/mouldking.store\/wp-content\/uploads\/2022\/12\/Ferdinand-RR-GE-45-Tom-Switcher-MOC-116974-3-1024x1024.jpg 1024w, https:\/\/mouldking.store\/wp-content\/uploads\/2022\/12\/Ferdinand-RR-GE-45-Tom-Switcher-MOC-116974-3-300x300.jpg 300w, https:\/\/mouldking.store\/wp-content\/uploads\/2022\/12\/Ferdinand-RR-GE-45-Tom-Switcher-MOC-116974-3-768x768.jpg 768w, https:\/\/mouldking.store\/wp-content\/uploads\/2022\/12\/Ferdinand-RR-GE-45-Tom-Switcher-MOC-116974-3-600x600.jpg 600w, https:\/\/mouldking.store\/wp-content\/uploads\/2022\/12\/Ferdinand-RR-GE-45-Tom-Switcher-MOC-116974-3-150x150.jpg 150w, https:\/\/mouldking.store\/wp-content\/uploads\/2022\/12\/Ferdinand-RR-GE-45-Tom-Switcher-MOC-116974-3-60x60.jpg 60w, https:\/\/mouldking.store\/wp-content\/uploads\/2022\/12\/Ferdinand-RR-GE-45-Tom-Switcher-MOC-116974-3-90x90.jpg 90w, https:\/\/mouldking.store\/wp-content\/uploads\/2022\/12\/Ferdinand-RR-GE-45-Tom-Switcher-MOC-116974-3.jpg 1100w\" sizes=\"(max-width: 1024px) 100vw, 1024px\" \/><figcaption id=\"caption-attachment-38381\" class=\"wp-caption-text\">MOC-116974 Ferdinand RR GE 45 Tom Switcher mit 582 Teilen<\/figcaption><\/figure>\n<figure id=\"attachment_38382\" aria-describedby=\"caption-attachment-38382\" style=\"width: 1024px\" class=\"wp-caption aligncenter\"><img loading=\"lazy\" decoding=\"async\" class=\"wp-image-38382 size-large\" src=\"https:\/\/mouldking.store\/wp-content\/uploads\/2022\/12\/Ferdinand-RR-GE-45-Tom-Switcher-MOC-116974-4-1024x1024.jpg\" alt=\"MOC-116974 Ferdinand RR GE 45 Tom Switcher With 582 Pieces\" width=\"1024\" height=\"1024\" title=\"-\" srcset=\"https:\/\/mouldking.store\/wp-content\/uploads\/2022\/12\/Ferdinand-RR-GE-45-Tom-Switcher-MOC-116974-4-1024x1024.jpg 1024w, https:\/\/mouldking.store\/wp-content\/uploads\/2022\/12\/Ferdinand-RR-GE-45-Tom-Switcher-MOC-116974-4-300x300.jpg 300w, https:\/\/mouldking.store\/wp-content\/uploads\/2022\/12\/Ferdinand-RR-GE-45-Tom-Switcher-MOC-116974-4-768x768.jpg 768w, https:\/\/mouldking.store\/wp-content\/uploads\/2022\/12\/Ferdinand-RR-GE-45-Tom-Switcher-MOC-116974-4-600x600.jpg 600w, https:\/\/mouldking.store\/wp-content\/uploads\/2022\/12\/Ferdinand-RR-GE-45-Tom-Switcher-MOC-116974-4-150x150.jpg 150w, https:\/\/mouldking.store\/wp-content\/uploads\/2022\/12\/Ferdinand-RR-GE-45-Tom-Switcher-MOC-116974-4-60x60.jpg 60w, https:\/\/mouldking.store\/wp-content\/uploads\/2022\/12\/Ferdinand-RR-GE-45-Tom-Switcher-MOC-116974-4-90x90.jpg 90w, https:\/\/mouldking.store\/wp-content\/uploads\/2022\/12\/Ferdinand-RR-GE-45-Tom-Switcher-MOC-116974-4.jpg 1100w\" sizes=\"(max-width: 1024px) 100vw, 1024px\" \/><figcaption id=\"caption-attachment-38382\" class=\"wp-caption-text\">MOC-116974 Ferdinand RR GE 45 Tom Switcher mit 582 Teilen<\/figcaption><\/figure>\n<figure id=\"attachment_38383\" aria-describedby=\"caption-attachment-38383\" style=\"width: 1024px\" class=\"wp-caption aligncenter\"><img loading=\"lazy\" decoding=\"async\" class=\"wp-image-38383 size-large\" src=\"https:\/\/mouldking.store\/wp-content\/uploads\/2022\/12\/Ferdinand-RR-GE-45-Tom-Switcher-MOC-116974-5-1024x1024.jpg\" alt=\"MOC-116974 Ferdinand RR GE 45 Tom Switcher With 582 Pieces\" width=\"1024\" height=\"1024\" title=\"-\" srcset=\"https:\/\/mouldking.store\/wp-content\/uploads\/2022\/12\/Ferdinand-RR-GE-45-Tom-Switcher-MOC-116974-5-1024x1024.jpg 1024w, https:\/\/mouldking.store\/wp-content\/uploads\/2022\/12\/Ferdinand-RR-GE-45-Tom-Switcher-MOC-116974-5-300x300.jpg 300w, https:\/\/mouldking.store\/wp-content\/uploads\/2022\/12\/Ferdinand-RR-GE-45-Tom-Switcher-MOC-116974-5-768x768.jpg 768w, https:\/\/mouldking.store\/wp-content\/uploads\/2022\/12\/Ferdinand-RR-GE-45-Tom-Switcher-MOC-116974-5-600x600.jpg 600w, https:\/\/mouldking.store\/wp-content\/uploads\/2022\/12\/Ferdinand-RR-GE-45-Tom-Switcher-MOC-116974-5-150x150.jpg 150w, https:\/\/mouldking.store\/wp-content\/uploads\/2022\/12\/Ferdinand-RR-GE-45-Tom-Switcher-MOC-116974-5-60x60.jpg 60w, https:\/\/mouldking.store\/wp-content\/uploads\/2022\/12\/Ferdinand-RR-GE-45-Tom-Switcher-MOC-116974-5-90x90.jpg 90w, https:\/\/mouldking.store\/wp-content\/uploads\/2022\/12\/Ferdinand-RR-GE-45-Tom-Switcher-MOC-116974-5.jpg 1100w\" sizes=\"(max-width: 1024px) 100vw, 1024px\" \/><figcaption id=\"caption-attachment-38383\" class=\"wp-caption-text\">MOC-116974 Ferdinand RR GE 45 Tom Switcher mit 582 Teilen<\/figcaption><\/figure>\n<figure id=\"attachment_38384\" aria-describedby=\"caption-attachment-38384\" style=\"width: 1100px\" class=\"wp-caption aligncenter\"><img loading=\"lazy\" decoding=\"async\" class=\"wp-image-38384 size-full\" src=\"https:\/\/mouldking.store\/wp-content\/uploads\/2022\/12\/Ferdinand-RR-GE-45-Tom-Switcher-MOC-116974-6.jpg\" alt=\"MOC-116974 Ferdinand RR GE 45 Tom Switcher With 582 Pieces\" width=\"1100\" height=\"1100\" title=\"-\" srcset=\"https:\/\/mouldking.store\/wp-content\/uploads\/2022\/12\/Ferdinand-RR-GE-45-Tom-Switcher-MOC-116974-6.jpg 1100w, https:\/\/mouldking.store\/wp-content\/uploads\/2022\/12\/Ferdinand-RR-GE-45-Tom-Switcher-MOC-116974-6-300x300.jpg 300w, https:\/\/mouldking.store\/wp-content\/uploads\/2022\/12\/Ferdinand-RR-GE-45-Tom-Switcher-MOC-116974-6-1024x1024.jpg 1024w, https:\/\/mouldking.store\/wp-content\/uploads\/2022\/12\/Ferdinand-RR-GE-45-Tom-Switcher-MOC-116974-6-768x768.jpg 768w, https:\/\/mouldking.store\/wp-content\/uploads\/2022\/12\/Ferdinand-RR-GE-45-Tom-Switcher-MOC-116974-6-600x600.jpg 600w, https:\/\/mouldking.store\/wp-content\/uploads\/2022\/12\/Ferdinand-RR-GE-45-Tom-Switcher-MOC-116974-6-150x150.jpg 150w, https:\/\/mouldking.store\/wp-content\/uploads\/2022\/12\/Ferdinand-RR-GE-45-Tom-Switcher-MOC-116974-6-60x60.jpg 60w, https:\/\/mouldking.store\/wp-content\/uploads\/2022\/12\/Ferdinand-RR-GE-45-Tom-Switcher-MOC-116974-6-90x90.jpg 90w\" sizes=\"(max-width: 1100px) 100vw, 1100px\" \/><figcaption id=\"caption-attachment-38384\" class=\"wp-caption-text\">MOC-116974 Ferdinand RR GE 45 Tom Switcher mit 582 Teilen<\/figcaption><\/figure>","protected":false},"excerpt":{"rendered":"<p>PDF-Bauanleitung<\/p>\n<p>Ohne Originalverpackung<\/p>\n<p>Zeiteinteilung: 4-8 Wochen<\/p>","protected":false},"featured_media":38378,"comment_status":"closed","ping_status":"closed","template":"","meta":{"_acf_changed":false},"product_cat":[1357,1406],"product_tag":[6410,9790,430,9785,9791,9784,9786,9788,9787,9789],"class_list":["product","first","instock","shipping-taxable","purchasable","product-type-simple"],"acf":[],"_links":{"self":[{"href":"https:\/\/mouldking.store\/de\/wp-json\/wp\/v2\/product\/38377","targetHints":{"allow":["GET"]}}],"collection":[{"href":"https:\/\/mouldking.store\/de\/wp-json\/wp\/v2\/product"}],"about":[{"href":"https:\/\/mouldking.store\/de\/wp-json\/wp\/v2\/types\/product"}],"replies":[{"embeddable":true,"href":"https:\/\/mouldking.store\/de\/wp-json\/wp\/v2\/comments?post=38377"}],"wp:featuredmedia":[{"embeddable":true,"href":"https:\/\/mouldking.store\/de\/wp-json\/wp\/v2\/media\/38378"}],"wp:attachment":[{"href":"https:\/\/mouldking.store\/de\/wp-json\/wp\/v2\/media?parent=38377"}],"wp:term":[{"taxonomy":"product_cat","embeddable":true,"href":"https:\/\/mouldking.store\/de\/wp-json\/wp\/v2\/product_cat?post=38377"},{"taxonomy":"product_tag","embeddable":true,"href":"https:\/\/mouldking.store\/de\/wp-json\/wp\/v2\/product_tag?post=38377"}],"curies":[{"name":"wp","href":"https:\/\/api.w.org\/{rel}","templated":true}]}}