{"id":38443,"date":"2022-12-21T18:04:57","date_gmt":"2022-12-21T11:04:57","guid":{"rendered":"https:\/\/mouldking.store\/?post_type=product&#038;p=38443"},"modified":"2025-12-25T09:12:02","modified_gmt":"2025-12-25T02:12:02","slug":"moc-111378-tie-dragonfly-drone-tie-dx-with-456-pieces","status":"publish","type":"product","link":"https:\/\/mouldking.store\/de\/shop\/moc-111378-tie-dragonfly-drone-tie-dx-with-456-pieces\/","title":{"rendered":"MOC-111378 TIE Dragonfly Drone (TIE\/dx) mit 456 St\u00fcck"},"content":{"rendered":"<ol>\n<li>Marke: MOC<\/li>\n<li>Geschlecht: Unisex<\/li>\n<li>Name: TIE Dragonfly Drone (TIE\/dx)<\/li>\n<li>Altersspanne: &gt; 6 Jahre alt<\/li>\n<li>Model Number: 111378<\/li>\n<li>Einstufung: Assemblage<\/li>\n<li>Kunststoffblockform: Selbstsichernde Steine<\/li>\n<li>Material: Kunststoff<\/li>\n<li>Kunststofftyp: ABS<\/li>\n<li>Ziegelsteine: 456 ST\u00dcCKE<\/li>\n<li>Dimensions: 21.3 x 17.7 x 10.2cm<\/li>\n<li>Gewicht: 500 g<\/li>\n<li>Enth\u00e4lt eine ausf\u00fchrliche Montageanleitung.<\/li>\n<\/ol>\n<p>Notiz:<br \/>\n1. Ohne Originalverpackung, aber wir garantieren, dass unsere Produkte eine Qualit\u00e4tssicherung und eine sch\u00f6ne Verpackung haben.<br \/>\n2. Wie alle Teile, die wir vor dem Versand \u00fcberpr\u00fcft haben, machen Sie sich keine Sorgen, wenn Sie feststellen, dass einige Teile fehlen oder besch\u00e4digt sind, und kontaktieren Sie uns einfach, und wir k\u00f6nnen sie Ihnen umgehend kostenlos erneut zusenden.<\/p>\n<figure id=\"attachment_38444\" aria-describedby=\"caption-attachment-38444\" style=\"width: 1024px\" class=\"wp-caption aligncenter\"><img fetchpriority=\"high\" decoding=\"async\" class=\"wp-image-38444 size-large\" src=\"https:\/\/mouldking.store\/wp-content\/uploads\/2022\/12\/MOC-111378-Star-Wars-TIE-Dragonfly-Drone-TIEdx-MOC-FACTORY-1024x1024.png\" alt=\"MOC-111378 TIE Dragonfly Drone (TIE\/dx) With 456 Pieces\" width=\"1024\" height=\"1024\" title=\"-\" srcset=\"https:\/\/mouldking.store\/wp-content\/uploads\/2022\/12\/MOC-111378-Star-Wars-TIE-Dragonfly-Drone-TIEdx-MOC-FACTORY-1024x1024.png 1024w, https:\/\/mouldking.store\/wp-content\/uploads\/2022\/12\/MOC-111378-Star-Wars-TIE-Dragonfly-Drone-TIEdx-MOC-FACTORY-300x300.png 300w, https:\/\/mouldking.store\/wp-content\/uploads\/2022\/12\/MOC-111378-Star-Wars-TIE-Dragonfly-Drone-TIEdx-MOC-FACTORY-768x768.png 768w, https:\/\/mouldking.store\/wp-content\/uploads\/2022\/12\/MOC-111378-Star-Wars-TIE-Dragonfly-Drone-TIEdx-MOC-FACTORY-600x600.png 600w, https:\/\/mouldking.store\/wp-content\/uploads\/2022\/12\/MOC-111378-Star-Wars-TIE-Dragonfly-Drone-TIEdx-MOC-FACTORY-150x150.png 150w, https:\/\/mouldking.store\/wp-content\/uploads\/2022\/12\/MOC-111378-Star-Wars-TIE-Dragonfly-Drone-TIEdx-MOC-FACTORY-60x60.png 60w, https:\/\/mouldking.store\/wp-content\/uploads\/2022\/12\/MOC-111378-Star-Wars-TIE-Dragonfly-Drone-TIEdx-MOC-FACTORY-90x90.png 90w, https:\/\/mouldking.store\/wp-content\/uploads\/2022\/12\/MOC-111378-Star-Wars-TIE-Dragonfly-Drone-TIEdx-MOC-FACTORY.png 1095w\" sizes=\"(max-width: 1024px) 100vw, 1024px\" \/><figcaption id=\"caption-attachment-38444\" class=\"wp-caption-text\">MOC-111378 TIE Dragonfly Drone (TIE\/dx) mit 456 St\u00fcck<\/figcaption><\/figure>\n<figure id=\"attachment_38445\" aria-describedby=\"caption-attachment-38445\" style=\"width: 1100px\" class=\"wp-caption aligncenter\"><img decoding=\"async\" class=\"wp-image-38445 size-full\" src=\"https:\/\/mouldking.store\/wp-content\/uploads\/2022\/12\/TIE-Dragonfly-Drone-TIEdx-MOC-111378-1.jpg\" alt=\"MOC-111378 TIE Dragonfly Drone (TIE\/dx) With 456 Pieces\" width=\"1100\" height=\"1100\" title=\"-\" srcset=\"https:\/\/mouldking.store\/wp-content\/uploads\/2022\/12\/TIE-Dragonfly-Drone-TIEdx-MOC-111378-1.jpg 1100w, https:\/\/mouldking.store\/wp-content\/uploads\/2022\/12\/TIE-Dragonfly-Drone-TIEdx-MOC-111378-1-300x300.jpg 300w, https:\/\/mouldking.store\/wp-content\/uploads\/2022\/12\/TIE-Dragonfly-Drone-TIEdx-MOC-111378-1-1024x1024.jpg 1024w, https:\/\/mouldking.store\/wp-content\/uploads\/2022\/12\/TIE-Dragonfly-Drone-TIEdx-MOC-111378-1-768x768.jpg 768w, https:\/\/mouldking.store\/wp-content\/uploads\/2022\/12\/TIE-Dragonfly-Drone-TIEdx-MOC-111378-1-600x600.jpg 600w, https:\/\/mouldking.store\/wp-content\/uploads\/2022\/12\/TIE-Dragonfly-Drone-TIEdx-MOC-111378-1-150x150.jpg 150w, https:\/\/mouldking.store\/wp-content\/uploads\/2022\/12\/TIE-Dragonfly-Drone-TIEdx-MOC-111378-1-60x60.jpg 60w, https:\/\/mouldking.store\/wp-content\/uploads\/2022\/12\/TIE-Dragonfly-Drone-TIEdx-MOC-111378-1-90x90.jpg 90w\" sizes=\"(max-width: 1100px) 100vw, 1100px\" \/><figcaption id=\"caption-attachment-38445\" class=\"wp-caption-text\">MOC-111378 TIE Dragonfly Drone (TIE\/dx) mit 456 St\u00fcck<\/figcaption><\/figure>\n<figure id=\"attachment_38446\" aria-describedby=\"caption-attachment-38446\" style=\"width: 1100px\" class=\"wp-caption aligncenter\"><img decoding=\"async\" class=\"wp-image-38446 size-full\" src=\"https:\/\/mouldking.store\/wp-content\/uploads\/2022\/12\/TIE-Dragonfly-Drone-TIEdx-MOC-111378-2.jpg\" alt=\"MOC-111378 TIE Dragonfly Drone (TIE\/dx) With 456 Pieces\" width=\"1100\" height=\"1100\" title=\"-\" srcset=\"https:\/\/mouldking.store\/wp-content\/uploads\/2022\/12\/TIE-Dragonfly-Drone-TIEdx-MOC-111378-2.jpg 1100w, https:\/\/mouldking.store\/wp-content\/uploads\/2022\/12\/TIE-Dragonfly-Drone-TIEdx-MOC-111378-2-300x300.jpg 300w, https:\/\/mouldking.store\/wp-content\/uploads\/2022\/12\/TIE-Dragonfly-Drone-TIEdx-MOC-111378-2-1024x1024.jpg 1024w, https:\/\/mouldking.store\/wp-content\/uploads\/2022\/12\/TIE-Dragonfly-Drone-TIEdx-MOC-111378-2-768x768.jpg 768w, https:\/\/mouldking.store\/wp-content\/uploads\/2022\/12\/TIE-Dragonfly-Drone-TIEdx-MOC-111378-2-600x600.jpg 600w, https:\/\/mouldking.store\/wp-content\/uploads\/2022\/12\/TIE-Dragonfly-Drone-TIEdx-MOC-111378-2-150x150.jpg 150w, https:\/\/mouldking.store\/wp-content\/uploads\/2022\/12\/TIE-Dragonfly-Drone-TIEdx-MOC-111378-2-60x60.jpg 60w, https:\/\/mouldking.store\/wp-content\/uploads\/2022\/12\/TIE-Dragonfly-Drone-TIEdx-MOC-111378-2-90x90.jpg 90w\" sizes=\"(max-width: 1100px) 100vw, 1100px\" \/><figcaption id=\"caption-attachment-38446\" class=\"wp-caption-text\">MOC-111378 TIE Dragonfly Drone (TIE\/dx) mit 456 St\u00fcck<\/figcaption><\/figure>\n<figure id=\"attachment_38447\" aria-describedby=\"caption-attachment-38447\" style=\"width: 1024px\" class=\"wp-caption aligncenter\"><img loading=\"lazy\" decoding=\"async\" class=\"wp-image-38447 size-large\" src=\"https:\/\/mouldking.store\/wp-content\/uploads\/2022\/12\/TIE-Dragonfly-Drone-TIEdx-MOC-111378-3-1024x1024.jpg\" alt=\"MOC-111378 TIE Dragonfly Drone (TIE\/dx) With 456 Pieces\" width=\"1024\" height=\"1024\" title=\"-\" srcset=\"https:\/\/mouldking.store\/wp-content\/uploads\/2022\/12\/TIE-Dragonfly-Drone-TIEdx-MOC-111378-3-1024x1024.jpg 1024w, https:\/\/mouldking.store\/wp-content\/uploads\/2022\/12\/TIE-Dragonfly-Drone-TIEdx-MOC-111378-3-300x300.jpg 300w, https:\/\/mouldking.store\/wp-content\/uploads\/2022\/12\/TIE-Dragonfly-Drone-TIEdx-MOC-111378-3-768x768.jpg 768w, https:\/\/mouldking.store\/wp-content\/uploads\/2022\/12\/TIE-Dragonfly-Drone-TIEdx-MOC-111378-3-600x600.jpg 600w, https:\/\/mouldking.store\/wp-content\/uploads\/2022\/12\/TIE-Dragonfly-Drone-TIEdx-MOC-111378-3-150x150.jpg 150w, https:\/\/mouldking.store\/wp-content\/uploads\/2022\/12\/TIE-Dragonfly-Drone-TIEdx-MOC-111378-3-60x60.jpg 60w, https:\/\/mouldking.store\/wp-content\/uploads\/2022\/12\/TIE-Dragonfly-Drone-TIEdx-MOC-111378-3-90x90.jpg 90w, https:\/\/mouldking.store\/wp-content\/uploads\/2022\/12\/TIE-Dragonfly-Drone-TIEdx-MOC-111378-3.jpg 1100w\" sizes=\"(max-width: 1024px) 100vw, 1024px\" \/><figcaption id=\"caption-attachment-38447\" class=\"wp-caption-text\">MOC-111378 TIE Dragonfly Drone (TIE\/dx) mit 456 St\u00fcck<\/figcaption><\/figure>\n<figure id=\"attachment_38448\" aria-describedby=\"caption-attachment-38448\" style=\"width: 1100px\" class=\"wp-caption aligncenter\"><img loading=\"lazy\" decoding=\"async\" class=\"wp-image-38448 size-full\" src=\"https:\/\/mouldking.store\/wp-content\/uploads\/2022\/12\/TIE-Dragonfly-Drone-TIEdx-MOC-111378-4.jpg\" alt=\"MOC-111378 TIE Dragonfly Drone (TIE\/dx) With 456 Pieces\" width=\"1100\" height=\"1100\" title=\"-\" srcset=\"https:\/\/mouldking.store\/wp-content\/uploads\/2022\/12\/TIE-Dragonfly-Drone-TIEdx-MOC-111378-4.jpg 1100w, https:\/\/mouldking.store\/wp-content\/uploads\/2022\/12\/TIE-Dragonfly-Drone-TIEdx-MOC-111378-4-300x300.jpg 300w, https:\/\/mouldking.store\/wp-content\/uploads\/2022\/12\/TIE-Dragonfly-Drone-TIEdx-MOC-111378-4-1024x1024.jpg 1024w, https:\/\/mouldking.store\/wp-content\/uploads\/2022\/12\/TIE-Dragonfly-Drone-TIEdx-MOC-111378-4-768x768.jpg 768w, https:\/\/mouldking.store\/wp-content\/uploads\/2022\/12\/TIE-Dragonfly-Drone-TIEdx-MOC-111378-4-600x600.jpg 600w, https:\/\/mouldking.store\/wp-content\/uploads\/2022\/12\/TIE-Dragonfly-Drone-TIEdx-MOC-111378-4-150x150.jpg 150w, https:\/\/mouldking.store\/wp-content\/uploads\/2022\/12\/TIE-Dragonfly-Drone-TIEdx-MOC-111378-4-60x60.jpg 60w, https:\/\/mouldking.store\/wp-content\/uploads\/2022\/12\/TIE-Dragonfly-Drone-TIEdx-MOC-111378-4-90x90.jpg 90w\" sizes=\"(max-width: 1100px) 100vw, 1100px\" \/><figcaption id=\"caption-attachment-38448\" class=\"wp-caption-text\">MOC-111378 TIE Dragonfly Drone (TIE\/dx) mit 456 St\u00fcck<\/figcaption><\/figure>\n<figure id=\"attachment_38449\" aria-describedby=\"caption-attachment-38449\" style=\"width: 1024px\" class=\"wp-caption aligncenter\"><img loading=\"lazy\" decoding=\"async\" class=\"wp-image-38449 size-large\" src=\"https:\/\/mouldking.store\/wp-content\/uploads\/2022\/12\/TIE-Dragonfly-Drone-TIEdx-MOC-111378-5-1024x1024.jpg\" alt=\"MOC-111378 TIE Dragonfly Drone (TIE\/dx) With 456 Pieces\" width=\"1024\" height=\"1024\" title=\"-\" srcset=\"https:\/\/mouldking.store\/wp-content\/uploads\/2022\/12\/TIE-Dragonfly-Drone-TIEdx-MOC-111378-5-1024x1024.jpg 1024w, https:\/\/mouldking.store\/wp-content\/uploads\/2022\/12\/TIE-Dragonfly-Drone-TIEdx-MOC-111378-5-300x300.jpg 300w, https:\/\/mouldking.store\/wp-content\/uploads\/2022\/12\/TIE-Dragonfly-Drone-TIEdx-MOC-111378-5-768x768.jpg 768w, https:\/\/mouldking.store\/wp-content\/uploads\/2022\/12\/TIE-Dragonfly-Drone-TIEdx-MOC-111378-5-600x600.jpg 600w, https:\/\/mouldking.store\/wp-content\/uploads\/2022\/12\/TIE-Dragonfly-Drone-TIEdx-MOC-111378-5-150x150.jpg 150w, https:\/\/mouldking.store\/wp-content\/uploads\/2022\/12\/TIE-Dragonfly-Drone-TIEdx-MOC-111378-5-60x60.jpg 60w, https:\/\/mouldking.store\/wp-content\/uploads\/2022\/12\/TIE-Dragonfly-Drone-TIEdx-MOC-111378-5-90x90.jpg 90w, https:\/\/mouldking.store\/wp-content\/uploads\/2022\/12\/TIE-Dragonfly-Drone-TIEdx-MOC-111378-5.jpg 1100w\" sizes=\"(max-width: 1024px) 100vw, 1024px\" \/><figcaption id=\"caption-attachment-38449\" class=\"wp-caption-text\">MOC-111378 TIE Dragonfly Drone (TIE\/dx) mit 456 St\u00fcck<\/figcaption><\/figure>\n<figure id=\"attachment_38450\" aria-describedby=\"caption-attachment-38450\" style=\"width: 1024px\" class=\"wp-caption aligncenter\"><img loading=\"lazy\" decoding=\"async\" class=\"wp-image-38450 size-large\" src=\"https:\/\/mouldking.store\/wp-content\/uploads\/2022\/12\/TIE-Dragonfly-Drone-TIEdx-MOC-111378-6-1024x1024.jpg\" alt=\"MOC-111378 TIE Dragonfly Drone (TIE\/dx) With 456 Pieces\" width=\"1024\" height=\"1024\" title=\"-\" srcset=\"https:\/\/mouldking.store\/wp-content\/uploads\/2022\/12\/TIE-Dragonfly-Drone-TIEdx-MOC-111378-6-1024x1024.jpg 1024w, https:\/\/mouldking.store\/wp-content\/uploads\/2022\/12\/TIE-Dragonfly-Drone-TIEdx-MOC-111378-6-300x300.jpg 300w, https:\/\/mouldking.store\/wp-content\/uploads\/2022\/12\/TIE-Dragonfly-Drone-TIEdx-MOC-111378-6-768x768.jpg 768w, https:\/\/mouldking.store\/wp-content\/uploads\/2022\/12\/TIE-Dragonfly-Drone-TIEdx-MOC-111378-6-600x600.jpg 600w, https:\/\/mouldking.store\/wp-content\/uploads\/2022\/12\/TIE-Dragonfly-Drone-TIEdx-MOC-111378-6-150x150.jpg 150w, https:\/\/mouldking.store\/wp-content\/uploads\/2022\/12\/TIE-Dragonfly-Drone-TIEdx-MOC-111378-6-60x60.jpg 60w, https:\/\/mouldking.store\/wp-content\/uploads\/2022\/12\/TIE-Dragonfly-Drone-TIEdx-MOC-111378-6-90x90.jpg 90w, https:\/\/mouldking.store\/wp-content\/uploads\/2022\/12\/TIE-Dragonfly-Drone-TIEdx-MOC-111378-6.jpg 1100w\" sizes=\"(max-width: 1024px) 100vw, 1024px\" \/><figcaption id=\"caption-attachment-38450\" class=\"wp-caption-text\">MOC-111378 TIE Dragonfly Drone (TIE\/dx) mit 456 St\u00fcck<\/figcaption><\/figure>","protected":false},"excerpt":{"rendered":"<p>PDF-Bauanleitung<\/p>\n<p>Ohne Originalverpackung<\/p>\n<p>Zeiteinteilung: 4-8 Wochen<\/p>","protected":false},"featured_media":38444,"comment_status":"closed","ping_status":"closed","template":"","meta":{"_acf_changed":false},"product_cat":[1406,415],"product_tag":[8389,9842,430,9841,9846,9840,5532,9843,9845,9844],"class_list":["product","first","instock","shipping-taxable","purchasable","product-type-simple"],"acf":[],"_links":{"self":[{"href":"https:\/\/mouldking.store\/de\/wp-json\/wp\/v2\/product\/38443","targetHints":{"allow":["GET"]}}],"collection":[{"href":"https:\/\/mouldking.store\/de\/wp-json\/wp\/v2\/product"}],"about":[{"href":"https:\/\/mouldking.store\/de\/wp-json\/wp\/v2\/types\/product"}],"replies":[{"embeddable":true,"href":"https:\/\/mouldking.store\/de\/wp-json\/wp\/v2\/comments?post=38443"}],"wp:featuredmedia":[{"embeddable":true,"href":"https:\/\/mouldking.store\/de\/wp-json\/wp\/v2\/media\/38444"}],"wp:attachment":[{"href":"https:\/\/mouldking.store\/de\/wp-json\/wp\/v2\/media?parent=38443"}],"wp:term":[{"taxonomy":"product_cat","embeddable":true,"href":"https:\/\/mouldking.store\/de\/wp-json\/wp\/v2\/product_cat?post=38443"},{"taxonomy":"product_tag","embeddable":true,"href":"https:\/\/mouldking.store\/de\/wp-json\/wp\/v2\/product_tag?post=38443"}],"curies":[{"name":"wp","href":"https:\/\/api.w.org\/{rel}","templated":true}]}}