{"id":38470,"date":"2022-12-22T10:16:12","date_gmt":"2022-12-22T03:16:12","guid":{"rendered":"https:\/\/mouldking.store\/?post_type=product&#038;p=38470"},"modified":"2025-12-25T09:11:59","modified_gmt":"2025-12-25T02:11:59","slug":"moc-58561-swiss-electrified-steam-locomotive-with-792-pieces","status":"publish","type":"product","link":"https:\/\/mouldking.store\/de\/shop\/moc-58561-swiss-electrified-steam-locomotive-with-792-pieces\/","title":{"rendered":"MOC-58561 Schweizer Elektrifizierte Dampflokomotive mit 792 Teilen"},"content":{"rendered":"<ol>\n<li>Marke: MOC<\/li>\n<li>Geschlecht: Unisex<\/li>\n<li>Name: Swiss Electrified Steam Locomotive<\/li>\n<li>Altersspanne: &gt; 6 Jahre alt<\/li>\n<li>Model Number: 58561<\/li>\n<li>Einstufung: Assemblage<\/li>\n<li>Kunststoffblockform: Selbstsichernde Steine<\/li>\n<li>Material: Kunststoff<\/li>\n<li>Kunststofftyp: ABS<\/li>\n<li>Bricks Blocks:792 PCS<\/li>\n<li>Weight:900g<\/li>\n<li>Enth\u00e4lt eine ausf\u00fchrliche Montageanleitung.<\/li>\n<\/ol>\n<p>Notiz:<br \/>\n1. Ohne Originalverpackung, aber wir garantieren, dass unsere Produkte eine Qualit\u00e4tssicherung und eine sch\u00f6ne Verpackung haben.<br \/>\n2. Wie alle Teile, die wir vor dem Versand \u00fcberpr\u00fcft haben, machen Sie sich keine Sorgen, wenn Sie feststellen, dass einige Teile fehlen oder besch\u00e4digt sind, und kontaktieren Sie uns einfach, und wir k\u00f6nnen sie Ihnen umgehend kostenlos erneut zusenden.<\/p>\n<figure id=\"attachment_38471\" aria-describedby=\"caption-attachment-38471\" style=\"width: 1024px\" class=\"wp-caption aligncenter\"><img fetchpriority=\"high\" decoding=\"async\" class=\"wp-image-38471 size-large\" src=\"https:\/\/mouldking.store\/wp-content\/uploads\/2022\/12\/MOC-58561-Technic-Swiss-Electrified-Steam-Locomotive-MOC-FACTORY-1024x1024.png\" alt=\"MOC-58561 Swiss Electrified Steam Locomotive With 792 Pieces\" width=\"1024\" height=\"1024\" title=\"-\" srcset=\"https:\/\/mouldking.store\/wp-content\/uploads\/2022\/12\/MOC-58561-Technic-Swiss-Electrified-Steam-Locomotive-MOC-FACTORY-1024x1024.png 1024w, https:\/\/mouldking.store\/wp-content\/uploads\/2022\/12\/MOC-58561-Technic-Swiss-Electrified-Steam-Locomotive-MOC-FACTORY-300x300.png 300w, https:\/\/mouldking.store\/wp-content\/uploads\/2022\/12\/MOC-58561-Technic-Swiss-Electrified-Steam-Locomotive-MOC-FACTORY-768x768.png 768w, https:\/\/mouldking.store\/wp-content\/uploads\/2022\/12\/MOC-58561-Technic-Swiss-Electrified-Steam-Locomotive-MOC-FACTORY-600x600.png 600w, https:\/\/mouldking.store\/wp-content\/uploads\/2022\/12\/MOC-58561-Technic-Swiss-Electrified-Steam-Locomotive-MOC-FACTORY-150x150.png 150w, https:\/\/mouldking.store\/wp-content\/uploads\/2022\/12\/MOC-58561-Technic-Swiss-Electrified-Steam-Locomotive-MOC-FACTORY-60x60.png 60w, https:\/\/mouldking.store\/wp-content\/uploads\/2022\/12\/MOC-58561-Technic-Swiss-Electrified-Steam-Locomotive-MOC-FACTORY-90x90.png 90w, https:\/\/mouldking.store\/wp-content\/uploads\/2022\/12\/MOC-58561-Technic-Swiss-Electrified-Steam-Locomotive-MOC-FACTORY.png 1095w\" sizes=\"(max-width: 1024px) 100vw, 1024px\" \/><figcaption id=\"caption-attachment-38471\" class=\"wp-caption-text\">MOC-58561 Schweizer Elektrifizierte Dampflokomotive mit 792 Teilen<\/figcaption><\/figure>\n<figure id=\"attachment_38472\" aria-describedby=\"caption-attachment-38472\" style=\"width: 1024px\" class=\"wp-caption aligncenter\"><img decoding=\"async\" class=\"wp-image-38472 size-large\" src=\"https:\/\/mouldking.store\/wp-content\/uploads\/2022\/12\/Swiss-Electrified-Steam-Locomotive-MOC-58561-1-1024x1024.jpg\" alt=\"MOC-58561 Swiss Electrified Steam Locomotive With 792 Pieces\" width=\"1024\" height=\"1024\" title=\"-\" srcset=\"https:\/\/mouldking.store\/wp-content\/uploads\/2022\/12\/Swiss-Electrified-Steam-Locomotive-MOC-58561-1-1024x1024.jpg 1024w, https:\/\/mouldking.store\/wp-content\/uploads\/2022\/12\/Swiss-Electrified-Steam-Locomotive-MOC-58561-1-300x300.jpg 300w, https:\/\/mouldking.store\/wp-content\/uploads\/2022\/12\/Swiss-Electrified-Steam-Locomotive-MOC-58561-1-768x768.jpg 768w, https:\/\/mouldking.store\/wp-content\/uploads\/2022\/12\/Swiss-Electrified-Steam-Locomotive-MOC-58561-1-600x600.jpg 600w, https:\/\/mouldking.store\/wp-content\/uploads\/2022\/12\/Swiss-Electrified-Steam-Locomotive-MOC-58561-1-150x150.jpg 150w, https:\/\/mouldking.store\/wp-content\/uploads\/2022\/12\/Swiss-Electrified-Steam-Locomotive-MOC-58561-1-60x60.jpg 60w, https:\/\/mouldking.store\/wp-content\/uploads\/2022\/12\/Swiss-Electrified-Steam-Locomotive-MOC-58561-1-90x90.jpg 90w, https:\/\/mouldking.store\/wp-content\/uploads\/2022\/12\/Swiss-Electrified-Steam-Locomotive-MOC-58561-1.jpg 1100w\" sizes=\"(max-width: 1024px) 100vw, 1024px\" \/><figcaption id=\"caption-attachment-38472\" class=\"wp-caption-text\">MOC-58561 Schweizer Elektrifizierte Dampflokomotive mit 792 Teilen<\/figcaption><\/figure>\n<figure id=\"attachment_38473\" aria-describedby=\"caption-attachment-38473\" style=\"width: 1024px\" class=\"wp-caption aligncenter\"><img decoding=\"async\" class=\"wp-image-38473 size-large\" src=\"https:\/\/mouldking.store\/wp-content\/uploads\/2022\/12\/Swiss-Electrified-Steam-Locomotive-MOC-58561-2-1024x1024.jpg\" alt=\"MOC-58561 Swiss Electrified Steam Locomotive With 792 Pieces\" width=\"1024\" height=\"1024\" title=\"-\" srcset=\"https:\/\/mouldking.store\/wp-content\/uploads\/2022\/12\/Swiss-Electrified-Steam-Locomotive-MOC-58561-2-1024x1024.jpg 1024w, https:\/\/mouldking.store\/wp-content\/uploads\/2022\/12\/Swiss-Electrified-Steam-Locomotive-MOC-58561-2-300x300.jpg 300w, https:\/\/mouldking.store\/wp-content\/uploads\/2022\/12\/Swiss-Electrified-Steam-Locomotive-MOC-58561-2-768x768.jpg 768w, https:\/\/mouldking.store\/wp-content\/uploads\/2022\/12\/Swiss-Electrified-Steam-Locomotive-MOC-58561-2-600x600.jpg 600w, https:\/\/mouldking.store\/wp-content\/uploads\/2022\/12\/Swiss-Electrified-Steam-Locomotive-MOC-58561-2-150x150.jpg 150w, https:\/\/mouldking.store\/wp-content\/uploads\/2022\/12\/Swiss-Electrified-Steam-Locomotive-MOC-58561-2-60x60.jpg 60w, https:\/\/mouldking.store\/wp-content\/uploads\/2022\/12\/Swiss-Electrified-Steam-Locomotive-MOC-58561-2-90x90.jpg 90w, https:\/\/mouldking.store\/wp-content\/uploads\/2022\/12\/Swiss-Electrified-Steam-Locomotive-MOC-58561-2.jpg 1100w\" sizes=\"(max-width: 1024px) 100vw, 1024px\" \/><figcaption id=\"caption-attachment-38473\" class=\"wp-caption-text\">MOC-58561 Schweizer Elektrifizierte Dampflokomotive mit 792 Teilen<\/figcaption><\/figure>\n<figure id=\"attachment_38474\" aria-describedby=\"caption-attachment-38474\" style=\"width: 1100px\" class=\"wp-caption aligncenter\"><img loading=\"lazy\" decoding=\"async\" class=\"wp-image-38474 size-full\" src=\"https:\/\/mouldking.store\/wp-content\/uploads\/2022\/12\/Swiss-Electrified-Steam-Locomotive-MOC-58561-3.jpg\" alt=\"MOC-58561 Swiss Electrified Steam Locomotive With 792 Pieces\" width=\"1100\" height=\"1100\" title=\"-\" srcset=\"https:\/\/mouldking.store\/wp-content\/uploads\/2022\/12\/Swiss-Electrified-Steam-Locomotive-MOC-58561-3.jpg 1100w, https:\/\/mouldking.store\/wp-content\/uploads\/2022\/12\/Swiss-Electrified-Steam-Locomotive-MOC-58561-3-300x300.jpg 300w, https:\/\/mouldking.store\/wp-content\/uploads\/2022\/12\/Swiss-Electrified-Steam-Locomotive-MOC-58561-3-1024x1024.jpg 1024w, https:\/\/mouldking.store\/wp-content\/uploads\/2022\/12\/Swiss-Electrified-Steam-Locomotive-MOC-58561-3-768x768.jpg 768w, https:\/\/mouldking.store\/wp-content\/uploads\/2022\/12\/Swiss-Electrified-Steam-Locomotive-MOC-58561-3-600x600.jpg 600w, https:\/\/mouldking.store\/wp-content\/uploads\/2022\/12\/Swiss-Electrified-Steam-Locomotive-MOC-58561-3-150x150.jpg 150w, https:\/\/mouldking.store\/wp-content\/uploads\/2022\/12\/Swiss-Electrified-Steam-Locomotive-MOC-58561-3-60x60.jpg 60w, https:\/\/mouldking.store\/wp-content\/uploads\/2022\/12\/Swiss-Electrified-Steam-Locomotive-MOC-58561-3-90x90.jpg 90w\" sizes=\"(max-width: 1100px) 100vw, 1100px\" \/><figcaption id=\"caption-attachment-38474\" class=\"wp-caption-text\">MOC-58561 Schweizer Elektrifizierte Dampflokomotive mit 792 Teilen<\/figcaption><\/figure>\n<figure id=\"attachment_38475\" aria-describedby=\"caption-attachment-38475\" style=\"width: 1100px\" class=\"wp-caption aligncenter\"><img loading=\"lazy\" decoding=\"async\" class=\"wp-image-38475 size-full\" src=\"https:\/\/mouldking.store\/wp-content\/uploads\/2022\/12\/Swiss-Electrified-Steam-Locomotive-MOC-58561-4.jpg\" alt=\"MOC-58561 Swiss Electrified Steam Locomotive With 792 Pieces\" width=\"1100\" height=\"1100\" title=\"-\" srcset=\"https:\/\/mouldking.store\/wp-content\/uploads\/2022\/12\/Swiss-Electrified-Steam-Locomotive-MOC-58561-4.jpg 1100w, https:\/\/mouldking.store\/wp-content\/uploads\/2022\/12\/Swiss-Electrified-Steam-Locomotive-MOC-58561-4-300x300.jpg 300w, https:\/\/mouldking.store\/wp-content\/uploads\/2022\/12\/Swiss-Electrified-Steam-Locomotive-MOC-58561-4-1024x1024.jpg 1024w, https:\/\/mouldking.store\/wp-content\/uploads\/2022\/12\/Swiss-Electrified-Steam-Locomotive-MOC-58561-4-768x768.jpg 768w, https:\/\/mouldking.store\/wp-content\/uploads\/2022\/12\/Swiss-Electrified-Steam-Locomotive-MOC-58561-4-600x600.jpg 600w, https:\/\/mouldking.store\/wp-content\/uploads\/2022\/12\/Swiss-Electrified-Steam-Locomotive-MOC-58561-4-150x150.jpg 150w, https:\/\/mouldking.store\/wp-content\/uploads\/2022\/12\/Swiss-Electrified-Steam-Locomotive-MOC-58561-4-60x60.jpg 60w, https:\/\/mouldking.store\/wp-content\/uploads\/2022\/12\/Swiss-Electrified-Steam-Locomotive-MOC-58561-4-90x90.jpg 90w\" sizes=\"(max-width: 1100px) 100vw, 1100px\" \/><figcaption id=\"caption-attachment-38475\" class=\"wp-caption-text\">MOC-58561 Schweizer Elektrifizierte Dampflokomotive mit 792 Teilen<\/figcaption><\/figure>\n<figure id=\"attachment_38476\" aria-describedby=\"caption-attachment-38476\" style=\"width: 1024px\" class=\"wp-caption aligncenter\"><img loading=\"lazy\" decoding=\"async\" class=\"wp-image-38476 size-large\" src=\"https:\/\/mouldking.store\/wp-content\/uploads\/2022\/12\/Swiss-Electrified-Steam-Locomotive-MOC-58561-5-1024x1024.jpg\" alt=\"MOC-58561 Swiss Electrified Steam Locomotive With 792 Pieces\" width=\"1024\" height=\"1024\" title=\"-\" srcset=\"https:\/\/mouldking.store\/wp-content\/uploads\/2022\/12\/Swiss-Electrified-Steam-Locomotive-MOC-58561-5-1024x1024.jpg 1024w, https:\/\/mouldking.store\/wp-content\/uploads\/2022\/12\/Swiss-Electrified-Steam-Locomotive-MOC-58561-5-300x300.jpg 300w, https:\/\/mouldking.store\/wp-content\/uploads\/2022\/12\/Swiss-Electrified-Steam-Locomotive-MOC-58561-5-768x768.jpg 768w, https:\/\/mouldking.store\/wp-content\/uploads\/2022\/12\/Swiss-Electrified-Steam-Locomotive-MOC-58561-5-600x600.jpg 600w, https:\/\/mouldking.store\/wp-content\/uploads\/2022\/12\/Swiss-Electrified-Steam-Locomotive-MOC-58561-5-150x150.jpg 150w, https:\/\/mouldking.store\/wp-content\/uploads\/2022\/12\/Swiss-Electrified-Steam-Locomotive-MOC-58561-5-60x60.jpg 60w, https:\/\/mouldking.store\/wp-content\/uploads\/2022\/12\/Swiss-Electrified-Steam-Locomotive-MOC-58561-5-90x90.jpg 90w, https:\/\/mouldking.store\/wp-content\/uploads\/2022\/12\/Swiss-Electrified-Steam-Locomotive-MOC-58561-5.jpg 1100w\" sizes=\"(max-width: 1024px) 100vw, 1024px\" \/><figcaption id=\"caption-attachment-38476\" class=\"wp-caption-text\">MOC-58561 Schweizer Elektrifizierte Dampflokomotive mit 792 Teilen<\/figcaption><\/figure>\n<figure id=\"attachment_38477\" aria-describedby=\"caption-attachment-38477\" style=\"width: 1024px\" class=\"wp-caption aligncenter\"><img loading=\"lazy\" decoding=\"async\" class=\"wp-image-38477 size-large\" src=\"https:\/\/mouldking.store\/wp-content\/uploads\/2022\/12\/Swiss-Electrified-Steam-Locomotive-MOC-58561-6-1024x1024.jpg\" alt=\"MOC-58561 Swiss Electrified Steam Locomotive With 792 Pieces\" width=\"1024\" height=\"1024\" title=\"-\" srcset=\"https:\/\/mouldking.store\/wp-content\/uploads\/2022\/12\/Swiss-Electrified-Steam-Locomotive-MOC-58561-6-1024x1024.jpg 1024w, https:\/\/mouldking.store\/wp-content\/uploads\/2022\/12\/Swiss-Electrified-Steam-Locomotive-MOC-58561-6-300x300.jpg 300w, https:\/\/mouldking.store\/wp-content\/uploads\/2022\/12\/Swiss-Electrified-Steam-Locomotive-MOC-58561-6-768x768.jpg 768w, https:\/\/mouldking.store\/wp-content\/uploads\/2022\/12\/Swiss-Electrified-Steam-Locomotive-MOC-58561-6-600x600.jpg 600w, https:\/\/mouldking.store\/wp-content\/uploads\/2022\/12\/Swiss-Electrified-Steam-Locomotive-MOC-58561-6-150x150.jpg 150w, https:\/\/mouldking.store\/wp-content\/uploads\/2022\/12\/Swiss-Electrified-Steam-Locomotive-MOC-58561-6-60x60.jpg 60w, https:\/\/mouldking.store\/wp-content\/uploads\/2022\/12\/Swiss-Electrified-Steam-Locomotive-MOC-58561-6-90x90.jpg 90w, https:\/\/mouldking.store\/wp-content\/uploads\/2022\/12\/Swiss-Electrified-Steam-Locomotive-MOC-58561-6.jpg 1100w\" sizes=\"(max-width: 1024px) 100vw, 1024px\" \/><figcaption id=\"caption-attachment-38477\" class=\"wp-caption-text\">MOC-58561 Schweizer Elektrifizierte Dampflokomotive mit 792 Teilen<\/figcaption><\/figure>","protected":false},"excerpt":{"rendered":"<p>PDF-Bauanleitung<\/p>\n<p>Ohne Originalverpackung<\/p>\n<p>Zeiteinteilung: 4-8 Wochen<\/p>","protected":false},"featured_media":38471,"comment_status":"closed","ping_status":"closed","template":"","meta":{"_acf_changed":false},"product_cat":[1357,1406],"product_tag":[9869,2635,430,9867,9872,9866,1006,2340,9868,9870,9871],"class_list":["product","first","instock","shipping-taxable","purchasable","product-type-simple"],"acf":[],"_links":{"self":[{"href":"https:\/\/mouldking.store\/de\/wp-json\/wp\/v2\/product\/38470","targetHints":{"allow":["GET"]}}],"collection":[{"href":"https:\/\/mouldking.store\/de\/wp-json\/wp\/v2\/product"}],"about":[{"href":"https:\/\/mouldking.store\/de\/wp-json\/wp\/v2\/types\/product"}],"replies":[{"embeddable":true,"href":"https:\/\/mouldking.store\/de\/wp-json\/wp\/v2\/comments?post=38470"}],"wp:featuredmedia":[{"embeddable":true,"href":"https:\/\/mouldking.store\/de\/wp-json\/wp\/v2\/media\/38471"}],"wp:attachment":[{"href":"https:\/\/mouldking.store\/de\/wp-json\/wp\/v2\/media?parent=38470"}],"wp:term":[{"taxonomy":"product_cat","embeddable":true,"href":"https:\/\/mouldking.store\/de\/wp-json\/wp\/v2\/product_cat?post=38470"},{"taxonomy":"product_tag","embeddable":true,"href":"https:\/\/mouldking.store\/de\/wp-json\/wp\/v2\/product_tag?post=38470"}],"curies":[{"name":"wp","href":"https:\/\/api.w.org\/{rel}","templated":true}]}}