{"id":38478,"date":"2022-12-22T10:23:49","date_gmt":"2022-12-22T03:23:49","guid":{"rendered":"https:\/\/mouldking.store\/?post_type=product&#038;p=38478"},"modified":"2025-12-25T09:11:59","modified_gmt":"2025-12-25T02:11:59","slug":"moc-56288-micro-scale-mikado-440-hit-the-bricks-with-447-pieces","status":"publish","type":"product","link":"https:\/\/mouldking.store\/de\/shop\/moc-56288-micro-scale-mikado-440-hit-the-bricks-with-447-pieces\/","title":{"rendered":"MOC-56288 Micro Scale Mikado 440 (Hit The Bricks) mit 447 Teilen"},"content":{"rendered":"<ol>\n<li>Marke: MOC<\/li>\n<li>Geschlecht: Unisex<\/li>\n<li>Name: Micro Scale Mikado 440 (Hit The Bricks)<\/li>\n<li>Altersspanne: &gt; 6 Jahre alt<\/li>\n<li>Model Number: 56288<\/li>\n<li>Einstufung: Assemblage<\/li>\n<li>Kunststoffblockform: Selbstsichernde Steine<\/li>\n<li>Material: Kunststoff<\/li>\n<li>Kunststofftyp: ABS<\/li>\n<li>Bricks Blocks:447 PCS<\/li>\n<li>Gewicht: 400 g<\/li>\n<li>Enth\u00e4lt eine ausf\u00fchrliche Montageanleitung.<\/li>\n<\/ol>\n<p>Notiz:<br \/>\n1. Ohne Originalverpackung, aber wir garantieren, dass unsere Produkte eine Qualit\u00e4tssicherung und eine sch\u00f6ne Verpackung haben.<br \/>\n2. Wie alle Teile, die wir vor dem Versand \u00fcberpr\u00fcft haben, machen Sie sich keine Sorgen, wenn Sie feststellen, dass einige Teile fehlen oder besch\u00e4digt sind, und kontaktieren Sie uns einfach, und wir k\u00f6nnen sie Ihnen umgehend kostenlos erneut zusenden.<\/p>\n<figure id=\"attachment_38479\" aria-describedby=\"caption-attachment-38479\" style=\"width: 1024px\" class=\"wp-caption aligncenter\"><img fetchpriority=\"high\" decoding=\"async\" class=\"wp-image-38479 size-large\" src=\"https:\/\/mouldking.store\/wp-content\/uploads\/2022\/12\/MOC-56288-Technic-Micro-Scale-Mikado-440-Hit-The-Bricks-MOC-FACTORY-1024x1024.png\" alt=\"MOC-56288 Micro Scale Mikado 440 (Hit The Bricks) Technic With 447 Pieces\" width=\"1024\" height=\"1024\" title=\"-\" srcset=\"https:\/\/mouldking.store\/wp-content\/uploads\/2022\/12\/MOC-56288-Technic-Micro-Scale-Mikado-440-Hit-The-Bricks-MOC-FACTORY-1024x1024.png 1024w, https:\/\/mouldking.store\/wp-content\/uploads\/2022\/12\/MOC-56288-Technic-Micro-Scale-Mikado-440-Hit-The-Bricks-MOC-FACTORY-300x300.png 300w, https:\/\/mouldking.store\/wp-content\/uploads\/2022\/12\/MOC-56288-Technic-Micro-Scale-Mikado-440-Hit-The-Bricks-MOC-FACTORY-768x768.png 768w, https:\/\/mouldking.store\/wp-content\/uploads\/2022\/12\/MOC-56288-Technic-Micro-Scale-Mikado-440-Hit-The-Bricks-MOC-FACTORY-600x600.png 600w, https:\/\/mouldking.store\/wp-content\/uploads\/2022\/12\/MOC-56288-Technic-Micro-Scale-Mikado-440-Hit-The-Bricks-MOC-FACTORY-150x150.png 150w, https:\/\/mouldking.store\/wp-content\/uploads\/2022\/12\/MOC-56288-Technic-Micro-Scale-Mikado-440-Hit-The-Bricks-MOC-FACTORY-60x60.png 60w, https:\/\/mouldking.store\/wp-content\/uploads\/2022\/12\/MOC-56288-Technic-Micro-Scale-Mikado-440-Hit-The-Bricks-MOC-FACTORY-90x90.png 90w, https:\/\/mouldking.store\/wp-content\/uploads\/2022\/12\/MOC-56288-Technic-Micro-Scale-Mikado-440-Hit-The-Bricks-MOC-FACTORY.png 1095w\" sizes=\"(max-width: 1024px) 100vw, 1024px\" \/><figcaption id=\"caption-attachment-38479\" class=\"wp-caption-text\">MOC-56288 Micro Scale Mikado 440 (Hit The Bricks) mit 447 Teilen<\/figcaption><\/figure>\n<figure id=\"attachment_38480\" aria-describedby=\"caption-attachment-38480\" style=\"width: 1024px\" class=\"wp-caption aligncenter\"><img decoding=\"async\" class=\"wp-image-38480 size-large\" src=\"https:\/\/mouldking.store\/wp-content\/uploads\/2022\/12\/Micro-Scale-Mikado-440-Hit-The-Bricks-MOC-56288-1-1024x1024.jpg\" alt=\"MOC-56288 Micro Scale Mikado 440 (Hit The Bricks) Technic With 447 Pieces\" width=\"1024\" height=\"1024\" title=\"-\" srcset=\"https:\/\/mouldking.store\/wp-content\/uploads\/2022\/12\/Micro-Scale-Mikado-440-Hit-The-Bricks-MOC-56288-1-1024x1024.jpg 1024w, https:\/\/mouldking.store\/wp-content\/uploads\/2022\/12\/Micro-Scale-Mikado-440-Hit-The-Bricks-MOC-56288-1-300x300.jpg 300w, https:\/\/mouldking.store\/wp-content\/uploads\/2022\/12\/Micro-Scale-Mikado-440-Hit-The-Bricks-MOC-56288-1-768x768.jpg 768w, https:\/\/mouldking.store\/wp-content\/uploads\/2022\/12\/Micro-Scale-Mikado-440-Hit-The-Bricks-MOC-56288-1-600x600.jpg 600w, https:\/\/mouldking.store\/wp-content\/uploads\/2022\/12\/Micro-Scale-Mikado-440-Hit-The-Bricks-MOC-56288-1-150x150.jpg 150w, https:\/\/mouldking.store\/wp-content\/uploads\/2022\/12\/Micro-Scale-Mikado-440-Hit-The-Bricks-MOC-56288-1-60x60.jpg 60w, https:\/\/mouldking.store\/wp-content\/uploads\/2022\/12\/Micro-Scale-Mikado-440-Hit-The-Bricks-MOC-56288-1-90x90.jpg 90w, https:\/\/mouldking.store\/wp-content\/uploads\/2022\/12\/Micro-Scale-Mikado-440-Hit-The-Bricks-MOC-56288-1.jpg 1100w\" sizes=\"(max-width: 1024px) 100vw, 1024px\" \/><figcaption id=\"caption-attachment-38480\" class=\"wp-caption-text\">MOC-56288 Micro Scale Mikado 440 (Hit The Bricks) mit 447 Teilen<\/figcaption><\/figure>\n<figure id=\"attachment_38481\" aria-describedby=\"caption-attachment-38481\" style=\"width: 1024px\" class=\"wp-caption aligncenter\"><img decoding=\"async\" class=\"wp-image-38481 size-large\" src=\"https:\/\/mouldking.store\/wp-content\/uploads\/2022\/12\/Micro-Scale-Mikado-440-Hit-The-Bricks-MOC-56288-2-1024x1024.jpg\" alt=\"MOC-56288 Micro Scale Mikado 440 (Hit The Bricks) Technic With 447 Pieces\" width=\"1024\" height=\"1024\" title=\"-\" srcset=\"https:\/\/mouldking.store\/wp-content\/uploads\/2022\/12\/Micro-Scale-Mikado-440-Hit-The-Bricks-MOC-56288-2-1024x1024.jpg 1024w, https:\/\/mouldking.store\/wp-content\/uploads\/2022\/12\/Micro-Scale-Mikado-440-Hit-The-Bricks-MOC-56288-2-300x300.jpg 300w, https:\/\/mouldking.store\/wp-content\/uploads\/2022\/12\/Micro-Scale-Mikado-440-Hit-The-Bricks-MOC-56288-2-768x768.jpg 768w, https:\/\/mouldking.store\/wp-content\/uploads\/2022\/12\/Micro-Scale-Mikado-440-Hit-The-Bricks-MOC-56288-2-600x600.jpg 600w, https:\/\/mouldking.store\/wp-content\/uploads\/2022\/12\/Micro-Scale-Mikado-440-Hit-The-Bricks-MOC-56288-2-150x150.jpg 150w, https:\/\/mouldking.store\/wp-content\/uploads\/2022\/12\/Micro-Scale-Mikado-440-Hit-The-Bricks-MOC-56288-2-60x60.jpg 60w, https:\/\/mouldking.store\/wp-content\/uploads\/2022\/12\/Micro-Scale-Mikado-440-Hit-The-Bricks-MOC-56288-2-90x90.jpg 90w, https:\/\/mouldking.store\/wp-content\/uploads\/2022\/12\/Micro-Scale-Mikado-440-Hit-The-Bricks-MOC-56288-2.jpg 1100w\" sizes=\"(max-width: 1024px) 100vw, 1024px\" \/><figcaption id=\"caption-attachment-38481\" class=\"wp-caption-text\">MOC-56288 Micro Scale Mikado 440 (Hit The Bricks) mit 447 Teilen<\/figcaption><\/figure>\n<figure id=\"attachment_38482\" aria-describedby=\"caption-attachment-38482\" style=\"width: 1024px\" class=\"wp-caption aligncenter\"><img loading=\"lazy\" decoding=\"async\" class=\"wp-image-38482 size-large\" src=\"https:\/\/mouldking.store\/wp-content\/uploads\/2022\/12\/Micro-Scale-Mikado-440-Hit-The-Bricks-MOC-56288-3-1024x1024.jpg\" alt=\"MOC-56288 Micro Scale Mikado 440 (Hit The Bricks) Technic With 447 Pieces\" width=\"1024\" height=\"1024\" title=\"-\" srcset=\"https:\/\/mouldking.store\/wp-content\/uploads\/2022\/12\/Micro-Scale-Mikado-440-Hit-The-Bricks-MOC-56288-3-1024x1024.jpg 1024w, https:\/\/mouldking.store\/wp-content\/uploads\/2022\/12\/Micro-Scale-Mikado-440-Hit-The-Bricks-MOC-56288-3-300x300.jpg 300w, https:\/\/mouldking.store\/wp-content\/uploads\/2022\/12\/Micro-Scale-Mikado-440-Hit-The-Bricks-MOC-56288-3-768x768.jpg 768w, https:\/\/mouldking.store\/wp-content\/uploads\/2022\/12\/Micro-Scale-Mikado-440-Hit-The-Bricks-MOC-56288-3-600x600.jpg 600w, https:\/\/mouldking.store\/wp-content\/uploads\/2022\/12\/Micro-Scale-Mikado-440-Hit-The-Bricks-MOC-56288-3-150x150.jpg 150w, https:\/\/mouldking.store\/wp-content\/uploads\/2022\/12\/Micro-Scale-Mikado-440-Hit-The-Bricks-MOC-56288-3-60x60.jpg 60w, https:\/\/mouldking.store\/wp-content\/uploads\/2022\/12\/Micro-Scale-Mikado-440-Hit-The-Bricks-MOC-56288-3-90x90.jpg 90w, https:\/\/mouldking.store\/wp-content\/uploads\/2022\/12\/Micro-Scale-Mikado-440-Hit-The-Bricks-MOC-56288-3.jpg 1100w\" sizes=\"(max-width: 1024px) 100vw, 1024px\" \/><figcaption id=\"caption-attachment-38482\" class=\"wp-caption-text\">MOC-56288 Micro Scale Mikado 440 (Hit The Bricks) mit 447 Teilen<\/figcaption><\/figure>\n<figure id=\"attachment_38483\" aria-describedby=\"caption-attachment-38483\" style=\"width: 1024px\" class=\"wp-caption aligncenter\"><img loading=\"lazy\" decoding=\"async\" class=\"wp-image-38483 size-large\" src=\"https:\/\/mouldking.store\/wp-content\/uploads\/2022\/12\/Micro-Scale-Mikado-440-Hit-The-Bricks-MOC-56288-5-1024x1024.jpg\" alt=\"MOC-56288 Micro Scale Mikado 440 (Hit The Bricks) Technic With 447 Pieces\" width=\"1024\" height=\"1024\" title=\"-\" srcset=\"https:\/\/mouldking.store\/wp-content\/uploads\/2022\/12\/Micro-Scale-Mikado-440-Hit-The-Bricks-MOC-56288-5-1024x1024.jpg 1024w, https:\/\/mouldking.store\/wp-content\/uploads\/2022\/12\/Micro-Scale-Mikado-440-Hit-The-Bricks-MOC-56288-5-300x300.jpg 300w, https:\/\/mouldking.store\/wp-content\/uploads\/2022\/12\/Micro-Scale-Mikado-440-Hit-The-Bricks-MOC-56288-5-768x768.jpg 768w, https:\/\/mouldking.store\/wp-content\/uploads\/2022\/12\/Micro-Scale-Mikado-440-Hit-The-Bricks-MOC-56288-5-600x600.jpg 600w, https:\/\/mouldking.store\/wp-content\/uploads\/2022\/12\/Micro-Scale-Mikado-440-Hit-The-Bricks-MOC-56288-5-150x150.jpg 150w, https:\/\/mouldking.store\/wp-content\/uploads\/2022\/12\/Micro-Scale-Mikado-440-Hit-The-Bricks-MOC-56288-5-60x60.jpg 60w, https:\/\/mouldking.store\/wp-content\/uploads\/2022\/12\/Micro-Scale-Mikado-440-Hit-The-Bricks-MOC-56288-5-90x90.jpg 90w, https:\/\/mouldking.store\/wp-content\/uploads\/2022\/12\/Micro-Scale-Mikado-440-Hit-The-Bricks-MOC-56288-5.jpg 1100w\" sizes=\"(max-width: 1024px) 100vw, 1024px\" \/><figcaption id=\"caption-attachment-38483\" class=\"wp-caption-text\">MOC-56288 Micro Scale Mikado 440 (Hit The Bricks) mit 447 Teilen<\/figcaption><\/figure>\n<figure id=\"attachment_38484\" aria-describedby=\"caption-attachment-38484\" style=\"width: 1024px\" class=\"wp-caption aligncenter\"><img loading=\"lazy\" decoding=\"async\" class=\"wp-image-38484 size-large\" src=\"https:\/\/mouldking.store\/wp-content\/uploads\/2022\/12\/Micro-Scale-Mikado-440-Hit-The-Bricks-MOC-56288-4-1024x1024.jpg\" alt=\"MOC-56288 Micro Scale Mikado 440 (Hit The Bricks) Technic With 447 Pieces\" width=\"1024\" height=\"1024\" title=\"-\" srcset=\"https:\/\/mouldking.store\/wp-content\/uploads\/2022\/12\/Micro-Scale-Mikado-440-Hit-The-Bricks-MOC-56288-4-1024x1024.jpg 1024w, https:\/\/mouldking.store\/wp-content\/uploads\/2022\/12\/Micro-Scale-Mikado-440-Hit-The-Bricks-MOC-56288-4-300x300.jpg 300w, https:\/\/mouldking.store\/wp-content\/uploads\/2022\/12\/Micro-Scale-Mikado-440-Hit-The-Bricks-MOC-56288-4-768x768.jpg 768w, https:\/\/mouldking.store\/wp-content\/uploads\/2022\/12\/Micro-Scale-Mikado-440-Hit-The-Bricks-MOC-56288-4-600x600.jpg 600w, https:\/\/mouldking.store\/wp-content\/uploads\/2022\/12\/Micro-Scale-Mikado-440-Hit-The-Bricks-MOC-56288-4-150x150.jpg 150w, https:\/\/mouldking.store\/wp-content\/uploads\/2022\/12\/Micro-Scale-Mikado-440-Hit-The-Bricks-MOC-56288-4-60x60.jpg 60w, https:\/\/mouldking.store\/wp-content\/uploads\/2022\/12\/Micro-Scale-Mikado-440-Hit-The-Bricks-MOC-56288-4-90x90.jpg 90w, https:\/\/mouldking.store\/wp-content\/uploads\/2022\/12\/Micro-Scale-Mikado-440-Hit-The-Bricks-MOC-56288-4.jpg 1100w\" sizes=\"(max-width: 1024px) 100vw, 1024px\" \/><figcaption id=\"caption-attachment-38484\" class=\"wp-caption-text\">MOC-56288 Micro Scale Mikado 440 (Hit The Bricks) mit 447 Teilen<\/figcaption><\/figure>\n<figure id=\"attachment_38485\" aria-describedby=\"caption-attachment-38485\" style=\"width: 1024px\" class=\"wp-caption aligncenter\"><img loading=\"lazy\" decoding=\"async\" class=\"wp-image-38485 size-large\" src=\"https:\/\/mouldking.store\/wp-content\/uploads\/2022\/12\/Micro-Scale-Mikado-440-Hit-The-Bricks-MOC-56288-6-1024x1024.jpg\" alt=\"MOC-56288 Micro Scale Mikado 440 (Hit The Bricks) Technic With 447 Pieces\" width=\"1024\" height=\"1024\" title=\"-\" srcset=\"https:\/\/mouldking.store\/wp-content\/uploads\/2022\/12\/Micro-Scale-Mikado-440-Hit-The-Bricks-MOC-56288-6-1024x1024.jpg 1024w, https:\/\/mouldking.store\/wp-content\/uploads\/2022\/12\/Micro-Scale-Mikado-440-Hit-The-Bricks-MOC-56288-6-300x300.jpg 300w, https:\/\/mouldking.store\/wp-content\/uploads\/2022\/12\/Micro-Scale-Mikado-440-Hit-The-Bricks-MOC-56288-6-768x768.jpg 768w, https:\/\/mouldking.store\/wp-content\/uploads\/2022\/12\/Micro-Scale-Mikado-440-Hit-The-Bricks-MOC-56288-6-600x600.jpg 600w, https:\/\/mouldking.store\/wp-content\/uploads\/2022\/12\/Micro-Scale-Mikado-440-Hit-The-Bricks-MOC-56288-6-150x150.jpg 150w, https:\/\/mouldking.store\/wp-content\/uploads\/2022\/12\/Micro-Scale-Mikado-440-Hit-The-Bricks-MOC-56288-6-60x60.jpg 60w, https:\/\/mouldking.store\/wp-content\/uploads\/2022\/12\/Micro-Scale-Mikado-440-Hit-The-Bricks-MOC-56288-6-90x90.jpg 90w, https:\/\/mouldking.store\/wp-content\/uploads\/2022\/12\/Micro-Scale-Mikado-440-Hit-The-Bricks-MOC-56288-6.jpg 1100w\" sizes=\"(max-width: 1024px) 100vw, 1024px\" \/><figcaption id=\"caption-attachment-38485\" class=\"wp-caption-text\">MOC-56288 Micro Scale Mikado 440 (Hit The Bricks) mit 447 Teilen<\/figcaption><\/figure>","protected":false},"excerpt":{"rendered":"<p>PDF-Bauanleitung<\/p>\n<p>Ohne Originalverpackung<\/p>\n<p>Zeiteinteilung: 4-8 Wochen<\/p>","protected":false},"featured_media":38479,"comment_status":"closed","ping_status":"closed","template":"","meta":{"_acf_changed":false},"product_cat":[1357,1406],"product_tag":[9877,9874,9879,9880,9875,9876,430,9873,9881,9878],"class_list":["product","first","instock","shipping-taxable","purchasable","product-type-simple"],"acf":[],"_links":{"self":[{"href":"https:\/\/mouldking.store\/de\/wp-json\/wp\/v2\/product\/38478","targetHints":{"allow":["GET"]}}],"collection":[{"href":"https:\/\/mouldking.store\/de\/wp-json\/wp\/v2\/product"}],"about":[{"href":"https:\/\/mouldking.store\/de\/wp-json\/wp\/v2\/types\/product"}],"replies":[{"embeddable":true,"href":"https:\/\/mouldking.store\/de\/wp-json\/wp\/v2\/comments?post=38478"}],"wp:featuredmedia":[{"embeddable":true,"href":"https:\/\/mouldking.store\/de\/wp-json\/wp\/v2\/media\/38479"}],"wp:attachment":[{"href":"https:\/\/mouldking.store\/de\/wp-json\/wp\/v2\/media?parent=38478"}],"wp:term":[{"taxonomy":"product_cat","embeddable":true,"href":"https:\/\/mouldking.store\/de\/wp-json\/wp\/v2\/product_cat?post=38478"},{"taxonomy":"product_tag","embeddable":true,"href":"https:\/\/mouldking.store\/de\/wp-json\/wp\/v2\/product_tag?post=38478"}],"curies":[{"name":"wp","href":"https:\/\/api.w.org\/{rel}","templated":true}]}}