{"id":38502,"date":"2022-12-22T10:50:17","date_gmt":"2022-12-22T03:50:17","guid":{"rendered":"https:\/\/mouldking.store\/?post_type=product&#038;p=38502"},"modified":"2025-12-25T09:11:59","modified_gmt":"2025-12-25T02:11:59","slug":"moc-108371-medieval-taxes-paid-to-the-count-and-the-church-with-1430-pieces","status":"publish","type":"product","link":"https:\/\/mouldking.store\/de\/shop\/moc-108371-medieval-taxes-paid-to-the-count-and-the-church-with-1430-pieces\/","title":{"rendered":"MOC-108371 Mittelalterliche Steuern an den Grafen und die Kirche mit 1430 St\u00fcck"},"content":{"rendered":"<ol>\n<li>Marke: MOC<\/li>\n<li>Geschlecht: Unisex<\/li>\n<li>Name: Medieval Taxes Paid To The Count And The Church<\/li>\n<li>Altersspanne: &gt; 6 Jahre alt<\/li>\n<li>Model Number: 108371<\/li>\n<li>Einstufung: Assemblage<\/li>\n<li>Kunststoffblockform: Selbstsichernde Steine<\/li>\n<li>Material: Kunststoff<\/li>\n<li>Kunststofftyp: ABS<\/li>\n<li>Bricks Blocks:1430 PCS<\/li>\n<li>Weight:1900g<\/li>\n<li>Enth\u00e4lt eine ausf\u00fchrliche Montageanleitung.<\/li>\n<\/ol>\n<p>Notiz:<br \/>\n1. Ohne Originalverpackung, aber wir garantieren, dass unsere Produkte eine Qualit\u00e4tssicherung und eine sch\u00f6ne Verpackung haben.<br \/>\n2. Wie alle Teile, die wir vor dem Versand \u00fcberpr\u00fcft haben, machen Sie sich keine Sorgen, wenn Sie feststellen, dass einige Teile fehlen oder besch\u00e4digt sind, und kontaktieren Sie uns einfach, und wir k\u00f6nnen sie Ihnen umgehend kostenlos erneut zusenden.<\/p>\n<figure id=\"attachment_38503\" aria-describedby=\"caption-attachment-38503\" style=\"width: 1024px\" class=\"wp-caption aligncenter\"><img fetchpriority=\"high\" decoding=\"async\" class=\"wp-image-38503 size-large\" src=\"https:\/\/mouldking.store\/wp-content\/uploads\/2022\/12\/MOC-108371-Creator-Medieval-Taxes-Paid-To-The-Count-And-The-Church-MOC-FACTORY-1024x1024.png\" alt=\"MOC-108371 Medieval Taxes Paid To The Count And The Church With 1430 Pieces\" width=\"1024\" height=\"1024\" title=\"-\" srcset=\"https:\/\/mouldking.store\/wp-content\/uploads\/2022\/12\/MOC-108371-Creator-Medieval-Taxes-Paid-To-The-Count-And-The-Church-MOC-FACTORY-1024x1024.png 1024w, https:\/\/mouldking.store\/wp-content\/uploads\/2022\/12\/MOC-108371-Creator-Medieval-Taxes-Paid-To-The-Count-And-The-Church-MOC-FACTORY-300x300.png 300w, https:\/\/mouldking.store\/wp-content\/uploads\/2022\/12\/MOC-108371-Creator-Medieval-Taxes-Paid-To-The-Count-And-The-Church-MOC-FACTORY-768x768.png 768w, https:\/\/mouldking.store\/wp-content\/uploads\/2022\/12\/MOC-108371-Creator-Medieval-Taxes-Paid-To-The-Count-And-The-Church-MOC-FACTORY-600x600.png 600w, https:\/\/mouldking.store\/wp-content\/uploads\/2022\/12\/MOC-108371-Creator-Medieval-Taxes-Paid-To-The-Count-And-The-Church-MOC-FACTORY-150x150.png 150w, https:\/\/mouldking.store\/wp-content\/uploads\/2022\/12\/MOC-108371-Creator-Medieval-Taxes-Paid-To-The-Count-And-The-Church-MOC-FACTORY-60x60.png 60w, https:\/\/mouldking.store\/wp-content\/uploads\/2022\/12\/MOC-108371-Creator-Medieval-Taxes-Paid-To-The-Count-And-The-Church-MOC-FACTORY-90x90.png 90w, https:\/\/mouldking.store\/wp-content\/uploads\/2022\/12\/MOC-108371-Creator-Medieval-Taxes-Paid-To-The-Count-And-The-Church-MOC-FACTORY.png 1095w\" sizes=\"(max-width: 1024px) 100vw, 1024px\" \/><figcaption id=\"caption-attachment-38503\" class=\"wp-caption-text\">MOC-108371 Mittelalterliche Steuern an den Grafen und die Kirche mit 1430 St\u00fcck<\/figcaption><\/figure>\n<figure id=\"attachment_38504\" aria-describedby=\"caption-attachment-38504\" style=\"width: 1024px\" class=\"wp-caption aligncenter\"><img decoding=\"async\" class=\"wp-image-38504 size-large\" src=\"https:\/\/mouldking.store\/wp-content\/uploads\/2022\/12\/Medieval-Taxes-Paid-To-The-Count-And-The-Church-MOC-108371-1-1024x1024.jpg\" alt=\"MOC-108371 Medieval Taxes Paid To The Count And The Church With 1430 Pieces\" width=\"1024\" height=\"1024\" title=\"-\" srcset=\"https:\/\/mouldking.store\/wp-content\/uploads\/2022\/12\/Medieval-Taxes-Paid-To-The-Count-And-The-Church-MOC-108371-1-1024x1024.jpg 1024w, https:\/\/mouldking.store\/wp-content\/uploads\/2022\/12\/Medieval-Taxes-Paid-To-The-Count-And-The-Church-MOC-108371-1-300x300.jpg 300w, https:\/\/mouldking.store\/wp-content\/uploads\/2022\/12\/Medieval-Taxes-Paid-To-The-Count-And-The-Church-MOC-108371-1-768x768.jpg 768w, https:\/\/mouldking.store\/wp-content\/uploads\/2022\/12\/Medieval-Taxes-Paid-To-The-Count-And-The-Church-MOC-108371-1-600x600.jpg 600w, https:\/\/mouldking.store\/wp-content\/uploads\/2022\/12\/Medieval-Taxes-Paid-To-The-Count-And-The-Church-MOC-108371-1-150x150.jpg 150w, https:\/\/mouldking.store\/wp-content\/uploads\/2022\/12\/Medieval-Taxes-Paid-To-The-Count-And-The-Church-MOC-108371-1-60x60.jpg 60w, https:\/\/mouldking.store\/wp-content\/uploads\/2022\/12\/Medieval-Taxes-Paid-To-The-Count-And-The-Church-MOC-108371-1-90x90.jpg 90w, https:\/\/mouldking.store\/wp-content\/uploads\/2022\/12\/Medieval-Taxes-Paid-To-The-Count-And-The-Church-MOC-108371-1.jpg 1100w\" sizes=\"(max-width: 1024px) 100vw, 1024px\" \/><figcaption id=\"caption-attachment-38504\" class=\"wp-caption-text\">MOC-108371 Mittelalterliche Steuern an den Grafen und die Kirche mit 1430 St\u00fcck<\/figcaption><\/figure>\n<figure id=\"attachment_38505\" aria-describedby=\"caption-attachment-38505\" style=\"width: 1100px\" class=\"wp-caption aligncenter\"><img decoding=\"async\" class=\"wp-image-38505 size-full\" src=\"https:\/\/mouldking.store\/wp-content\/uploads\/2022\/12\/Medieval-Taxes-Paid-To-The-Count-And-The-Church-MOC-108371-2.jpg\" alt=\"MOC-108371 Medieval Taxes Paid To The Count And The Church With 1430 Pieces\" width=\"1100\" height=\"1100\" title=\"-\" srcset=\"https:\/\/mouldking.store\/wp-content\/uploads\/2022\/12\/Medieval-Taxes-Paid-To-The-Count-And-The-Church-MOC-108371-2.jpg 1100w, https:\/\/mouldking.store\/wp-content\/uploads\/2022\/12\/Medieval-Taxes-Paid-To-The-Count-And-The-Church-MOC-108371-2-300x300.jpg 300w, https:\/\/mouldking.store\/wp-content\/uploads\/2022\/12\/Medieval-Taxes-Paid-To-The-Count-And-The-Church-MOC-108371-2-1024x1024.jpg 1024w, https:\/\/mouldking.store\/wp-content\/uploads\/2022\/12\/Medieval-Taxes-Paid-To-The-Count-And-The-Church-MOC-108371-2-768x768.jpg 768w, https:\/\/mouldking.store\/wp-content\/uploads\/2022\/12\/Medieval-Taxes-Paid-To-The-Count-And-The-Church-MOC-108371-2-600x600.jpg 600w, https:\/\/mouldking.store\/wp-content\/uploads\/2022\/12\/Medieval-Taxes-Paid-To-The-Count-And-The-Church-MOC-108371-2-150x150.jpg 150w, https:\/\/mouldking.store\/wp-content\/uploads\/2022\/12\/Medieval-Taxes-Paid-To-The-Count-And-The-Church-MOC-108371-2-60x60.jpg 60w, https:\/\/mouldking.store\/wp-content\/uploads\/2022\/12\/Medieval-Taxes-Paid-To-The-Count-And-The-Church-MOC-108371-2-90x90.jpg 90w\" sizes=\"(max-width: 1100px) 100vw, 1100px\" \/><figcaption id=\"caption-attachment-38505\" class=\"wp-caption-text\">MOC-108371 Mittelalterliche Steuern an den Grafen und die Kirche mit 1430 St\u00fcck<\/figcaption><\/figure>\n<figure id=\"attachment_38506\" aria-describedby=\"caption-attachment-38506\" style=\"width: 1024px\" class=\"wp-caption aligncenter\"><img loading=\"lazy\" decoding=\"async\" class=\"wp-image-38506 size-large\" src=\"https:\/\/mouldking.store\/wp-content\/uploads\/2022\/12\/Medieval-Taxes-Paid-To-The-Count-And-The-Church-MOC-108371-3-1024x1024.jpg\" alt=\"MOC-108371 Medieval Taxes Paid To The Count And The Church With 1430 Pieces\" width=\"1024\" height=\"1024\" title=\"-\" srcset=\"https:\/\/mouldking.store\/wp-content\/uploads\/2022\/12\/Medieval-Taxes-Paid-To-The-Count-And-The-Church-MOC-108371-3-1024x1024.jpg 1024w, https:\/\/mouldking.store\/wp-content\/uploads\/2022\/12\/Medieval-Taxes-Paid-To-The-Count-And-The-Church-MOC-108371-3-300x300.jpg 300w, https:\/\/mouldking.store\/wp-content\/uploads\/2022\/12\/Medieval-Taxes-Paid-To-The-Count-And-The-Church-MOC-108371-3-768x768.jpg 768w, https:\/\/mouldking.store\/wp-content\/uploads\/2022\/12\/Medieval-Taxes-Paid-To-The-Count-And-The-Church-MOC-108371-3-600x600.jpg 600w, https:\/\/mouldking.store\/wp-content\/uploads\/2022\/12\/Medieval-Taxes-Paid-To-The-Count-And-The-Church-MOC-108371-3-150x150.jpg 150w, https:\/\/mouldking.store\/wp-content\/uploads\/2022\/12\/Medieval-Taxes-Paid-To-The-Count-And-The-Church-MOC-108371-3-60x60.jpg 60w, https:\/\/mouldking.store\/wp-content\/uploads\/2022\/12\/Medieval-Taxes-Paid-To-The-Count-And-The-Church-MOC-108371-3-90x90.jpg 90w, https:\/\/mouldking.store\/wp-content\/uploads\/2022\/12\/Medieval-Taxes-Paid-To-The-Count-And-The-Church-MOC-108371-3.jpg 1100w\" sizes=\"(max-width: 1024px) 100vw, 1024px\" \/><figcaption id=\"caption-attachment-38506\" class=\"wp-caption-text\">MOC-108371 Mittelalterliche Steuern an den Grafen und die Kirche mit 1430 St\u00fcck<\/figcaption><\/figure>\n<figure id=\"attachment_38507\" aria-describedby=\"caption-attachment-38507\" style=\"width: 1024px\" class=\"wp-caption aligncenter\"><img loading=\"lazy\" decoding=\"async\" class=\"wp-image-38507 size-large\" src=\"https:\/\/mouldking.store\/wp-content\/uploads\/2022\/12\/Medieval-Taxes-Paid-To-The-Count-And-The-Church-MOC-108371-4-1024x1024.jpg\" alt=\"MOC-108371 Medieval Taxes Paid To The Count And The Church With 1430 Pieces\" width=\"1024\" height=\"1024\" title=\"-\" srcset=\"https:\/\/mouldking.store\/wp-content\/uploads\/2022\/12\/Medieval-Taxes-Paid-To-The-Count-And-The-Church-MOC-108371-4-1024x1024.jpg 1024w, https:\/\/mouldking.store\/wp-content\/uploads\/2022\/12\/Medieval-Taxes-Paid-To-The-Count-And-The-Church-MOC-108371-4-300x300.jpg 300w, https:\/\/mouldking.store\/wp-content\/uploads\/2022\/12\/Medieval-Taxes-Paid-To-The-Count-And-The-Church-MOC-108371-4-768x768.jpg 768w, https:\/\/mouldking.store\/wp-content\/uploads\/2022\/12\/Medieval-Taxes-Paid-To-The-Count-And-The-Church-MOC-108371-4-600x600.jpg 600w, https:\/\/mouldking.store\/wp-content\/uploads\/2022\/12\/Medieval-Taxes-Paid-To-The-Count-And-The-Church-MOC-108371-4-150x150.jpg 150w, https:\/\/mouldking.store\/wp-content\/uploads\/2022\/12\/Medieval-Taxes-Paid-To-The-Count-And-The-Church-MOC-108371-4-60x60.jpg 60w, https:\/\/mouldking.store\/wp-content\/uploads\/2022\/12\/Medieval-Taxes-Paid-To-The-Count-And-The-Church-MOC-108371-4-90x90.jpg 90w, https:\/\/mouldking.store\/wp-content\/uploads\/2022\/12\/Medieval-Taxes-Paid-To-The-Count-And-The-Church-MOC-108371-4.jpg 1100w\" sizes=\"(max-width: 1024px) 100vw, 1024px\" \/><figcaption id=\"caption-attachment-38507\" class=\"wp-caption-text\">MOC-108371 Mittelalterliche Steuern an den Grafen und die Kirche mit 1430 St\u00fcck<\/figcaption><\/figure>\n<figure id=\"attachment_38508\" aria-describedby=\"caption-attachment-38508\" style=\"width: 1024px\" class=\"wp-caption aligncenter\"><img loading=\"lazy\" decoding=\"async\" class=\"wp-image-38508 size-large\" src=\"https:\/\/mouldking.store\/wp-content\/uploads\/2022\/12\/Medieval-Taxes-Paid-To-The-Count-And-The-Church-MOC-108371-5-1024x1024.jpg\" alt=\"MOC-108371 Medieval Taxes Paid To The Count And The Church With 1430 Pieces\" width=\"1024\" height=\"1024\" title=\"-\" srcset=\"https:\/\/mouldking.store\/wp-content\/uploads\/2022\/12\/Medieval-Taxes-Paid-To-The-Count-And-The-Church-MOC-108371-5-1024x1024.jpg 1024w, https:\/\/mouldking.store\/wp-content\/uploads\/2022\/12\/Medieval-Taxes-Paid-To-The-Count-And-The-Church-MOC-108371-5-300x300.jpg 300w, https:\/\/mouldking.store\/wp-content\/uploads\/2022\/12\/Medieval-Taxes-Paid-To-The-Count-And-The-Church-MOC-108371-5-768x768.jpg 768w, https:\/\/mouldking.store\/wp-content\/uploads\/2022\/12\/Medieval-Taxes-Paid-To-The-Count-And-The-Church-MOC-108371-5-600x600.jpg 600w, https:\/\/mouldking.store\/wp-content\/uploads\/2022\/12\/Medieval-Taxes-Paid-To-The-Count-And-The-Church-MOC-108371-5-150x150.jpg 150w, https:\/\/mouldking.store\/wp-content\/uploads\/2022\/12\/Medieval-Taxes-Paid-To-The-Count-And-The-Church-MOC-108371-5-60x60.jpg 60w, https:\/\/mouldking.store\/wp-content\/uploads\/2022\/12\/Medieval-Taxes-Paid-To-The-Count-And-The-Church-MOC-108371-5-90x90.jpg 90w, https:\/\/mouldking.store\/wp-content\/uploads\/2022\/12\/Medieval-Taxes-Paid-To-The-Count-And-The-Church-MOC-108371-5.jpg 1100w\" sizes=\"(max-width: 1024px) 100vw, 1024px\" \/><figcaption id=\"caption-attachment-38508\" class=\"wp-caption-text\">MOC-108371 Mittelalterliche Steuern an den Grafen und die Kirche mit 1430 St\u00fcck<\/figcaption><\/figure>\n<figure id=\"attachment_38509\" aria-describedby=\"caption-attachment-38509\" style=\"width: 1100px\" class=\"wp-caption aligncenter\"><img loading=\"lazy\" decoding=\"async\" class=\"wp-image-38509 size-full\" src=\"https:\/\/mouldking.store\/wp-content\/uploads\/2022\/12\/Medieval-Taxes-Paid-To-The-Count-And-The-Church-MOC-1083716.jpg\" alt=\"MOC-108371 Medieval Taxes Paid To The Count And The Church With 1430 Pieces\" width=\"1100\" height=\"1100\" title=\"-\" srcset=\"https:\/\/mouldking.store\/wp-content\/uploads\/2022\/12\/Medieval-Taxes-Paid-To-The-Count-And-The-Church-MOC-1083716.jpg 1100w, https:\/\/mouldking.store\/wp-content\/uploads\/2022\/12\/Medieval-Taxes-Paid-To-The-Count-And-The-Church-MOC-1083716-300x300.jpg 300w, https:\/\/mouldking.store\/wp-content\/uploads\/2022\/12\/Medieval-Taxes-Paid-To-The-Count-And-The-Church-MOC-1083716-1024x1024.jpg 1024w, https:\/\/mouldking.store\/wp-content\/uploads\/2022\/12\/Medieval-Taxes-Paid-To-The-Count-And-The-Church-MOC-1083716-768x768.jpg 768w, https:\/\/mouldking.store\/wp-content\/uploads\/2022\/12\/Medieval-Taxes-Paid-To-The-Count-And-The-Church-MOC-1083716-600x600.jpg 600w, https:\/\/mouldking.store\/wp-content\/uploads\/2022\/12\/Medieval-Taxes-Paid-To-The-Count-And-The-Church-MOC-1083716-150x150.jpg 150w, https:\/\/mouldking.store\/wp-content\/uploads\/2022\/12\/Medieval-Taxes-Paid-To-The-Count-And-The-Church-MOC-1083716-60x60.jpg 60w, https:\/\/mouldking.store\/wp-content\/uploads\/2022\/12\/Medieval-Taxes-Paid-To-The-Count-And-The-Church-MOC-1083716-90x90.jpg 90w\" sizes=\"(max-width: 1100px) 100vw, 1100px\" \/><figcaption id=\"caption-attachment-38509\" class=\"wp-caption-text\">MOC-108371 Mittelalterliche Steuern an den Grafen und die Kirche mit 1430 St\u00fcck<\/figcaption><\/figure>","protected":false},"excerpt":{"rendered":"<p>PDF-Bauanleitung<\/p>\n<p>Ohne Originalverpackung<\/p>\n<p>Zeiteinteilung: 4-8 Wochen<\/p>","protected":false},"featured_media":38503,"comment_status":"closed","ping_status":"closed","template":"","meta":{"_acf_changed":false},"product_cat":[1365,1406],"product_tag":[4977,9899,4996,9900,9903,430,9896,9904,9895,9898,9902,9897,9901],"class_list":["product","first","instock","shipping-taxable","purchasable","product-type-simple"],"acf":[],"_links":{"self":[{"href":"https:\/\/mouldking.store\/de\/wp-json\/wp\/v2\/product\/38502","targetHints":{"allow":["GET"]}}],"collection":[{"href":"https:\/\/mouldking.store\/de\/wp-json\/wp\/v2\/product"}],"about":[{"href":"https:\/\/mouldking.store\/de\/wp-json\/wp\/v2\/types\/product"}],"replies":[{"embeddable":true,"href":"https:\/\/mouldking.store\/de\/wp-json\/wp\/v2\/comments?post=38502"}],"wp:featuredmedia":[{"embeddable":true,"href":"https:\/\/mouldking.store\/de\/wp-json\/wp\/v2\/media\/38503"}],"wp:attachment":[{"href":"https:\/\/mouldking.store\/de\/wp-json\/wp\/v2\/media?parent=38502"}],"wp:term":[{"taxonomy":"product_cat","embeddable":true,"href":"https:\/\/mouldking.store\/de\/wp-json\/wp\/v2\/product_cat?post=38502"},{"taxonomy":"product_tag","embeddable":true,"href":"https:\/\/mouldking.store\/de\/wp-json\/wp\/v2\/product_tag?post=38502"}],"curies":[{"name":"wp","href":"https:\/\/api.w.org\/{rel}","templated":true}]}}