{"id":38558,"date":"2022-12-22T14:35:12","date_gmt":"2022-12-22T07:35:12","guid":{"rendered":"https:\/\/mouldking.store\/?post_type=product&#038;p=38558"},"modified":"2025-12-25T09:11:58","modified_gmt":"2025-12-25T02:11:58","slug":"moc-114616-medieval-mini-guarded-inn-with-769-pieces","status":"publish","type":"product","link":"https:\/\/mouldking.store\/de\/shop\/moc-114616-medieval-mini-guarded-inn-with-769-pieces\/","title":{"rendered":"MOC-114616 Mittelalterliches bewachtes Mini-Gasthaus mit 769 Teilen"},"content":{"rendered":"<ol>\n<li>Marke: MOC<\/li>\n<li>Geschlecht: Unisex<\/li>\n<li>Name: Medieval Mini Guarded Inn<\/li>\n<li>Altersspanne: &gt; 6 Jahre alt<\/li>\n<li>Model Number: 114616<\/li>\n<li>Einstufung: Assemblage<\/li>\n<li>Kunststoffblockform: Selbstsichernde Steine<\/li>\n<li>Material: Kunststoff<\/li>\n<li>Kunststofftyp: ABS<\/li>\n<li>Bricks Blocks:769 PCS<\/li>\n<li>Gewicht: 400 g<\/li>\n<li>Enth\u00e4lt eine ausf\u00fchrliche Montageanleitung.<\/li>\n<\/ol>\n<p>Notiz:<br \/>\n1. Ohne Originalverpackung, aber wir garantieren, dass unsere Produkte eine Qualit\u00e4tssicherung und eine sch\u00f6ne Verpackung haben.<br \/>\n2. Wie alle Teile, die wir vor dem Versand \u00fcberpr\u00fcft haben, machen Sie sich keine Sorgen, wenn Sie feststellen, dass einige Teile fehlen oder besch\u00e4digt sind, und kontaktieren Sie uns einfach, und wir k\u00f6nnen sie Ihnen umgehend kostenlos erneut zusenden.<\/p>\n<figure id=\"attachment_38559\" aria-describedby=\"caption-attachment-38559\" style=\"width: 1004px\" class=\"wp-caption aligncenter\"><img fetchpriority=\"high\" decoding=\"async\" class=\"wp-image-38559 size-full\" src=\"https:\/\/mouldking.store\/wp-content\/uploads\/2022\/12\/MOC-114616-Creator-Medieval-Mini-Guarded-Inn-MOC-FACTORY.png\" alt=\"MOC-114616 Medieval Mini Guarded Inn With 769 Pieces\" width=\"1004\" height=\"1004\" title=\"-\" srcset=\"https:\/\/mouldking.store\/wp-content\/uploads\/2022\/12\/MOC-114616-Creator-Medieval-Mini-Guarded-Inn-MOC-FACTORY.png 1004w, https:\/\/mouldking.store\/wp-content\/uploads\/2022\/12\/MOC-114616-Creator-Medieval-Mini-Guarded-Inn-MOC-FACTORY-300x300.png 300w, https:\/\/mouldking.store\/wp-content\/uploads\/2022\/12\/MOC-114616-Creator-Medieval-Mini-Guarded-Inn-MOC-FACTORY-768x768.png 768w, https:\/\/mouldking.store\/wp-content\/uploads\/2022\/12\/MOC-114616-Creator-Medieval-Mini-Guarded-Inn-MOC-FACTORY-600x600.png 600w, https:\/\/mouldking.store\/wp-content\/uploads\/2022\/12\/MOC-114616-Creator-Medieval-Mini-Guarded-Inn-MOC-FACTORY-150x150.png 150w, https:\/\/mouldking.store\/wp-content\/uploads\/2022\/12\/MOC-114616-Creator-Medieval-Mini-Guarded-Inn-MOC-FACTORY-60x60.png 60w, https:\/\/mouldking.store\/wp-content\/uploads\/2022\/12\/MOC-114616-Creator-Medieval-Mini-Guarded-Inn-MOC-FACTORY-90x90.png 90w\" sizes=\"(max-width: 1004px) 100vw, 1004px\" \/><figcaption id=\"caption-attachment-38559\" class=\"wp-caption-text\">MOC-114616 Mittelalterliches bewachtes Mini-Gasthaus mit 769 Teilen<\/figcaption><\/figure>\n<figure id=\"attachment_38560\" aria-describedby=\"caption-attachment-38560\" style=\"width: 1024px\" class=\"wp-caption aligncenter\"><img decoding=\"async\" class=\"wp-image-38560 size-large\" src=\"https:\/\/mouldking.store\/wp-content\/uploads\/2022\/12\/Medieval-Mini-Guarded-Inn-MOC-114616-1-1024x1024.jpg\" alt=\"MOC-114616 Medieval Mini Guarded Inn With 769 Pieces\" width=\"1024\" height=\"1024\" title=\"-\" srcset=\"https:\/\/mouldking.store\/wp-content\/uploads\/2022\/12\/Medieval-Mini-Guarded-Inn-MOC-114616-1-1024x1024.jpg 1024w, https:\/\/mouldking.store\/wp-content\/uploads\/2022\/12\/Medieval-Mini-Guarded-Inn-MOC-114616-1-300x300.jpg 300w, https:\/\/mouldking.store\/wp-content\/uploads\/2022\/12\/Medieval-Mini-Guarded-Inn-MOC-114616-1-768x768.jpg 768w, https:\/\/mouldking.store\/wp-content\/uploads\/2022\/12\/Medieval-Mini-Guarded-Inn-MOC-114616-1-600x600.jpg 600w, https:\/\/mouldking.store\/wp-content\/uploads\/2022\/12\/Medieval-Mini-Guarded-Inn-MOC-114616-1-150x150.jpg 150w, https:\/\/mouldking.store\/wp-content\/uploads\/2022\/12\/Medieval-Mini-Guarded-Inn-MOC-114616-1-60x60.jpg 60w, https:\/\/mouldking.store\/wp-content\/uploads\/2022\/12\/Medieval-Mini-Guarded-Inn-MOC-114616-1-90x90.jpg 90w, https:\/\/mouldking.store\/wp-content\/uploads\/2022\/12\/Medieval-Mini-Guarded-Inn-MOC-114616-1.jpg 1100w\" sizes=\"(max-width: 1024px) 100vw, 1024px\" \/><figcaption id=\"caption-attachment-38560\" class=\"wp-caption-text\">MOC-114616 Mittelalterliches bewachtes Mini-Gasthaus mit 769 Teilen<\/figcaption><\/figure>\n<figure id=\"attachment_38561\" aria-describedby=\"caption-attachment-38561\" style=\"width: 1024px\" class=\"wp-caption aligncenter\"><img decoding=\"async\" class=\"wp-image-38561 size-large\" src=\"https:\/\/mouldking.store\/wp-content\/uploads\/2022\/12\/Medieval-Mini-Guarded-Inn-MOC-114616-2-1024x1024.jpg\" alt=\"MOC-114616 Medieval Mini Guarded Inn With 769 Pieces\" width=\"1024\" height=\"1024\" title=\"-\" srcset=\"https:\/\/mouldking.store\/wp-content\/uploads\/2022\/12\/Medieval-Mini-Guarded-Inn-MOC-114616-2-1024x1024.jpg 1024w, https:\/\/mouldking.store\/wp-content\/uploads\/2022\/12\/Medieval-Mini-Guarded-Inn-MOC-114616-2-300x300.jpg 300w, https:\/\/mouldking.store\/wp-content\/uploads\/2022\/12\/Medieval-Mini-Guarded-Inn-MOC-114616-2-768x768.jpg 768w, https:\/\/mouldking.store\/wp-content\/uploads\/2022\/12\/Medieval-Mini-Guarded-Inn-MOC-114616-2-600x600.jpg 600w, https:\/\/mouldking.store\/wp-content\/uploads\/2022\/12\/Medieval-Mini-Guarded-Inn-MOC-114616-2-150x150.jpg 150w, https:\/\/mouldking.store\/wp-content\/uploads\/2022\/12\/Medieval-Mini-Guarded-Inn-MOC-114616-2-60x60.jpg 60w, https:\/\/mouldking.store\/wp-content\/uploads\/2022\/12\/Medieval-Mini-Guarded-Inn-MOC-114616-2-90x90.jpg 90w, https:\/\/mouldking.store\/wp-content\/uploads\/2022\/12\/Medieval-Mini-Guarded-Inn-MOC-114616-2.jpg 1100w\" sizes=\"(max-width: 1024px) 100vw, 1024px\" \/><figcaption id=\"caption-attachment-38561\" class=\"wp-caption-text\">MOC-114616 Mittelalterliches bewachtes Mini-Gasthaus mit 769 Teilen<\/figcaption><\/figure>\n<figure id=\"attachment_38562\" aria-describedby=\"caption-attachment-38562\" style=\"width: 1024px\" class=\"wp-caption aligncenter\"><img loading=\"lazy\" decoding=\"async\" class=\"wp-image-38562 size-large\" src=\"https:\/\/mouldking.store\/wp-content\/uploads\/2022\/12\/Medieval-Mini-Guarded-Inn-MOC-114616-3-1024x1024.jpg\" alt=\"MOC-114616 Medieval Mini Guarded Inn With 769 Pieces\" width=\"1024\" height=\"1024\" title=\"-\" srcset=\"https:\/\/mouldking.store\/wp-content\/uploads\/2022\/12\/Medieval-Mini-Guarded-Inn-MOC-114616-3-1024x1024.jpg 1024w, https:\/\/mouldking.store\/wp-content\/uploads\/2022\/12\/Medieval-Mini-Guarded-Inn-MOC-114616-3-300x300.jpg 300w, https:\/\/mouldking.store\/wp-content\/uploads\/2022\/12\/Medieval-Mini-Guarded-Inn-MOC-114616-3-768x768.jpg 768w, https:\/\/mouldking.store\/wp-content\/uploads\/2022\/12\/Medieval-Mini-Guarded-Inn-MOC-114616-3-600x600.jpg 600w, https:\/\/mouldking.store\/wp-content\/uploads\/2022\/12\/Medieval-Mini-Guarded-Inn-MOC-114616-3-150x150.jpg 150w, https:\/\/mouldking.store\/wp-content\/uploads\/2022\/12\/Medieval-Mini-Guarded-Inn-MOC-114616-3-60x60.jpg 60w, https:\/\/mouldking.store\/wp-content\/uploads\/2022\/12\/Medieval-Mini-Guarded-Inn-MOC-114616-3-90x90.jpg 90w, https:\/\/mouldking.store\/wp-content\/uploads\/2022\/12\/Medieval-Mini-Guarded-Inn-MOC-114616-3.jpg 1100w\" sizes=\"(max-width: 1024px) 100vw, 1024px\" \/><figcaption id=\"caption-attachment-38562\" class=\"wp-caption-text\">MOC-114616 Mittelalterliches bewachtes Mini-Gasthaus mit 769 Teilen<\/figcaption><\/figure>\n<figure id=\"attachment_38563\" aria-describedby=\"caption-attachment-38563\" style=\"width: 1024px\" class=\"wp-caption aligncenter\"><img loading=\"lazy\" decoding=\"async\" class=\"wp-image-38563 size-large\" src=\"https:\/\/mouldking.store\/wp-content\/uploads\/2022\/12\/Medieval-Mini-Guarded-Inn-MOC-114616-4-1024x1024.jpg\" alt=\"MOC-114616 Medieval Mini Guarded Inn With 769 Pieces\" width=\"1024\" height=\"1024\" title=\"-\" srcset=\"https:\/\/mouldking.store\/wp-content\/uploads\/2022\/12\/Medieval-Mini-Guarded-Inn-MOC-114616-4-1024x1024.jpg 1024w, https:\/\/mouldking.store\/wp-content\/uploads\/2022\/12\/Medieval-Mini-Guarded-Inn-MOC-114616-4-300x300.jpg 300w, https:\/\/mouldking.store\/wp-content\/uploads\/2022\/12\/Medieval-Mini-Guarded-Inn-MOC-114616-4-768x768.jpg 768w, https:\/\/mouldking.store\/wp-content\/uploads\/2022\/12\/Medieval-Mini-Guarded-Inn-MOC-114616-4-600x600.jpg 600w, https:\/\/mouldking.store\/wp-content\/uploads\/2022\/12\/Medieval-Mini-Guarded-Inn-MOC-114616-4-150x150.jpg 150w, https:\/\/mouldking.store\/wp-content\/uploads\/2022\/12\/Medieval-Mini-Guarded-Inn-MOC-114616-4-60x60.jpg 60w, https:\/\/mouldking.store\/wp-content\/uploads\/2022\/12\/Medieval-Mini-Guarded-Inn-MOC-114616-4-90x90.jpg 90w, https:\/\/mouldking.store\/wp-content\/uploads\/2022\/12\/Medieval-Mini-Guarded-Inn-MOC-114616-4.jpg 1100w\" sizes=\"(max-width: 1024px) 100vw, 1024px\" \/><figcaption id=\"caption-attachment-38563\" class=\"wp-caption-text\">MOC-114616 Mittelalterliches bewachtes Mini-Gasthaus mit 769 Teilen<\/figcaption><\/figure>\n<figure id=\"attachment_38564\" aria-describedby=\"caption-attachment-38564\" style=\"width: 1024px\" class=\"wp-caption aligncenter\"><img loading=\"lazy\" decoding=\"async\" class=\"wp-image-38564 size-large\" src=\"https:\/\/mouldking.store\/wp-content\/uploads\/2022\/12\/Medieval-Mini-Guarded-Inn-MOC-114616-5-1024x1024.jpg\" alt=\"MOC-114616 Medieval Mini Guarded Inn With 769 Pieces\" width=\"1024\" height=\"1024\" title=\"-\" srcset=\"https:\/\/mouldking.store\/wp-content\/uploads\/2022\/12\/Medieval-Mini-Guarded-Inn-MOC-114616-5-1024x1024.jpg 1024w, https:\/\/mouldking.store\/wp-content\/uploads\/2022\/12\/Medieval-Mini-Guarded-Inn-MOC-114616-5-300x300.jpg 300w, https:\/\/mouldking.store\/wp-content\/uploads\/2022\/12\/Medieval-Mini-Guarded-Inn-MOC-114616-5-768x768.jpg 768w, https:\/\/mouldking.store\/wp-content\/uploads\/2022\/12\/Medieval-Mini-Guarded-Inn-MOC-114616-5-600x600.jpg 600w, https:\/\/mouldking.store\/wp-content\/uploads\/2022\/12\/Medieval-Mini-Guarded-Inn-MOC-114616-5-150x150.jpg 150w, https:\/\/mouldking.store\/wp-content\/uploads\/2022\/12\/Medieval-Mini-Guarded-Inn-MOC-114616-5-60x60.jpg 60w, https:\/\/mouldking.store\/wp-content\/uploads\/2022\/12\/Medieval-Mini-Guarded-Inn-MOC-114616-5-90x90.jpg 90w, https:\/\/mouldking.store\/wp-content\/uploads\/2022\/12\/Medieval-Mini-Guarded-Inn-MOC-114616-5.jpg 1100w\" sizes=\"(max-width: 1024px) 100vw, 1024px\" \/><figcaption id=\"caption-attachment-38564\" class=\"wp-caption-text\">MOC-114616 Mittelalterliches bewachtes Mini-Gasthaus mit 769 Teilen<\/figcaption><\/figure>","protected":false},"excerpt":{"rendered":"<p>PDF-Bauanleitung<\/p>\n<p>Ohne Originalverpackung<\/p>\n<p>Zeiteinteilung: 4-8 Wochen<\/p>","protected":false},"featured_media":38559,"comment_status":"closed","ping_status":"closed","template":"","meta":{"_acf_changed":false},"product_cat":[1365,1395],"product_tag":[9962,9963,9258,4996,9964,479,430,9961,9965,9960],"class_list":["product","first","instock","shipping-taxable","purchasable","product-type-simple"],"acf":[],"_links":{"self":[{"href":"https:\/\/mouldking.store\/de\/wp-json\/wp\/v2\/product\/38558","targetHints":{"allow":["GET"]}}],"collection":[{"href":"https:\/\/mouldking.store\/de\/wp-json\/wp\/v2\/product"}],"about":[{"href":"https:\/\/mouldking.store\/de\/wp-json\/wp\/v2\/types\/product"}],"replies":[{"embeddable":true,"href":"https:\/\/mouldking.store\/de\/wp-json\/wp\/v2\/comments?post=38558"}],"wp:featuredmedia":[{"embeddable":true,"href":"https:\/\/mouldking.store\/de\/wp-json\/wp\/v2\/media\/38559"}],"wp:attachment":[{"href":"https:\/\/mouldking.store\/de\/wp-json\/wp\/v2\/media?parent=38558"}],"wp:term":[{"taxonomy":"product_cat","embeddable":true,"href":"https:\/\/mouldking.store\/de\/wp-json\/wp\/v2\/product_cat?post=38558"},{"taxonomy":"product_tag","embeddable":true,"href":"https:\/\/mouldking.store\/de\/wp-json\/wp\/v2\/product_tag?post=38558"}],"curies":[{"name":"wp","href":"https:\/\/api.w.org\/{rel}","templated":true}]}}