{"id":38613,"date":"2022-12-22T17:39:26","date_gmt":"2022-12-22T10:39:26","guid":{"rendered":"https:\/\/mouldking.store\/?post_type=product&#038;p=38613"},"modified":"2025-12-25T09:11:58","modified_gmt":"2025-12-25T02:11:58","slug":"moc-112151-spice-wolf-nyohhira-village-with-2859-pieces","status":"publish","type":"product","link":"https:\/\/mouldking.store\/de\/shop\/moc-112151-spice-wolf-nyohhira-village-with-2859-pieces\/","title":{"rendered":"MOC-112151 Spice &amp; Wolf: Nyohhira Village mit 2859 Teilen"},"content":{"rendered":"<ol>\n<li>Marke: MOC<\/li>\n<li>Geschlecht: Unisex<\/li>\n<li>Name: Spice &amp; Wolf: Nyohhira Village<\/li>\n<li>Altersspanne: &gt; 6 Jahre alt<\/li>\n<li>Model Number: 112151<\/li>\n<li>Einstufung: Assemblage<\/li>\n<li>Kunststoffblockform: Selbstsichernde Steine<\/li>\n<li>Material: Kunststoff<\/li>\n<li>Kunststofftyp: ABS<\/li>\n<li>Bricks Blocks:2600gPCS<\/li>\n<li>Gewicht: 1000 g<\/li>\n<li>Enth\u00e4lt eine ausf\u00fchrliche Montageanleitung.<\/li>\n<\/ol>\n<p>Notiz:<br \/>\n1. Ohne Originalverpackung, aber wir garantieren, dass unsere Produkte eine Qualit\u00e4tssicherung und eine sch\u00f6ne Verpackung haben.<br \/>\n2. Wie alle Teile, die wir vor dem Versand \u00fcberpr\u00fcft haben, machen Sie sich keine Sorgen, wenn Sie feststellen, dass einige Teile fehlen oder besch\u00e4digt sind, und kontaktieren Sie uns einfach, und wir k\u00f6nnen sie Ihnen umgehend kostenlos erneut zusenden.<\/p>\n<figure id=\"attachment_38614\" aria-describedby=\"caption-attachment-38614\" style=\"width: 1004px\" class=\"wp-caption aligncenter\"><img fetchpriority=\"high\" decoding=\"async\" class=\"wp-image-38614 size-full\" src=\"https:\/\/mouldking.store\/wp-content\/uploads\/2022\/12\/MOC-112151-Creator-Spice-Wolf-Nyohhira-Village-MOC-FACTORY.png\" alt=\"MOC-112151 Spice &amp; Wolf: Nyohhira Village With 2859 Pieces\" width=\"1004\" height=\"1004\" title=\"-\" srcset=\"https:\/\/mouldking.store\/wp-content\/uploads\/2022\/12\/MOC-112151-Creator-Spice-Wolf-Nyohhira-Village-MOC-FACTORY.png 1004w, https:\/\/mouldking.store\/wp-content\/uploads\/2022\/12\/MOC-112151-Creator-Spice-Wolf-Nyohhira-Village-MOC-FACTORY-300x300.png 300w, https:\/\/mouldking.store\/wp-content\/uploads\/2022\/12\/MOC-112151-Creator-Spice-Wolf-Nyohhira-Village-MOC-FACTORY-768x768.png 768w, https:\/\/mouldking.store\/wp-content\/uploads\/2022\/12\/MOC-112151-Creator-Spice-Wolf-Nyohhira-Village-MOC-FACTORY-600x600.png 600w, https:\/\/mouldking.store\/wp-content\/uploads\/2022\/12\/MOC-112151-Creator-Spice-Wolf-Nyohhira-Village-MOC-FACTORY-150x150.png 150w, https:\/\/mouldking.store\/wp-content\/uploads\/2022\/12\/MOC-112151-Creator-Spice-Wolf-Nyohhira-Village-MOC-FACTORY-60x60.png 60w, https:\/\/mouldking.store\/wp-content\/uploads\/2022\/12\/MOC-112151-Creator-Spice-Wolf-Nyohhira-Village-MOC-FACTORY-90x90.png 90w\" sizes=\"(max-width: 1004px) 100vw, 1004px\" \/><figcaption id=\"caption-attachment-38614\" class=\"wp-caption-text\">MOC-112151 Spice &amp; Wolf: Nyohhira Village mit 2859 Teilen<\/figcaption><\/figure>\n<figure id=\"attachment_38615\" aria-describedby=\"caption-attachment-38615\" style=\"width: 1024px\" class=\"wp-caption aligncenter\"><img decoding=\"async\" class=\"wp-image-38615 size-large\" src=\"https:\/\/mouldking.store\/wp-content\/uploads\/2022\/12\/Spice-Wolf-Nyohhira-Village-MOC-112151-1-1024x1024.jpg\" alt=\"MOC-112151 Spice &amp; Wolf: Nyohhira Village With 2859 Pieces\" width=\"1024\" height=\"1024\" title=\"-\" srcset=\"https:\/\/mouldking.store\/wp-content\/uploads\/2022\/12\/Spice-Wolf-Nyohhira-Village-MOC-112151-1-1024x1024.jpg 1024w, https:\/\/mouldking.store\/wp-content\/uploads\/2022\/12\/Spice-Wolf-Nyohhira-Village-MOC-112151-1-300x300.jpg 300w, https:\/\/mouldking.store\/wp-content\/uploads\/2022\/12\/Spice-Wolf-Nyohhira-Village-MOC-112151-1-768x768.jpg 768w, https:\/\/mouldking.store\/wp-content\/uploads\/2022\/12\/Spice-Wolf-Nyohhira-Village-MOC-112151-1-600x600.jpg 600w, https:\/\/mouldking.store\/wp-content\/uploads\/2022\/12\/Spice-Wolf-Nyohhira-Village-MOC-112151-1-150x150.jpg 150w, https:\/\/mouldking.store\/wp-content\/uploads\/2022\/12\/Spice-Wolf-Nyohhira-Village-MOC-112151-1-60x60.jpg 60w, https:\/\/mouldking.store\/wp-content\/uploads\/2022\/12\/Spice-Wolf-Nyohhira-Village-MOC-112151-1-90x90.jpg 90w, https:\/\/mouldking.store\/wp-content\/uploads\/2022\/12\/Spice-Wolf-Nyohhira-Village-MOC-112151-1.jpg 1100w\" sizes=\"(max-width: 1024px) 100vw, 1024px\" \/><figcaption id=\"caption-attachment-38615\" class=\"wp-caption-text\">MOC-112151 Spice &amp; Wolf: Nyohhira Village mit 2859 Teilen<\/figcaption><\/figure>\n<figure id=\"attachment_38616\" aria-describedby=\"caption-attachment-38616\" style=\"width: 1024px\" class=\"wp-caption aligncenter\"><img decoding=\"async\" class=\"wp-image-38616 size-large\" src=\"https:\/\/mouldking.store\/wp-content\/uploads\/2022\/12\/Spice-Wolf-Nyohhira-Village-MOC-112151-2-1024x1024.jpg\" alt=\"MOC-112151 Spice &amp; Wolf: Nyohhira Village With 2859 Pieces\" width=\"1024\" height=\"1024\" title=\"-\" srcset=\"https:\/\/mouldking.store\/wp-content\/uploads\/2022\/12\/Spice-Wolf-Nyohhira-Village-MOC-112151-2-1024x1024.jpg 1024w, https:\/\/mouldking.store\/wp-content\/uploads\/2022\/12\/Spice-Wolf-Nyohhira-Village-MOC-112151-2-300x300.jpg 300w, https:\/\/mouldking.store\/wp-content\/uploads\/2022\/12\/Spice-Wolf-Nyohhira-Village-MOC-112151-2-768x768.jpg 768w, https:\/\/mouldking.store\/wp-content\/uploads\/2022\/12\/Spice-Wolf-Nyohhira-Village-MOC-112151-2-600x600.jpg 600w, https:\/\/mouldking.store\/wp-content\/uploads\/2022\/12\/Spice-Wolf-Nyohhira-Village-MOC-112151-2-150x150.jpg 150w, https:\/\/mouldking.store\/wp-content\/uploads\/2022\/12\/Spice-Wolf-Nyohhira-Village-MOC-112151-2-60x60.jpg 60w, https:\/\/mouldking.store\/wp-content\/uploads\/2022\/12\/Spice-Wolf-Nyohhira-Village-MOC-112151-2-90x90.jpg 90w, https:\/\/mouldking.store\/wp-content\/uploads\/2022\/12\/Spice-Wolf-Nyohhira-Village-MOC-112151-2.jpg 1100w\" sizes=\"(max-width: 1024px) 100vw, 1024px\" \/><figcaption id=\"caption-attachment-38616\" class=\"wp-caption-text\">MOC-112151 Spice &amp; Wolf: Nyohhira Village mit 2859 Teilen<\/figcaption><\/figure>\n<figure id=\"attachment_38617\" aria-describedby=\"caption-attachment-38617\" style=\"width: 1024px\" class=\"wp-caption aligncenter\"><img loading=\"lazy\" decoding=\"async\" class=\"wp-image-38617 size-large\" src=\"https:\/\/mouldking.store\/wp-content\/uploads\/2022\/12\/Spice-Wolf-Nyohhira-Village-MOC-112151-3-1024x1024.jpg\" alt=\"MOC-112151 Spice &amp; Wolf: Nyohhira Village With 2859 Pieces\" width=\"1024\" height=\"1024\" title=\"-\" srcset=\"https:\/\/mouldking.store\/wp-content\/uploads\/2022\/12\/Spice-Wolf-Nyohhira-Village-MOC-112151-3-1024x1024.jpg 1024w, https:\/\/mouldking.store\/wp-content\/uploads\/2022\/12\/Spice-Wolf-Nyohhira-Village-MOC-112151-3-300x300.jpg 300w, https:\/\/mouldking.store\/wp-content\/uploads\/2022\/12\/Spice-Wolf-Nyohhira-Village-MOC-112151-3-768x768.jpg 768w, https:\/\/mouldking.store\/wp-content\/uploads\/2022\/12\/Spice-Wolf-Nyohhira-Village-MOC-112151-3-600x600.jpg 600w, https:\/\/mouldking.store\/wp-content\/uploads\/2022\/12\/Spice-Wolf-Nyohhira-Village-MOC-112151-3-150x150.jpg 150w, https:\/\/mouldking.store\/wp-content\/uploads\/2022\/12\/Spice-Wolf-Nyohhira-Village-MOC-112151-3-60x60.jpg 60w, https:\/\/mouldking.store\/wp-content\/uploads\/2022\/12\/Spice-Wolf-Nyohhira-Village-MOC-112151-3-90x90.jpg 90w, https:\/\/mouldking.store\/wp-content\/uploads\/2022\/12\/Spice-Wolf-Nyohhira-Village-MOC-112151-3.jpg 1100w\" sizes=\"(max-width: 1024px) 100vw, 1024px\" \/><figcaption id=\"caption-attachment-38617\" class=\"wp-caption-text\">MOC-112151 Spice &amp; Wolf: Nyohhira Village mit 2859 Teilen<\/figcaption><\/figure>\n<figure id=\"attachment_38618\" aria-describedby=\"caption-attachment-38618\" style=\"width: 1024px\" class=\"wp-caption aligncenter\"><img loading=\"lazy\" decoding=\"async\" class=\"wp-image-38618 size-large\" src=\"https:\/\/mouldking.store\/wp-content\/uploads\/2022\/12\/Spice-Wolf-Nyohhira-Village-MOC-112151-4-1024x1024.jpg\" alt=\"MOC-112151 Spice &amp; Wolf: Nyohhira Village With 2859 Pieces\" width=\"1024\" height=\"1024\" title=\"-\" srcset=\"https:\/\/mouldking.store\/wp-content\/uploads\/2022\/12\/Spice-Wolf-Nyohhira-Village-MOC-112151-4-1024x1024.jpg 1024w, https:\/\/mouldking.store\/wp-content\/uploads\/2022\/12\/Spice-Wolf-Nyohhira-Village-MOC-112151-4-300x300.jpg 300w, https:\/\/mouldking.store\/wp-content\/uploads\/2022\/12\/Spice-Wolf-Nyohhira-Village-MOC-112151-4-768x768.jpg 768w, https:\/\/mouldking.store\/wp-content\/uploads\/2022\/12\/Spice-Wolf-Nyohhira-Village-MOC-112151-4-600x600.jpg 600w, https:\/\/mouldking.store\/wp-content\/uploads\/2022\/12\/Spice-Wolf-Nyohhira-Village-MOC-112151-4-150x150.jpg 150w, https:\/\/mouldking.store\/wp-content\/uploads\/2022\/12\/Spice-Wolf-Nyohhira-Village-MOC-112151-4-60x60.jpg 60w, https:\/\/mouldking.store\/wp-content\/uploads\/2022\/12\/Spice-Wolf-Nyohhira-Village-MOC-112151-4-90x90.jpg 90w, https:\/\/mouldking.store\/wp-content\/uploads\/2022\/12\/Spice-Wolf-Nyohhira-Village-MOC-112151-4.jpg 1100w\" sizes=\"(max-width: 1024px) 100vw, 1024px\" \/><figcaption id=\"caption-attachment-38618\" class=\"wp-caption-text\">MOC-112151 Spice &amp; Wolf: Nyohhira Village mit 2859 Teilen<\/figcaption><\/figure>\n<figure id=\"attachment_38619\" aria-describedby=\"caption-attachment-38619\" style=\"width: 1024px\" class=\"wp-caption aligncenter\"><img loading=\"lazy\" decoding=\"async\" class=\"wp-image-38619 size-large\" src=\"https:\/\/mouldking.store\/wp-content\/uploads\/2022\/12\/Spice-Wolf-Nyohhira-Village-MOC-112151-5-1024x1024.jpg\" alt=\"MOC-112151 Spice &amp; Wolf: Nyohhira Village With 2859 Pieces\" width=\"1024\" height=\"1024\" title=\"-\" srcset=\"https:\/\/mouldking.store\/wp-content\/uploads\/2022\/12\/Spice-Wolf-Nyohhira-Village-MOC-112151-5-1024x1024.jpg 1024w, https:\/\/mouldking.store\/wp-content\/uploads\/2022\/12\/Spice-Wolf-Nyohhira-Village-MOC-112151-5-300x300.jpg 300w, https:\/\/mouldking.store\/wp-content\/uploads\/2022\/12\/Spice-Wolf-Nyohhira-Village-MOC-112151-5-768x768.jpg 768w, https:\/\/mouldking.store\/wp-content\/uploads\/2022\/12\/Spice-Wolf-Nyohhira-Village-MOC-112151-5-600x600.jpg 600w, https:\/\/mouldking.store\/wp-content\/uploads\/2022\/12\/Spice-Wolf-Nyohhira-Village-MOC-112151-5-150x150.jpg 150w, https:\/\/mouldking.store\/wp-content\/uploads\/2022\/12\/Spice-Wolf-Nyohhira-Village-MOC-112151-5-60x60.jpg 60w, https:\/\/mouldking.store\/wp-content\/uploads\/2022\/12\/Spice-Wolf-Nyohhira-Village-MOC-112151-5-90x90.jpg 90w, https:\/\/mouldking.store\/wp-content\/uploads\/2022\/12\/Spice-Wolf-Nyohhira-Village-MOC-112151-5.jpg 1100w\" sizes=\"(max-width: 1024px) 100vw, 1024px\" \/><figcaption id=\"caption-attachment-38619\" class=\"wp-caption-text\">MOC-112151 Spice &amp; Wolf: Nyohhira Village mit 2859 Teilen<\/figcaption><\/figure>\n<figure id=\"attachment_38620\" aria-describedby=\"caption-attachment-38620\" style=\"width: 1024px\" class=\"wp-caption aligncenter\"><img loading=\"lazy\" decoding=\"async\" class=\"wp-image-38620 size-large\" src=\"https:\/\/mouldking.store\/wp-content\/uploads\/2022\/12\/Spice-Wolf-Nyohhira-Village-MOC-112151-6-1024x1024.jpg\" alt=\"MOC-112151 Spice &amp; Wolf: Nyohhira Village With 2859 Pieces\" width=\"1024\" height=\"1024\" title=\"-\" srcset=\"https:\/\/mouldking.store\/wp-content\/uploads\/2022\/12\/Spice-Wolf-Nyohhira-Village-MOC-112151-6-1024x1024.jpg 1024w, https:\/\/mouldking.store\/wp-content\/uploads\/2022\/12\/Spice-Wolf-Nyohhira-Village-MOC-112151-6-300x300.jpg 300w, https:\/\/mouldking.store\/wp-content\/uploads\/2022\/12\/Spice-Wolf-Nyohhira-Village-MOC-112151-6-768x768.jpg 768w, https:\/\/mouldking.store\/wp-content\/uploads\/2022\/12\/Spice-Wolf-Nyohhira-Village-MOC-112151-6-600x600.jpg 600w, https:\/\/mouldking.store\/wp-content\/uploads\/2022\/12\/Spice-Wolf-Nyohhira-Village-MOC-112151-6-150x150.jpg 150w, https:\/\/mouldking.store\/wp-content\/uploads\/2022\/12\/Spice-Wolf-Nyohhira-Village-MOC-112151-6-60x60.jpg 60w, https:\/\/mouldking.store\/wp-content\/uploads\/2022\/12\/Spice-Wolf-Nyohhira-Village-MOC-112151-6-90x90.jpg 90w, https:\/\/mouldking.store\/wp-content\/uploads\/2022\/12\/Spice-Wolf-Nyohhira-Village-MOC-112151-6.jpg 1100w\" sizes=\"(max-width: 1024px) 100vw, 1024px\" \/><figcaption id=\"caption-attachment-38620\" class=\"wp-caption-text\">MOC-112151 Spice &amp; Wolf: Nyohhira Village mit 2859 Teilen<\/figcaption><\/figure>","protected":false},"excerpt":{"rendered":"<p>PDF-Bauanleitung<\/p>\n<p>Ohne Originalverpackung<\/p>\n<p>Zeiteinteilung: 4-8 Wochen<\/p>","protected":false},"featured_media":38614,"comment_status":"closed","ping_status":"closed","template":"","meta":{"_acf_changed":false},"product_cat":[1365,1395,1406],"product_tag":[430,10008,10015,10007,10012,10013,10009,10011,10014,6373,10010],"class_list":["product","first","instock","shipping-taxable","purchasable","product-type-simple"],"acf":[],"_links":{"self":[{"href":"https:\/\/mouldking.store\/de\/wp-json\/wp\/v2\/product\/38613","targetHints":{"allow":["GET"]}}],"collection":[{"href":"https:\/\/mouldking.store\/de\/wp-json\/wp\/v2\/product"}],"about":[{"href":"https:\/\/mouldking.store\/de\/wp-json\/wp\/v2\/types\/product"}],"replies":[{"embeddable":true,"href":"https:\/\/mouldking.store\/de\/wp-json\/wp\/v2\/comments?post=38613"}],"wp:featuredmedia":[{"embeddable":true,"href":"https:\/\/mouldking.store\/de\/wp-json\/wp\/v2\/media\/38614"}],"wp:attachment":[{"href":"https:\/\/mouldking.store\/de\/wp-json\/wp\/v2\/media?parent=38613"}],"wp:term":[{"taxonomy":"product_cat","embeddable":true,"href":"https:\/\/mouldking.store\/de\/wp-json\/wp\/v2\/product_cat?post=38613"},{"taxonomy":"product_tag","embeddable":true,"href":"https:\/\/mouldking.store\/de\/wp-json\/wp\/v2\/product_tag?post=38613"}],"curies":[{"name":"wp","href":"https:\/\/api.w.org\/{rel}","templated":true}]}}