{"id":38622,"date":"2022-12-22T17:46:29","date_gmt":"2022-12-22T10:46:29","guid":{"rendered":"https:\/\/mouldking.store\/?post_type=product&#038;p=38622"},"modified":"2025-12-25T09:11:58","modified_gmt":"2025-12-25T02:11:58","slug":"moc-114363-sonic-3-knuckles-sky-sanctuary-zone-with-487-pieces","status":"publish","type":"product","link":"https:\/\/mouldking.store\/de\/shop\/moc-114363-sonic-3-knuckles-sky-sanctuary-zone-with-487-pieces\/","title":{"rendered":"MOC-114363 Sonic 3 &amp; Knuckles \u2013 Sky Sanctuary Zone mit 487 Teilen"},"content":{"rendered":"<ol>\n<li>Marke: MOC<\/li>\n<li>Geschlecht: Unisex<\/li>\n<li>Name: Sonic 3 &amp; Knuckles \u2013 Sky Sanctuary Zone<\/li>\n<li>Altersspanne: &gt; 6 Jahre alt<\/li>\n<li>Modellnummer: 114363<\/li>\n<li>Einstufung: Assemblage<\/li>\n<li>Kunststoffblockform: Selbstsichernde Steine<\/li>\n<li>Material: Kunststoff<\/li>\n<li>Kunststofftyp: ABS<\/li>\n<li>Ziegelsteine: 487 ST\u00dcCKE<\/li>\n<li>Gewicht: 400 g<\/li>\n<li>Enth\u00e4lt eine ausf\u00fchrliche Montageanleitung.<\/li>\n<\/ol>\n<p>Notiz:<br \/>\n1. Ohne Originalverpackung, aber wir garantieren, dass unsere Produkte eine Qualit\u00e4tssicherung und eine sch\u00f6ne Verpackung haben.<br \/>\n2. Wie alle Teile, die wir vor dem Versand \u00fcberpr\u00fcft haben, machen Sie sich keine Sorgen, wenn Sie feststellen, dass einige Teile fehlen oder besch\u00e4digt sind, und kontaktieren Sie uns einfach, und wir k\u00f6nnen sie Ihnen umgehend kostenlos erneut zusenden.<\/p>\n<figure id=\"attachment_38623\" aria-describedby=\"caption-attachment-38623\" style=\"width: 1004px\" class=\"wp-caption aligncenter\"><img fetchpriority=\"high\" decoding=\"async\" class=\"wp-image-38623 size-full\" src=\"https:\/\/mouldking.store\/wp-content\/uploads\/2022\/12\/MOC-114363-Creator-Sonic-3-Knuckles-\u2013-Sky-Sanctuary-Zone-MOC-FACTORY.png\" alt=\"MOC-114363 Sonic 3 &amp; Knuckles \u2013 Sky Sanctuary Zone With 487 Pieces\" width=\"1004\" height=\"1004\" title=\"-\" srcset=\"https:\/\/mouldking.store\/wp-content\/uploads\/2022\/12\/MOC-114363-Creator-Sonic-3-Knuckles-\u2013-Sky-Sanctuary-Zone-MOC-FACTORY.png 1004w, https:\/\/mouldking.store\/wp-content\/uploads\/2022\/12\/MOC-114363-Creator-Sonic-3-Knuckles-\u2013-Sky-Sanctuary-Zone-MOC-FACTORY-300x300.png 300w, https:\/\/mouldking.store\/wp-content\/uploads\/2022\/12\/MOC-114363-Creator-Sonic-3-Knuckles-\u2013-Sky-Sanctuary-Zone-MOC-FACTORY-768x768.png 768w, https:\/\/mouldking.store\/wp-content\/uploads\/2022\/12\/MOC-114363-Creator-Sonic-3-Knuckles-\u2013-Sky-Sanctuary-Zone-MOC-FACTORY-600x600.png 600w, https:\/\/mouldking.store\/wp-content\/uploads\/2022\/12\/MOC-114363-Creator-Sonic-3-Knuckles-\u2013-Sky-Sanctuary-Zone-MOC-FACTORY-150x150.png 150w, https:\/\/mouldking.store\/wp-content\/uploads\/2022\/12\/MOC-114363-Creator-Sonic-3-Knuckles-\u2013-Sky-Sanctuary-Zone-MOC-FACTORY-60x60.png 60w, https:\/\/mouldking.store\/wp-content\/uploads\/2022\/12\/MOC-114363-Creator-Sonic-3-Knuckles-\u2013-Sky-Sanctuary-Zone-MOC-FACTORY-90x90.png 90w\" sizes=\"(max-width: 1004px) 100vw, 1004px\" \/><figcaption id=\"caption-attachment-38623\" class=\"wp-caption-text\">MOC-114363 Sonic 3 &amp; Knuckles \u2013 Sky Sanctuary Zone mit 487 Teilen<\/figcaption><\/figure>\n<figure id=\"attachment_38624\" aria-describedby=\"caption-attachment-38624\" style=\"width: 1024px\" class=\"wp-caption aligncenter\"><img decoding=\"async\" class=\"wp-image-38624 size-large\" src=\"https:\/\/mouldking.store\/wp-content\/uploads\/2022\/12\/Sonic-3-Knuckles-Sky-Sanctuary-Zone-MOC-114363-1-1024x1024.jpg\" alt=\"MOC-114363 Sonic 3 &amp; Knuckles \u2013 Sky Sanctuary Zone With 487 Pieces\" width=\"1024\" height=\"1024\" title=\"-\" srcset=\"https:\/\/mouldking.store\/wp-content\/uploads\/2022\/12\/Sonic-3-Knuckles-Sky-Sanctuary-Zone-MOC-114363-1-1024x1024.jpg 1024w, https:\/\/mouldking.store\/wp-content\/uploads\/2022\/12\/Sonic-3-Knuckles-Sky-Sanctuary-Zone-MOC-114363-1-300x300.jpg 300w, https:\/\/mouldking.store\/wp-content\/uploads\/2022\/12\/Sonic-3-Knuckles-Sky-Sanctuary-Zone-MOC-114363-1-768x768.jpg 768w, https:\/\/mouldking.store\/wp-content\/uploads\/2022\/12\/Sonic-3-Knuckles-Sky-Sanctuary-Zone-MOC-114363-1-600x600.jpg 600w, https:\/\/mouldking.store\/wp-content\/uploads\/2022\/12\/Sonic-3-Knuckles-Sky-Sanctuary-Zone-MOC-114363-1-150x150.jpg 150w, https:\/\/mouldking.store\/wp-content\/uploads\/2022\/12\/Sonic-3-Knuckles-Sky-Sanctuary-Zone-MOC-114363-1-60x60.jpg 60w, https:\/\/mouldking.store\/wp-content\/uploads\/2022\/12\/Sonic-3-Knuckles-Sky-Sanctuary-Zone-MOC-114363-1-90x90.jpg 90w, https:\/\/mouldking.store\/wp-content\/uploads\/2022\/12\/Sonic-3-Knuckles-Sky-Sanctuary-Zone-MOC-114363-1.jpg 1100w\" sizes=\"(max-width: 1024px) 100vw, 1024px\" \/><figcaption id=\"caption-attachment-38624\" class=\"wp-caption-text\">MOC-114363 Sonic 3 &amp; Knuckles \u2013 Sky Sanctuary Zone mit 487 Teilen<\/figcaption><\/figure>\n<figure id=\"attachment_38625\" aria-describedby=\"caption-attachment-38625\" style=\"width: 1024px\" class=\"wp-caption aligncenter\"><img decoding=\"async\" class=\"wp-image-38625 size-large\" src=\"https:\/\/mouldking.store\/wp-content\/uploads\/2022\/12\/Sonic-3-Knuckles-Sky-Sanctuary-Zone-MOC-114363-2-1024x1024.jpg\" alt=\"MOC-114363 Sonic 3 &amp; Knuckles \u2013 Sky Sanctuary Zone With 487 Pieces\" width=\"1024\" height=\"1024\" title=\"-\" srcset=\"https:\/\/mouldking.store\/wp-content\/uploads\/2022\/12\/Sonic-3-Knuckles-Sky-Sanctuary-Zone-MOC-114363-2-1024x1024.jpg 1024w, https:\/\/mouldking.store\/wp-content\/uploads\/2022\/12\/Sonic-3-Knuckles-Sky-Sanctuary-Zone-MOC-114363-2-300x300.jpg 300w, https:\/\/mouldking.store\/wp-content\/uploads\/2022\/12\/Sonic-3-Knuckles-Sky-Sanctuary-Zone-MOC-114363-2-768x768.jpg 768w, https:\/\/mouldking.store\/wp-content\/uploads\/2022\/12\/Sonic-3-Knuckles-Sky-Sanctuary-Zone-MOC-114363-2-600x600.jpg 600w, https:\/\/mouldking.store\/wp-content\/uploads\/2022\/12\/Sonic-3-Knuckles-Sky-Sanctuary-Zone-MOC-114363-2-150x150.jpg 150w, https:\/\/mouldking.store\/wp-content\/uploads\/2022\/12\/Sonic-3-Knuckles-Sky-Sanctuary-Zone-MOC-114363-2-60x60.jpg 60w, https:\/\/mouldking.store\/wp-content\/uploads\/2022\/12\/Sonic-3-Knuckles-Sky-Sanctuary-Zone-MOC-114363-2-90x90.jpg 90w, https:\/\/mouldking.store\/wp-content\/uploads\/2022\/12\/Sonic-3-Knuckles-Sky-Sanctuary-Zone-MOC-114363-2.jpg 1100w\" sizes=\"(max-width: 1024px) 100vw, 1024px\" \/><figcaption id=\"caption-attachment-38625\" class=\"wp-caption-text\">MOC-114363 Sonic 3 &amp; Knuckles \u2013 Sky Sanctuary Zone mit 487 Teilen<\/figcaption><\/figure>\n<figure id=\"attachment_38626\" aria-describedby=\"caption-attachment-38626\" style=\"width: 1024px\" class=\"wp-caption aligncenter\"><img loading=\"lazy\" decoding=\"async\" class=\"wp-image-38626 size-large\" src=\"https:\/\/mouldking.store\/wp-content\/uploads\/2022\/12\/Sonic-3-Knuckles-Sky-Sanctuary-Zone-MOC-114363-3-1024x1024.jpg\" alt=\"MOC-114363 Sonic 3 &amp; Knuckles \u2013 Sky Sanctuary Zone With 487 Pieces\" width=\"1024\" height=\"1024\" title=\"-\" srcset=\"https:\/\/mouldking.store\/wp-content\/uploads\/2022\/12\/Sonic-3-Knuckles-Sky-Sanctuary-Zone-MOC-114363-3-1024x1024.jpg 1024w, https:\/\/mouldking.store\/wp-content\/uploads\/2022\/12\/Sonic-3-Knuckles-Sky-Sanctuary-Zone-MOC-114363-3-300x300.jpg 300w, https:\/\/mouldking.store\/wp-content\/uploads\/2022\/12\/Sonic-3-Knuckles-Sky-Sanctuary-Zone-MOC-114363-3-768x768.jpg 768w, https:\/\/mouldking.store\/wp-content\/uploads\/2022\/12\/Sonic-3-Knuckles-Sky-Sanctuary-Zone-MOC-114363-3-600x600.jpg 600w, https:\/\/mouldking.store\/wp-content\/uploads\/2022\/12\/Sonic-3-Knuckles-Sky-Sanctuary-Zone-MOC-114363-3-150x150.jpg 150w, https:\/\/mouldking.store\/wp-content\/uploads\/2022\/12\/Sonic-3-Knuckles-Sky-Sanctuary-Zone-MOC-114363-3-60x60.jpg 60w, https:\/\/mouldking.store\/wp-content\/uploads\/2022\/12\/Sonic-3-Knuckles-Sky-Sanctuary-Zone-MOC-114363-3-90x90.jpg 90w, https:\/\/mouldking.store\/wp-content\/uploads\/2022\/12\/Sonic-3-Knuckles-Sky-Sanctuary-Zone-MOC-114363-3.jpg 1100w\" sizes=\"(max-width: 1024px) 100vw, 1024px\" \/><figcaption id=\"caption-attachment-38626\" class=\"wp-caption-text\">MOC-114363 Sonic 3 &amp; Knuckles \u2013 Sky Sanctuary Zone mit 487 Teilen<\/figcaption><\/figure>\n<figure id=\"attachment_38627\" aria-describedby=\"caption-attachment-38627\" style=\"width: 1024px\" class=\"wp-caption aligncenter\"><img loading=\"lazy\" decoding=\"async\" class=\"wp-image-38627 size-large\" src=\"https:\/\/mouldking.store\/wp-content\/uploads\/2022\/12\/Sonic-3-Knuckles-Sky-Sanctuary-Zone-MOC-114363-4-1024x1024.jpg\" alt=\"MOC-114363 Sonic 3 &amp; Knuckles \u2013 Sky Sanctuary Zone With 487 Pieces\" width=\"1024\" height=\"1024\" title=\"-\" srcset=\"https:\/\/mouldking.store\/wp-content\/uploads\/2022\/12\/Sonic-3-Knuckles-Sky-Sanctuary-Zone-MOC-114363-4-1024x1024.jpg 1024w, https:\/\/mouldking.store\/wp-content\/uploads\/2022\/12\/Sonic-3-Knuckles-Sky-Sanctuary-Zone-MOC-114363-4-300x300.jpg 300w, https:\/\/mouldking.store\/wp-content\/uploads\/2022\/12\/Sonic-3-Knuckles-Sky-Sanctuary-Zone-MOC-114363-4-768x768.jpg 768w, https:\/\/mouldking.store\/wp-content\/uploads\/2022\/12\/Sonic-3-Knuckles-Sky-Sanctuary-Zone-MOC-114363-4-600x600.jpg 600w, https:\/\/mouldking.store\/wp-content\/uploads\/2022\/12\/Sonic-3-Knuckles-Sky-Sanctuary-Zone-MOC-114363-4-150x150.jpg 150w, https:\/\/mouldking.store\/wp-content\/uploads\/2022\/12\/Sonic-3-Knuckles-Sky-Sanctuary-Zone-MOC-114363-4-60x60.jpg 60w, https:\/\/mouldking.store\/wp-content\/uploads\/2022\/12\/Sonic-3-Knuckles-Sky-Sanctuary-Zone-MOC-114363-4-90x90.jpg 90w, https:\/\/mouldking.store\/wp-content\/uploads\/2022\/12\/Sonic-3-Knuckles-Sky-Sanctuary-Zone-MOC-114363-4.jpg 1100w\" sizes=\"(max-width: 1024px) 100vw, 1024px\" \/><figcaption id=\"caption-attachment-38627\" class=\"wp-caption-text\">MOC-114363 Sonic 3 &amp; Knuckles \u2013 Sky Sanctuary Zone mit 487 Teilen<\/figcaption><\/figure>\n<figure id=\"attachment_38628\" aria-describedby=\"caption-attachment-38628\" style=\"width: 1024px\" class=\"wp-caption aligncenter\"><img loading=\"lazy\" decoding=\"async\" class=\"wp-image-38628 size-large\" src=\"https:\/\/mouldking.store\/wp-content\/uploads\/2022\/12\/Sonic-3-Knuckles-Sky-Sanctuary-Zone-MOC-114363-5-1024x1024.jpg\" alt=\"MOC-114363 Sonic 3 &amp; Knuckles \u2013 Sky Sanctuary Zone With 487 Pieces\" width=\"1024\" height=\"1024\" title=\"-\" srcset=\"https:\/\/mouldking.store\/wp-content\/uploads\/2022\/12\/Sonic-3-Knuckles-Sky-Sanctuary-Zone-MOC-114363-5-1024x1024.jpg 1024w, https:\/\/mouldking.store\/wp-content\/uploads\/2022\/12\/Sonic-3-Knuckles-Sky-Sanctuary-Zone-MOC-114363-5-300x300.jpg 300w, https:\/\/mouldking.store\/wp-content\/uploads\/2022\/12\/Sonic-3-Knuckles-Sky-Sanctuary-Zone-MOC-114363-5-768x768.jpg 768w, https:\/\/mouldking.store\/wp-content\/uploads\/2022\/12\/Sonic-3-Knuckles-Sky-Sanctuary-Zone-MOC-114363-5-600x600.jpg 600w, https:\/\/mouldking.store\/wp-content\/uploads\/2022\/12\/Sonic-3-Knuckles-Sky-Sanctuary-Zone-MOC-114363-5-150x150.jpg 150w, https:\/\/mouldking.store\/wp-content\/uploads\/2022\/12\/Sonic-3-Knuckles-Sky-Sanctuary-Zone-MOC-114363-5-60x60.jpg 60w, https:\/\/mouldking.store\/wp-content\/uploads\/2022\/12\/Sonic-3-Knuckles-Sky-Sanctuary-Zone-MOC-114363-5-90x90.jpg 90w, https:\/\/mouldking.store\/wp-content\/uploads\/2022\/12\/Sonic-3-Knuckles-Sky-Sanctuary-Zone-MOC-114363-5.jpg 1100w\" sizes=\"(max-width: 1024px) 100vw, 1024px\" \/><figcaption id=\"caption-attachment-38628\" class=\"wp-caption-text\">MOC-114363 Sonic 3 &amp; Knuckles \u2013 Sky Sanctuary Zone mit 487 Teilen<\/figcaption><\/figure>\n<figure id=\"attachment_38629\" aria-describedby=\"caption-attachment-38629\" style=\"width: 1024px\" class=\"wp-caption aligncenter\"><img loading=\"lazy\" decoding=\"async\" class=\"wp-image-38629 size-large\" src=\"https:\/\/mouldking.store\/wp-content\/uploads\/2022\/12\/Sonic-3-Knuckles-Sky-Sanctuary-Zone-MOC-114363-6-1024x1024.jpg\" alt=\"MOC-114363 Sonic 3 &amp; Knuckles \u2013 Sky Sanctuary Zone With 487 Pieces\" width=\"1024\" height=\"1024\" title=\"-\" srcset=\"https:\/\/mouldking.store\/wp-content\/uploads\/2022\/12\/Sonic-3-Knuckles-Sky-Sanctuary-Zone-MOC-114363-6-1024x1024.jpg 1024w, https:\/\/mouldking.store\/wp-content\/uploads\/2022\/12\/Sonic-3-Knuckles-Sky-Sanctuary-Zone-MOC-114363-6-300x300.jpg 300w, https:\/\/mouldking.store\/wp-content\/uploads\/2022\/12\/Sonic-3-Knuckles-Sky-Sanctuary-Zone-MOC-114363-6-768x768.jpg 768w, https:\/\/mouldking.store\/wp-content\/uploads\/2022\/12\/Sonic-3-Knuckles-Sky-Sanctuary-Zone-MOC-114363-6-600x600.jpg 600w, https:\/\/mouldking.store\/wp-content\/uploads\/2022\/12\/Sonic-3-Knuckles-Sky-Sanctuary-Zone-MOC-114363-6-150x150.jpg 150w, https:\/\/mouldking.store\/wp-content\/uploads\/2022\/12\/Sonic-3-Knuckles-Sky-Sanctuary-Zone-MOC-114363-6-60x60.jpg 60w, https:\/\/mouldking.store\/wp-content\/uploads\/2022\/12\/Sonic-3-Knuckles-Sky-Sanctuary-Zone-MOC-114363-6-90x90.jpg 90w, https:\/\/mouldking.store\/wp-content\/uploads\/2022\/12\/Sonic-3-Knuckles-Sky-Sanctuary-Zone-MOC-114363-6.jpg 1100w\" sizes=\"(max-width: 1024px) 100vw, 1024px\" \/><figcaption id=\"caption-attachment-38629\" class=\"wp-caption-text\">MOC-114363 Sonic 3 &amp; Knuckles \u2013 Sky Sanctuary Zone mit 487 Teilen<\/figcaption><\/figure>","protected":false},"excerpt":{"rendered":"<p>PDF-Bauanleitung<\/p>\n<p>Ohne Originalverpackung<\/p>\n<p>Zeiteinteilung: 4-8 Wochen<\/p>","protected":false},"featured_media":38623,"comment_status":"closed","ping_status":"closed","template":"","meta":{"_acf_changed":false},"product_cat":[1365,1406],"product_tag":[10019,430,10017,10025,10016,10021,790,10023,10018,10020,10024,10022],"class_list":["product","first","instock","shipping-taxable","purchasable","product-type-simple"],"acf":[],"_links":{"self":[{"href":"https:\/\/mouldking.store\/de\/wp-json\/wp\/v2\/product\/38622","targetHints":{"allow":["GET"]}}],"collection":[{"href":"https:\/\/mouldking.store\/de\/wp-json\/wp\/v2\/product"}],"about":[{"href":"https:\/\/mouldking.store\/de\/wp-json\/wp\/v2\/types\/product"}],"replies":[{"embeddable":true,"href":"https:\/\/mouldking.store\/de\/wp-json\/wp\/v2\/comments?post=38622"}],"wp:featuredmedia":[{"embeddable":true,"href":"https:\/\/mouldking.store\/de\/wp-json\/wp\/v2\/media\/38623"}],"wp:attachment":[{"href":"https:\/\/mouldking.store\/de\/wp-json\/wp\/v2\/media?parent=38622"}],"wp:term":[{"taxonomy":"product_cat","embeddable":true,"href":"https:\/\/mouldking.store\/de\/wp-json\/wp\/v2\/product_cat?post=38622"},{"taxonomy":"product_tag","embeddable":true,"href":"https:\/\/mouldking.store\/de\/wp-json\/wp\/v2\/product_tag?post=38622"}],"curies":[{"name":"wp","href":"https:\/\/api.w.org\/{rel}","templated":true}]}}