{"id":38630,"date":"2022-12-22T17:54:12","date_gmt":"2022-12-22T10:54:12","guid":{"rendered":"https:\/\/mouldking.store\/?post_type=product&#038;p=38630"},"modified":"2025-12-25T09:11:57","modified_gmt":"2025-12-25T02:11:57","slug":"moc-109103-nurmengard-castle-with-1942-pieces","status":"publish","type":"product","link":"https:\/\/mouldking.store\/de\/shop\/moc-109103-nurmengard-castle-with-1942-pieces\/","title":{"rendered":"MOC-109103 Schloss Nurmengard mit 1942 Teilen"},"content":{"rendered":"<ol>\n<li>Marke: MOC<\/li>\n<li>Geschlecht: Unisex<\/li>\n<li>Name: Schloss Nurmengard<\/li>\n<li>Altersspanne: &gt; 6 Jahre alt<\/li>\n<li>Modellnummer: 109103<\/li>\n<li>Einstufung: Assemblage<\/li>\n<li>Kunststoffblockform: Selbstsichernde Steine<\/li>\n<li>Material: Kunststoff<\/li>\n<li>Kunststofftyp: ABS<\/li>\n<li>Ziegelsteine: 1942 St\u00fcck<\/li>\n<li>Gewicht: 500 g<\/li>\n<li>Enth\u00e4lt eine ausf\u00fchrliche Montageanleitung.<\/li>\n<\/ol>\n<p>Notiz:<br \/>\n1. Ohne Originalverpackung, aber wir garantieren, dass unsere Produkte eine Qualit\u00e4tssicherung und eine sch\u00f6ne Verpackung haben.<br \/>\n2. Wie alle Teile, die wir vor dem Versand \u00fcberpr\u00fcft haben, machen Sie sich keine Sorgen, wenn Sie feststellen, dass einige Teile fehlen oder besch\u00e4digt sind, und kontaktieren Sie uns einfach, und wir k\u00f6nnen sie Ihnen umgehend kostenlos erneut zusenden.<\/p>\n<figure id=\"attachment_38631\" aria-describedby=\"caption-attachment-38631\" style=\"width: 1004px\" class=\"wp-caption aligncenter\"><img fetchpriority=\"high\" decoding=\"async\" class=\"wp-image-38631 size-full\" src=\"https:\/\/mouldking.store\/wp-content\/uploads\/2022\/12\/MOC-109103-Movie-Nurmengard-Castle-MOC-FACTORY.png\" alt=\"MOC-109103 Nurmengard Castle With 1942 Pieces\" width=\"1004\" height=\"1004\" title=\"-\" srcset=\"https:\/\/mouldking.store\/wp-content\/uploads\/2022\/12\/MOC-109103-Movie-Nurmengard-Castle-MOC-FACTORY.png 1004w, https:\/\/mouldking.store\/wp-content\/uploads\/2022\/12\/MOC-109103-Movie-Nurmengard-Castle-MOC-FACTORY-300x300.png 300w, https:\/\/mouldking.store\/wp-content\/uploads\/2022\/12\/MOC-109103-Movie-Nurmengard-Castle-MOC-FACTORY-768x768.png 768w, https:\/\/mouldking.store\/wp-content\/uploads\/2022\/12\/MOC-109103-Movie-Nurmengard-Castle-MOC-FACTORY-600x600.png 600w, https:\/\/mouldking.store\/wp-content\/uploads\/2022\/12\/MOC-109103-Movie-Nurmengard-Castle-MOC-FACTORY-150x150.png 150w, https:\/\/mouldking.store\/wp-content\/uploads\/2022\/12\/MOC-109103-Movie-Nurmengard-Castle-MOC-FACTORY-60x60.png 60w, https:\/\/mouldking.store\/wp-content\/uploads\/2022\/12\/MOC-109103-Movie-Nurmengard-Castle-MOC-FACTORY-90x90.png 90w\" sizes=\"(max-width: 1004px) 100vw, 1004px\" \/><figcaption id=\"caption-attachment-38631\" class=\"wp-caption-text\">MOC-109103 Schloss Nurmengard mit 1942 Teilen<\/figcaption><\/figure>\n<figure id=\"attachment_38632\" aria-describedby=\"caption-attachment-38632\" style=\"width: 1024px\" class=\"wp-caption aligncenter\"><img decoding=\"async\" class=\"wp-image-38632 size-large\" src=\"https:\/\/mouldking.store\/wp-content\/uploads\/2022\/12\/Nurmengard-Castle-MOC-109103-1-1024x1024.jpg\" alt=\"MOC-109103 Nurmengard Castle With 1942 Pieces\" width=\"1024\" height=\"1024\" title=\"-\" srcset=\"https:\/\/mouldking.store\/wp-content\/uploads\/2022\/12\/Nurmengard-Castle-MOC-109103-1-1024x1024.jpg 1024w, https:\/\/mouldking.store\/wp-content\/uploads\/2022\/12\/Nurmengard-Castle-MOC-109103-1-300x300.jpg 300w, https:\/\/mouldking.store\/wp-content\/uploads\/2022\/12\/Nurmengard-Castle-MOC-109103-1-768x768.jpg 768w, https:\/\/mouldking.store\/wp-content\/uploads\/2022\/12\/Nurmengard-Castle-MOC-109103-1-600x600.jpg 600w, https:\/\/mouldking.store\/wp-content\/uploads\/2022\/12\/Nurmengard-Castle-MOC-109103-1-150x150.jpg 150w, https:\/\/mouldking.store\/wp-content\/uploads\/2022\/12\/Nurmengard-Castle-MOC-109103-1-60x60.jpg 60w, https:\/\/mouldking.store\/wp-content\/uploads\/2022\/12\/Nurmengard-Castle-MOC-109103-1-90x90.jpg 90w, https:\/\/mouldking.store\/wp-content\/uploads\/2022\/12\/Nurmengard-Castle-MOC-109103-1.jpg 1100w\" sizes=\"(max-width: 1024px) 100vw, 1024px\" \/><figcaption id=\"caption-attachment-38632\" class=\"wp-caption-text\">MOC-109103 Schloss Nurmengard mit 1942 Teilen<\/figcaption><\/figure>\n<figure id=\"attachment_38633\" aria-describedby=\"caption-attachment-38633\" style=\"width: 1024px\" class=\"wp-caption aligncenter\"><img decoding=\"async\" class=\"wp-image-38633 size-large\" src=\"https:\/\/mouldking.store\/wp-content\/uploads\/2022\/12\/Nurmengard-Castle-MOC-109103-2-1024x1024.jpg\" alt=\"MOC-109103 Nurmengard Castle With 1942 Pieces\" width=\"1024\" height=\"1024\" title=\"-\" srcset=\"https:\/\/mouldking.store\/wp-content\/uploads\/2022\/12\/Nurmengard-Castle-MOC-109103-2-1024x1024.jpg 1024w, https:\/\/mouldking.store\/wp-content\/uploads\/2022\/12\/Nurmengard-Castle-MOC-109103-2-300x300.jpg 300w, https:\/\/mouldking.store\/wp-content\/uploads\/2022\/12\/Nurmengard-Castle-MOC-109103-2-768x768.jpg 768w, https:\/\/mouldking.store\/wp-content\/uploads\/2022\/12\/Nurmengard-Castle-MOC-109103-2-600x600.jpg 600w, https:\/\/mouldking.store\/wp-content\/uploads\/2022\/12\/Nurmengard-Castle-MOC-109103-2-150x150.jpg 150w, https:\/\/mouldking.store\/wp-content\/uploads\/2022\/12\/Nurmengard-Castle-MOC-109103-2-60x60.jpg 60w, https:\/\/mouldking.store\/wp-content\/uploads\/2022\/12\/Nurmengard-Castle-MOC-109103-2-90x90.jpg 90w, https:\/\/mouldking.store\/wp-content\/uploads\/2022\/12\/Nurmengard-Castle-MOC-109103-2.jpg 1100w\" sizes=\"(max-width: 1024px) 100vw, 1024px\" \/><figcaption id=\"caption-attachment-38633\" class=\"wp-caption-text\">MOC-109103 Schloss Nurmengard mit 1942 Teilen<\/figcaption><\/figure>\n<figure id=\"attachment_38634\" aria-describedby=\"caption-attachment-38634\" style=\"width: 1024px\" class=\"wp-caption aligncenter\"><img loading=\"lazy\" decoding=\"async\" class=\"wp-image-38634 size-large\" src=\"https:\/\/mouldking.store\/wp-content\/uploads\/2022\/12\/Nurmengard-Castle-MOC-109103-3-1024x1024.jpg\" alt=\"MOC-109103 Nurmengard Castle With 1942 Pieces\" width=\"1024\" height=\"1024\" title=\"-\" srcset=\"https:\/\/mouldking.store\/wp-content\/uploads\/2022\/12\/Nurmengard-Castle-MOC-109103-3-1024x1024.jpg 1024w, https:\/\/mouldking.store\/wp-content\/uploads\/2022\/12\/Nurmengard-Castle-MOC-109103-3-300x300.jpg 300w, https:\/\/mouldking.store\/wp-content\/uploads\/2022\/12\/Nurmengard-Castle-MOC-109103-3-768x768.jpg 768w, https:\/\/mouldking.store\/wp-content\/uploads\/2022\/12\/Nurmengard-Castle-MOC-109103-3-600x600.jpg 600w, https:\/\/mouldking.store\/wp-content\/uploads\/2022\/12\/Nurmengard-Castle-MOC-109103-3-150x150.jpg 150w, https:\/\/mouldking.store\/wp-content\/uploads\/2022\/12\/Nurmengard-Castle-MOC-109103-3-60x60.jpg 60w, https:\/\/mouldking.store\/wp-content\/uploads\/2022\/12\/Nurmengard-Castle-MOC-109103-3-90x90.jpg 90w, https:\/\/mouldking.store\/wp-content\/uploads\/2022\/12\/Nurmengard-Castle-MOC-109103-3.jpg 1100w\" sizes=\"(max-width: 1024px) 100vw, 1024px\" \/><figcaption id=\"caption-attachment-38634\" class=\"wp-caption-text\">MOC-109103 Schloss Nurmengard mit 1942 Teilen<\/figcaption><\/figure>\n<figure id=\"attachment_38635\" aria-describedby=\"caption-attachment-38635\" style=\"width: 1024px\" class=\"wp-caption aligncenter\"><img loading=\"lazy\" decoding=\"async\" class=\"wp-image-38635 size-large\" src=\"https:\/\/mouldking.store\/wp-content\/uploads\/2022\/12\/Nurmengard-Castle-MOC-109103-4-1024x1024.jpg\" alt=\"MOC-109103 Nurmengard Castle With 1942 Pieces\" width=\"1024\" height=\"1024\" title=\"-\" srcset=\"https:\/\/mouldking.store\/wp-content\/uploads\/2022\/12\/Nurmengard-Castle-MOC-109103-4-1024x1024.jpg 1024w, https:\/\/mouldking.store\/wp-content\/uploads\/2022\/12\/Nurmengard-Castle-MOC-109103-4-300x300.jpg 300w, https:\/\/mouldking.store\/wp-content\/uploads\/2022\/12\/Nurmengard-Castle-MOC-109103-4-768x768.jpg 768w, https:\/\/mouldking.store\/wp-content\/uploads\/2022\/12\/Nurmengard-Castle-MOC-109103-4-600x600.jpg 600w, https:\/\/mouldking.store\/wp-content\/uploads\/2022\/12\/Nurmengard-Castle-MOC-109103-4-150x150.jpg 150w, https:\/\/mouldking.store\/wp-content\/uploads\/2022\/12\/Nurmengard-Castle-MOC-109103-4-60x60.jpg 60w, https:\/\/mouldking.store\/wp-content\/uploads\/2022\/12\/Nurmengard-Castle-MOC-109103-4-90x90.jpg 90w, https:\/\/mouldking.store\/wp-content\/uploads\/2022\/12\/Nurmengard-Castle-MOC-109103-4.jpg 1100w\" sizes=\"(max-width: 1024px) 100vw, 1024px\" \/><figcaption id=\"caption-attachment-38635\" class=\"wp-caption-text\">MOC-109103 Schloss Nurmengard mit 1942 Teilen<\/figcaption><\/figure>\n<figure id=\"attachment_38636\" aria-describedby=\"caption-attachment-38636\" style=\"width: 1024px\" class=\"wp-caption aligncenter\"><img loading=\"lazy\" decoding=\"async\" class=\"wp-image-38636 size-large\" src=\"https:\/\/mouldking.store\/wp-content\/uploads\/2022\/12\/Nurmengard-Castle-MOC-109103-5-1024x1024.jpg\" alt=\"MOC-109103 Nurmengard Castle With 1942 Pieces\" width=\"1024\" height=\"1024\" title=\"-\" srcset=\"https:\/\/mouldking.store\/wp-content\/uploads\/2022\/12\/Nurmengard-Castle-MOC-109103-5-1024x1024.jpg 1024w, https:\/\/mouldking.store\/wp-content\/uploads\/2022\/12\/Nurmengard-Castle-MOC-109103-5-300x300.jpg 300w, https:\/\/mouldking.store\/wp-content\/uploads\/2022\/12\/Nurmengard-Castle-MOC-109103-5-768x768.jpg 768w, https:\/\/mouldking.store\/wp-content\/uploads\/2022\/12\/Nurmengard-Castle-MOC-109103-5-600x600.jpg 600w, https:\/\/mouldking.store\/wp-content\/uploads\/2022\/12\/Nurmengard-Castle-MOC-109103-5-150x150.jpg 150w, https:\/\/mouldking.store\/wp-content\/uploads\/2022\/12\/Nurmengard-Castle-MOC-109103-5-60x60.jpg 60w, https:\/\/mouldking.store\/wp-content\/uploads\/2022\/12\/Nurmengard-Castle-MOC-109103-5-90x90.jpg 90w, https:\/\/mouldking.store\/wp-content\/uploads\/2022\/12\/Nurmengard-Castle-MOC-109103-5.jpg 1100w\" sizes=\"(max-width: 1024px) 100vw, 1024px\" \/><figcaption id=\"caption-attachment-38636\" class=\"wp-caption-text\">MOC-109103 Schloss Nurmengard mit 1942 Teilen<\/figcaption><\/figure>\n<figure id=\"attachment_38637\" aria-describedby=\"caption-attachment-38637\" style=\"width: 1024px\" class=\"wp-caption aligncenter\"><img loading=\"lazy\" decoding=\"async\" class=\"wp-image-38637 size-large\" src=\"https:\/\/mouldking.store\/wp-content\/uploads\/2022\/12\/Nurmengard-Castle-MOC-109103-6-1024x1024.jpg\" alt=\"MOC-109103 Nurmengard Castle With 1942 Pieces\" width=\"1024\" height=\"1024\" title=\"-\" srcset=\"https:\/\/mouldking.store\/wp-content\/uploads\/2022\/12\/Nurmengard-Castle-MOC-109103-6-1024x1024.jpg 1024w, https:\/\/mouldking.store\/wp-content\/uploads\/2022\/12\/Nurmengard-Castle-MOC-109103-6-300x300.jpg 300w, https:\/\/mouldking.store\/wp-content\/uploads\/2022\/12\/Nurmengard-Castle-MOC-109103-6-768x768.jpg 768w, https:\/\/mouldking.store\/wp-content\/uploads\/2022\/12\/Nurmengard-Castle-MOC-109103-6-600x600.jpg 600w, https:\/\/mouldking.store\/wp-content\/uploads\/2022\/12\/Nurmengard-Castle-MOC-109103-6-150x150.jpg 150w, https:\/\/mouldking.store\/wp-content\/uploads\/2022\/12\/Nurmengard-Castle-MOC-109103-6-60x60.jpg 60w, https:\/\/mouldking.store\/wp-content\/uploads\/2022\/12\/Nurmengard-Castle-MOC-109103-6-90x90.jpg 90w, https:\/\/mouldking.store\/wp-content\/uploads\/2022\/12\/Nurmengard-Castle-MOC-109103-6.jpg 1100w\" sizes=\"(max-width: 1024px) 100vw, 1024px\" \/><figcaption id=\"caption-attachment-38637\" class=\"wp-caption-text\">MOC-109103 Schloss Nurmengard mit 1942 Teilen<\/figcaption><\/figure>","protected":false},"excerpt":{"rendered":"<p>PDF-Bauanleitung<\/p>\n<p>Ohne Originalverpackung<\/p>\n<p>Zeiteinteilung: 4-8 Wochen<\/p>","protected":false},"featured_media":38631,"comment_status":"closed","ping_status":"closed","template":"","meta":{"_acf_changed":false},"product_cat":[1406,390,581],"product_tag":[787,430,10027,10030,10026,10028,10029],"class_list":["product","first","instock","shipping-taxable","purchasable","product-type-simple"],"acf":[],"_links":{"self":[{"href":"https:\/\/mouldking.store\/de\/wp-json\/wp\/v2\/product\/38630","targetHints":{"allow":["GET"]}}],"collection":[{"href":"https:\/\/mouldking.store\/de\/wp-json\/wp\/v2\/product"}],"about":[{"href":"https:\/\/mouldking.store\/de\/wp-json\/wp\/v2\/types\/product"}],"replies":[{"embeddable":true,"href":"https:\/\/mouldking.store\/de\/wp-json\/wp\/v2\/comments?post=38630"}],"wp:featuredmedia":[{"embeddable":true,"href":"https:\/\/mouldking.store\/de\/wp-json\/wp\/v2\/media\/38631"}],"wp:attachment":[{"href":"https:\/\/mouldking.store\/de\/wp-json\/wp\/v2\/media?parent=38630"}],"wp:term":[{"taxonomy":"product_cat","embeddable":true,"href":"https:\/\/mouldking.store\/de\/wp-json\/wp\/v2\/product_cat?post=38630"},{"taxonomy":"product_tag","embeddable":true,"href":"https:\/\/mouldking.store\/de\/wp-json\/wp\/v2\/product_tag?post=38630"}],"curies":[{"name":"wp","href":"https:\/\/api.w.org\/{rel}","templated":true}]}}