{"id":38655,"date":"2022-12-22T18:13:34","date_gmt":"2022-12-22T11:13:34","guid":{"rendered":"https:\/\/mouldking.store\/?post_type=product&#038;p=38655"},"modified":"2025-12-25T09:11:57","modified_gmt":"2025-12-25T02:11:57","slug":"moc-42207-the-bakery-with-1327-pieces","status":"publish","type":"product","link":"https:\/\/mouldking.store\/de\/shop\/moc-42207-the-bakery-with-1327-pieces\/","title":{"rendered":"MOC-42207 Die B\u00e4ckerei mit 1327 Teilen"},"content":{"rendered":"<ol>\n<li>Marke: MOC<\/li>\n<li>Geschlecht: Unisex<\/li>\n<li>Name: The Bakery<\/li>\n<li>Altersspanne: &gt; 6 Jahre alt<\/li>\n<li>Model Number: 42207<\/li>\n<li>Einstufung: Assemblage<\/li>\n<li>Kunststoffblockform: Selbstsichernde Steine<\/li>\n<li>Material: Kunststoff<\/li>\n<li>Kunststofftyp: ABS<\/li>\n<li>Bricks Blocks:1327 PCS<\/li>\n<li>Size: 32 x 16 x 60 cm<\/li>\n<li>Gewicht: 1000 g<\/li>\n<li>Enth\u00e4lt eine ausf\u00fchrliche Montageanleitung.<\/li>\n<\/ol>\n<p>Notiz:<br \/>\n1. Ohne Originalverpackung, aber wir garantieren, dass unsere Produkte eine Qualit\u00e4tssicherung und eine sch\u00f6ne Verpackung haben.<br \/>\n2. Wie alle Teile, die wir vor dem Versand \u00fcberpr\u00fcft haben, machen Sie sich keine Sorgen, wenn Sie feststellen, dass einige Teile fehlen oder besch\u00e4digt sind, und kontaktieren Sie uns einfach, und wir k\u00f6nnen sie Ihnen umgehend kostenlos erneut zusenden.<\/p>\n<figure id=\"attachment_38656\" aria-describedby=\"caption-attachment-38656\" style=\"width: 1004px\" class=\"wp-caption aligncenter\"><img fetchpriority=\"high\" decoding=\"async\" class=\"wp-image-38656 size-full\" src=\"https:\/\/mouldking.store\/wp-content\/uploads\/2022\/12\/MOC-42207-Modular-Buildings-The-Bakery-MOC-FACTORY.png\" alt=\"MOC-42207 The Bakery With 1327 Pieces\" width=\"1004\" height=\"1004\" title=\"-\" srcset=\"https:\/\/mouldking.store\/wp-content\/uploads\/2022\/12\/MOC-42207-Modular-Buildings-The-Bakery-MOC-FACTORY.png 1004w, https:\/\/mouldking.store\/wp-content\/uploads\/2022\/12\/MOC-42207-Modular-Buildings-The-Bakery-MOC-FACTORY-300x300.png 300w, https:\/\/mouldking.store\/wp-content\/uploads\/2022\/12\/MOC-42207-Modular-Buildings-The-Bakery-MOC-FACTORY-768x768.png 768w, https:\/\/mouldking.store\/wp-content\/uploads\/2022\/12\/MOC-42207-Modular-Buildings-The-Bakery-MOC-FACTORY-600x600.png 600w, https:\/\/mouldking.store\/wp-content\/uploads\/2022\/12\/MOC-42207-Modular-Buildings-The-Bakery-MOC-FACTORY-150x150.png 150w, https:\/\/mouldking.store\/wp-content\/uploads\/2022\/12\/MOC-42207-Modular-Buildings-The-Bakery-MOC-FACTORY-60x60.png 60w, https:\/\/mouldking.store\/wp-content\/uploads\/2022\/12\/MOC-42207-Modular-Buildings-The-Bakery-MOC-FACTORY-90x90.png 90w\" sizes=\"(max-width: 1004px) 100vw, 1004px\" \/><figcaption id=\"caption-attachment-38656\" class=\"wp-caption-text\">MOC-42207 Die B\u00e4ckerei mit 1327 Teilen<\/figcaption><\/figure>\n<figure id=\"attachment_38657\" aria-describedby=\"caption-attachment-38657\" style=\"width: 1024px\" class=\"wp-caption aligncenter\"><img decoding=\"async\" class=\"wp-image-38657 size-large\" src=\"https:\/\/mouldking.store\/wp-content\/uploads\/2022\/12\/The-Bakery-MOC-42207-1-1024x1024.jpg\" alt=\"MOC-42207 The Bakery With 1327 Pieces\" width=\"1024\" height=\"1024\" title=\"-\" srcset=\"https:\/\/mouldking.store\/wp-content\/uploads\/2022\/12\/The-Bakery-MOC-42207-1-1024x1024.jpg 1024w, https:\/\/mouldking.store\/wp-content\/uploads\/2022\/12\/The-Bakery-MOC-42207-1-300x300.jpg 300w, https:\/\/mouldking.store\/wp-content\/uploads\/2022\/12\/The-Bakery-MOC-42207-1-768x768.jpg 768w, https:\/\/mouldking.store\/wp-content\/uploads\/2022\/12\/The-Bakery-MOC-42207-1-600x600.jpg 600w, https:\/\/mouldking.store\/wp-content\/uploads\/2022\/12\/The-Bakery-MOC-42207-1-150x150.jpg 150w, https:\/\/mouldking.store\/wp-content\/uploads\/2022\/12\/The-Bakery-MOC-42207-1-60x60.jpg 60w, https:\/\/mouldking.store\/wp-content\/uploads\/2022\/12\/The-Bakery-MOC-42207-1-90x90.jpg 90w, https:\/\/mouldking.store\/wp-content\/uploads\/2022\/12\/The-Bakery-MOC-42207-1.jpg 1100w\" sizes=\"(max-width: 1024px) 100vw, 1024px\" \/><figcaption id=\"caption-attachment-38657\" class=\"wp-caption-text\">MOC-42207 Die B\u00e4ckerei mit 1327 Teilen<\/figcaption><\/figure>\n<figure id=\"attachment_38658\" aria-describedby=\"caption-attachment-38658\" style=\"width: 1100px\" class=\"wp-caption aligncenter\"><img decoding=\"async\" class=\"wp-image-38658 size-full\" src=\"https:\/\/mouldking.store\/wp-content\/uploads\/2022\/12\/The-Bakery-MOC-42207-2.jpg\" alt=\"MOC-42207 The Bakery With 1327 Pieces\" width=\"1100\" height=\"1100\" title=\"-\" srcset=\"https:\/\/mouldking.store\/wp-content\/uploads\/2022\/12\/The-Bakery-MOC-42207-2.jpg 1100w, https:\/\/mouldking.store\/wp-content\/uploads\/2022\/12\/The-Bakery-MOC-42207-2-300x300.jpg 300w, https:\/\/mouldking.store\/wp-content\/uploads\/2022\/12\/The-Bakery-MOC-42207-2-1024x1024.jpg 1024w, https:\/\/mouldking.store\/wp-content\/uploads\/2022\/12\/The-Bakery-MOC-42207-2-768x768.jpg 768w, https:\/\/mouldking.store\/wp-content\/uploads\/2022\/12\/The-Bakery-MOC-42207-2-600x600.jpg 600w, https:\/\/mouldking.store\/wp-content\/uploads\/2022\/12\/The-Bakery-MOC-42207-2-150x150.jpg 150w, https:\/\/mouldking.store\/wp-content\/uploads\/2022\/12\/The-Bakery-MOC-42207-2-60x60.jpg 60w, https:\/\/mouldking.store\/wp-content\/uploads\/2022\/12\/The-Bakery-MOC-42207-2-90x90.jpg 90w\" sizes=\"(max-width: 1100px) 100vw, 1100px\" \/><figcaption id=\"caption-attachment-38658\" class=\"wp-caption-text\">MOC-42207 Die B\u00e4ckerei mit 1327 Teilen<\/figcaption><\/figure>\n<figure id=\"attachment_38659\" aria-describedby=\"caption-attachment-38659\" style=\"width: 1024px\" class=\"wp-caption aligncenter\"><img loading=\"lazy\" decoding=\"async\" class=\"wp-image-38659 size-large\" src=\"https:\/\/mouldking.store\/wp-content\/uploads\/2022\/12\/The-Bakery-MOC-42207-3-1024x1024.jpg\" alt=\"MOC-42207 The Bakery With 1327 Pieces\" width=\"1024\" height=\"1024\" title=\"-\" srcset=\"https:\/\/mouldking.store\/wp-content\/uploads\/2022\/12\/The-Bakery-MOC-42207-3-1024x1024.jpg 1024w, https:\/\/mouldking.store\/wp-content\/uploads\/2022\/12\/The-Bakery-MOC-42207-3-300x300.jpg 300w, https:\/\/mouldking.store\/wp-content\/uploads\/2022\/12\/The-Bakery-MOC-42207-3-768x768.jpg 768w, https:\/\/mouldking.store\/wp-content\/uploads\/2022\/12\/The-Bakery-MOC-42207-3-600x600.jpg 600w, https:\/\/mouldking.store\/wp-content\/uploads\/2022\/12\/The-Bakery-MOC-42207-3-150x150.jpg 150w, https:\/\/mouldking.store\/wp-content\/uploads\/2022\/12\/The-Bakery-MOC-42207-3-60x60.jpg 60w, https:\/\/mouldking.store\/wp-content\/uploads\/2022\/12\/The-Bakery-MOC-42207-3-90x90.jpg 90w, https:\/\/mouldking.store\/wp-content\/uploads\/2022\/12\/The-Bakery-MOC-42207-3.jpg 1100w\" sizes=\"(max-width: 1024px) 100vw, 1024px\" \/><figcaption id=\"caption-attachment-38659\" class=\"wp-caption-text\">MOC-42207 Die B\u00e4ckerei mit 1327 Teilen<\/figcaption><\/figure>\n<figure id=\"attachment_38660\" aria-describedby=\"caption-attachment-38660\" style=\"width: 1024px\" class=\"wp-caption aligncenter\"><img loading=\"lazy\" decoding=\"async\" class=\"wp-image-38660 size-large\" src=\"https:\/\/mouldking.store\/wp-content\/uploads\/2022\/12\/The-Bakery-MOC-42207-4-1024x1024.jpg\" alt=\"MOC-42207 The Bakery With 1327 Pieces\" width=\"1024\" height=\"1024\" title=\"-\" srcset=\"https:\/\/mouldking.store\/wp-content\/uploads\/2022\/12\/The-Bakery-MOC-42207-4-1024x1024.jpg 1024w, https:\/\/mouldking.store\/wp-content\/uploads\/2022\/12\/The-Bakery-MOC-42207-4-300x300.jpg 300w, https:\/\/mouldking.store\/wp-content\/uploads\/2022\/12\/The-Bakery-MOC-42207-4-768x768.jpg 768w, https:\/\/mouldking.store\/wp-content\/uploads\/2022\/12\/The-Bakery-MOC-42207-4-600x600.jpg 600w, https:\/\/mouldking.store\/wp-content\/uploads\/2022\/12\/The-Bakery-MOC-42207-4-150x150.jpg 150w, https:\/\/mouldking.store\/wp-content\/uploads\/2022\/12\/The-Bakery-MOC-42207-4-60x60.jpg 60w, https:\/\/mouldking.store\/wp-content\/uploads\/2022\/12\/The-Bakery-MOC-42207-4-90x90.jpg 90w, https:\/\/mouldking.store\/wp-content\/uploads\/2022\/12\/The-Bakery-MOC-42207-4.jpg 1100w\" sizes=\"(max-width: 1024px) 100vw, 1024px\" \/><figcaption id=\"caption-attachment-38660\" class=\"wp-caption-text\">MOC-42207 Die B\u00e4ckerei mit 1327 Teilen<\/figcaption><\/figure>\n<figure id=\"attachment_38661\" aria-describedby=\"caption-attachment-38661\" style=\"width: 1024px\" class=\"wp-caption aligncenter\"><img loading=\"lazy\" decoding=\"async\" class=\"wp-image-38661 size-large\" src=\"https:\/\/mouldking.store\/wp-content\/uploads\/2022\/12\/The-Bakery-MOC-42207-5-1024x1024.jpg\" alt=\"MOC-42207 The Bakery With 1327 Pieces\" width=\"1024\" height=\"1024\" title=\"-\" srcset=\"https:\/\/mouldking.store\/wp-content\/uploads\/2022\/12\/The-Bakery-MOC-42207-5-1024x1024.jpg 1024w, https:\/\/mouldking.store\/wp-content\/uploads\/2022\/12\/The-Bakery-MOC-42207-5-300x300.jpg 300w, https:\/\/mouldking.store\/wp-content\/uploads\/2022\/12\/The-Bakery-MOC-42207-5-768x768.jpg 768w, https:\/\/mouldking.store\/wp-content\/uploads\/2022\/12\/The-Bakery-MOC-42207-5-600x600.jpg 600w, https:\/\/mouldking.store\/wp-content\/uploads\/2022\/12\/The-Bakery-MOC-42207-5-150x150.jpg 150w, https:\/\/mouldking.store\/wp-content\/uploads\/2022\/12\/The-Bakery-MOC-42207-5-60x60.jpg 60w, https:\/\/mouldking.store\/wp-content\/uploads\/2022\/12\/The-Bakery-MOC-42207-5-90x90.jpg 90w, https:\/\/mouldking.store\/wp-content\/uploads\/2022\/12\/The-Bakery-MOC-42207-5.jpg 1100w\" sizes=\"(max-width: 1024px) 100vw, 1024px\" \/><figcaption id=\"caption-attachment-38661\" class=\"wp-caption-text\">MOC-42207 Die B\u00e4ckerei mit 1327 Teilen<\/figcaption><\/figure>\n<figure id=\"attachment_38662\" aria-describedby=\"caption-attachment-38662\" style=\"width: 1024px\" class=\"wp-caption aligncenter\"><img loading=\"lazy\" decoding=\"async\" class=\"wp-image-38662 size-large\" src=\"https:\/\/mouldking.store\/wp-content\/uploads\/2022\/12\/The-Bakery-MOC-42207-6-1024x1024.jpg\" alt=\"MOC-42207 The Bakery With 1327 Pieces\" width=\"1024\" height=\"1024\" title=\"-\" srcset=\"https:\/\/mouldking.store\/wp-content\/uploads\/2022\/12\/The-Bakery-MOC-42207-6-1024x1024.jpg 1024w, https:\/\/mouldking.store\/wp-content\/uploads\/2022\/12\/The-Bakery-MOC-42207-6-300x300.jpg 300w, https:\/\/mouldking.store\/wp-content\/uploads\/2022\/12\/The-Bakery-MOC-42207-6-768x768.jpg 768w, https:\/\/mouldking.store\/wp-content\/uploads\/2022\/12\/The-Bakery-MOC-42207-6-600x600.jpg 600w, https:\/\/mouldking.store\/wp-content\/uploads\/2022\/12\/The-Bakery-MOC-42207-6-150x150.jpg 150w, https:\/\/mouldking.store\/wp-content\/uploads\/2022\/12\/The-Bakery-MOC-42207-6-60x60.jpg 60w, https:\/\/mouldking.store\/wp-content\/uploads\/2022\/12\/The-Bakery-MOC-42207-6-90x90.jpg 90w, https:\/\/mouldking.store\/wp-content\/uploads\/2022\/12\/The-Bakery-MOC-42207-6.jpg 1100w\" sizes=\"(max-width: 1024px) 100vw, 1024px\" \/><figcaption id=\"caption-attachment-38662\" class=\"wp-caption-text\">MOC-42207 Die B\u00e4ckerei mit 1327 Teilen<\/figcaption><\/figure>","protected":false},"excerpt":{"rendered":"<p>PDF-Bauanleitung<\/p>\n<p>Ohne Originalverpackung<\/p>\n<p>Zeiteinteilung: 4-8 Wochen<\/p>","protected":false},"featured_media":38656,"comment_status":"closed","ping_status":"closed","template":"","meta":{"_acf_changed":false},"product_cat":[1395,1406],"product_tag":[8594,430,10046,10048,10045,10047],"class_list":["product","first","instock","shipping-taxable","purchasable","product-type-simple"],"acf":[],"_links":{"self":[{"href":"https:\/\/mouldking.store\/de\/wp-json\/wp\/v2\/product\/38655","targetHints":{"allow":["GET"]}}],"collection":[{"href":"https:\/\/mouldking.store\/de\/wp-json\/wp\/v2\/product"}],"about":[{"href":"https:\/\/mouldking.store\/de\/wp-json\/wp\/v2\/types\/product"}],"replies":[{"embeddable":true,"href":"https:\/\/mouldking.store\/de\/wp-json\/wp\/v2\/comments?post=38655"}],"wp:featuredmedia":[{"embeddable":true,"href":"https:\/\/mouldking.store\/de\/wp-json\/wp\/v2\/media\/38656"}],"wp:attachment":[{"href":"https:\/\/mouldking.store\/de\/wp-json\/wp\/v2\/media?parent=38655"}],"wp:term":[{"taxonomy":"product_cat","embeddable":true,"href":"https:\/\/mouldking.store\/de\/wp-json\/wp\/v2\/product_cat?post=38655"},{"taxonomy":"product_tag","embeddable":true,"href":"https:\/\/mouldking.store\/de\/wp-json\/wp\/v2\/product_tag?post=38655"}],"curies":[{"name":"wp","href":"https:\/\/api.w.org\/{rel}","templated":true}]}}