{"id":38724,"date":"2022-12-23T10:41:04","date_gmt":"2022-12-23T03:41:04","guid":{"rendered":"https:\/\/mouldking.store\/?post_type=product&#038;p=38724"},"modified":"2022-12-23T10:41:07","modified_gmt":"2022-12-23T03:41:07","slug":"quanguan-737-my-world-shadow-city-with-2176-pieces","status":"publish","type":"product","link":"https:\/\/mouldking.store\/de\/shop\/quanguan-737-my-world-shadow-city-with-2176-pieces\/","title":{"rendered":"QuanGuan 737 My World Shadow City mit 2176 Teilen"},"content":{"rendered":"<p>Produktinformation:<\/p>\n<ol>\n<li>Marke: Quan Guan<\/li>\n<li>Geschlecht: Unisex<\/li>\n<li>Name: My World Shadow City<\/li>\n<li>Altersspanne: &gt; 6 Jahre alt<\/li>\n<li>Modellnummer: 737<\/li>\n<li>Einstufung: Assemblage<\/li>\n<li>Kunststoffblockform: Selbstsichernde Steine<\/li>\n<li>Material: Kunststoff<\/li>\n<li>Kunststofftyp: ABS<\/li>\n<li>Ziegelsteine: 2176 St\u00fcck<\/li>\n<li>Gr\u00f6\u00dfe: 38,4 x 25,6 cm<\/li>\n<li>Enth\u00e4lt eine ausf\u00fchrliche Montageanleitung.<\/li>\n<\/ol>\n<p>Notiz:<br \/>\n1. Ohne Originalverpackung, aber wir garantieren, dass unsere Produkte eine Qualit\u00e4tssicherung und eine sch\u00f6ne Verpackung haben.<br \/>\n2. Wie alle Teile, die wir vor dem Versand \u00fcberpr\u00fcft haben, machen Sie sich keine Sorgen, wenn Sie feststellen, dass einige Teile fehlen oder besch\u00e4digt sind, und kontaktieren Sie uns einfach, und wir k\u00f6nnen sie Ihnen umgehend kostenlos erneut zusenden.<\/p>\n<figure id=\"attachment_38727\" aria-describedby=\"caption-attachment-38727\" style=\"width: 800px\" class=\"wp-caption aligncenter\"><img fetchpriority=\"high\" decoding=\"async\" class=\"wp-image-38727 size-full\" src=\"https:\/\/mouldking.store\/wp-content\/uploads\/2022\/12\/QuanGuan-737-My-World-Shadow-City-3.jpg\" alt=\"QuanGuan 737 My World Shadow City With 2176 Pieces\" width=\"800\" height=\"800\" title=\"-\" srcset=\"https:\/\/mouldking.store\/wp-content\/uploads\/2022\/12\/QuanGuan-737-My-World-Shadow-City-3.jpg 800w, https:\/\/mouldking.store\/wp-content\/uploads\/2022\/12\/QuanGuan-737-My-World-Shadow-City-3-300x300.jpg 300w, https:\/\/mouldking.store\/wp-content\/uploads\/2022\/12\/QuanGuan-737-My-World-Shadow-City-3-768x768.jpg 768w, https:\/\/mouldking.store\/wp-content\/uploads\/2022\/12\/QuanGuan-737-My-World-Shadow-City-3-600x600.jpg 600w, https:\/\/mouldking.store\/wp-content\/uploads\/2022\/12\/QuanGuan-737-My-World-Shadow-City-3-150x150.jpg 150w, https:\/\/mouldking.store\/wp-content\/uploads\/2022\/12\/QuanGuan-737-My-World-Shadow-City-3-60x60.jpg 60w, https:\/\/mouldking.store\/wp-content\/uploads\/2022\/12\/QuanGuan-737-My-World-Shadow-City-3-90x90.jpg 90w\" sizes=\"(max-width: 800px) 100vw, 800px\" \/><figcaption id=\"caption-attachment-38727\" class=\"wp-caption-text\">QuanGuan 737 My World Shadow City mit 2176 Teilen<\/figcaption><\/figure>\n<figure id=\"attachment_38728\" aria-describedby=\"caption-attachment-38728\" style=\"width: 800px\" class=\"wp-caption aligncenter\"><img decoding=\"async\" class=\"wp-image-38728 size-full\" src=\"https:\/\/mouldking.store\/wp-content\/uploads\/2022\/12\/QuanGuan-737-My-World-Shadow-City-2.jpg\" alt=\"QuanGuan 737 My World Shadow City With 2176 Pieces\" width=\"800\" height=\"800\" title=\"-\" srcset=\"https:\/\/mouldking.store\/wp-content\/uploads\/2022\/12\/QuanGuan-737-My-World-Shadow-City-2.jpg 800w, https:\/\/mouldking.store\/wp-content\/uploads\/2022\/12\/QuanGuan-737-My-World-Shadow-City-2-300x300.jpg 300w, https:\/\/mouldking.store\/wp-content\/uploads\/2022\/12\/QuanGuan-737-My-World-Shadow-City-2-768x768.jpg 768w, https:\/\/mouldking.store\/wp-content\/uploads\/2022\/12\/QuanGuan-737-My-World-Shadow-City-2-600x600.jpg 600w, https:\/\/mouldking.store\/wp-content\/uploads\/2022\/12\/QuanGuan-737-My-World-Shadow-City-2-150x150.jpg 150w, https:\/\/mouldking.store\/wp-content\/uploads\/2022\/12\/QuanGuan-737-My-World-Shadow-City-2-60x60.jpg 60w, https:\/\/mouldking.store\/wp-content\/uploads\/2022\/12\/QuanGuan-737-My-World-Shadow-City-2-90x90.jpg 90w\" sizes=\"(max-width: 800px) 100vw, 800px\" \/><figcaption id=\"caption-attachment-38728\" class=\"wp-caption-text\">QuanGuan 737 My World Shadow City mit 2176 Teilen<\/figcaption><\/figure>\n<figure id=\"attachment_38729\" aria-describedby=\"caption-attachment-38729\" style=\"width: 800px\" class=\"wp-caption aligncenter\"><img decoding=\"async\" class=\"wp-image-38729 size-full\" src=\"https:\/\/mouldking.store\/wp-content\/uploads\/2022\/12\/QuanGuan-737-My-World-Shadow-City-1.jpg\" alt=\"QuanGuan 737 My World Shadow City With 2176 Pieces\" width=\"800\" height=\"800\" title=\"-\" srcset=\"https:\/\/mouldking.store\/wp-content\/uploads\/2022\/12\/QuanGuan-737-My-World-Shadow-City-1.jpg 800w, https:\/\/mouldking.store\/wp-content\/uploads\/2022\/12\/QuanGuan-737-My-World-Shadow-City-1-300x300.jpg 300w, https:\/\/mouldking.store\/wp-content\/uploads\/2022\/12\/QuanGuan-737-My-World-Shadow-City-1-768x768.jpg 768w, https:\/\/mouldking.store\/wp-content\/uploads\/2022\/12\/QuanGuan-737-My-World-Shadow-City-1-600x600.jpg 600w, https:\/\/mouldking.store\/wp-content\/uploads\/2022\/12\/QuanGuan-737-My-World-Shadow-City-1-150x150.jpg 150w, https:\/\/mouldking.store\/wp-content\/uploads\/2022\/12\/QuanGuan-737-My-World-Shadow-City-1-60x60.jpg 60w, https:\/\/mouldking.store\/wp-content\/uploads\/2022\/12\/QuanGuan-737-My-World-Shadow-City-1-90x90.jpg 90w\" sizes=\"(max-width: 800px) 100vw, 800px\" \/><figcaption id=\"caption-attachment-38729\" class=\"wp-caption-text\">QuanGuan 737 My World Shadow City mit 2176 Teilen<\/figcaption><\/figure>","protected":false},"excerpt":{"rendered":"<p>Product information: Brand: QuanGuan Gender: Unisex Name: My World Shadow City Age Range: &gt; 6 years old Model Number: 737 Classification: Assemblage Plastic Block Shape: Self-Locking Bricks Material: Plastic Plastic Type: ABS Bricks Blocks:2176 PCS Size:38.4 x 25.6 cm Contains detailed assembly instructions. Notice: 1. Without an original box, but we guarantee our products have [&hellip;]<\/p>","protected":false},"featured_media":38727,"comment_status":"closed","ping_status":"closed","template":"","meta":{"_acf_changed":false},"product_cat":[1365],"product_tag":[8794,4883,1813,10117,2290,10118,10119,10114,10115,10116],"class_list":["product","first","instock","shipping-taxable","purchasable","product-type-simple"],"acf":[],"_links":{"self":[{"href":"https:\/\/mouldking.store\/de\/wp-json\/wp\/v2\/product\/38724","targetHints":{"allow":["GET"]}}],"collection":[{"href":"https:\/\/mouldking.store\/de\/wp-json\/wp\/v2\/product"}],"about":[{"href":"https:\/\/mouldking.store\/de\/wp-json\/wp\/v2\/types\/product"}],"replies":[{"embeddable":true,"href":"https:\/\/mouldking.store\/de\/wp-json\/wp\/v2\/comments?post=38724"}],"wp:featuredmedia":[{"embeddable":true,"href":"https:\/\/mouldking.store\/de\/wp-json\/wp\/v2\/media\/38727"}],"wp:attachment":[{"href":"https:\/\/mouldking.store\/de\/wp-json\/wp\/v2\/media?parent=38724"}],"wp:term":[{"taxonomy":"product_cat","embeddable":true,"href":"https:\/\/mouldking.store\/de\/wp-json\/wp\/v2\/product_cat?post=38724"},{"taxonomy":"product_tag","embeddable":true,"href":"https:\/\/mouldking.store\/de\/wp-json\/wp\/v2\/product_tag?post=38724"}],"curies":[{"name":"wp","href":"https:\/\/api.w.org\/{rel}","templated":true}]}}