{"id":38730,"date":"2022-12-23T10:45:46","date_gmt":"2022-12-23T03:45:46","guid":{"rendered":"https:\/\/mouldking.store\/?post_type=product&#038;p=38730"},"modified":"2022-12-23T10:45:47","modified_gmt":"2022-12-23T03:45:47","slug":"k-box-k10515-bmw-latte-motorcycle-with-925pcs","status":"publish","type":"product","link":"https:\/\/mouldking.store\/de\/shop\/k-box-k10515-bmw-latte-motorcycle-with-925pcs\/","title":{"rendered":"K-Box K10515 BMW Latte Motorrad mit 925tlg"},"content":{"rendered":"<p>Produktinformation:<\/p>\n<ol>\n<li>Marke: K-Box<\/li>\n<li>Geschlecht: Unisex<\/li>\n<li>Name: BMW Latte Motorcycle<\/li>\n<li>Altersspanne: &gt; 6 Jahre alt<\/li>\n<li>Model Number: K10515<\/li>\n<li>Einstufung: Assemblage<\/li>\n<li>Kunststoffblockform: Selbstsichernde Steine<\/li>\n<li>Material: Kunststoff<\/li>\n<li>Kunststofftyp: ABS<\/li>\n<li>Bricks Blocks:925pcs<\/li>\n<li>Size: 33 \u00d7 11.5 \u00d7 14 cm<\/li>\n<li>Enth\u00e4lt eine ausf\u00fchrliche Montageanleitung.<\/li>\n<\/ol>\n<p>Notiz:<br \/>\n1. Ohne Originalverpackung, aber wir garantieren, dass unsere Produkte eine Qualit\u00e4tssicherung und eine sch\u00f6ne Verpackung haben.<br \/>\n2. Wie alle Teile, die wir vor dem Versand \u00fcberpr\u00fcft haben, machen Sie sich keine Sorgen, wenn Sie feststellen, dass einige Teile fehlen oder besch\u00e4digt sind, und kontaktieren Sie uns einfach, und wir k\u00f6nnen sie Ihnen umgehend kostenlos erneut zusenden.<\/p>\n<figure id=\"attachment_38732\" aria-describedby=\"caption-attachment-38732\" style=\"width: 800px\" class=\"wp-caption aligncenter\"><img fetchpriority=\"high\" decoding=\"async\" class=\"wp-image-38732 size-full\" src=\"https:\/\/mouldking.store\/wp-content\/uploads\/2022\/12\/K-Box-K10515-Technic-Static-Version-BMW-Latte-Motorcycle-5.jpg\" alt=\"K-Box K10515 BMW Latte Motorcycle With 925pcs\" width=\"800\" height=\"800\" title=\"-\" srcset=\"https:\/\/mouldking.store\/wp-content\/uploads\/2022\/12\/K-Box-K10515-Technic-Static-Version-BMW-Latte-Motorcycle-5.jpg 800w, https:\/\/mouldking.store\/wp-content\/uploads\/2022\/12\/K-Box-K10515-Technic-Static-Version-BMW-Latte-Motorcycle-5-300x300.jpg 300w, https:\/\/mouldking.store\/wp-content\/uploads\/2022\/12\/K-Box-K10515-Technic-Static-Version-BMW-Latte-Motorcycle-5-768x768.jpg 768w, https:\/\/mouldking.store\/wp-content\/uploads\/2022\/12\/K-Box-K10515-Technic-Static-Version-BMW-Latte-Motorcycle-5-600x600.jpg 600w, https:\/\/mouldking.store\/wp-content\/uploads\/2022\/12\/K-Box-K10515-Technic-Static-Version-BMW-Latte-Motorcycle-5-150x150.jpg 150w, https:\/\/mouldking.store\/wp-content\/uploads\/2022\/12\/K-Box-K10515-Technic-Static-Version-BMW-Latte-Motorcycle-5-60x60.jpg 60w, https:\/\/mouldking.store\/wp-content\/uploads\/2022\/12\/K-Box-K10515-Technic-Static-Version-BMW-Latte-Motorcycle-5-90x90.jpg 90w\" sizes=\"(max-width: 800px) 100vw, 800px\" \/><figcaption id=\"caption-attachment-38732\" class=\"wp-caption-text\">K-Box K10515 BMW Latte Motorrad mit 925tlg<\/figcaption><\/figure>\n<figure id=\"attachment_38733\" aria-describedby=\"caption-attachment-38733\" style=\"width: 800px\" class=\"wp-caption aligncenter\"><img decoding=\"async\" class=\"wp-image-38733 size-full\" src=\"https:\/\/mouldking.store\/wp-content\/uploads\/2022\/12\/K-Box-K10515-Technic-Static-Version-BMW-Latte-Motorcycle-4.jpg\" alt=\"K-Box K10515 BMW Latte Motorcycle With 925pcs\" width=\"800\" height=\"800\" title=\"-\" srcset=\"https:\/\/mouldking.store\/wp-content\/uploads\/2022\/12\/K-Box-K10515-Technic-Static-Version-BMW-Latte-Motorcycle-4.jpg 800w, https:\/\/mouldking.store\/wp-content\/uploads\/2022\/12\/K-Box-K10515-Technic-Static-Version-BMW-Latte-Motorcycle-4-300x300.jpg 300w, https:\/\/mouldking.store\/wp-content\/uploads\/2022\/12\/K-Box-K10515-Technic-Static-Version-BMW-Latte-Motorcycle-4-768x768.jpg 768w, https:\/\/mouldking.store\/wp-content\/uploads\/2022\/12\/K-Box-K10515-Technic-Static-Version-BMW-Latte-Motorcycle-4-600x600.jpg 600w, https:\/\/mouldking.store\/wp-content\/uploads\/2022\/12\/K-Box-K10515-Technic-Static-Version-BMW-Latte-Motorcycle-4-150x150.jpg 150w, https:\/\/mouldking.store\/wp-content\/uploads\/2022\/12\/K-Box-K10515-Technic-Static-Version-BMW-Latte-Motorcycle-4-60x60.jpg 60w, https:\/\/mouldking.store\/wp-content\/uploads\/2022\/12\/K-Box-K10515-Technic-Static-Version-BMW-Latte-Motorcycle-4-90x90.jpg 90w\" sizes=\"(max-width: 800px) 100vw, 800px\" \/><figcaption id=\"caption-attachment-38733\" class=\"wp-caption-text\">K-Box K10515 BMW Latte Motorrad mit 925tlg<\/figcaption><\/figure>\n<figure id=\"attachment_38734\" aria-describedby=\"caption-attachment-38734\" style=\"width: 800px\" class=\"wp-caption aligncenter\"><img decoding=\"async\" class=\"wp-image-38734 size-full\" src=\"https:\/\/mouldking.store\/wp-content\/uploads\/2022\/12\/K-Box-K10515-Technic-Static-Version-BMW-Latte-Motorcycle-3.jpg\" alt=\"K-Box K10515 BMW Latte Motorcycle With 925pcs\" width=\"800\" height=\"800\" title=\"-\" srcset=\"https:\/\/mouldking.store\/wp-content\/uploads\/2022\/12\/K-Box-K10515-Technic-Static-Version-BMW-Latte-Motorcycle-3.jpg 800w, https:\/\/mouldking.store\/wp-content\/uploads\/2022\/12\/K-Box-K10515-Technic-Static-Version-BMW-Latte-Motorcycle-3-300x300.jpg 300w, https:\/\/mouldking.store\/wp-content\/uploads\/2022\/12\/K-Box-K10515-Technic-Static-Version-BMW-Latte-Motorcycle-3-768x768.jpg 768w, https:\/\/mouldking.store\/wp-content\/uploads\/2022\/12\/K-Box-K10515-Technic-Static-Version-BMW-Latte-Motorcycle-3-600x600.jpg 600w, https:\/\/mouldking.store\/wp-content\/uploads\/2022\/12\/K-Box-K10515-Technic-Static-Version-BMW-Latte-Motorcycle-3-150x150.jpg 150w, https:\/\/mouldking.store\/wp-content\/uploads\/2022\/12\/K-Box-K10515-Technic-Static-Version-BMW-Latte-Motorcycle-3-60x60.jpg 60w, https:\/\/mouldking.store\/wp-content\/uploads\/2022\/12\/K-Box-K10515-Technic-Static-Version-BMW-Latte-Motorcycle-3-90x90.jpg 90w\" sizes=\"(max-width: 800px) 100vw, 800px\" \/><figcaption id=\"caption-attachment-38734\" class=\"wp-caption-text\">K-Box K10515 BMW Latte Motorrad mit 925tlg<\/figcaption><\/figure>\n<figure id=\"attachment_38735\" aria-describedby=\"caption-attachment-38735\" style=\"width: 800px\" class=\"wp-caption aligncenter\"><img loading=\"lazy\" decoding=\"async\" class=\"wp-image-38735 size-full\" src=\"https:\/\/mouldking.store\/wp-content\/uploads\/2022\/12\/K-Box-K10515-Technic-Static-Version-BMW-Latte-Motorcycle-2.jpg\" alt=\"K-Box K10515 BMW Latte Motorcycle With 925pcs\" width=\"800\" height=\"800\" title=\"-\" srcset=\"https:\/\/mouldking.store\/wp-content\/uploads\/2022\/12\/K-Box-K10515-Technic-Static-Version-BMW-Latte-Motorcycle-2.jpg 800w, https:\/\/mouldking.store\/wp-content\/uploads\/2022\/12\/K-Box-K10515-Technic-Static-Version-BMW-Latte-Motorcycle-2-300x300.jpg 300w, https:\/\/mouldking.store\/wp-content\/uploads\/2022\/12\/K-Box-K10515-Technic-Static-Version-BMW-Latte-Motorcycle-2-768x768.jpg 768w, https:\/\/mouldking.store\/wp-content\/uploads\/2022\/12\/K-Box-K10515-Technic-Static-Version-BMW-Latte-Motorcycle-2-600x600.jpg 600w, https:\/\/mouldking.store\/wp-content\/uploads\/2022\/12\/K-Box-K10515-Technic-Static-Version-BMW-Latte-Motorcycle-2-150x150.jpg 150w, https:\/\/mouldking.store\/wp-content\/uploads\/2022\/12\/K-Box-K10515-Technic-Static-Version-BMW-Latte-Motorcycle-2-60x60.jpg 60w, https:\/\/mouldking.store\/wp-content\/uploads\/2022\/12\/K-Box-K10515-Technic-Static-Version-BMW-Latte-Motorcycle-2-90x90.jpg 90w\" sizes=\"(max-width: 800px) 100vw, 800px\" \/><figcaption id=\"caption-attachment-38735\" class=\"wp-caption-text\">K-Box K10515 BMW Latte Motorrad mit 925tlg<\/figcaption><\/figure>\n<figure id=\"attachment_38736\" aria-describedby=\"caption-attachment-38736\" style=\"width: 800px\" class=\"wp-caption aligncenter\"><img loading=\"lazy\" decoding=\"async\" class=\"wp-image-38736 size-full\" src=\"https:\/\/mouldking.store\/wp-content\/uploads\/2022\/12\/K-Box-K10515-Technic-Static-Version-BMW-Latte-Motorcycle-1.jpg\" alt=\"K-Box K10515 BMW Latte Motorcycle With 925pcs\" width=\"800\" height=\"800\" title=\"-\" srcset=\"https:\/\/mouldking.store\/wp-content\/uploads\/2022\/12\/K-Box-K10515-Technic-Static-Version-BMW-Latte-Motorcycle-1.jpg 800w, https:\/\/mouldking.store\/wp-content\/uploads\/2022\/12\/K-Box-K10515-Technic-Static-Version-BMW-Latte-Motorcycle-1-300x300.jpg 300w, https:\/\/mouldking.store\/wp-content\/uploads\/2022\/12\/K-Box-K10515-Technic-Static-Version-BMW-Latte-Motorcycle-1-768x768.jpg 768w, https:\/\/mouldking.store\/wp-content\/uploads\/2022\/12\/K-Box-K10515-Technic-Static-Version-BMW-Latte-Motorcycle-1-600x600.jpg 600w, https:\/\/mouldking.store\/wp-content\/uploads\/2022\/12\/K-Box-K10515-Technic-Static-Version-BMW-Latte-Motorcycle-1-150x150.jpg 150w, https:\/\/mouldking.store\/wp-content\/uploads\/2022\/12\/K-Box-K10515-Technic-Static-Version-BMW-Latte-Motorcycle-1-60x60.jpg 60w, https:\/\/mouldking.store\/wp-content\/uploads\/2022\/12\/K-Box-K10515-Technic-Static-Version-BMW-Latte-Motorcycle-1-90x90.jpg 90w\" sizes=\"(max-width: 800px) 100vw, 800px\" \/><figcaption id=\"caption-attachment-38736\" class=\"wp-caption-text\">K-Box K10515 BMW Latte Motorrad mit 925tlg<\/figcaption><\/figure>","protected":false},"excerpt":{"rendered":"<p>Product information: Brand: K-Box Gender: Unisex Name: BMW Latte Motorcycle Age Range: &gt; 6 years old Model Number: K10515 Classification: Assemblage Plastic Block Shape: Self-Locking Bricks Material: Plastic Plastic Type: ABS Bricks Blocks:925pcs Size: 33 \u00d7 11.5 \u00d7 14 cm Contains detailed assembly instructions. Notice: 1. Without an original box, but we guarantee our products [&hellip;]<\/p>","protected":false},"featured_media":38732,"comment_status":"closed","ping_status":"closed","template":"","meta":{"_acf_changed":false},"product_cat":[1357],"product_tag":[5583,10124,2969,10125,10126,10120,10121,10122,10123,2449],"class_list":["product","first","instock","shipping-taxable","purchasable","product-type-simple"],"acf":[],"_links":{"self":[{"href":"https:\/\/mouldking.store\/de\/wp-json\/wp\/v2\/product\/38730","targetHints":{"allow":["GET"]}}],"collection":[{"href":"https:\/\/mouldking.store\/de\/wp-json\/wp\/v2\/product"}],"about":[{"href":"https:\/\/mouldking.store\/de\/wp-json\/wp\/v2\/types\/product"}],"replies":[{"embeddable":true,"href":"https:\/\/mouldking.store\/de\/wp-json\/wp\/v2\/comments?post=38730"}],"wp:featuredmedia":[{"embeddable":true,"href":"https:\/\/mouldking.store\/de\/wp-json\/wp\/v2\/media\/38732"}],"wp:attachment":[{"href":"https:\/\/mouldking.store\/de\/wp-json\/wp\/v2\/media?parent=38730"}],"wp:term":[{"taxonomy":"product_cat","embeddable":true,"href":"https:\/\/mouldking.store\/de\/wp-json\/wp\/v2\/product_cat?post=38730"},{"taxonomy":"product_tag","embeddable":true,"href":"https:\/\/mouldking.store\/de\/wp-json\/wp\/v2\/product_tag?post=38730"}],"curies":[{"name":"wp","href":"https:\/\/api.w.org\/{rel}","templated":true}]}}