{"id":38731,"date":"2022-12-23T10:50:35","date_gmt":"2022-12-23T03:50:35","guid":{"rendered":"https:\/\/mouldking.store\/?post_type=product&#038;p=38731"},"modified":"2022-12-23T10:50:35","modified_gmt":"2022-12-23T03:50:35","slug":"k-box-k10509-1949-madililed-vehicle-with-2618pcs","status":"publish","type":"product","link":"https:\/\/mouldking.store\/de\/shop\/k-box-k10509-1949-madililed-vehicle-with-2618pcs\/","title":{"rendered":"K-BOX K10509 1949 Madililed Vehicle With 2618pcs"},"content":{"rendered":"<p>Produktinformation:<\/p>\n<ol>\n<li>Marke: K-BOX<\/li>\n<li>Geschlecht: Unisex<\/li>\n<li>Name: 1949 Madililed Vehicle<\/li>\n<li>Altersspanne: &gt; 6 Jahre alt<\/li>\n<li>Modellnummer: K10509<\/li>\n<li>Einstufung: Assemblage<\/li>\n<li>Kunststoffblockform: Selbstsichernde Steine<\/li>\n<li>Material: Kunststoff<\/li>\n<li>Kunststofftyp: ABS<\/li>\n<li>Ziegelsteine: 2618 St\u00fcck<\/li>\n<li>Gr\u00f6\u00dfe: 49 \u00d7 24,5 \u00d7 13 cm<\/li>\n<li>Enth\u00e4lt eine ausf\u00fchrliche Montageanleitung.<\/li>\n<\/ol>\n<p>Notiz:<br \/>\n1. Ohne Originalverpackung, aber wir garantieren, dass unsere Produkte eine Qualit\u00e4tssicherung und eine sch\u00f6ne Verpackung haben.<br \/>\n2. Wie alle Teile, die wir vor dem Versand \u00fcberpr\u00fcft haben, machen Sie sich keine Sorgen, wenn Sie feststellen, dass einige Teile fehlen oder besch\u00e4digt sind, und kontaktieren Sie uns einfach, und wir k\u00f6nnen sie Ihnen umgehend kostenlos erneut zusenden.<\/p>\n<figure id=\"attachment_38737\" aria-describedby=\"caption-attachment-38737\" style=\"width: 800px\" class=\"wp-caption aligncenter\"><img fetchpriority=\"high\" decoding=\"async\" class=\"wp-image-38737 size-full\" src=\"https:\/\/mouldking.store\/wp-content\/uploads\/2022\/12\/K-BOX-K10509-Technic-1949-Madililed-Vehicle-5.jpg\" alt=\"K-BOX K10509 1949 Madililed Vehicle With 2618pcs\" width=\"800\" height=\"800\" title=\"-\" srcset=\"https:\/\/mouldking.store\/wp-content\/uploads\/2022\/12\/K-BOX-K10509-Technic-1949-Madililed-Vehicle-5.jpg 800w, https:\/\/mouldking.store\/wp-content\/uploads\/2022\/12\/K-BOX-K10509-Technic-1949-Madililed-Vehicle-5-300x300.jpg 300w, https:\/\/mouldking.store\/wp-content\/uploads\/2022\/12\/K-BOX-K10509-Technic-1949-Madililed-Vehicle-5-768x768.jpg 768w, https:\/\/mouldking.store\/wp-content\/uploads\/2022\/12\/K-BOX-K10509-Technic-1949-Madililed-Vehicle-5-600x600.jpg 600w, https:\/\/mouldking.store\/wp-content\/uploads\/2022\/12\/K-BOX-K10509-Technic-1949-Madililed-Vehicle-5-150x150.jpg 150w, https:\/\/mouldking.store\/wp-content\/uploads\/2022\/12\/K-BOX-K10509-Technic-1949-Madililed-Vehicle-5-60x60.jpg 60w, https:\/\/mouldking.store\/wp-content\/uploads\/2022\/12\/K-BOX-K10509-Technic-1949-Madililed-Vehicle-5-90x90.jpg 90w\" sizes=\"(max-width: 800px) 100vw, 800px\" \/><figcaption id=\"caption-attachment-38737\" class=\"wp-caption-text\">K-BOX K10509 1949 Madililed Vehicle With 2618pcs<\/figcaption><\/figure>\n<figure id=\"attachment_38738\" aria-describedby=\"caption-attachment-38738\" style=\"width: 800px\" class=\"wp-caption aligncenter\"><img decoding=\"async\" class=\"wp-image-38738 size-full\" src=\"https:\/\/mouldking.store\/wp-content\/uploads\/2022\/12\/K-BOX-K10509-Technic-1949-Madililed-Vehicle-4.jpg\" alt=\"K-BOX K10509 1949 Madililed Vehicle With 2618pcs\" width=\"800\" height=\"800\" title=\"-\" srcset=\"https:\/\/mouldking.store\/wp-content\/uploads\/2022\/12\/K-BOX-K10509-Technic-1949-Madililed-Vehicle-4.jpg 800w, https:\/\/mouldking.store\/wp-content\/uploads\/2022\/12\/K-BOX-K10509-Technic-1949-Madililed-Vehicle-4-300x300.jpg 300w, https:\/\/mouldking.store\/wp-content\/uploads\/2022\/12\/K-BOX-K10509-Technic-1949-Madililed-Vehicle-4-768x768.jpg 768w, https:\/\/mouldking.store\/wp-content\/uploads\/2022\/12\/K-BOX-K10509-Technic-1949-Madililed-Vehicle-4-600x600.jpg 600w, https:\/\/mouldking.store\/wp-content\/uploads\/2022\/12\/K-BOX-K10509-Technic-1949-Madililed-Vehicle-4-150x150.jpg 150w, https:\/\/mouldking.store\/wp-content\/uploads\/2022\/12\/K-BOX-K10509-Technic-1949-Madililed-Vehicle-4-60x60.jpg 60w, https:\/\/mouldking.store\/wp-content\/uploads\/2022\/12\/K-BOX-K10509-Technic-1949-Madililed-Vehicle-4-90x90.jpg 90w\" sizes=\"(max-width: 800px) 100vw, 800px\" \/><figcaption id=\"caption-attachment-38738\" class=\"wp-caption-text\">K-BOX K10509 1949 Madililed Vehicle With 2618pcs<\/figcaption><\/figure>\n<figure id=\"attachment_38739\" aria-describedby=\"caption-attachment-38739\" style=\"width: 800px\" class=\"wp-caption aligncenter\"><img decoding=\"async\" class=\"wp-image-38739 size-full\" src=\"https:\/\/mouldking.store\/wp-content\/uploads\/2022\/12\/K-BOX-K10509-Technic-1949-Madililed-Vehicle-43.jpg\" alt=\"K-BOX K10509 1949 Madililed Vehicle With 2618pcs\" width=\"800\" height=\"800\" title=\"-\" srcset=\"https:\/\/mouldking.store\/wp-content\/uploads\/2022\/12\/K-BOX-K10509-Technic-1949-Madililed-Vehicle-43.jpg 800w, https:\/\/mouldking.store\/wp-content\/uploads\/2022\/12\/K-BOX-K10509-Technic-1949-Madililed-Vehicle-43-300x300.jpg 300w, https:\/\/mouldking.store\/wp-content\/uploads\/2022\/12\/K-BOX-K10509-Technic-1949-Madililed-Vehicle-43-768x768.jpg 768w, https:\/\/mouldking.store\/wp-content\/uploads\/2022\/12\/K-BOX-K10509-Technic-1949-Madililed-Vehicle-43-600x600.jpg 600w, https:\/\/mouldking.store\/wp-content\/uploads\/2022\/12\/K-BOX-K10509-Technic-1949-Madililed-Vehicle-43-150x150.jpg 150w, https:\/\/mouldking.store\/wp-content\/uploads\/2022\/12\/K-BOX-K10509-Technic-1949-Madililed-Vehicle-43-60x60.jpg 60w, https:\/\/mouldking.store\/wp-content\/uploads\/2022\/12\/K-BOX-K10509-Technic-1949-Madililed-Vehicle-43-90x90.jpg 90w\" sizes=\"(max-width: 800px) 100vw, 800px\" \/><figcaption id=\"caption-attachment-38739\" class=\"wp-caption-text\">K-BOX K10509 1949 Madililed Vehicle With 2618pcs<\/figcaption><\/figure>\n<figure id=\"attachment_38740\" aria-describedby=\"caption-attachment-38740\" style=\"width: 800px\" class=\"wp-caption aligncenter\"><img loading=\"lazy\" decoding=\"async\" class=\"wp-image-38740 size-full\" src=\"https:\/\/mouldking.store\/wp-content\/uploads\/2022\/12\/K-BOX-K10509-Technic-1949-Madililed-Vehicle-2.jpg\" alt=\"K-BOX K10509 1949 Madililed Vehicle With 2618pcs\" width=\"800\" height=\"800\" title=\"-\" srcset=\"https:\/\/mouldking.store\/wp-content\/uploads\/2022\/12\/K-BOX-K10509-Technic-1949-Madililed-Vehicle-2.jpg 800w, https:\/\/mouldking.store\/wp-content\/uploads\/2022\/12\/K-BOX-K10509-Technic-1949-Madililed-Vehicle-2-300x300.jpg 300w, https:\/\/mouldking.store\/wp-content\/uploads\/2022\/12\/K-BOX-K10509-Technic-1949-Madililed-Vehicle-2-768x768.jpg 768w, https:\/\/mouldking.store\/wp-content\/uploads\/2022\/12\/K-BOX-K10509-Technic-1949-Madililed-Vehicle-2-600x600.jpg 600w, https:\/\/mouldking.store\/wp-content\/uploads\/2022\/12\/K-BOX-K10509-Technic-1949-Madililed-Vehicle-2-150x150.jpg 150w, https:\/\/mouldking.store\/wp-content\/uploads\/2022\/12\/K-BOX-K10509-Technic-1949-Madililed-Vehicle-2-60x60.jpg 60w, https:\/\/mouldking.store\/wp-content\/uploads\/2022\/12\/K-BOX-K10509-Technic-1949-Madililed-Vehicle-2-90x90.jpg 90w\" sizes=\"(max-width: 800px) 100vw, 800px\" \/><figcaption id=\"caption-attachment-38740\" class=\"wp-caption-text\">K-BOX K10509 1949 Madililed Vehicle With 2618pcs<\/figcaption><\/figure>\n<figure id=\"attachment_38741\" aria-describedby=\"caption-attachment-38741\" style=\"width: 800px\" class=\"wp-caption aligncenter\"><img loading=\"lazy\" decoding=\"async\" class=\"wp-image-38741 size-full\" src=\"https:\/\/mouldking.store\/wp-content\/uploads\/2022\/12\/K-BOX-K10509-Technic-1949-Madililed-Vehicle-1.jpg\" alt=\"K-BOX K10509 1949 Madililed Vehicle With 2618pcs\" width=\"800\" height=\"800\" title=\"-\" srcset=\"https:\/\/mouldking.store\/wp-content\/uploads\/2022\/12\/K-BOX-K10509-Technic-1949-Madililed-Vehicle-1.jpg 800w, https:\/\/mouldking.store\/wp-content\/uploads\/2022\/12\/K-BOX-K10509-Technic-1949-Madililed-Vehicle-1-300x300.jpg 300w, https:\/\/mouldking.store\/wp-content\/uploads\/2022\/12\/K-BOX-K10509-Technic-1949-Madililed-Vehicle-1-768x768.jpg 768w, https:\/\/mouldking.store\/wp-content\/uploads\/2022\/12\/K-BOX-K10509-Technic-1949-Madililed-Vehicle-1-600x600.jpg 600w, https:\/\/mouldking.store\/wp-content\/uploads\/2022\/12\/K-BOX-K10509-Technic-1949-Madililed-Vehicle-1-150x150.jpg 150w, https:\/\/mouldking.store\/wp-content\/uploads\/2022\/12\/K-BOX-K10509-Technic-1949-Madililed-Vehicle-1-60x60.jpg 60w, https:\/\/mouldking.store\/wp-content\/uploads\/2022\/12\/K-BOX-K10509-Technic-1949-Madililed-Vehicle-1-90x90.jpg 90w\" sizes=\"(max-width: 800px) 100vw, 800px\" \/><figcaption id=\"caption-attachment-38741\" class=\"wp-caption-text\">K-BOX K10509 1949 Madililed Vehicle With 2618pcs<\/figcaption><\/figure>","protected":false},"excerpt":{"rendered":"<p>Product information: Brand: K-BOX Gender: Unisex Name: 1949 Madililed Vehicle Age Range: &gt; 6 years old Model Number: K10509 Classification: Assemblage Plastic Block Shape: Self-Locking Bricks Material: Plastic Plastic Type: ABS Bricks Blocks:2618pcs Size: 49 \u00d7 24.5 \u00d7 13 cm Contains detailed assembly instructions. Notice: 1. Without an original box, but we guarantee our products [&hellip;]<\/p>","protected":false},"featured_media":38737,"comment_status":"closed","ping_status":"closed","template":"","meta":{"_acf_changed":false},"product_cat":[1357],"product_tag":[10129,10131,2969,10132,10133,10127,10128,10130,2803],"class_list":["product","first","instock","shipping-taxable","purchasable","product-type-variable"],"acf":[],"_links":{"self":[{"href":"https:\/\/mouldking.store\/de\/wp-json\/wp\/v2\/product\/38731","targetHints":{"allow":["GET"]}}],"collection":[{"href":"https:\/\/mouldking.store\/de\/wp-json\/wp\/v2\/product"}],"about":[{"href":"https:\/\/mouldking.store\/de\/wp-json\/wp\/v2\/types\/product"}],"replies":[{"embeddable":true,"href":"https:\/\/mouldking.store\/de\/wp-json\/wp\/v2\/comments?post=38731"}],"wp:featuredmedia":[{"embeddable":true,"href":"https:\/\/mouldking.store\/de\/wp-json\/wp\/v2\/media\/38737"}],"wp:attachment":[{"href":"https:\/\/mouldking.store\/de\/wp-json\/wp\/v2\/media?parent=38731"}],"wp:term":[{"taxonomy":"product_cat","embeddable":true,"href":"https:\/\/mouldking.store\/de\/wp-json\/wp\/v2\/product_cat?post=38731"},{"taxonomy":"product_tag","embeddable":true,"href":"https:\/\/mouldking.store\/de\/wp-json\/wp\/v2\/product_tag?post=38731"}],"curies":[{"name":"wp","href":"https:\/\/api.w.org\/{rel}","templated":true}]}}