{"id":38742,"date":"2022-12-23T10:57:41","date_gmt":"2022-12-23T03:57:41","guid":{"rendered":"https:\/\/mouldking.store\/?post_type=product&#038;p=38742"},"modified":"2022-12-23T10:57:43","modified_gmt":"2022-12-23T03:57:43","slug":"mork-031071-forest-cabin-triangular-log-cabin-with-1689pcs","status":"publish","type":"product","link":"https:\/\/mouldking.store\/de\/shop\/mork-031071-forest-cabin-triangular-log-cabin-with-1689pcs\/","title":{"rendered":"Mork 031071 Waldhaus: Dreieckiges Blockhaus mit 1689tlg"},"content":{"rendered":"<p>Produktinformation:<\/p>\n<ol>\n<li>Marke: Morke<\/li>\n<li>Geschlecht: Unisex<\/li>\n<li>Name: Forest Cabin: Triangular Log Cabin<\/li>\n<li>Altersspanne: &gt; 6 Jahre alt<\/li>\n<li>Model Number: 031071<\/li>\n<li>Einstufung: Assemblage<\/li>\n<li>Kunststoffblockform: Selbstsichernde Steine<\/li>\n<li>Material: Kunststoff<\/li>\n<li>Kunststofftyp: ABS<\/li>\n<li>Bricks Blocks:1689pcs<\/li>\n<li>Size: 30 \u00d7 24.5 \u00d7 27 cm<\/li>\n<li>Enth\u00e4lt eine ausf\u00fchrliche Montageanleitung.<\/li>\n<\/ol>\n<p>Notiz:<br \/>\n1. Ohne Originalverpackung, aber wir garantieren, dass unsere Produkte eine Qualit\u00e4tssicherung und eine sch\u00f6ne Verpackung haben.<br \/>\n2. Wie alle Teile, die wir vor dem Versand \u00fcberpr\u00fcft haben, machen Sie sich keine Sorgen, wenn Sie feststellen, dass einige Teile fehlen oder besch\u00e4digt sind, und kontaktieren Sie uns einfach, und wir k\u00f6nnen sie Ihnen umgehend kostenlos erneut zusenden.<\/p>\n<figure id=\"attachment_38746\" aria-describedby=\"caption-attachment-38746\" style=\"width: 800px\" class=\"wp-caption aligncenter\"><img fetchpriority=\"high\" decoding=\"async\" class=\"wp-image-38746 size-full\" src=\"https:\/\/mouldking.store\/wp-content\/uploads\/2022\/12\/Mork-031071-Creator-Expert-Forest-Cabin-6.jpg\" alt=\"Mork 031071 Forest Cabin: Triangular Log Cabin With 1689pcs\" width=\"800\" height=\"800\" title=\"-\" srcset=\"https:\/\/mouldking.store\/wp-content\/uploads\/2022\/12\/Mork-031071-Creator-Expert-Forest-Cabin-6.jpg 800w, https:\/\/mouldking.store\/wp-content\/uploads\/2022\/12\/Mork-031071-Creator-Expert-Forest-Cabin-6-300x300.jpg 300w, https:\/\/mouldking.store\/wp-content\/uploads\/2022\/12\/Mork-031071-Creator-Expert-Forest-Cabin-6-768x768.jpg 768w, https:\/\/mouldking.store\/wp-content\/uploads\/2022\/12\/Mork-031071-Creator-Expert-Forest-Cabin-6-600x600.jpg 600w, https:\/\/mouldking.store\/wp-content\/uploads\/2022\/12\/Mork-031071-Creator-Expert-Forest-Cabin-6-150x150.jpg 150w, https:\/\/mouldking.store\/wp-content\/uploads\/2022\/12\/Mork-031071-Creator-Expert-Forest-Cabin-6-60x60.jpg 60w, https:\/\/mouldking.store\/wp-content\/uploads\/2022\/12\/Mork-031071-Creator-Expert-Forest-Cabin-6-90x90.jpg 90w\" sizes=\"(max-width: 800px) 100vw, 800px\" \/><figcaption id=\"caption-attachment-38746\" class=\"wp-caption-text\">Mork 031071 Waldhaus: Dreieckiges Blockhaus mit 1689tlg<\/figcaption><\/figure>\n<figure id=\"attachment_38747\" aria-describedby=\"caption-attachment-38747\" style=\"width: 800px\" class=\"wp-caption aligncenter\"><img decoding=\"async\" class=\"wp-image-38747 size-full\" src=\"https:\/\/mouldking.store\/wp-content\/uploads\/2022\/12\/Mork-031071-Creator-Expert-Forest-Cabin-5.jpg\" alt=\"Mork 031071 Forest Cabin: Triangular Log Cabin With 1689pcs\" width=\"800\" height=\"800\" title=\"-\" srcset=\"https:\/\/mouldking.store\/wp-content\/uploads\/2022\/12\/Mork-031071-Creator-Expert-Forest-Cabin-5.jpg 800w, https:\/\/mouldking.store\/wp-content\/uploads\/2022\/12\/Mork-031071-Creator-Expert-Forest-Cabin-5-300x300.jpg 300w, https:\/\/mouldking.store\/wp-content\/uploads\/2022\/12\/Mork-031071-Creator-Expert-Forest-Cabin-5-768x768.jpg 768w, https:\/\/mouldking.store\/wp-content\/uploads\/2022\/12\/Mork-031071-Creator-Expert-Forest-Cabin-5-600x600.jpg 600w, https:\/\/mouldking.store\/wp-content\/uploads\/2022\/12\/Mork-031071-Creator-Expert-Forest-Cabin-5-150x150.jpg 150w, https:\/\/mouldking.store\/wp-content\/uploads\/2022\/12\/Mork-031071-Creator-Expert-Forest-Cabin-5-60x60.jpg 60w, https:\/\/mouldking.store\/wp-content\/uploads\/2022\/12\/Mork-031071-Creator-Expert-Forest-Cabin-5-90x90.jpg 90w\" sizes=\"(max-width: 800px) 100vw, 800px\" \/><figcaption id=\"caption-attachment-38747\" class=\"wp-caption-text\">Mork 031071 Waldhaus: Dreieckiges Blockhaus mit 1689tlg<\/figcaption><\/figure>\n<figure id=\"attachment_38748\" aria-describedby=\"caption-attachment-38748\" style=\"width: 800px\" class=\"wp-caption aligncenter\"><img decoding=\"async\" class=\"wp-image-38748 size-full\" src=\"https:\/\/mouldking.store\/wp-content\/uploads\/2022\/12\/Mork-031071-Creator-Expert-Forest-Cabin-4.jpg\" alt=\"Mork 031071 Forest Cabin: Triangular Log Cabin With 1689pcs\" width=\"800\" height=\"800\" title=\"-\" srcset=\"https:\/\/mouldking.store\/wp-content\/uploads\/2022\/12\/Mork-031071-Creator-Expert-Forest-Cabin-4.jpg 800w, https:\/\/mouldking.store\/wp-content\/uploads\/2022\/12\/Mork-031071-Creator-Expert-Forest-Cabin-4-300x300.jpg 300w, https:\/\/mouldking.store\/wp-content\/uploads\/2022\/12\/Mork-031071-Creator-Expert-Forest-Cabin-4-768x768.jpg 768w, https:\/\/mouldking.store\/wp-content\/uploads\/2022\/12\/Mork-031071-Creator-Expert-Forest-Cabin-4-600x600.jpg 600w, https:\/\/mouldking.store\/wp-content\/uploads\/2022\/12\/Mork-031071-Creator-Expert-Forest-Cabin-4-150x150.jpg 150w, https:\/\/mouldking.store\/wp-content\/uploads\/2022\/12\/Mork-031071-Creator-Expert-Forest-Cabin-4-60x60.jpg 60w, https:\/\/mouldking.store\/wp-content\/uploads\/2022\/12\/Mork-031071-Creator-Expert-Forest-Cabin-4-90x90.jpg 90w\" sizes=\"(max-width: 800px) 100vw, 800px\" \/><figcaption id=\"caption-attachment-38748\" class=\"wp-caption-text\">Mork 031071 Waldhaus: Dreieckiges Blockhaus mit 1689tlg<\/figcaption><\/figure>\n<figure id=\"attachment_38749\" aria-describedby=\"caption-attachment-38749\" style=\"width: 800px\" class=\"wp-caption aligncenter\"><img loading=\"lazy\" decoding=\"async\" class=\"wp-image-38749 size-full\" src=\"https:\/\/mouldking.store\/wp-content\/uploads\/2022\/12\/Mork-031071-Creator-Expert-Forest-Cabin-3.jpg\" alt=\"Mork 031071 Forest Cabin: Triangular Log Cabin With 1689pcs\" width=\"800\" height=\"800\" title=\"-\" srcset=\"https:\/\/mouldking.store\/wp-content\/uploads\/2022\/12\/Mork-031071-Creator-Expert-Forest-Cabin-3.jpg 800w, https:\/\/mouldking.store\/wp-content\/uploads\/2022\/12\/Mork-031071-Creator-Expert-Forest-Cabin-3-300x300.jpg 300w, https:\/\/mouldking.store\/wp-content\/uploads\/2022\/12\/Mork-031071-Creator-Expert-Forest-Cabin-3-768x768.jpg 768w, https:\/\/mouldking.store\/wp-content\/uploads\/2022\/12\/Mork-031071-Creator-Expert-Forest-Cabin-3-600x600.jpg 600w, https:\/\/mouldking.store\/wp-content\/uploads\/2022\/12\/Mork-031071-Creator-Expert-Forest-Cabin-3-150x150.jpg 150w, https:\/\/mouldking.store\/wp-content\/uploads\/2022\/12\/Mork-031071-Creator-Expert-Forest-Cabin-3-60x60.jpg 60w, https:\/\/mouldking.store\/wp-content\/uploads\/2022\/12\/Mork-031071-Creator-Expert-Forest-Cabin-3-90x90.jpg 90w\" sizes=\"(max-width: 800px) 100vw, 800px\" \/><figcaption id=\"caption-attachment-38749\" class=\"wp-caption-text\">Mork 031071 Waldhaus: Dreieckiges Blockhaus mit 1689tlg<\/figcaption><\/figure>\n<figure id=\"attachment_38750\" aria-describedby=\"caption-attachment-38750\" style=\"width: 800px\" class=\"wp-caption aligncenter\"><img loading=\"lazy\" decoding=\"async\" class=\"wp-image-38750 size-full\" src=\"https:\/\/mouldking.store\/wp-content\/uploads\/2022\/12\/Mork-031071-Creator-Expert-Forest-Cabin-2.jpg\" alt=\"Mork 031071 Forest Cabin: Triangular Log Cabin With 1689pcs\" width=\"800\" height=\"800\" title=\"-\" srcset=\"https:\/\/mouldking.store\/wp-content\/uploads\/2022\/12\/Mork-031071-Creator-Expert-Forest-Cabin-2.jpg 800w, https:\/\/mouldking.store\/wp-content\/uploads\/2022\/12\/Mork-031071-Creator-Expert-Forest-Cabin-2-300x300.jpg 300w, https:\/\/mouldking.store\/wp-content\/uploads\/2022\/12\/Mork-031071-Creator-Expert-Forest-Cabin-2-768x768.jpg 768w, https:\/\/mouldking.store\/wp-content\/uploads\/2022\/12\/Mork-031071-Creator-Expert-Forest-Cabin-2-600x600.jpg 600w, https:\/\/mouldking.store\/wp-content\/uploads\/2022\/12\/Mork-031071-Creator-Expert-Forest-Cabin-2-150x150.jpg 150w, https:\/\/mouldking.store\/wp-content\/uploads\/2022\/12\/Mork-031071-Creator-Expert-Forest-Cabin-2-60x60.jpg 60w, https:\/\/mouldking.store\/wp-content\/uploads\/2022\/12\/Mork-031071-Creator-Expert-Forest-Cabin-2-90x90.jpg 90w\" sizes=\"(max-width: 800px) 100vw, 800px\" \/><figcaption id=\"caption-attachment-38750\" class=\"wp-caption-text\">Mork 031071 Waldhaus: Dreieckiges Blockhaus mit 1689tlg<\/figcaption><\/figure>\n<figure id=\"attachment_38751\" aria-describedby=\"caption-attachment-38751\" style=\"width: 800px\" class=\"wp-caption aligncenter\"><img loading=\"lazy\" decoding=\"async\" class=\"wp-image-38751 size-full\" src=\"https:\/\/mouldking.store\/wp-content\/uploads\/2022\/12\/Mork-031071-Creator-Expert-Forest-Cabin-1.jpg\" alt=\"Mork 031071 Forest Cabin: Triangular Log Cabin With 1689pcs\" width=\"800\" height=\"800\" title=\"-\" srcset=\"https:\/\/mouldking.store\/wp-content\/uploads\/2022\/12\/Mork-031071-Creator-Expert-Forest-Cabin-1.jpg 800w, https:\/\/mouldking.store\/wp-content\/uploads\/2022\/12\/Mork-031071-Creator-Expert-Forest-Cabin-1-300x300.jpg 300w, https:\/\/mouldking.store\/wp-content\/uploads\/2022\/12\/Mork-031071-Creator-Expert-Forest-Cabin-1-768x768.jpg 768w, https:\/\/mouldking.store\/wp-content\/uploads\/2022\/12\/Mork-031071-Creator-Expert-Forest-Cabin-1-600x600.jpg 600w, https:\/\/mouldking.store\/wp-content\/uploads\/2022\/12\/Mork-031071-Creator-Expert-Forest-Cabin-1-150x150.jpg 150w, https:\/\/mouldking.store\/wp-content\/uploads\/2022\/12\/Mork-031071-Creator-Expert-Forest-Cabin-1-60x60.jpg 60w, https:\/\/mouldking.store\/wp-content\/uploads\/2022\/12\/Mork-031071-Creator-Expert-Forest-Cabin-1-90x90.jpg 90w\" sizes=\"(max-width: 800px) 100vw, 800px\" \/><figcaption id=\"caption-attachment-38751\" class=\"wp-caption-text\">Mork 031071 Waldhaus: Dreieckiges Blockhaus mit 1689tlg<\/figcaption><\/figure>","protected":false},"excerpt":{"rendered":"<p>Product information: Brand: Mork Gender: Unisex Name: Forest Cabin: Triangular Log Cabin Age Range: &gt; 6 years old Model Number: 031071 Classification: Assemblage Plastic Block Shape: Self-Locking Bricks Material: Plastic Plastic Type: ABS Bricks Blocks:1689pcs Size: 30 \u00d7 24.5 \u00d7 27 cm Contains detailed assembly instructions. Notice: 1. Without an original box, but we guarantee [&hellip;]<\/p>","protected":false},"featured_media":38746,"comment_status":"closed","ping_status":"closed","template":"","meta":{"_acf_changed":false},"product_cat":[1365],"product_tag":[10135,10138,3727,10141,10137,10139,2352,10142,10134,10136,10140],"class_list":["product","first","instock","shipping-taxable","purchasable","product-type-simple"],"acf":[],"_links":{"self":[{"href":"https:\/\/mouldking.store\/de\/wp-json\/wp\/v2\/product\/38742","targetHints":{"allow":["GET"]}}],"collection":[{"href":"https:\/\/mouldking.store\/de\/wp-json\/wp\/v2\/product"}],"about":[{"href":"https:\/\/mouldking.store\/de\/wp-json\/wp\/v2\/types\/product"}],"replies":[{"embeddable":true,"href":"https:\/\/mouldking.store\/de\/wp-json\/wp\/v2\/comments?post=38742"}],"wp:featuredmedia":[{"embeddable":true,"href":"https:\/\/mouldking.store\/de\/wp-json\/wp\/v2\/media\/38746"}],"wp:attachment":[{"href":"https:\/\/mouldking.store\/de\/wp-json\/wp\/v2\/media?parent=38742"}],"wp:term":[{"taxonomy":"product_cat","embeddable":true,"href":"https:\/\/mouldking.store\/de\/wp-json\/wp\/v2\/product_cat?post=38742"},{"taxonomy":"product_tag","embeddable":true,"href":"https:\/\/mouldking.store\/de\/wp-json\/wp\/v2\/product_tag?post=38742"}],"curies":[{"name":"wp","href":"https:\/\/api.w.org\/{rel}","templated":true}]}}