{"id":38745,"date":"2022-12-23T10:59:26","date_gmt":"2022-12-23T03:59:26","guid":{"rendered":"https:\/\/mouldking.store\/?post_type=product&#038;p=38745"},"modified":"2022-12-23T10:59:28","modified_gmt":"2022-12-23T03:59:28","slug":"jaki-1302-music-box-colorful-christmas-tree-with-360-pieces","status":"publish","type":"product","link":"https:\/\/mouldking.store\/de\/shop\/jaki-1302-music-box-colorful-christmas-tree-with-360-pieces\/","title":{"rendered":"JAKI 1302 Spieluhr: Bunter Weihnachtsbaum mit 360 Teilen"},"content":{"rendered":"<p>Produktinformation:<\/p>\n<ol>\n<li>Marke: JAKI<\/li>\n<li>Geschlecht: Unisex<\/li>\n<li>Name: Music Box: Colorful Christmas Tree<\/li>\n<li>Altersspanne: &gt; 6 Jahre alt<\/li>\n<li>Model Number: 1302<\/li>\n<li>Einstufung: Assemblage<\/li>\n<li>Kunststoffblockform: Selbstsichernde Steine<\/li>\n<li>Material: Kunststoff<\/li>\n<li>Kunststofftyp: ABS<\/li>\n<li>Bricks Blocks:360\u00a0PCS<\/li>\n<li>Enth\u00e4lt eine ausf\u00fchrliche Montageanleitung.<\/li>\n<\/ol>\n<p>Notiz:<br \/>\n1. Ohne Originalverpackung, aber wir garantieren, dass unsere Produkte eine Qualit\u00e4tssicherung und eine sch\u00f6ne Verpackung haben.<br \/>\n2. Wie alle Teile, die wir vor dem Versand \u00fcberpr\u00fcft haben, machen Sie sich keine Sorgen, wenn Sie feststellen, dass einige Teile fehlen oder besch\u00e4digt sind, und kontaktieren Sie uns einfach, und wir k\u00f6nnen sie Ihnen umgehend kostenlos erneut zusenden.<\/p>\n<figure id=\"attachment_38752\" aria-describedby=\"caption-attachment-38752\" style=\"width: 800px\" class=\"wp-caption aligncenter\"><img fetchpriority=\"high\" decoding=\"async\" class=\"wp-image-38752 size-full\" src=\"https:\/\/mouldking.store\/wp-content\/uploads\/2022\/12\/JAKI-1302-Christmas-Gift-Toys-DIY-Music-Box-Christmas-Tree-3.jpg\" alt=\"JAKI 1302 Music Box: Colorful Christmas Tree With 360 Pieces\" width=\"800\" height=\"800\" title=\"-\" srcset=\"https:\/\/mouldking.store\/wp-content\/uploads\/2022\/12\/JAKI-1302-Christmas-Gift-Toys-DIY-Music-Box-Christmas-Tree-3.jpg 800w, https:\/\/mouldking.store\/wp-content\/uploads\/2022\/12\/JAKI-1302-Christmas-Gift-Toys-DIY-Music-Box-Christmas-Tree-3-300x300.jpg 300w, https:\/\/mouldking.store\/wp-content\/uploads\/2022\/12\/JAKI-1302-Christmas-Gift-Toys-DIY-Music-Box-Christmas-Tree-3-768x768.jpg 768w, https:\/\/mouldking.store\/wp-content\/uploads\/2022\/12\/JAKI-1302-Christmas-Gift-Toys-DIY-Music-Box-Christmas-Tree-3-600x600.jpg 600w, https:\/\/mouldking.store\/wp-content\/uploads\/2022\/12\/JAKI-1302-Christmas-Gift-Toys-DIY-Music-Box-Christmas-Tree-3-150x150.jpg 150w, https:\/\/mouldking.store\/wp-content\/uploads\/2022\/12\/JAKI-1302-Christmas-Gift-Toys-DIY-Music-Box-Christmas-Tree-3-60x60.jpg 60w, https:\/\/mouldking.store\/wp-content\/uploads\/2022\/12\/JAKI-1302-Christmas-Gift-Toys-DIY-Music-Box-Christmas-Tree-3-90x90.jpg 90w\" sizes=\"(max-width: 800px) 100vw, 800px\" \/><figcaption id=\"caption-attachment-38752\" class=\"wp-caption-text\">JAKI 1302 Spieluhr: Bunter Weihnachtsbaum mit 360 Teilen<\/figcaption><\/figure>\n<figure id=\"attachment_38753\" aria-describedby=\"caption-attachment-38753\" style=\"width: 800px\" class=\"wp-caption aligncenter\"><img decoding=\"async\" class=\"wp-image-38753 size-full\" src=\"https:\/\/mouldking.store\/wp-content\/uploads\/2022\/12\/JAKI-1302-Christmas-Gift-Toys-DIY-Music-Box-Christmas-Tree-2.jpg\" alt=\"JAKI 1302 Music Box: Colorful Christmas Tree With 360 Pieces\" width=\"800\" height=\"800\" title=\"-\" srcset=\"https:\/\/mouldking.store\/wp-content\/uploads\/2022\/12\/JAKI-1302-Christmas-Gift-Toys-DIY-Music-Box-Christmas-Tree-2.jpg 800w, https:\/\/mouldking.store\/wp-content\/uploads\/2022\/12\/JAKI-1302-Christmas-Gift-Toys-DIY-Music-Box-Christmas-Tree-2-300x300.jpg 300w, https:\/\/mouldking.store\/wp-content\/uploads\/2022\/12\/JAKI-1302-Christmas-Gift-Toys-DIY-Music-Box-Christmas-Tree-2-768x768.jpg 768w, https:\/\/mouldking.store\/wp-content\/uploads\/2022\/12\/JAKI-1302-Christmas-Gift-Toys-DIY-Music-Box-Christmas-Tree-2-600x600.jpg 600w, https:\/\/mouldking.store\/wp-content\/uploads\/2022\/12\/JAKI-1302-Christmas-Gift-Toys-DIY-Music-Box-Christmas-Tree-2-150x150.jpg 150w, https:\/\/mouldking.store\/wp-content\/uploads\/2022\/12\/JAKI-1302-Christmas-Gift-Toys-DIY-Music-Box-Christmas-Tree-2-60x60.jpg 60w, https:\/\/mouldking.store\/wp-content\/uploads\/2022\/12\/JAKI-1302-Christmas-Gift-Toys-DIY-Music-Box-Christmas-Tree-2-90x90.jpg 90w\" sizes=\"(max-width: 800px) 100vw, 800px\" \/><figcaption id=\"caption-attachment-38753\" class=\"wp-caption-text\">JAKI 1302 Spieluhr: Bunter Weihnachtsbaum mit 360 Teilen<\/figcaption><\/figure>\n<figure id=\"attachment_38754\" aria-describedby=\"caption-attachment-38754\" style=\"width: 800px\" class=\"wp-caption aligncenter\"><img decoding=\"async\" class=\"wp-image-38754 size-full\" src=\"https:\/\/mouldking.store\/wp-content\/uploads\/2022\/12\/JAKI-1302-Christmas-Gift-Toys-DIY-Music-Box-Christmas-Tree-1.jpg\" alt=\"JAKI 1302 Music Box: Colorful Christmas Tree With 360 Pieces\" width=\"800\" height=\"800\" title=\"-\" srcset=\"https:\/\/mouldking.store\/wp-content\/uploads\/2022\/12\/JAKI-1302-Christmas-Gift-Toys-DIY-Music-Box-Christmas-Tree-1.jpg 800w, https:\/\/mouldking.store\/wp-content\/uploads\/2022\/12\/JAKI-1302-Christmas-Gift-Toys-DIY-Music-Box-Christmas-Tree-1-300x300.jpg 300w, https:\/\/mouldking.store\/wp-content\/uploads\/2022\/12\/JAKI-1302-Christmas-Gift-Toys-DIY-Music-Box-Christmas-Tree-1-768x768.jpg 768w, https:\/\/mouldking.store\/wp-content\/uploads\/2022\/12\/JAKI-1302-Christmas-Gift-Toys-DIY-Music-Box-Christmas-Tree-1-600x600.jpg 600w, https:\/\/mouldking.store\/wp-content\/uploads\/2022\/12\/JAKI-1302-Christmas-Gift-Toys-DIY-Music-Box-Christmas-Tree-1-150x150.jpg 150w, https:\/\/mouldking.store\/wp-content\/uploads\/2022\/12\/JAKI-1302-Christmas-Gift-Toys-DIY-Music-Box-Christmas-Tree-1-60x60.jpg 60w, https:\/\/mouldking.store\/wp-content\/uploads\/2022\/12\/JAKI-1302-Christmas-Gift-Toys-DIY-Music-Box-Christmas-Tree-1-90x90.jpg 90w\" sizes=\"(max-width: 800px) 100vw, 800px\" \/><figcaption id=\"caption-attachment-38754\" class=\"wp-caption-text\">JAKI 1302 Spieluhr: Bunter Weihnachtsbaum mit 360 Teilen<\/figcaption><\/figure>","protected":false},"excerpt":{"rendered":"<p>Product information: Brand: JAKI Gender: Unisex Name: Music Box: Colorful Christmas Tree Age Range: &gt; 6 years old Model Number: 1302 Classification: Assemblage Plastic Block Shape: Self-Locking Bricks Material: Plastic Plastic Type: ABS Bricks Blocks:360\u00a0PCS Contains detailed assembly instructions. Notice: 1. Without an original box, but we guarantee our products have quality assurance and nice [&hellip;]<\/p>","protected":false},"featured_media":38752,"comment_status":"closed","ping_status":"closed","template":"","meta":{"_acf_changed":false},"product_cat":[1365],"product_tag":[10144,1066,3381,10146,6440,10148,10149,10143,10145,10147,5983],"class_list":["product","first","instock","shipping-taxable","purchasable","product-type-simple"],"acf":[],"_links":{"self":[{"href":"https:\/\/mouldking.store\/de\/wp-json\/wp\/v2\/product\/38745","targetHints":{"allow":["GET"]}}],"collection":[{"href":"https:\/\/mouldking.store\/de\/wp-json\/wp\/v2\/product"}],"about":[{"href":"https:\/\/mouldking.store\/de\/wp-json\/wp\/v2\/types\/product"}],"replies":[{"embeddable":true,"href":"https:\/\/mouldking.store\/de\/wp-json\/wp\/v2\/comments?post=38745"}],"wp:featuredmedia":[{"embeddable":true,"href":"https:\/\/mouldking.store\/de\/wp-json\/wp\/v2\/media\/38752"}],"wp:attachment":[{"href":"https:\/\/mouldking.store\/de\/wp-json\/wp\/v2\/media?parent=38745"}],"wp:term":[{"taxonomy":"product_cat","embeddable":true,"href":"https:\/\/mouldking.store\/de\/wp-json\/wp\/v2\/product_cat?post=38745"},{"taxonomy":"product_tag","embeddable":true,"href":"https:\/\/mouldking.store\/de\/wp-json\/wp\/v2\/product_tag?post=38745"}],"curies":[{"name":"wp","href":"https:\/\/api.w.org\/{rel}","templated":true}]}}