{"id":38755,"date":"2022-12-23T11:03:40","date_gmt":"2022-12-23T04:03:40","guid":{"rendered":"https:\/\/mouldking.store\/?post_type=product&#038;p=38755"},"modified":"2022-12-23T11:03:41","modified_gmt":"2022-12-23T04:03:41","slug":"sembo-605027-christmas-hourglass-with-1967-pieces","status":"publish","type":"product","link":"https:\/\/mouldking.store\/de\/shop\/sembo-605027-christmas-hourglass-with-1967-pieces\/","title":{"rendered":"SEMBO 605027 Weihnachts-Sanduhr mit 1967 Teilen"},"content":{"rendered":"<p>Produktinformation:<\/p>\n<ol>\n<li>Marke: SEMBO<\/li>\n<li>Geschlecht: Unisex<\/li>\n<li>Name: Christmas Hourglass<\/li>\n<li>Altersspanne: &gt; 6 Jahre alt<\/li>\n<li>Model Number: 605027<\/li>\n<li>Einstufung: Assemblage<\/li>\n<li>Kunststoffblockform: Selbstsichernde Steine<\/li>\n<li>Material: Kunststoff<\/li>\n<li>Kunststofftyp: ABS<\/li>\n<li>Bricks Blocks:1967 PCS<\/li>\n<li>Size: 9.5 \u00d7 9.5 \u00d7 19 cm<\/li>\n<li>Enth\u00e4lt eine ausf\u00fchrliche Montageanleitung.<\/li>\n<\/ol>\n<p>Notiz:<br \/>\n1. Ohne Originalverpackung, aber wir garantieren, dass unsere Produkte eine Qualit\u00e4tssicherung und eine sch\u00f6ne Verpackung haben.<br \/>\n2. Wie alle Teile, die wir vor dem Versand \u00fcberpr\u00fcft haben, machen Sie sich keine Sorgen, wenn Sie feststellen, dass einige Teile fehlen oder besch\u00e4digt sind, und kontaktieren Sie uns einfach, und wir k\u00f6nnen sie Ihnen umgehend kostenlos erneut zusenden.<\/p>\n<figure id=\"attachment_38757\" aria-describedby=\"caption-attachment-38757\" style=\"width: 800px\" class=\"wp-caption aligncenter\"><img fetchpriority=\"high\" decoding=\"async\" class=\"wp-image-38757 size-full\" src=\"https:\/\/mouldking.store\/wp-content\/uploads\/2022\/12\/SEMBO-605027-Creator-Christmas-Toys-Christmas-Hourglass-5.jpg\" alt=\"SEMBO 605027 Christmas Hourglass With 1967 Pieces\" width=\"800\" height=\"800\" title=\"-\" srcset=\"https:\/\/mouldking.store\/wp-content\/uploads\/2022\/12\/SEMBO-605027-Creator-Christmas-Toys-Christmas-Hourglass-5.jpg 800w, https:\/\/mouldking.store\/wp-content\/uploads\/2022\/12\/SEMBO-605027-Creator-Christmas-Toys-Christmas-Hourglass-5-300x300.jpg 300w, https:\/\/mouldking.store\/wp-content\/uploads\/2022\/12\/SEMBO-605027-Creator-Christmas-Toys-Christmas-Hourglass-5-768x768.jpg 768w, https:\/\/mouldking.store\/wp-content\/uploads\/2022\/12\/SEMBO-605027-Creator-Christmas-Toys-Christmas-Hourglass-5-600x600.jpg 600w, https:\/\/mouldking.store\/wp-content\/uploads\/2022\/12\/SEMBO-605027-Creator-Christmas-Toys-Christmas-Hourglass-5-150x150.jpg 150w, https:\/\/mouldking.store\/wp-content\/uploads\/2022\/12\/SEMBO-605027-Creator-Christmas-Toys-Christmas-Hourglass-5-60x60.jpg 60w, https:\/\/mouldking.store\/wp-content\/uploads\/2022\/12\/SEMBO-605027-Creator-Christmas-Toys-Christmas-Hourglass-5-90x90.jpg 90w\" sizes=\"(max-width: 800px) 100vw, 800px\" \/><figcaption id=\"caption-attachment-38757\" class=\"wp-caption-text\">SEMBO 605027 Weihnachts-Sanduhr mit 1967 Teilen<\/figcaption><\/figure>\n<figure id=\"attachment_38758\" aria-describedby=\"caption-attachment-38758\" style=\"width: 800px\" class=\"wp-caption aligncenter\"><img decoding=\"async\" class=\"wp-image-38758 size-full\" src=\"https:\/\/mouldking.store\/wp-content\/uploads\/2022\/12\/SEMBO-605027-Creator-Christmas-Toys-Christmas-Hourglass-4.jpg\" alt=\"SEMBO 605027 Christmas Hourglass With 1967 Pieces\" width=\"800\" height=\"800\" title=\"-\" srcset=\"https:\/\/mouldking.store\/wp-content\/uploads\/2022\/12\/SEMBO-605027-Creator-Christmas-Toys-Christmas-Hourglass-4.jpg 800w, https:\/\/mouldking.store\/wp-content\/uploads\/2022\/12\/SEMBO-605027-Creator-Christmas-Toys-Christmas-Hourglass-4-300x300.jpg 300w, https:\/\/mouldking.store\/wp-content\/uploads\/2022\/12\/SEMBO-605027-Creator-Christmas-Toys-Christmas-Hourglass-4-768x768.jpg 768w, https:\/\/mouldking.store\/wp-content\/uploads\/2022\/12\/SEMBO-605027-Creator-Christmas-Toys-Christmas-Hourglass-4-600x600.jpg 600w, https:\/\/mouldking.store\/wp-content\/uploads\/2022\/12\/SEMBO-605027-Creator-Christmas-Toys-Christmas-Hourglass-4-150x150.jpg 150w, https:\/\/mouldking.store\/wp-content\/uploads\/2022\/12\/SEMBO-605027-Creator-Christmas-Toys-Christmas-Hourglass-4-60x60.jpg 60w, https:\/\/mouldking.store\/wp-content\/uploads\/2022\/12\/SEMBO-605027-Creator-Christmas-Toys-Christmas-Hourglass-4-90x90.jpg 90w\" sizes=\"(max-width: 800px) 100vw, 800px\" \/><figcaption id=\"caption-attachment-38758\" class=\"wp-caption-text\">SEMBO 605027 Weihnachts-Sanduhr mit 1967 Teilen<\/figcaption><\/figure>\n<figure id=\"attachment_38759\" aria-describedby=\"caption-attachment-38759\" style=\"width: 800px\" class=\"wp-caption aligncenter\"><img decoding=\"async\" class=\"wp-image-38759 size-full\" src=\"https:\/\/mouldking.store\/wp-content\/uploads\/2022\/12\/SEMBO-605027-Creator-Christmas-Toys-Christmas-Hourglass-3.jpg\" alt=\"SEMBO 605027 Christmas Hourglass With 1967 Pieces\" width=\"800\" height=\"800\" title=\"-\" srcset=\"https:\/\/mouldking.store\/wp-content\/uploads\/2022\/12\/SEMBO-605027-Creator-Christmas-Toys-Christmas-Hourglass-3.jpg 800w, https:\/\/mouldking.store\/wp-content\/uploads\/2022\/12\/SEMBO-605027-Creator-Christmas-Toys-Christmas-Hourglass-3-300x300.jpg 300w, https:\/\/mouldking.store\/wp-content\/uploads\/2022\/12\/SEMBO-605027-Creator-Christmas-Toys-Christmas-Hourglass-3-768x768.jpg 768w, https:\/\/mouldking.store\/wp-content\/uploads\/2022\/12\/SEMBO-605027-Creator-Christmas-Toys-Christmas-Hourglass-3-600x600.jpg 600w, https:\/\/mouldking.store\/wp-content\/uploads\/2022\/12\/SEMBO-605027-Creator-Christmas-Toys-Christmas-Hourglass-3-150x150.jpg 150w, https:\/\/mouldking.store\/wp-content\/uploads\/2022\/12\/SEMBO-605027-Creator-Christmas-Toys-Christmas-Hourglass-3-60x60.jpg 60w, https:\/\/mouldking.store\/wp-content\/uploads\/2022\/12\/SEMBO-605027-Creator-Christmas-Toys-Christmas-Hourglass-3-90x90.jpg 90w\" sizes=\"(max-width: 800px) 100vw, 800px\" \/><figcaption id=\"caption-attachment-38759\" class=\"wp-caption-text\">SEMBO 605027 Weihnachts-Sanduhr mit 1967 Teilen<\/figcaption><\/figure>\n<figure id=\"attachment_38760\" aria-describedby=\"caption-attachment-38760\" style=\"width: 800px\" class=\"wp-caption aligncenter\"><img loading=\"lazy\" decoding=\"async\" class=\"wp-image-38760 size-full\" src=\"https:\/\/mouldking.store\/wp-content\/uploads\/2022\/12\/SEMBO-605027-Creator-Christmas-Toys-Christmas-Hourglass-2.jpg\" alt=\"SEMBO 605027 Christmas Hourglass With 1967 Pieces\" width=\"800\" height=\"800\" title=\"-\" srcset=\"https:\/\/mouldking.store\/wp-content\/uploads\/2022\/12\/SEMBO-605027-Creator-Christmas-Toys-Christmas-Hourglass-2.jpg 800w, https:\/\/mouldking.store\/wp-content\/uploads\/2022\/12\/SEMBO-605027-Creator-Christmas-Toys-Christmas-Hourglass-2-300x300.jpg 300w, https:\/\/mouldking.store\/wp-content\/uploads\/2022\/12\/SEMBO-605027-Creator-Christmas-Toys-Christmas-Hourglass-2-768x768.jpg 768w, https:\/\/mouldking.store\/wp-content\/uploads\/2022\/12\/SEMBO-605027-Creator-Christmas-Toys-Christmas-Hourglass-2-600x600.jpg 600w, https:\/\/mouldking.store\/wp-content\/uploads\/2022\/12\/SEMBO-605027-Creator-Christmas-Toys-Christmas-Hourglass-2-150x150.jpg 150w, https:\/\/mouldking.store\/wp-content\/uploads\/2022\/12\/SEMBO-605027-Creator-Christmas-Toys-Christmas-Hourglass-2-60x60.jpg 60w, https:\/\/mouldking.store\/wp-content\/uploads\/2022\/12\/SEMBO-605027-Creator-Christmas-Toys-Christmas-Hourglass-2-90x90.jpg 90w\" sizes=\"(max-width: 800px) 100vw, 800px\" \/><figcaption id=\"caption-attachment-38760\" class=\"wp-caption-text\">SEMBO 605027 Weihnachts-Sanduhr mit 1967 Teilen<\/figcaption><\/figure>\n<figure id=\"attachment_38761\" aria-describedby=\"caption-attachment-38761\" style=\"width: 800px\" class=\"wp-caption aligncenter\"><img loading=\"lazy\" decoding=\"async\" class=\"wp-image-38761 size-full\" src=\"https:\/\/mouldking.store\/wp-content\/uploads\/2022\/12\/SEMBO-605027-Creator-Christmas-Toys-Christmas-Hourglass-1.jpg\" alt=\"SEMBO 605027 Christmas Hourglass With 1967 Pieces\" width=\"800\" height=\"800\" title=\"-\" srcset=\"https:\/\/mouldking.store\/wp-content\/uploads\/2022\/12\/SEMBO-605027-Creator-Christmas-Toys-Christmas-Hourglass-1.jpg 800w, https:\/\/mouldking.store\/wp-content\/uploads\/2022\/12\/SEMBO-605027-Creator-Christmas-Toys-Christmas-Hourglass-1-300x300.jpg 300w, https:\/\/mouldking.store\/wp-content\/uploads\/2022\/12\/SEMBO-605027-Creator-Christmas-Toys-Christmas-Hourglass-1-768x768.jpg 768w, https:\/\/mouldking.store\/wp-content\/uploads\/2022\/12\/SEMBO-605027-Creator-Christmas-Toys-Christmas-Hourglass-1-600x600.jpg 600w, https:\/\/mouldking.store\/wp-content\/uploads\/2022\/12\/SEMBO-605027-Creator-Christmas-Toys-Christmas-Hourglass-1-150x150.jpg 150w, https:\/\/mouldking.store\/wp-content\/uploads\/2022\/12\/SEMBO-605027-Creator-Christmas-Toys-Christmas-Hourglass-1-60x60.jpg 60w, https:\/\/mouldking.store\/wp-content\/uploads\/2022\/12\/SEMBO-605027-Creator-Christmas-Toys-Christmas-Hourglass-1-90x90.jpg 90w\" sizes=\"(max-width: 800px) 100vw, 800px\" \/><figcaption id=\"caption-attachment-38761\" class=\"wp-caption-text\">SEMBO 605027 Weihnachts-Sanduhr mit 1967 Teilen<\/figcaption><\/figure>","protected":false},"excerpt":{"rendered":"<p>Product information: Brand: SEMBO Gender: Unisex Name: Christmas Hourglass Age Range: &gt; 6 years old Model Number: 605027 Classification: Assemblage Plastic Block Shape: Self-Locking Bricks Material: Plastic Plastic Type: ABS Bricks Blocks:1967 PCS Size: 9.5 \u00d7 9.5 \u00d7 19 cm Contains detailed assembly instructions. Notice: 1. Without an original box, but we guarantee our products [&hellip;]<\/p>","protected":false},"featured_media":38757,"comment_status":"closed","ping_status":"closed","template":"","meta":{"_acf_changed":false},"product_cat":[1365],"product_tag":[10151,1066,10153,10152,1491,10154,10155,10150],"class_list":["product","first","instock","shipping-taxable","purchasable","product-type-simple"],"acf":[],"_links":{"self":[{"href":"https:\/\/mouldking.store\/de\/wp-json\/wp\/v2\/product\/38755","targetHints":{"allow":["GET"]}}],"collection":[{"href":"https:\/\/mouldking.store\/de\/wp-json\/wp\/v2\/product"}],"about":[{"href":"https:\/\/mouldking.store\/de\/wp-json\/wp\/v2\/types\/product"}],"replies":[{"embeddable":true,"href":"https:\/\/mouldking.store\/de\/wp-json\/wp\/v2\/comments?post=38755"}],"wp:featuredmedia":[{"embeddable":true,"href":"https:\/\/mouldking.store\/de\/wp-json\/wp\/v2\/media\/38757"}],"wp:attachment":[{"href":"https:\/\/mouldking.store\/de\/wp-json\/wp\/v2\/media?parent=38755"}],"wp:term":[{"taxonomy":"product_cat","embeddable":true,"href":"https:\/\/mouldking.store\/de\/wp-json\/wp\/v2\/product_cat?post=38755"},{"taxonomy":"product_tag","embeddable":true,"href":"https:\/\/mouldking.store\/de\/wp-json\/wp\/v2\/product_tag?post=38755"}],"curies":[{"name":"wp","href":"https:\/\/api.w.org\/{rel}","templated":true}]}}