{"id":38756,"date":"2022-12-23T11:05:00","date_gmt":"2022-12-23T04:05:00","guid":{"rendered":"https:\/\/mouldking.store\/?post_type=product&#038;p=38756"},"modified":"2022-12-23T11:05:07","modified_gmt":"2022-12-23T04:05:07","slug":"mould-king-14019-mpsaa-12-automatic-shotgun-with-1680pcs","status":"publish","type":"product","link":"https:\/\/mouldking.store\/de\/shop\/mould-king-14019-mpsaa-12-automatic-shotgun-with-1680pcs\/","title":{"rendered":"Mould King 14019 MPSAA-12 Automatische Schrotflinte mit 1680 Stck"},"content":{"rendered":"<p>Produktinformation:<\/p>\n<ol>\n<li>Marke: Mould King<\/li>\n<li>Geschlecht: Unisex<\/li>\n<li>Name: MPSAA-12 Automatic Shotgun<\/li>\n<li>Altersspanne: &gt; 6 Jahre alt<\/li>\n<li>Model Number: 14019<\/li>\n<li>Einstufung: Assemblage<\/li>\n<li>Kunststoffblockform: Selbstsichernde Steine<\/li>\n<li>Material: Kunststoff<\/li>\n<li>Kunststofftyp: ABS<\/li>\n<li>Bricks Blocks:1680pcs<\/li>\n<li>Size: 83.7 \u00d7 22.4 \u00d7 5.4 cm<\/li>\n<li>Enth\u00e4lt eine ausf\u00fchrliche Montageanleitung.<\/li>\n<\/ol>\n<p>Notiz:<br \/>\n1. Ohne Originalverpackung, aber wir garantieren, dass unsere Produkte eine Qualit\u00e4tssicherung und eine sch\u00f6ne Verpackung haben.<br \/>\n2. Wie alle Teile, die wir vor dem Versand \u00fcberpr\u00fcft haben, machen Sie sich keine Sorgen, wenn Sie feststellen, dass einige Teile fehlen oder besch\u00e4digt sind, und kontaktieren Sie uns einfach, und wir k\u00f6nnen sie Ihnen umgehend kostenlos erneut zusenden.<\/p>\n<figure id=\"attachment_38762\" aria-describedby=\"caption-attachment-38762\" style=\"width: 800px\" class=\"wp-caption aligncenter\"><img fetchpriority=\"high\" decoding=\"async\" class=\"wp-image-38762 size-full\" src=\"https:\/\/mouldking.store\/wp-content\/uploads\/2022\/12\/Mould-King-14019-Military-Auto-Assault-12-Gun-4.jpg\" alt=\"Mould King 14019 MPSAA-12 Automatic Shotgun With 1680pcs\" width=\"800\" height=\"800\" title=\"-\" srcset=\"https:\/\/mouldking.store\/wp-content\/uploads\/2022\/12\/Mould-King-14019-Military-Auto-Assault-12-Gun-4.jpg 800w, https:\/\/mouldking.store\/wp-content\/uploads\/2022\/12\/Mould-King-14019-Military-Auto-Assault-12-Gun-4-300x300.jpg 300w, https:\/\/mouldking.store\/wp-content\/uploads\/2022\/12\/Mould-King-14019-Military-Auto-Assault-12-Gun-4-768x768.jpg 768w, https:\/\/mouldking.store\/wp-content\/uploads\/2022\/12\/Mould-King-14019-Military-Auto-Assault-12-Gun-4-600x600.jpg 600w, https:\/\/mouldking.store\/wp-content\/uploads\/2022\/12\/Mould-King-14019-Military-Auto-Assault-12-Gun-4-150x150.jpg 150w, https:\/\/mouldking.store\/wp-content\/uploads\/2022\/12\/Mould-King-14019-Military-Auto-Assault-12-Gun-4-60x60.jpg 60w, https:\/\/mouldking.store\/wp-content\/uploads\/2022\/12\/Mould-King-14019-Military-Auto-Assault-12-Gun-4-90x90.jpg 90w\" sizes=\"(max-width: 800px) 100vw, 800px\" \/><figcaption id=\"caption-attachment-38762\" class=\"wp-caption-text\">Mould King 14019 MPSAA-12 Automatische Schrotflinte mit 1680 Stck<\/figcaption><\/figure>\n<figure id=\"attachment_38763\" aria-describedby=\"caption-attachment-38763\" style=\"width: 800px\" class=\"wp-caption aligncenter\"><img decoding=\"async\" class=\"wp-image-38763 size-full\" src=\"https:\/\/mouldking.store\/wp-content\/uploads\/2022\/12\/Mould-King-14019-Military-Auto-Assault-12-Gun-3.jpg\" alt=\"Mould King 14019 MPSAA-12 Automatic Shotgun With 1680pcs\" width=\"800\" height=\"800\" title=\"-\" srcset=\"https:\/\/mouldking.store\/wp-content\/uploads\/2022\/12\/Mould-King-14019-Military-Auto-Assault-12-Gun-3.jpg 800w, https:\/\/mouldking.store\/wp-content\/uploads\/2022\/12\/Mould-King-14019-Military-Auto-Assault-12-Gun-3-300x300.jpg 300w, https:\/\/mouldking.store\/wp-content\/uploads\/2022\/12\/Mould-King-14019-Military-Auto-Assault-12-Gun-3-768x768.jpg 768w, https:\/\/mouldking.store\/wp-content\/uploads\/2022\/12\/Mould-King-14019-Military-Auto-Assault-12-Gun-3-600x600.jpg 600w, https:\/\/mouldking.store\/wp-content\/uploads\/2022\/12\/Mould-King-14019-Military-Auto-Assault-12-Gun-3-150x150.jpg 150w, https:\/\/mouldking.store\/wp-content\/uploads\/2022\/12\/Mould-King-14019-Military-Auto-Assault-12-Gun-3-60x60.jpg 60w, https:\/\/mouldking.store\/wp-content\/uploads\/2022\/12\/Mould-King-14019-Military-Auto-Assault-12-Gun-3-90x90.jpg 90w\" sizes=\"(max-width: 800px) 100vw, 800px\" \/><figcaption id=\"caption-attachment-38763\" class=\"wp-caption-text\">Mould King 14019 MPSAA-12 Automatische Schrotflinte mit 1680 Stck<\/figcaption><\/figure>\n<figure id=\"attachment_38764\" aria-describedby=\"caption-attachment-38764\" style=\"width: 800px\" class=\"wp-caption aligncenter\"><img decoding=\"async\" class=\"wp-image-38764 size-full\" src=\"https:\/\/mouldking.store\/wp-content\/uploads\/2022\/12\/Mould-King-14019-Military-Auto-Assault-12-Gun-2.jpg\" alt=\"Mould King 14019 MPSAA-12 Automatic Shotgun With 1680pcs\" width=\"800\" height=\"800\" title=\"-\" srcset=\"https:\/\/mouldking.store\/wp-content\/uploads\/2022\/12\/Mould-King-14019-Military-Auto-Assault-12-Gun-2.jpg 800w, https:\/\/mouldking.store\/wp-content\/uploads\/2022\/12\/Mould-King-14019-Military-Auto-Assault-12-Gun-2-300x300.jpg 300w, https:\/\/mouldking.store\/wp-content\/uploads\/2022\/12\/Mould-King-14019-Military-Auto-Assault-12-Gun-2-768x768.jpg 768w, https:\/\/mouldking.store\/wp-content\/uploads\/2022\/12\/Mould-King-14019-Military-Auto-Assault-12-Gun-2-600x600.jpg 600w, https:\/\/mouldking.store\/wp-content\/uploads\/2022\/12\/Mould-King-14019-Military-Auto-Assault-12-Gun-2-150x150.jpg 150w, https:\/\/mouldking.store\/wp-content\/uploads\/2022\/12\/Mould-King-14019-Military-Auto-Assault-12-Gun-2-60x60.jpg 60w, https:\/\/mouldking.store\/wp-content\/uploads\/2022\/12\/Mould-King-14019-Military-Auto-Assault-12-Gun-2-90x90.jpg 90w\" sizes=\"(max-width: 800px) 100vw, 800px\" \/><figcaption id=\"caption-attachment-38764\" class=\"wp-caption-text\">Mould King 14019 MPSAA-12 Automatische Schrotflinte mit 1680 Stck<\/figcaption><\/figure>\n<figure id=\"attachment_38765\" aria-describedby=\"caption-attachment-38765\" style=\"width: 800px\" class=\"wp-caption aligncenter\"><img loading=\"lazy\" decoding=\"async\" class=\"wp-image-38765 size-full\" src=\"https:\/\/mouldking.store\/wp-content\/uploads\/2022\/12\/Mould-King-14019-Military-Auto-Assault-12-Gun-1.jpg\" alt=\"Mould King 14019 MPSAA-12 Automatic Shotgun With 1680pcs\" width=\"800\" height=\"800\" title=\"-\" srcset=\"https:\/\/mouldking.store\/wp-content\/uploads\/2022\/12\/Mould-King-14019-Military-Auto-Assault-12-Gun-1.jpg 800w, https:\/\/mouldking.store\/wp-content\/uploads\/2022\/12\/Mould-King-14019-Military-Auto-Assault-12-Gun-1-300x300.jpg 300w, https:\/\/mouldking.store\/wp-content\/uploads\/2022\/12\/Mould-King-14019-Military-Auto-Assault-12-Gun-1-768x768.jpg 768w, https:\/\/mouldking.store\/wp-content\/uploads\/2022\/12\/Mould-King-14019-Military-Auto-Assault-12-Gun-1-600x600.jpg 600w, https:\/\/mouldking.store\/wp-content\/uploads\/2022\/12\/Mould-King-14019-Military-Auto-Assault-12-Gun-1-150x150.jpg 150w, https:\/\/mouldking.store\/wp-content\/uploads\/2022\/12\/Mould-King-14019-Military-Auto-Assault-12-Gun-1-60x60.jpg 60w, https:\/\/mouldking.store\/wp-content\/uploads\/2022\/12\/Mould-King-14019-Military-Auto-Assault-12-Gun-1-90x90.jpg 90w\" sizes=\"(max-width: 800px) 100vw, 800px\" \/><figcaption id=\"caption-attachment-38765\" class=\"wp-caption-text\">Mould King 14019 MPSAA-12 Automatische Schrotflinte mit 1680 Stck<\/figcaption><\/figure>","protected":false},"excerpt":{"rendered":"<p>Product information: Brand: Mould King Gender: Unisex Name: MPSAA-12 Automatic Shotgun Age Range: &gt; 6 years old Model Number: 14019 Classification: Assemblage Plastic Block Shape: Self-Locking Bricks Material: Plastic Plastic Type: ABS Bricks Blocks:1680pcs Size: 83.7 \u00d7 22.4 \u00d7 5.4 cm Contains detailed assembly instructions. Notice: 1. Without an original box, but we guarantee our [&hellip;]<\/p>","protected":false},"featured_media":38762,"comment_status":"closed","ping_status":"closed","template":"","meta":{"_acf_changed":false},"product_cat":[1350,372],"product_tag":[10157,10159,10161,615,10163,10164,10156,10158,10160,10162,5134],"class_list":["product","first","instock","shipping-taxable","purchasable","product-type-simple"],"acf":[],"_links":{"self":[{"href":"https:\/\/mouldking.store\/de\/wp-json\/wp\/v2\/product\/38756","targetHints":{"allow":["GET"]}}],"collection":[{"href":"https:\/\/mouldking.store\/de\/wp-json\/wp\/v2\/product"}],"about":[{"href":"https:\/\/mouldking.store\/de\/wp-json\/wp\/v2\/types\/product"}],"replies":[{"embeddable":true,"href":"https:\/\/mouldking.store\/de\/wp-json\/wp\/v2\/comments?post=38756"}],"wp:featuredmedia":[{"embeddable":true,"href":"https:\/\/mouldking.store\/de\/wp-json\/wp\/v2\/media\/38762"}],"wp:attachment":[{"href":"https:\/\/mouldking.store\/de\/wp-json\/wp\/v2\/media?parent=38756"}],"wp:term":[{"taxonomy":"product_cat","embeddable":true,"href":"https:\/\/mouldking.store\/de\/wp-json\/wp\/v2\/product_cat?post=38756"},{"taxonomy":"product_tag","embeddable":true,"href":"https:\/\/mouldking.store\/de\/wp-json\/wp\/v2\/product_tag?post=38756"}],"curies":[{"name":"wp","href":"https:\/\/api.w.org\/{rel}","templated":true}]}}