{"id":38766,"date":"2022-12-23T11:08:43","date_gmt":"2022-12-23T04:08:43","guid":{"rendered":"https:\/\/mouldking.store\/?post_type=product&#038;p=38766"},"modified":"2022-12-23T11:08:44","modified_gmt":"2022-12-23T04:08:44","slug":"mould-king-14018-p90-submachine-gun-with-motor-with-1644pcs","status":"publish","type":"product","link":"https:\/\/mouldking.store\/de\/shop\/mould-king-14018-p90-submachine-gun-with-motor-with-1644pcs\/","title":{"rendered":"Mould King 14018 P90 Maschinenpistole mit Motor mit 1644 Stck"},"content":{"rendered":"<p>Produktinformation:<\/p>\n<ol>\n<li>Marke: Mould King<\/li>\n<li>Geschlecht: Unisex<\/li>\n<li>Name: P90 Submachine Gun with Motor<\/li>\n<li>Altersspanne: &gt; 6 Jahre alt<\/li>\n<li>Model Number: 14018<\/li>\n<li>Einstufung: Assemblage<\/li>\n<li>Kunststoffblockform: Selbstsichernde Steine<\/li>\n<li>Material: Kunststoff<\/li>\n<li>Kunststofftyp: ABS<\/li>\n<li>Bricks Blocks:1644pcs<\/li>\n<li>Size: \u00a053.6 \u00d7 21.2 \u00d7 7.4 cm<\/li>\n<li>Enth\u00e4lt eine ausf\u00fchrliche Montageanleitung.<\/li>\n<\/ol>\n<p>Notiz:<br \/>\n1. Ohne Originalverpackung, aber wir garantieren, dass unsere Produkte eine Qualit\u00e4tssicherung und eine sch\u00f6ne Verpackung haben.<br \/>\n2. Wie alle Teile, die wir vor dem Versand \u00fcberpr\u00fcft haben, machen Sie sich keine Sorgen, wenn Sie feststellen, dass einige Teile fehlen oder besch\u00e4digt sind, und kontaktieren Sie uns einfach, und wir k\u00f6nnen sie Ihnen umgehend kostenlos erneut zusenden.<\/p>\n<figure id=\"attachment_38768\" aria-describedby=\"caption-attachment-38768\" style=\"width: 800px\" class=\"wp-caption aligncenter\"><img fetchpriority=\"high\" decoding=\"async\" class=\"wp-image-38768 size-full\" src=\"https:\/\/mouldking.store\/wp-content\/uploads\/2022\/12\/Mould-King-14018-Military-P90-Submachine-Gun-with-Motor-4.jpg\" alt=\"Mould King 14018 P90 Submachine Gun with Motor With 1644pcs\" width=\"800\" height=\"800\" title=\"-\" srcset=\"https:\/\/mouldking.store\/wp-content\/uploads\/2022\/12\/Mould-King-14018-Military-P90-Submachine-Gun-with-Motor-4.jpg 800w, https:\/\/mouldking.store\/wp-content\/uploads\/2022\/12\/Mould-King-14018-Military-P90-Submachine-Gun-with-Motor-4-300x300.jpg 300w, https:\/\/mouldking.store\/wp-content\/uploads\/2022\/12\/Mould-King-14018-Military-P90-Submachine-Gun-with-Motor-4-768x768.jpg 768w, https:\/\/mouldking.store\/wp-content\/uploads\/2022\/12\/Mould-King-14018-Military-P90-Submachine-Gun-with-Motor-4-600x600.jpg 600w, https:\/\/mouldking.store\/wp-content\/uploads\/2022\/12\/Mould-King-14018-Military-P90-Submachine-Gun-with-Motor-4-150x150.jpg 150w, https:\/\/mouldking.store\/wp-content\/uploads\/2022\/12\/Mould-King-14018-Military-P90-Submachine-Gun-with-Motor-4-60x60.jpg 60w, https:\/\/mouldking.store\/wp-content\/uploads\/2022\/12\/Mould-King-14018-Military-P90-Submachine-Gun-with-Motor-4-90x90.jpg 90w\" sizes=\"(max-width: 800px) 100vw, 800px\" \/><figcaption id=\"caption-attachment-38768\" class=\"wp-caption-text\">Mould King 14018 P90 Maschinenpistole mit Motor mit 1644 Stck<\/figcaption><\/figure>\n<figure id=\"attachment_38769\" aria-describedby=\"caption-attachment-38769\" style=\"width: 800px\" class=\"wp-caption aligncenter\"><img decoding=\"async\" class=\"wp-image-38769 size-full\" src=\"https:\/\/mouldking.store\/wp-content\/uploads\/2022\/12\/Mould-King-14018-Military-P90-Submachine-Gun-with-Motor-3.jpg\" alt=\"Mould King 14018 P90 Submachine Gun with Motor With 1644pcs\" width=\"800\" height=\"800\" title=\"-\" srcset=\"https:\/\/mouldking.store\/wp-content\/uploads\/2022\/12\/Mould-King-14018-Military-P90-Submachine-Gun-with-Motor-3.jpg 800w, https:\/\/mouldking.store\/wp-content\/uploads\/2022\/12\/Mould-King-14018-Military-P90-Submachine-Gun-with-Motor-3-300x300.jpg 300w, https:\/\/mouldking.store\/wp-content\/uploads\/2022\/12\/Mould-King-14018-Military-P90-Submachine-Gun-with-Motor-3-768x768.jpg 768w, https:\/\/mouldking.store\/wp-content\/uploads\/2022\/12\/Mould-King-14018-Military-P90-Submachine-Gun-with-Motor-3-600x600.jpg 600w, https:\/\/mouldking.store\/wp-content\/uploads\/2022\/12\/Mould-King-14018-Military-P90-Submachine-Gun-with-Motor-3-150x150.jpg 150w, https:\/\/mouldking.store\/wp-content\/uploads\/2022\/12\/Mould-King-14018-Military-P90-Submachine-Gun-with-Motor-3-60x60.jpg 60w, https:\/\/mouldking.store\/wp-content\/uploads\/2022\/12\/Mould-King-14018-Military-P90-Submachine-Gun-with-Motor-3-90x90.jpg 90w\" sizes=\"(max-width: 800px) 100vw, 800px\" \/><figcaption id=\"caption-attachment-38769\" class=\"wp-caption-text\">Mould King 14018 P90 Maschinenpistole mit Motor mit 1644 Stck<\/figcaption><\/figure>\n<figure id=\"attachment_38770\" aria-describedby=\"caption-attachment-38770\" style=\"width: 800px\" class=\"wp-caption aligncenter\"><img decoding=\"async\" class=\"wp-image-38770 size-full\" src=\"https:\/\/mouldking.store\/wp-content\/uploads\/2022\/12\/Mould-King-14018-Military-P90-Submachine-Gun-with-Motor-2.jpg\" alt=\"Mould King 14018 P90 Submachine Gun with Motor With 1644pcs\" width=\"800\" height=\"800\" title=\"-\" srcset=\"https:\/\/mouldking.store\/wp-content\/uploads\/2022\/12\/Mould-King-14018-Military-P90-Submachine-Gun-with-Motor-2.jpg 800w, https:\/\/mouldking.store\/wp-content\/uploads\/2022\/12\/Mould-King-14018-Military-P90-Submachine-Gun-with-Motor-2-300x300.jpg 300w, https:\/\/mouldking.store\/wp-content\/uploads\/2022\/12\/Mould-King-14018-Military-P90-Submachine-Gun-with-Motor-2-768x768.jpg 768w, https:\/\/mouldking.store\/wp-content\/uploads\/2022\/12\/Mould-King-14018-Military-P90-Submachine-Gun-with-Motor-2-600x600.jpg 600w, https:\/\/mouldking.store\/wp-content\/uploads\/2022\/12\/Mould-King-14018-Military-P90-Submachine-Gun-with-Motor-2-150x150.jpg 150w, https:\/\/mouldking.store\/wp-content\/uploads\/2022\/12\/Mould-King-14018-Military-P90-Submachine-Gun-with-Motor-2-60x60.jpg 60w, https:\/\/mouldking.store\/wp-content\/uploads\/2022\/12\/Mould-King-14018-Military-P90-Submachine-Gun-with-Motor-2-90x90.jpg 90w\" sizes=\"(max-width: 800px) 100vw, 800px\" \/><figcaption id=\"caption-attachment-38770\" class=\"wp-caption-text\">Mould King 14018 P90 Maschinenpistole mit Motor mit 1644 Stck<\/figcaption><\/figure>\n<figure id=\"attachment_38771\" aria-describedby=\"caption-attachment-38771\" style=\"width: 800px\" class=\"wp-caption aligncenter\"><img loading=\"lazy\" decoding=\"async\" class=\"wp-image-38771 size-full\" src=\"https:\/\/mouldking.store\/wp-content\/uploads\/2022\/12\/Mould-King-14018-Military-P90-Submachine-Gun-with-Motor-1.jpg\" alt=\"Mould King 14018 P90 Submachine Gun with Motor With 1644pcs\" width=\"800\" height=\"800\" title=\"-\" srcset=\"https:\/\/mouldking.store\/wp-content\/uploads\/2022\/12\/Mould-King-14018-Military-P90-Submachine-Gun-with-Motor-1.jpg 800w, https:\/\/mouldking.store\/wp-content\/uploads\/2022\/12\/Mould-King-14018-Military-P90-Submachine-Gun-with-Motor-1-300x300.jpg 300w, https:\/\/mouldking.store\/wp-content\/uploads\/2022\/12\/Mould-King-14018-Military-P90-Submachine-Gun-with-Motor-1-768x768.jpg 768w, https:\/\/mouldking.store\/wp-content\/uploads\/2022\/12\/Mould-King-14018-Military-P90-Submachine-Gun-with-Motor-1-600x600.jpg 600w, https:\/\/mouldking.store\/wp-content\/uploads\/2022\/12\/Mould-King-14018-Military-P90-Submachine-Gun-with-Motor-1-150x150.jpg 150w, https:\/\/mouldking.store\/wp-content\/uploads\/2022\/12\/Mould-King-14018-Military-P90-Submachine-Gun-with-Motor-1-60x60.jpg 60w, https:\/\/mouldking.store\/wp-content\/uploads\/2022\/12\/Mould-King-14018-Military-P90-Submachine-Gun-with-Motor-1-90x90.jpg 90w\" sizes=\"(max-width: 800px) 100vw, 800px\" \/><figcaption id=\"caption-attachment-38771\" class=\"wp-caption-text\">Mould King 14018 P90 Maschinenpistole mit Motor mit 1644 Stck<\/figcaption><\/figure>","protected":false},"excerpt":{"rendered":"<p>Product information: Brand: Mould King Gender: Unisex Name: P90 Submachine Gun with Motor Age Range: &gt; 6 years old Model Number: 14018 Classification: Assemblage Plastic Block Shape: Self-Locking Bricks Material: Plastic Plastic Type: ABS Bricks Blocks:1644pcs Size: \u00a053.6 \u00d7 21.2 \u00d7 7.4 cm Contains detailed assembly instructions. Notice: 1. Without an original box, but we [&hellip;]<\/p>","protected":false},"featured_media":38768,"comment_status":"closed","ping_status":"closed","template":"","meta":{"_acf_changed":false},"product_cat":[1350,372],"product_tag":[10166,5154,7815,615,10172,10173,10165,10167,10170,10171,10168,10169],"class_list":["product","first","instock","shipping-taxable","purchasable","product-type-simple"],"acf":[],"_links":{"self":[{"href":"https:\/\/mouldking.store\/de\/wp-json\/wp\/v2\/product\/38766","targetHints":{"allow":["GET"]}}],"collection":[{"href":"https:\/\/mouldking.store\/de\/wp-json\/wp\/v2\/product"}],"about":[{"href":"https:\/\/mouldking.store\/de\/wp-json\/wp\/v2\/types\/product"}],"replies":[{"embeddable":true,"href":"https:\/\/mouldking.store\/de\/wp-json\/wp\/v2\/comments?post=38766"}],"wp:featuredmedia":[{"embeddable":true,"href":"https:\/\/mouldking.store\/de\/wp-json\/wp\/v2\/media\/38768"}],"wp:attachment":[{"href":"https:\/\/mouldking.store\/de\/wp-json\/wp\/v2\/media?parent=38766"}],"wp:term":[{"taxonomy":"product_cat","embeddable":true,"href":"https:\/\/mouldking.store\/de\/wp-json\/wp\/v2\/product_cat?post=38766"},{"taxonomy":"product_tag","embeddable":true,"href":"https:\/\/mouldking.store\/de\/wp-json\/wp\/v2\/product_tag?post=38766"}],"curies":[{"name":"wp","href":"https:\/\/api.w.org\/{rel}","templated":true}]}}