{"id":38767,"date":"2022-12-23T11:17:20","date_gmt":"2022-12-23T04:17:20","guid":{"rendered":"https:\/\/mouldking.store\/?post_type=product&#038;p=38767"},"modified":"2022-12-23T11:17:21","modified_gmt":"2022-12-23T04:17:21","slug":"dk-1510-one-piece-edward-newgate-murakumogiri-with-1319-pieces","status":"publish","type":"product","link":"https:\/\/mouldking.store\/de\/shop\/dk-1510-one-piece-edward-newgate-murakumogiri-with-1319-pieces\/","title":{"rendered":"DK 1510 One Piece: Edward Newgate Murakumogiri mit 1319 Teilen"},"content":{"rendered":"<p>Produktinformation:<\/p>\n<ol>\n<li>Marke: DK<\/li>\n<li>Geschlecht: Unisex<\/li>\n<li>Name: One Piece: Edward Newgate Murakumogiri<\/li>\n<li>Altersspanne: &gt; 6 Jahre alt<\/li>\n<li>Model Number: 1510<\/li>\n<li>Einstufung: Assemblage<\/li>\n<li>Kunststoffblockform: Selbstsichernde Steine<\/li>\n<li>Material: Kunststoff<\/li>\n<li>Kunststofftyp: ABS<\/li>\n<li>Bricks Blocks:1319 PCS<\/li>\n<li>Size:122.4 x 17.6 cm<\/li>\n<li>Enth\u00e4lt eine ausf\u00fchrliche Montageanleitung.<\/li>\n<\/ol>\n<p>Notiz:<br \/>\n1. Ohne Originalverpackung, aber wir garantieren, dass unsere Produkte eine Qualit\u00e4tssicherung und eine sch\u00f6ne Verpackung haben.<br \/>\n2. Wie alle Teile, die wir vor dem Versand \u00fcberpr\u00fcft haben, machen Sie sich keine Sorgen, wenn Sie feststellen, dass einige Teile fehlen oder besch\u00e4digt sind, und kontaktieren Sie uns einfach, und wir k\u00f6nnen sie Ihnen umgehend kostenlos erneut zusenden.<\/p>\n<figure id=\"attachment_38780\" aria-describedby=\"caption-attachment-38780\" style=\"width: 800px\" class=\"wp-caption aligncenter\"><img fetchpriority=\"high\" decoding=\"async\" class=\"wp-image-38780 size-full\" src=\"https:\/\/mouldking.store\/wp-content\/uploads\/2022\/12\/DK-1510-One-Piece-6.jpg\" alt=\"DK 1510 One Piece: Edward Newgate Murakumogiri With 1319 Pieces\" width=\"800\" height=\"800\" title=\"-\" srcset=\"https:\/\/mouldking.store\/wp-content\/uploads\/2022\/12\/DK-1510-One-Piece-6.jpg 800w, https:\/\/mouldking.store\/wp-content\/uploads\/2022\/12\/DK-1510-One-Piece-6-300x300.jpg 300w, https:\/\/mouldking.store\/wp-content\/uploads\/2022\/12\/DK-1510-One-Piece-6-768x768.jpg 768w, https:\/\/mouldking.store\/wp-content\/uploads\/2022\/12\/DK-1510-One-Piece-6-600x600.jpg 600w, https:\/\/mouldking.store\/wp-content\/uploads\/2022\/12\/DK-1510-One-Piece-6-150x150.jpg 150w, https:\/\/mouldking.store\/wp-content\/uploads\/2022\/12\/DK-1510-One-Piece-6-60x60.jpg 60w, https:\/\/mouldking.store\/wp-content\/uploads\/2022\/12\/DK-1510-One-Piece-6-90x90.jpg 90w\" sizes=\"(max-width: 800px) 100vw, 800px\" \/><figcaption id=\"caption-attachment-38780\" class=\"wp-caption-text\">DK 1510 One Piece: Edward Newgate Murakumogiri mit 1319 Teilen<\/figcaption><\/figure>\n<figure id=\"attachment_38781\" aria-describedby=\"caption-attachment-38781\" style=\"width: 715px\" class=\"wp-caption aligncenter\"><img decoding=\"async\" class=\"wp-image-38781 size-full\" src=\"https:\/\/mouldking.store\/wp-content\/uploads\/2022\/12\/DK-1510-One-Piece-5.jpg\" alt=\"DK 1510 One Piece: Edward Newgate Murakumogiri With 1319 Pieces\" width=\"715\" height=\"1024\" title=\"-\" srcset=\"https:\/\/mouldking.store\/wp-content\/uploads\/2022\/12\/DK-1510-One-Piece-5.jpg 715w, https:\/\/mouldking.store\/wp-content\/uploads\/2022\/12\/DK-1510-One-Piece-5-209x300.jpg 209w, https:\/\/mouldking.store\/wp-content\/uploads\/2022\/12\/DK-1510-One-Piece-5-300x430.jpg 300w, https:\/\/mouldking.store\/wp-content\/uploads\/2022\/12\/DK-1510-One-Piece-5-600x859.jpg 600w, https:\/\/mouldking.store\/wp-content\/uploads\/2022\/12\/DK-1510-One-Piece-5-105x150.jpg 105w, https:\/\/mouldking.store\/wp-content\/uploads\/2022\/12\/DK-1510-One-Piece-5-42x60.jpg 42w, https:\/\/mouldking.store\/wp-content\/uploads\/2022\/12\/DK-1510-One-Piece-5-63x90.jpg 63w\" sizes=\"(max-width: 715px) 100vw, 715px\" \/><figcaption id=\"caption-attachment-38781\" class=\"wp-caption-text\">DK 1510 One Piece: Edward Newgate Murakumogiri mit 1319 Teilen<\/figcaption><\/figure>\n<figure id=\"attachment_38782\" aria-describedby=\"caption-attachment-38782\" style=\"width: 927px\" class=\"wp-caption aligncenter\"><img decoding=\"async\" class=\"wp-image-38782 size-full\" src=\"https:\/\/mouldking.store\/wp-content\/uploads\/2022\/12\/DK-1510-One-Piece-4.jpg\" alt=\"DK 1510 One Piece: Edward Newgate Murakumogiri With 1319 Pieces\" width=\"927\" height=\"1024\" title=\"-\" srcset=\"https:\/\/mouldking.store\/wp-content\/uploads\/2022\/12\/DK-1510-One-Piece-4.jpg 927w, https:\/\/mouldking.store\/wp-content\/uploads\/2022\/12\/DK-1510-One-Piece-4-272x300.jpg 272w, https:\/\/mouldking.store\/wp-content\/uploads\/2022\/12\/DK-1510-One-Piece-4-768x848.jpg 768w, https:\/\/mouldking.store\/wp-content\/uploads\/2022\/12\/DK-1510-One-Piece-4-300x331.jpg 300w, https:\/\/mouldking.store\/wp-content\/uploads\/2022\/12\/DK-1510-One-Piece-4-600x663.jpg 600w, https:\/\/mouldking.store\/wp-content\/uploads\/2022\/12\/DK-1510-One-Piece-4-136x150.jpg 136w, https:\/\/mouldking.store\/wp-content\/uploads\/2022\/12\/DK-1510-One-Piece-4-54x60.jpg 54w, https:\/\/mouldking.store\/wp-content\/uploads\/2022\/12\/DK-1510-One-Piece-4-81x90.jpg 81w\" sizes=\"(max-width: 927px) 100vw, 927px\" \/><figcaption id=\"caption-attachment-38782\" class=\"wp-caption-text\">DK 1510 One Piece: Edward Newgate Murakumogiri mit 1319 Teilen<\/figcaption><\/figure>\n<figure id=\"attachment_38783\" aria-describedby=\"caption-attachment-38783\" style=\"width: 1013px\" class=\"wp-caption aligncenter\"><img loading=\"lazy\" decoding=\"async\" class=\"wp-image-38783 size-full\" src=\"https:\/\/mouldking.store\/wp-content\/uploads\/2022\/12\/DK-1510-One-Piece-3.jpg\" alt=\"DK 1510 One Piece: Edward Newgate Murakumogiri With 1319 Pieces\" width=\"1013\" height=\"1024\" title=\"-\" srcset=\"https:\/\/mouldking.store\/wp-content\/uploads\/2022\/12\/DK-1510-One-Piece-3.jpg 1013w, https:\/\/mouldking.store\/wp-content\/uploads\/2022\/12\/DK-1510-One-Piece-3-297x300.jpg 297w, https:\/\/mouldking.store\/wp-content\/uploads\/2022\/12\/DK-1510-One-Piece-3-768x776.jpg 768w, https:\/\/mouldking.store\/wp-content\/uploads\/2022\/12\/DK-1510-One-Piece-3-300x303.jpg 300w, https:\/\/mouldking.store\/wp-content\/uploads\/2022\/12\/DK-1510-One-Piece-3-600x607.jpg 600w, https:\/\/mouldking.store\/wp-content\/uploads\/2022\/12\/DK-1510-One-Piece-3-148x150.jpg 148w, https:\/\/mouldking.store\/wp-content\/uploads\/2022\/12\/DK-1510-One-Piece-3-59x60.jpg 59w, https:\/\/mouldking.store\/wp-content\/uploads\/2022\/12\/DK-1510-One-Piece-3-89x90.jpg 89w\" sizes=\"(max-width: 1013px) 100vw, 1013px\" \/><figcaption id=\"caption-attachment-38783\" class=\"wp-caption-text\">DK 1510 One Piece: Edward Newgate Murakumogiri mit 1319 Teilen<\/figcaption><\/figure>","protected":false},"excerpt":{"rendered":"<p>Product information: Brand: DK Gender: Unisex Name: One Piece: Edward Newgate Murakumogiri Age Range: &gt; 6 years old Model Number: 1510 Classification: Assemblage Plastic Block Shape: Self-Locking Bricks Material: Plastic Plastic Type: ABS Bricks Blocks:1319 PCS Size:122.4 x 17.6 cm Contains detailed assembly instructions. Notice: 1. Without an original box, but we guarantee our products [&hellip;]<\/p>","protected":false},"featured_media":38780,"comment_status":"closed","ping_status":"closed","template":"","meta":{"_acf_changed":false},"product_cat":[1408],"product_tag":[10181,2914,10182,10188,10180,10183,10186,10185,10184,1824,10187],"class_list":["product","first","instock","shipping-taxable","purchasable","product-type-simple"],"acf":[],"_links":{"self":[{"href":"https:\/\/mouldking.store\/de\/wp-json\/wp\/v2\/product\/38767","targetHints":{"allow":["GET"]}}],"collection":[{"href":"https:\/\/mouldking.store\/de\/wp-json\/wp\/v2\/product"}],"about":[{"href":"https:\/\/mouldking.store\/de\/wp-json\/wp\/v2\/types\/product"}],"replies":[{"embeddable":true,"href":"https:\/\/mouldking.store\/de\/wp-json\/wp\/v2\/comments?post=38767"}],"wp:featuredmedia":[{"embeddable":true,"href":"https:\/\/mouldking.store\/de\/wp-json\/wp\/v2\/media\/38780"}],"wp:attachment":[{"href":"https:\/\/mouldking.store\/de\/wp-json\/wp\/v2\/media?parent=38767"}],"wp:term":[{"taxonomy":"product_cat","embeddable":true,"href":"https:\/\/mouldking.store\/de\/wp-json\/wp\/v2\/product_cat?post=38767"},{"taxonomy":"product_tag","embeddable":true,"href":"https:\/\/mouldking.store\/de\/wp-json\/wp\/v2\/product_tag?post=38767"}],"curies":[{"name":"wp","href":"https:\/\/api.w.org\/{rel}","templated":true}]}}