{"id":38773,"date":"2022-12-23T11:16:02","date_gmt":"2022-12-23T04:16:02","guid":{"rendered":"https:\/\/mouldking.store\/?post_type=product&#038;p=38773"},"modified":"2022-12-23T11:16:03","modified_gmt":"2022-12-23T04:16:03","slug":"caco-c021-t2-bus-with-2975pcs","status":"publish","type":"product","link":"https:\/\/mouldking.store\/de\/shop\/caco-c021-t2-bus-with-2975pcs\/","title":{"rendered":"CACO C021 T2 Bus mit 2975St"},"content":{"rendered":"<p>Produktinformation:<\/p>\n<ol>\n<li>Marke: CAC<\/li>\n<li>Geschlecht: Unisex<\/li>\n<li>Name: T2-Bus<\/li>\n<li>Altersspanne: &gt; 6 Jahre alt<\/li>\n<li>Modellnummer: C021<\/li>\n<li>Einstufung: Assemblage<\/li>\n<li>Kunststoffblockform: Selbstsichernde Steine<\/li>\n<li>Material: Kunststoff<\/li>\n<li>Kunststofftyp: ABS<\/li>\n<li>Ziegelsteine: 2975 St\u00fcck<\/li>\n<li>Gr\u00f6\u00dfe: 28 x 48,6 x 29,3 cm<\/li>\n<li>Enth\u00e4lt eine ausf\u00fchrliche Montageanleitung.<\/li>\n<\/ol>\n<p>Notiz:<br \/>\n1. Ohne Originalverpackung, aber wir garantieren, dass unsere Produkte eine Qualit\u00e4tssicherung und eine sch\u00f6ne Verpackung haben.<br \/>\n2. Wie alle Teile, die wir vor dem Versand \u00fcberpr\u00fcft haben, machen Sie sich keine Sorgen, wenn Sie feststellen, dass einige Teile fehlen oder besch\u00e4digt sind, und kontaktieren Sie uns einfach, und wir k\u00f6nnen sie Ihnen umgehend kostenlos erneut zusenden.<\/p>\n<figure id=\"attachment_38774\" aria-describedby=\"caption-attachment-38774\" style=\"width: 800px\" class=\"wp-caption aligncenter\"><img fetchpriority=\"high\" decoding=\"async\" class=\"wp-image-38774 size-full\" src=\"https:\/\/mouldking.store\/wp-content\/uploads\/2022\/12\/CACO-C021-Technic-T2-Bus-6.jpg\" alt=\"CACO C021 T2 Bus With 2975pcs\" width=\"800\" height=\"800\" title=\"-\" srcset=\"https:\/\/mouldking.store\/wp-content\/uploads\/2022\/12\/CACO-C021-Technic-T2-Bus-6.jpg 800w, https:\/\/mouldking.store\/wp-content\/uploads\/2022\/12\/CACO-C021-Technic-T2-Bus-6-300x300.jpg 300w, https:\/\/mouldking.store\/wp-content\/uploads\/2022\/12\/CACO-C021-Technic-T2-Bus-6-768x768.jpg 768w, https:\/\/mouldking.store\/wp-content\/uploads\/2022\/12\/CACO-C021-Technic-T2-Bus-6-600x600.jpg 600w, https:\/\/mouldking.store\/wp-content\/uploads\/2022\/12\/CACO-C021-Technic-T2-Bus-6-150x150.jpg 150w, https:\/\/mouldking.store\/wp-content\/uploads\/2022\/12\/CACO-C021-Technic-T2-Bus-6-60x60.jpg 60w, https:\/\/mouldking.store\/wp-content\/uploads\/2022\/12\/CACO-C021-Technic-T2-Bus-6-90x90.jpg 90w\" sizes=\"(max-width: 800px) 100vw, 800px\" \/><figcaption id=\"caption-attachment-38774\" class=\"wp-caption-text\">CACO C021 T2 Bus mit 2975St<\/figcaption><\/figure>\n<figure id=\"attachment_38775\" aria-describedby=\"caption-attachment-38775\" style=\"width: 800px\" class=\"wp-caption aligncenter\"><img decoding=\"async\" class=\"wp-image-38775 size-full\" src=\"https:\/\/mouldking.store\/wp-content\/uploads\/2022\/12\/CACO-C021-Technic-T2-Bus-5.jpg\" alt=\"CACO C021 T2 Bus With 2975pcs\" width=\"800\" height=\"800\" title=\"-\" srcset=\"https:\/\/mouldking.store\/wp-content\/uploads\/2022\/12\/CACO-C021-Technic-T2-Bus-5.jpg 800w, https:\/\/mouldking.store\/wp-content\/uploads\/2022\/12\/CACO-C021-Technic-T2-Bus-5-300x300.jpg 300w, https:\/\/mouldking.store\/wp-content\/uploads\/2022\/12\/CACO-C021-Technic-T2-Bus-5-768x768.jpg 768w, https:\/\/mouldking.store\/wp-content\/uploads\/2022\/12\/CACO-C021-Technic-T2-Bus-5-600x600.jpg 600w, https:\/\/mouldking.store\/wp-content\/uploads\/2022\/12\/CACO-C021-Technic-T2-Bus-5-150x150.jpg 150w, https:\/\/mouldking.store\/wp-content\/uploads\/2022\/12\/CACO-C021-Technic-T2-Bus-5-60x60.jpg 60w, https:\/\/mouldking.store\/wp-content\/uploads\/2022\/12\/CACO-C021-Technic-T2-Bus-5-90x90.jpg 90w\" sizes=\"(max-width: 800px) 100vw, 800px\" \/><figcaption id=\"caption-attachment-38775\" class=\"wp-caption-text\">CACO C021 T2 Bus mit 2975St<\/figcaption><\/figure>\n<figure id=\"attachment_38776\" aria-describedby=\"caption-attachment-38776\" style=\"width: 800px\" class=\"wp-caption aligncenter\"><img decoding=\"async\" class=\"wp-image-38776 size-full\" src=\"https:\/\/mouldking.store\/wp-content\/uploads\/2022\/12\/CACO-C021-Technic-T2-Bus-4.jpg\" alt=\"CACO C021 T2 Bus With 2975pcs\" width=\"800\" height=\"800\" title=\"-\" srcset=\"https:\/\/mouldking.store\/wp-content\/uploads\/2022\/12\/CACO-C021-Technic-T2-Bus-4.jpg 800w, https:\/\/mouldking.store\/wp-content\/uploads\/2022\/12\/CACO-C021-Technic-T2-Bus-4-300x300.jpg 300w, https:\/\/mouldking.store\/wp-content\/uploads\/2022\/12\/CACO-C021-Technic-T2-Bus-4-768x768.jpg 768w, https:\/\/mouldking.store\/wp-content\/uploads\/2022\/12\/CACO-C021-Technic-T2-Bus-4-600x600.jpg 600w, https:\/\/mouldking.store\/wp-content\/uploads\/2022\/12\/CACO-C021-Technic-T2-Bus-4-150x150.jpg 150w, https:\/\/mouldking.store\/wp-content\/uploads\/2022\/12\/CACO-C021-Technic-T2-Bus-4-60x60.jpg 60w, https:\/\/mouldking.store\/wp-content\/uploads\/2022\/12\/CACO-C021-Technic-T2-Bus-4-90x90.jpg 90w\" sizes=\"(max-width: 800px) 100vw, 800px\" \/><figcaption id=\"caption-attachment-38776\" class=\"wp-caption-text\">CACO C021 T2 Bus mit 2975St<\/figcaption><\/figure>\n<figure id=\"attachment_38777\" aria-describedby=\"caption-attachment-38777\" style=\"width: 800px\" class=\"wp-caption aligncenter\"><img loading=\"lazy\" decoding=\"async\" class=\"wp-image-38777 size-full\" src=\"https:\/\/mouldking.store\/wp-content\/uploads\/2022\/12\/CACO-C021-Technic-T2-Bus-3.jpg\" alt=\"CACO C021 T2 Bus With 2975pcs\" width=\"800\" height=\"800\" title=\"-\" srcset=\"https:\/\/mouldking.store\/wp-content\/uploads\/2022\/12\/CACO-C021-Technic-T2-Bus-3.jpg 800w, https:\/\/mouldking.store\/wp-content\/uploads\/2022\/12\/CACO-C021-Technic-T2-Bus-3-300x300.jpg 300w, https:\/\/mouldking.store\/wp-content\/uploads\/2022\/12\/CACO-C021-Technic-T2-Bus-3-768x768.jpg 768w, https:\/\/mouldking.store\/wp-content\/uploads\/2022\/12\/CACO-C021-Technic-T2-Bus-3-600x600.jpg 600w, https:\/\/mouldking.store\/wp-content\/uploads\/2022\/12\/CACO-C021-Technic-T2-Bus-3-150x150.jpg 150w, https:\/\/mouldking.store\/wp-content\/uploads\/2022\/12\/CACO-C021-Technic-T2-Bus-3-60x60.jpg 60w, https:\/\/mouldking.store\/wp-content\/uploads\/2022\/12\/CACO-C021-Technic-T2-Bus-3-90x90.jpg 90w\" sizes=\"(max-width: 800px) 100vw, 800px\" \/><figcaption id=\"caption-attachment-38777\" class=\"wp-caption-text\">CACO C021 T2 Bus mit 2975St<\/figcaption><\/figure>\n<figure id=\"attachment_38778\" aria-describedby=\"caption-attachment-38778\" style=\"width: 800px\" class=\"wp-caption aligncenter\"><img loading=\"lazy\" decoding=\"async\" class=\"wp-image-38778 size-full\" src=\"https:\/\/mouldking.store\/wp-content\/uploads\/2022\/12\/CACO-C021-Technic-T2-Bus-2.jpg\" alt=\"CACO C021 T2 Bus With 2975pcs\" width=\"800\" height=\"800\" title=\"-\" srcset=\"https:\/\/mouldking.store\/wp-content\/uploads\/2022\/12\/CACO-C021-Technic-T2-Bus-2.jpg 800w, https:\/\/mouldking.store\/wp-content\/uploads\/2022\/12\/CACO-C021-Technic-T2-Bus-2-300x300.jpg 300w, https:\/\/mouldking.store\/wp-content\/uploads\/2022\/12\/CACO-C021-Technic-T2-Bus-2-768x768.jpg 768w, https:\/\/mouldking.store\/wp-content\/uploads\/2022\/12\/CACO-C021-Technic-T2-Bus-2-600x600.jpg 600w, https:\/\/mouldking.store\/wp-content\/uploads\/2022\/12\/CACO-C021-Technic-T2-Bus-2-150x150.jpg 150w, https:\/\/mouldking.store\/wp-content\/uploads\/2022\/12\/CACO-C021-Technic-T2-Bus-2-60x60.jpg 60w, https:\/\/mouldking.store\/wp-content\/uploads\/2022\/12\/CACO-C021-Technic-T2-Bus-2-90x90.jpg 90w\" sizes=\"(max-width: 800px) 100vw, 800px\" \/><figcaption id=\"caption-attachment-38778\" class=\"wp-caption-text\">CACO C021 T2 Bus mit 2975St<\/figcaption><\/figure>\n<figure id=\"attachment_38779\" aria-describedby=\"caption-attachment-38779\" style=\"width: 800px\" class=\"wp-caption aligncenter\"><img loading=\"lazy\" decoding=\"async\" class=\"wp-image-38779 size-full\" src=\"https:\/\/mouldking.store\/wp-content\/uploads\/2022\/12\/CACO-C021-Technic-T2-Bus-1.jpg\" alt=\"CACO C021 T2 Bus With 2975pcs\" width=\"800\" height=\"800\" title=\"-\" srcset=\"https:\/\/mouldking.store\/wp-content\/uploads\/2022\/12\/CACO-C021-Technic-T2-Bus-1.jpg 800w, https:\/\/mouldking.store\/wp-content\/uploads\/2022\/12\/CACO-C021-Technic-T2-Bus-1-300x300.jpg 300w, https:\/\/mouldking.store\/wp-content\/uploads\/2022\/12\/CACO-C021-Technic-T2-Bus-1-768x768.jpg 768w, https:\/\/mouldking.store\/wp-content\/uploads\/2022\/12\/CACO-C021-Technic-T2-Bus-1-600x600.jpg 600w, https:\/\/mouldking.store\/wp-content\/uploads\/2022\/12\/CACO-C021-Technic-T2-Bus-1-150x150.jpg 150w, https:\/\/mouldking.store\/wp-content\/uploads\/2022\/12\/CACO-C021-Technic-T2-Bus-1-60x60.jpg 60w, https:\/\/mouldking.store\/wp-content\/uploads\/2022\/12\/CACO-C021-Technic-T2-Bus-1-90x90.jpg 90w\" sizes=\"(max-width: 800px) 100vw, 800px\" \/><figcaption id=\"caption-attachment-38779\" class=\"wp-caption-text\">CACO C021 T2 Bus mit 2975St<\/figcaption><\/figure>","protected":false},"excerpt":{"rendered":"<p>Product information: Brand: CACO Gender: Unisex Name: T2 Bus Age Range: &gt; 6 years old Model Number: C021 Classification: Assemblage Plastic Block Shape: Self-Locking Bricks Material: Plastic Plastic Type: ABS Bricks Blocks:2975pcs Size: 28 x 48.6 x 29.3 cm Contains detailed assembly instructions. Notice: 1. Without an original box, but we guarantee our products have [&hellip;]<\/p>","protected":false},"featured_media":38774,"comment_status":"closed","ping_status":"closed","template":"","meta":{"_acf_changed":false},"product_cat":[1357],"product_tag":[4572,10176,10175,10178,10179,10174,10177],"class_list":["product","first","instock","shipping-taxable","purchasable","product-type-variable"],"acf":[],"_links":{"self":[{"href":"https:\/\/mouldking.store\/de\/wp-json\/wp\/v2\/product\/38773","targetHints":{"allow":["GET"]}}],"collection":[{"href":"https:\/\/mouldking.store\/de\/wp-json\/wp\/v2\/product"}],"about":[{"href":"https:\/\/mouldking.store\/de\/wp-json\/wp\/v2\/types\/product"}],"replies":[{"embeddable":true,"href":"https:\/\/mouldking.store\/de\/wp-json\/wp\/v2\/comments?post=38773"}],"wp:featuredmedia":[{"embeddable":true,"href":"https:\/\/mouldking.store\/de\/wp-json\/wp\/v2\/media\/38774"}],"wp:attachment":[{"href":"https:\/\/mouldking.store\/de\/wp-json\/wp\/v2\/media?parent=38773"}],"wp:term":[{"taxonomy":"product_cat","embeddable":true,"href":"https:\/\/mouldking.store\/de\/wp-json\/wp\/v2\/product_cat?post=38773"},{"taxonomy":"product_tag","embeddable":true,"href":"https:\/\/mouldking.store\/de\/wp-json\/wp\/v2\/product_tag?post=38773"}],"curies":[{"name":"wp","href":"https:\/\/api.w.org\/{rel}","templated":true}]}}