{"id":38786,"date":"2022-12-23T11:21:16","date_gmt":"2022-12-23T04:21:16","guid":{"rendered":"https:\/\/mouldking.store\/?post_type=product&#038;p=38786"},"modified":"2022-12-23T11:21:17","modified_gmt":"2022-12-23T04:21:17","slug":"mould-king-18030-rc-firefox-climb-car-with-1962-pieces","status":"publish","type":"product","link":"https:\/\/mouldking.store\/de\/shop\/mould-king-18030-rc-firefox-climb-car-with-1962-pieces\/","title":{"rendered":"Mould King 18030 RC Firefox Climb Car mit 1962 Teilen"},"content":{"rendered":"<p>Produktinformation:<\/p>\n<ol>\n<li>Marke: Mould King<\/li>\n<li>Geschlecht: Unisex<\/li>\n<li>Name: RC Firefox Climb Car<\/li>\n<li>Altersspanne: &gt; 6 Jahre alt<\/li>\n<li>Model Number: 18030<\/li>\n<li>Einstufung: Assemblage<\/li>\n<li>Kunststoffblockform: Selbstsichernde Steine<\/li>\n<li>Material: Kunststoff<\/li>\n<li>Kunststofftyp: ABS<\/li>\n<li>Ziegelsteine: 1962 St\u00fcck<\/li>\n<li>Size:\u00a051.5 \u00d7 27.8 \u00d7 23.5 cm<\/li>\n<li>Enth\u00e4lt eine ausf\u00fchrliche Montageanleitung.<\/li>\n<\/ol>\n<p>Notiz:<br \/>\n1. Ohne Originalverpackung, aber wir garantieren, dass unsere Produkte eine Qualit\u00e4tssicherung und eine sch\u00f6ne Verpackung haben.<br \/>\n2. Wie alle Teile, die wir vor dem Versand \u00fcberpr\u00fcft haben, machen Sie sich keine Sorgen, wenn Sie feststellen, dass einige Teile fehlen oder besch\u00e4digt sind, und kontaktieren Sie uns einfach, und wir k\u00f6nnen sie Ihnen umgehend kostenlos erneut zusenden.<\/p>\n<figure id=\"attachment_38788\" aria-describedby=\"caption-attachment-38788\" style=\"width: 719px\" class=\"wp-caption aligncenter\"><img fetchpriority=\"high\" decoding=\"async\" class=\"wp-image-38788 size-full\" src=\"https:\/\/mouldking.store\/wp-content\/uploads\/2022\/12\/Mould-King-18030-7.jpg\" alt=\"Mould King 18030 RC Firefox Climb Car With 1962 Pieces\" width=\"719\" height=\"1024\" title=\"-\" srcset=\"https:\/\/mouldking.store\/wp-content\/uploads\/2022\/12\/Mould-King-18030-7.jpg 719w, https:\/\/mouldking.store\/wp-content\/uploads\/2022\/12\/Mould-King-18030-7-211x300.jpg 211w, https:\/\/mouldking.store\/wp-content\/uploads\/2022\/12\/Mould-King-18030-7-300x427.jpg 300w, https:\/\/mouldking.store\/wp-content\/uploads\/2022\/12\/Mould-King-18030-7-600x855.jpg 600w, https:\/\/mouldking.store\/wp-content\/uploads\/2022\/12\/Mould-King-18030-7-105x150.jpg 105w, https:\/\/mouldking.store\/wp-content\/uploads\/2022\/12\/Mould-King-18030-7-42x60.jpg 42w, https:\/\/mouldking.store\/wp-content\/uploads\/2022\/12\/Mould-King-18030-7-63x90.jpg 63w\" sizes=\"(max-width: 719px) 100vw, 719px\" \/><figcaption id=\"caption-attachment-38788\" class=\"wp-caption-text\">Mould King 18030 RC Firefox Climb Car mit 1962 Teilen<\/figcaption><\/figure>\n<figure id=\"attachment_38789\" aria-describedby=\"caption-attachment-38789\" style=\"width: 715px\" class=\"wp-caption aligncenter\"><img decoding=\"async\" class=\"wp-image-38789 size-full\" src=\"https:\/\/mouldking.store\/wp-content\/uploads\/2022\/12\/Mould-King-18030-6.jpg\" alt=\"Mould King 18030 RC Firefox Climb Car With 1962 Pieces\" width=\"715\" height=\"1024\" title=\"-\" srcset=\"https:\/\/mouldking.store\/wp-content\/uploads\/2022\/12\/Mould-King-18030-6.jpg 715w, https:\/\/mouldking.store\/wp-content\/uploads\/2022\/12\/Mould-King-18030-6-209x300.jpg 209w, https:\/\/mouldking.store\/wp-content\/uploads\/2022\/12\/Mould-King-18030-6-300x430.jpg 300w, https:\/\/mouldking.store\/wp-content\/uploads\/2022\/12\/Mould-King-18030-6-600x859.jpg 600w, https:\/\/mouldking.store\/wp-content\/uploads\/2022\/12\/Mould-King-18030-6-105x150.jpg 105w, https:\/\/mouldking.store\/wp-content\/uploads\/2022\/12\/Mould-King-18030-6-42x60.jpg 42w, https:\/\/mouldking.store\/wp-content\/uploads\/2022\/12\/Mould-King-18030-6-63x90.jpg 63w\" sizes=\"(max-width: 715px) 100vw, 715px\" \/><figcaption id=\"caption-attachment-38789\" class=\"wp-caption-text\">Mould King 18030 RC Firefox Climb Car mit 1962 Teilen<\/figcaption><\/figure>\n<figure id=\"attachment_38790\" aria-describedby=\"caption-attachment-38790\" style=\"width: 800px\" class=\"wp-caption aligncenter\"><img decoding=\"async\" class=\"wp-image-38790 size-full\" src=\"https:\/\/mouldking.store\/wp-content\/uploads\/2022\/12\/Mould-King-18030-5.jpg\" alt=\"Mould King 18030 RC Firefox Climb Car With 1962 Pieces\" width=\"800\" height=\"800\" title=\"-\" srcset=\"https:\/\/mouldking.store\/wp-content\/uploads\/2022\/12\/Mould-King-18030-5.jpg 800w, https:\/\/mouldking.store\/wp-content\/uploads\/2022\/12\/Mould-King-18030-5-300x300.jpg 300w, https:\/\/mouldking.store\/wp-content\/uploads\/2022\/12\/Mould-King-18030-5-768x768.jpg 768w, https:\/\/mouldking.store\/wp-content\/uploads\/2022\/12\/Mould-King-18030-5-600x600.jpg 600w, https:\/\/mouldking.store\/wp-content\/uploads\/2022\/12\/Mould-King-18030-5-150x150.jpg 150w, https:\/\/mouldking.store\/wp-content\/uploads\/2022\/12\/Mould-King-18030-5-60x60.jpg 60w, https:\/\/mouldking.store\/wp-content\/uploads\/2022\/12\/Mould-King-18030-5-90x90.jpg 90w\" sizes=\"(max-width: 800px) 100vw, 800px\" \/><figcaption id=\"caption-attachment-38790\" class=\"wp-caption-text\">Mould King 18030 RC Firefox Climb Car mit 1962 Teilen<\/figcaption><\/figure>\n<figure id=\"attachment_38791\" aria-describedby=\"caption-attachment-38791\" style=\"width: 1024px\" class=\"wp-caption aligncenter\"><img loading=\"lazy\" decoding=\"async\" class=\"wp-image-38791 size-full\" src=\"https:\/\/mouldking.store\/wp-content\/uploads\/2022\/12\/Mould-King-18030-4.jpg\" alt=\"Mould King 18030 RC Firefox Climb Car With 1962 Pieces\" width=\"1024\" height=\"982\" title=\"-\" srcset=\"https:\/\/mouldking.store\/wp-content\/uploads\/2022\/12\/Mould-King-18030-4.jpg 1024w, https:\/\/mouldking.store\/wp-content\/uploads\/2022\/12\/Mould-King-18030-4-300x288.jpg 300w, https:\/\/mouldking.store\/wp-content\/uploads\/2022\/12\/Mould-King-18030-4-768x737.jpg 768w, https:\/\/mouldking.store\/wp-content\/uploads\/2022\/12\/Mould-King-18030-4-600x575.jpg 600w, https:\/\/mouldking.store\/wp-content\/uploads\/2022\/12\/Mould-King-18030-4-150x144.jpg 150w, https:\/\/mouldking.store\/wp-content\/uploads\/2022\/12\/Mould-King-18030-4-63x60.jpg 63w, https:\/\/mouldking.store\/wp-content\/uploads\/2022\/12\/Mould-King-18030-4-94x90.jpg 94w\" sizes=\"(max-width: 1024px) 100vw, 1024px\" \/><figcaption id=\"caption-attachment-38791\" class=\"wp-caption-text\">Mould King 18030 RC Firefox Climb Car mit 1962 Teilen<\/figcaption><\/figure>\n<figure id=\"attachment_38792\" aria-describedby=\"caption-attachment-38792\" style=\"width: 1024px\" class=\"wp-caption aligncenter\"><img loading=\"lazy\" decoding=\"async\" class=\"wp-image-38792 size-full\" src=\"https:\/\/mouldking.store\/wp-content\/uploads\/2022\/12\/Mould-King-18030-3.jpg\" alt=\"Mould King 18030 RC Firefox Climb Car With 1962 Pieces\" width=\"1024\" height=\"762\" title=\"-\" srcset=\"https:\/\/mouldking.store\/wp-content\/uploads\/2022\/12\/Mould-King-18030-3.jpg 1024w, https:\/\/mouldking.store\/wp-content\/uploads\/2022\/12\/Mould-King-18030-3-300x223.jpg 300w, https:\/\/mouldking.store\/wp-content\/uploads\/2022\/12\/Mould-King-18030-3-768x572.jpg 768w, https:\/\/mouldking.store\/wp-content\/uploads\/2022\/12\/Mould-King-18030-3-600x446.jpg 600w, https:\/\/mouldking.store\/wp-content\/uploads\/2022\/12\/Mould-King-18030-3-150x112.jpg 150w, https:\/\/mouldking.store\/wp-content\/uploads\/2022\/12\/Mould-King-18030-3-81x60.jpg 81w, https:\/\/mouldking.store\/wp-content\/uploads\/2022\/12\/Mould-King-18030-3-121x90.jpg 121w\" sizes=\"(max-width: 1024px) 100vw, 1024px\" \/><figcaption id=\"caption-attachment-38792\" class=\"wp-caption-text\">Mould King 18030 RC Firefox Climb Car mit 1962 Teilen<\/figcaption><\/figure>\n<figure id=\"attachment_38793\" aria-describedby=\"caption-attachment-38793\" style=\"width: 800px\" class=\"wp-caption aligncenter\"><img loading=\"lazy\" decoding=\"async\" class=\"wp-image-38793 size-full\" src=\"https:\/\/mouldking.store\/wp-content\/uploads\/2022\/12\/Mould-King-18030-2.jpg\" alt=\"Mould King 18030 RC Firefox Climb Car With 1962 Pieces\" width=\"800\" height=\"800\" title=\"-\" srcset=\"https:\/\/mouldking.store\/wp-content\/uploads\/2022\/12\/Mould-King-18030-2.jpg 800w, https:\/\/mouldking.store\/wp-content\/uploads\/2022\/12\/Mould-King-18030-2-300x300.jpg 300w, https:\/\/mouldking.store\/wp-content\/uploads\/2022\/12\/Mould-King-18030-2-768x768.jpg 768w, https:\/\/mouldking.store\/wp-content\/uploads\/2022\/12\/Mould-King-18030-2-600x600.jpg 600w, https:\/\/mouldking.store\/wp-content\/uploads\/2022\/12\/Mould-King-18030-2-150x150.jpg 150w, https:\/\/mouldking.store\/wp-content\/uploads\/2022\/12\/Mould-King-18030-2-60x60.jpg 60w, https:\/\/mouldking.store\/wp-content\/uploads\/2022\/12\/Mould-King-18030-2-90x90.jpg 90w\" sizes=\"(max-width: 800px) 100vw, 800px\" \/><figcaption id=\"caption-attachment-38793\" class=\"wp-caption-text\">Mould King 18030 RC Firefox Climb Car mit 1962 Teilen<\/figcaption><\/figure>\n<figure id=\"attachment_38794\" aria-describedby=\"caption-attachment-38794\" style=\"width: 800px\" class=\"wp-caption aligncenter\"><img loading=\"lazy\" decoding=\"async\" class=\"wp-image-38794 size-full\" src=\"https:\/\/mouldking.store\/wp-content\/uploads\/2022\/12\/Mould-King-18030-1.jpg\" alt=\"Mould King 18030 RC Firefox Climb Car With 1962 Pieces\" width=\"800\" height=\"800\" title=\"-\" srcset=\"https:\/\/mouldking.store\/wp-content\/uploads\/2022\/12\/Mould-King-18030-1.jpg 800w, https:\/\/mouldking.store\/wp-content\/uploads\/2022\/12\/Mould-King-18030-1-300x300.jpg 300w, https:\/\/mouldking.store\/wp-content\/uploads\/2022\/12\/Mould-King-18030-1-768x768.jpg 768w, https:\/\/mouldking.store\/wp-content\/uploads\/2022\/12\/Mould-King-18030-1-600x600.jpg 600w, https:\/\/mouldking.store\/wp-content\/uploads\/2022\/12\/Mould-King-18030-1-150x150.jpg 150w, https:\/\/mouldking.store\/wp-content\/uploads\/2022\/12\/Mould-King-18030-1-60x60.jpg 60w, https:\/\/mouldking.store\/wp-content\/uploads\/2022\/12\/Mould-King-18030-1-90x90.jpg 90w\" sizes=\"(max-width: 800px) 100vw, 800px\" \/><figcaption id=\"caption-attachment-38794\" class=\"wp-caption-text\">Mould King 18030 RC Firefox Climb Car mit 1962 Teilen<\/figcaption><\/figure>","protected":false},"excerpt":{"rendered":"<p>Product information: Brand: Mould King Gender: Unisex Name: RC Firefox Climb Car Age Range: &gt; 6 years old Model Number: 18030 Classification: Assemblage Plastic Block Shape: Self-Locking Bricks Material: Plastic Plastic Type: ABS Bricks Blocks:1962 PCS Size:\u00a051.5 \u00d7 27.8 \u00d7 23.5 cm Contains detailed assembly instructions. Notice: 1. Without an original box, but we guarantee [&hellip;]<\/p>","protected":false},"featured_media":38794,"comment_status":"closed","ping_status":"closed","template":"","meta":{"_acf_changed":false},"product_cat":[1360,1357],"product_tag":[10190,457,10192,10193,10191,615,10195,10196,10189,481,10194],"class_list":["product","first","instock","shipping-taxable","purchasable","product-type-simple"],"acf":[],"_links":{"self":[{"href":"https:\/\/mouldking.store\/de\/wp-json\/wp\/v2\/product\/38786","targetHints":{"allow":["GET"]}}],"collection":[{"href":"https:\/\/mouldking.store\/de\/wp-json\/wp\/v2\/product"}],"about":[{"href":"https:\/\/mouldking.store\/de\/wp-json\/wp\/v2\/types\/product"}],"replies":[{"embeddable":true,"href":"https:\/\/mouldking.store\/de\/wp-json\/wp\/v2\/comments?post=38786"}],"wp:featuredmedia":[{"embeddable":true,"href":"https:\/\/mouldking.store\/de\/wp-json\/wp\/v2\/media\/38794"}],"wp:attachment":[{"href":"https:\/\/mouldking.store\/de\/wp-json\/wp\/v2\/media?parent=38786"}],"wp:term":[{"taxonomy":"product_cat","embeddable":true,"href":"https:\/\/mouldking.store\/de\/wp-json\/wp\/v2\/product_cat?post=38786"},{"taxonomy":"product_tag","embeddable":true,"href":"https:\/\/mouldking.store\/de\/wp-json\/wp\/v2\/product_tag?post=38786"}],"curies":[{"name":"wp","href":"https:\/\/api.w.org\/{rel}","templated":true}]}}