{"id":38842,"date":"2022-12-23T11:49:25","date_gmt":"2022-12-23T04:49:25","guid":{"rendered":"https:\/\/mouldking.store\/?post_type=product&#038;p=38842"},"modified":"2022-12-23T11:49:26","modified_gmt":"2022-12-23T04:49:26","slug":"keeppley-k10217-sky-core-module-small-column-segments-and-node-compartments-with-5400pcs","status":"publish","type":"product","link":"https:\/\/mouldking.store\/de\/shop\/keeppley-k10217-sky-core-module-small-column-segments-and-node-compartments-with-5400pcs\/","title":{"rendered":"Keeppley K10217 Sky Core Modul Kleine S\u00e4ulensegmente und Knotenf\u00e4cher mit 5400 St\u00fcck"},"content":{"rendered":"<p>Produktinformation:<\/p>\n<ol>\n<li>Marke: Keeppley<\/li>\n<li>Geschlecht: Unisex<\/li>\n<li>Name: Sky Core Module Small Column Segments and Node Compartments<\/li>\n<li>Altersspanne: &gt; 6 Jahre alt<\/li>\n<li>Model Number: K10217<\/li>\n<li>Einstufung: Assemblage<\/li>\n<li>Kunststoffblockform: Selbstsichernde Steine<\/li>\n<li>Material: Kunststoff<\/li>\n<li>Kunststofftyp: ABS<\/li>\n<li>Bricks Blocks:5400PCS<\/li>\n<li>Size: 97 \u00d7 35 \u00d7 19 cm<\/li>\n<li>Enth\u00e4lt eine ausf\u00fchrliche Montageanleitung.<\/li>\n<\/ol>\n<p>Notiz:<br \/>\n1. Ohne Originalverpackung, aber wir garantieren, dass unsere Produkte eine Qualit\u00e4tssicherung und eine sch\u00f6ne Verpackung haben.<br \/>\n2. Wie alle Teile, die wir vor dem Versand \u00fcberpr\u00fcft haben, machen Sie sich keine Sorgen, wenn Sie feststellen, dass einige Teile fehlen oder besch\u00e4digt sind, und kontaktieren Sie uns einfach, und wir k\u00f6nnen sie Ihnen umgehend kostenlos erneut zusenden.<\/p>\n<figure id=\"attachment_38849\" aria-describedby=\"caption-attachment-38849\" style=\"width: 800px\" class=\"wp-caption aligncenter\"><img fetchpriority=\"high\" decoding=\"async\" class=\"wp-image-38849 size-full\" src=\"https:\/\/mouldking.store\/wp-content\/uploads\/2022\/12\/K10217-1-b339.jpg\" alt=\"Keeppley K10217 Sky Core Module Small Column Segments and Node Compartments With 5400PCS\" width=\"800\" height=\"800\" title=\"-\" srcset=\"https:\/\/mouldking.store\/wp-content\/uploads\/2022\/12\/K10217-1-b339.jpg 800w, https:\/\/mouldking.store\/wp-content\/uploads\/2022\/12\/K10217-1-b339-300x300.jpg 300w, https:\/\/mouldking.store\/wp-content\/uploads\/2022\/12\/K10217-1-b339-768x768.jpg 768w, https:\/\/mouldking.store\/wp-content\/uploads\/2022\/12\/K10217-1-b339-600x600.jpg 600w, https:\/\/mouldking.store\/wp-content\/uploads\/2022\/12\/K10217-1-b339-150x150.jpg 150w, https:\/\/mouldking.store\/wp-content\/uploads\/2022\/12\/K10217-1-b339-60x60.jpg 60w, https:\/\/mouldking.store\/wp-content\/uploads\/2022\/12\/K10217-1-b339-90x90.jpg 90w\" sizes=\"(max-width: 800px) 100vw, 800px\" \/><figcaption id=\"caption-attachment-38849\" class=\"wp-caption-text\">Keeppley K10217 Sky Core Modul Kleine S\u00e4ulensegmente und Knotenf\u00e4cher mit 5400 St\u00fcck<\/figcaption><\/figure>\n<figure id=\"attachment_38850\" aria-describedby=\"caption-attachment-38850\" style=\"width: 800px\" class=\"wp-caption aligncenter\"><img decoding=\"async\" class=\"wp-image-38850 size-full\" src=\"https:\/\/mouldking.store\/wp-content\/uploads\/2022\/12\/K10217-2-bfd4.jpg\" alt=\"Keeppley K10217 Sky Core Module Small Column Segments and Node Compartments With 5400PCS\" width=\"800\" height=\"800\" title=\"-\" srcset=\"https:\/\/mouldking.store\/wp-content\/uploads\/2022\/12\/K10217-2-bfd4.jpg 800w, https:\/\/mouldking.store\/wp-content\/uploads\/2022\/12\/K10217-2-bfd4-300x300.jpg 300w, https:\/\/mouldking.store\/wp-content\/uploads\/2022\/12\/K10217-2-bfd4-768x768.jpg 768w, https:\/\/mouldking.store\/wp-content\/uploads\/2022\/12\/K10217-2-bfd4-600x600.jpg 600w, https:\/\/mouldking.store\/wp-content\/uploads\/2022\/12\/K10217-2-bfd4-150x150.jpg 150w, https:\/\/mouldking.store\/wp-content\/uploads\/2022\/12\/K10217-2-bfd4-60x60.jpg 60w, https:\/\/mouldking.store\/wp-content\/uploads\/2022\/12\/K10217-2-bfd4-90x90.jpg 90w\" sizes=\"(max-width: 800px) 100vw, 800px\" \/><figcaption id=\"caption-attachment-38850\" class=\"wp-caption-text\">Keeppley K10217 Sky Core Modul Kleine S\u00e4ulensegmente und Knotenf\u00e4cher mit 5400 St\u00fcck<\/figcaption><\/figure>\n<figure id=\"attachment_38851\" aria-describedby=\"caption-attachment-38851\" style=\"width: 800px\" class=\"wp-caption aligncenter\"><img decoding=\"async\" class=\"wp-image-38851 size-full\" src=\"https:\/\/mouldking.store\/wp-content\/uploads\/2022\/12\/K10217-3-7f19.jpg\" alt=\"Keeppley K10217 Sky Core Module Small Column Segments and Node Compartments With 5400PCS\" width=\"800\" height=\"800\" title=\"-\" srcset=\"https:\/\/mouldking.store\/wp-content\/uploads\/2022\/12\/K10217-3-7f19.jpg 800w, https:\/\/mouldking.store\/wp-content\/uploads\/2022\/12\/K10217-3-7f19-300x300.jpg 300w, https:\/\/mouldking.store\/wp-content\/uploads\/2022\/12\/K10217-3-7f19-768x768.jpg 768w, https:\/\/mouldking.store\/wp-content\/uploads\/2022\/12\/K10217-3-7f19-600x600.jpg 600w, https:\/\/mouldking.store\/wp-content\/uploads\/2022\/12\/K10217-3-7f19-150x150.jpg 150w, https:\/\/mouldking.store\/wp-content\/uploads\/2022\/12\/K10217-3-7f19-60x60.jpg 60w, https:\/\/mouldking.store\/wp-content\/uploads\/2022\/12\/K10217-3-7f19-90x90.jpg 90w\" sizes=\"(max-width: 800px) 100vw, 800px\" \/><figcaption id=\"caption-attachment-38851\" class=\"wp-caption-text\">Keeppley K10217 Sky Core Modul Kleine S\u00e4ulensegmente und Knotenf\u00e4cher mit 5400 St\u00fcck<\/figcaption><\/figure>","protected":false},"excerpt":{"rendered":"<p>Product information: Brand: Keeppley Gender: Unisex Name: Sky Core Module Small Column Segments and Node Compartments Age Range: &gt; 6 years old Model Number: K10217 Classification: Assemblage Plastic Block Shape: Self-Locking Bricks Material: Plastic Plastic Type: ABS Bricks Blocks:5400PCS Size: 97 \u00d7 35 \u00d7 19 cm Contains detailed assembly instructions. Notice: 1. Without an original [&hellip;]<\/p>","protected":false},"featured_media":38849,"comment_status":"closed","ping_status":"closed","template":"","meta":{"_acf_changed":false},"product_cat":[6016],"product_tag":[10246,10242,10241,6429,10249,10250,10240,3167,10245,10247,10244,790,10248,10243],"class_list":["product","first","instock","shipping-taxable","purchasable","product-type-simple"],"acf":[],"_links":{"self":[{"href":"https:\/\/mouldking.store\/de\/wp-json\/wp\/v2\/product\/38842","targetHints":{"allow":["GET"]}}],"collection":[{"href":"https:\/\/mouldking.store\/de\/wp-json\/wp\/v2\/product"}],"about":[{"href":"https:\/\/mouldking.store\/de\/wp-json\/wp\/v2\/types\/product"}],"replies":[{"embeddable":true,"href":"https:\/\/mouldking.store\/de\/wp-json\/wp\/v2\/comments?post=38842"}],"wp:featuredmedia":[{"embeddable":true,"href":"https:\/\/mouldking.store\/de\/wp-json\/wp\/v2\/media\/38849"}],"wp:attachment":[{"href":"https:\/\/mouldking.store\/de\/wp-json\/wp\/v2\/media?parent=38842"}],"wp:term":[{"taxonomy":"product_cat","embeddable":true,"href":"https:\/\/mouldking.store\/de\/wp-json\/wp\/v2\/product_cat?post=38842"},{"taxonomy":"product_tag","embeddable":true,"href":"https:\/\/mouldking.store\/de\/wp-json\/wp\/v2\/product_tag?post=38842"}],"curies":[{"name":"wp","href":"https:\/\/api.w.org\/{rel}","templated":true}]}}