{"id":38908,"date":"2022-12-23T14:36:10","date_gmt":"2022-12-23T07:36:10","guid":{"rendered":"https:\/\/mouldking.store\/?post_type=product&#038;p=38908"},"modified":"2025-12-25T09:11:57","modified_gmt":"2025-12-25T02:11:57","slug":"moc-89521-german-dr-180-train-with-818pcs","status":"publish","type":"product","link":"https:\/\/mouldking.store\/de\/shop\/moc-89521-german-dr-180-train-with-818pcs\/","title":{"rendered":"MOC-89521 Deutscher DR-180 Zug mit 818 STK"},"content":{"rendered":"<ol>\n<li>Marke: MOC<\/li>\n<li>Geschlecht: Unisex<\/li>\n<li>Name: Deutscher Zug DR-180<\/li>\n<li>Altersspanne: &gt; 6 Jahre alt<\/li>\n<li>Modellnummer: 89521<\/li>\n<li>Einstufung: Assemblage<\/li>\n<li>Kunststoffblockform: Selbstsichernde Steine<\/li>\n<li>Material: Kunststoff<\/li>\n<li>Kunststofftyp: ABS<\/li>\n<li>Ziegelsteine: 818 ST\u00dcCKE<\/li>\n<li>Gewicht: 650 g<\/li>\n<li>Enth\u00e4lt eine ausf\u00fchrliche Montageanleitung.<\/li>\n<\/ol>\n<p>Notiz:<br \/>\n1. Ohne Originalverpackung, aber wir garantieren, dass unsere Produkte eine Qualit\u00e4tssicherung und eine sch\u00f6ne Verpackung haben.<br \/>\n2. Wie alle Teile, die wir vor dem Versand \u00fcberpr\u00fcft haben, machen Sie sich keine Sorgen, wenn Sie feststellen, dass einige Teile fehlen oder besch\u00e4digt sind, und kontaktieren Sie uns einfach, und wir k\u00f6nnen sie Ihnen umgehend kostenlos erneut zusenden.<\/p>\n<figure id=\"attachment_38909\" aria-describedby=\"caption-attachment-38909\" style=\"width: 1004px\" class=\"wp-caption aligncenter\"><img fetchpriority=\"high\" decoding=\"async\" class=\"wp-image-38909 size-full\" src=\"https:\/\/mouldking.store\/wp-content\/uploads\/2022\/12\/MOC-89521-Technic-German-DR-180-Train-MOC-FACTORY.png\" alt=\"MOC-89521 German DR-180 Train With 818PCS\" width=\"1004\" height=\"1004\" title=\"-\" srcset=\"https:\/\/mouldking.store\/wp-content\/uploads\/2022\/12\/MOC-89521-Technic-German-DR-180-Train-MOC-FACTORY.png 1004w, https:\/\/mouldking.store\/wp-content\/uploads\/2022\/12\/MOC-89521-Technic-German-DR-180-Train-MOC-FACTORY-300x300.png 300w, https:\/\/mouldking.store\/wp-content\/uploads\/2022\/12\/MOC-89521-Technic-German-DR-180-Train-MOC-FACTORY-768x768.png 768w, https:\/\/mouldking.store\/wp-content\/uploads\/2022\/12\/MOC-89521-Technic-German-DR-180-Train-MOC-FACTORY-600x600.png 600w, https:\/\/mouldking.store\/wp-content\/uploads\/2022\/12\/MOC-89521-Technic-German-DR-180-Train-MOC-FACTORY-150x150.png 150w, https:\/\/mouldking.store\/wp-content\/uploads\/2022\/12\/MOC-89521-Technic-German-DR-180-Train-MOC-FACTORY-60x60.png 60w, https:\/\/mouldking.store\/wp-content\/uploads\/2022\/12\/MOC-89521-Technic-German-DR-180-Train-MOC-FACTORY-90x90.png 90w\" sizes=\"(max-width: 1004px) 100vw, 1004px\" \/><figcaption id=\"caption-attachment-38909\" class=\"wp-caption-text\">MOC-89521 Deutscher DR-180 Zug mit 818 STK<\/figcaption><\/figure>\n<figure id=\"attachment_38910\" aria-describedby=\"caption-attachment-38910\" style=\"width: 1024px\" class=\"wp-caption aligncenter\"><img decoding=\"async\" class=\"wp-image-38910 size-large\" src=\"https:\/\/mouldking.store\/wp-content\/uploads\/2022\/12\/German-DR-180-Train-MOC-89521-1-1024x1024.jpg\" alt=\"MOC-89521 German DR-180 Train With 818PCS\" width=\"1024\" height=\"1024\" title=\"-\" srcset=\"https:\/\/mouldking.store\/wp-content\/uploads\/2022\/12\/German-DR-180-Train-MOC-89521-1-1024x1024.jpg 1024w, https:\/\/mouldking.store\/wp-content\/uploads\/2022\/12\/German-DR-180-Train-MOC-89521-1-300x300.jpg 300w, https:\/\/mouldking.store\/wp-content\/uploads\/2022\/12\/German-DR-180-Train-MOC-89521-1-768x768.jpg 768w, https:\/\/mouldking.store\/wp-content\/uploads\/2022\/12\/German-DR-180-Train-MOC-89521-1-600x600.jpg 600w, https:\/\/mouldking.store\/wp-content\/uploads\/2022\/12\/German-DR-180-Train-MOC-89521-1-150x150.jpg 150w, https:\/\/mouldking.store\/wp-content\/uploads\/2022\/12\/German-DR-180-Train-MOC-89521-1-60x60.jpg 60w, https:\/\/mouldking.store\/wp-content\/uploads\/2022\/12\/German-DR-180-Train-MOC-89521-1-90x90.jpg 90w, https:\/\/mouldking.store\/wp-content\/uploads\/2022\/12\/German-DR-180-Train-MOC-89521-1.jpg 1100w\" sizes=\"(max-width: 1024px) 100vw, 1024px\" \/><figcaption id=\"caption-attachment-38910\" class=\"wp-caption-text\">MOC-89521 Deutscher DR-180 Zug mit 818 STK<\/figcaption><\/figure>\n<figure id=\"attachment_38911\" aria-describedby=\"caption-attachment-38911\" style=\"width: 1100px\" class=\"wp-caption aligncenter\"><img decoding=\"async\" class=\"wp-image-38911 size-full\" src=\"https:\/\/mouldking.store\/wp-content\/uploads\/2022\/12\/German-DR-180-Train-MOC-89521-2.jpg\" alt=\"MOC-89521 German DR-180 Train With 818PCS\" width=\"1100\" height=\"1100\" title=\"-\" srcset=\"https:\/\/mouldking.store\/wp-content\/uploads\/2022\/12\/German-DR-180-Train-MOC-89521-2.jpg 1100w, https:\/\/mouldking.store\/wp-content\/uploads\/2022\/12\/German-DR-180-Train-MOC-89521-2-300x300.jpg 300w, https:\/\/mouldking.store\/wp-content\/uploads\/2022\/12\/German-DR-180-Train-MOC-89521-2-1024x1024.jpg 1024w, https:\/\/mouldking.store\/wp-content\/uploads\/2022\/12\/German-DR-180-Train-MOC-89521-2-768x768.jpg 768w, https:\/\/mouldking.store\/wp-content\/uploads\/2022\/12\/German-DR-180-Train-MOC-89521-2-600x600.jpg 600w, https:\/\/mouldking.store\/wp-content\/uploads\/2022\/12\/German-DR-180-Train-MOC-89521-2-150x150.jpg 150w, https:\/\/mouldking.store\/wp-content\/uploads\/2022\/12\/German-DR-180-Train-MOC-89521-2-60x60.jpg 60w, https:\/\/mouldking.store\/wp-content\/uploads\/2022\/12\/German-DR-180-Train-MOC-89521-2-90x90.jpg 90w\" sizes=\"(max-width: 1100px) 100vw, 1100px\" \/><figcaption id=\"caption-attachment-38911\" class=\"wp-caption-text\">MOC-89521 Deutscher DR-180 Zug mit 818 STK<\/figcaption><\/figure>\n<figure id=\"attachment_38912\" aria-describedby=\"caption-attachment-38912\" style=\"width: 1024px\" class=\"wp-caption aligncenter\"><img loading=\"lazy\" decoding=\"async\" class=\"wp-image-38912 size-large\" src=\"https:\/\/mouldking.store\/wp-content\/uploads\/2022\/12\/German-DR-180-Train-MOC-89521-3-1024x1024.jpg\" alt=\"MOC-89521 German DR-180 Train With 818PCS\" width=\"1024\" height=\"1024\" title=\"-\" srcset=\"https:\/\/mouldking.store\/wp-content\/uploads\/2022\/12\/German-DR-180-Train-MOC-89521-3-1024x1024.jpg 1024w, https:\/\/mouldking.store\/wp-content\/uploads\/2022\/12\/German-DR-180-Train-MOC-89521-3-300x300.jpg 300w, https:\/\/mouldking.store\/wp-content\/uploads\/2022\/12\/German-DR-180-Train-MOC-89521-3-768x768.jpg 768w, https:\/\/mouldking.store\/wp-content\/uploads\/2022\/12\/German-DR-180-Train-MOC-89521-3-600x600.jpg 600w, https:\/\/mouldking.store\/wp-content\/uploads\/2022\/12\/German-DR-180-Train-MOC-89521-3-150x150.jpg 150w, https:\/\/mouldking.store\/wp-content\/uploads\/2022\/12\/German-DR-180-Train-MOC-89521-3-60x60.jpg 60w, https:\/\/mouldking.store\/wp-content\/uploads\/2022\/12\/German-DR-180-Train-MOC-89521-3-90x90.jpg 90w, https:\/\/mouldking.store\/wp-content\/uploads\/2022\/12\/German-DR-180-Train-MOC-89521-3.jpg 1100w\" sizes=\"(max-width: 1024px) 100vw, 1024px\" \/><figcaption id=\"caption-attachment-38912\" class=\"wp-caption-text\">MOC-89521 Deutscher DR-180 Zug mit 818 STK<\/figcaption><\/figure>\n<figure id=\"attachment_38913\" aria-describedby=\"caption-attachment-38913\" style=\"width: 1024px\" class=\"wp-caption aligncenter\"><img loading=\"lazy\" decoding=\"async\" class=\"wp-image-38913 size-large\" src=\"https:\/\/mouldking.store\/wp-content\/uploads\/2022\/12\/German-DR-180-Train-MOC-89521-4-1024x1024.jpg\" alt=\"MOC-89521 German DR-180 Train With 818PCS\" width=\"1024\" height=\"1024\" title=\"-\" srcset=\"https:\/\/mouldking.store\/wp-content\/uploads\/2022\/12\/German-DR-180-Train-MOC-89521-4-1024x1024.jpg 1024w, https:\/\/mouldking.store\/wp-content\/uploads\/2022\/12\/German-DR-180-Train-MOC-89521-4-300x300.jpg 300w, https:\/\/mouldking.store\/wp-content\/uploads\/2022\/12\/German-DR-180-Train-MOC-89521-4-768x768.jpg 768w, https:\/\/mouldking.store\/wp-content\/uploads\/2022\/12\/German-DR-180-Train-MOC-89521-4-600x600.jpg 600w, https:\/\/mouldking.store\/wp-content\/uploads\/2022\/12\/German-DR-180-Train-MOC-89521-4-150x150.jpg 150w, https:\/\/mouldking.store\/wp-content\/uploads\/2022\/12\/German-DR-180-Train-MOC-89521-4-60x60.jpg 60w, https:\/\/mouldking.store\/wp-content\/uploads\/2022\/12\/German-DR-180-Train-MOC-89521-4-90x90.jpg 90w, https:\/\/mouldking.store\/wp-content\/uploads\/2022\/12\/German-DR-180-Train-MOC-89521-4.jpg 1100w\" sizes=\"(max-width: 1024px) 100vw, 1024px\" \/><figcaption id=\"caption-attachment-38913\" class=\"wp-caption-text\">MOC-89521 Deutscher DR-180 Zug mit 818 STK<\/figcaption><\/figure>\n<figure id=\"attachment_38914\" aria-describedby=\"caption-attachment-38914\" style=\"width: 1024px\" class=\"wp-caption aligncenter\"><img loading=\"lazy\" decoding=\"async\" class=\"wp-image-38914 size-large\" src=\"https:\/\/mouldking.store\/wp-content\/uploads\/2022\/12\/German-DR-180-Train-MOC-89521-5-1024x1024.jpg\" alt=\"MOC-89521 German DR-180 Train With 818PCS\" width=\"1024\" height=\"1024\" title=\"-\" srcset=\"https:\/\/mouldking.store\/wp-content\/uploads\/2022\/12\/German-DR-180-Train-MOC-89521-5-1024x1024.jpg 1024w, https:\/\/mouldking.store\/wp-content\/uploads\/2022\/12\/German-DR-180-Train-MOC-89521-5-300x300.jpg 300w, https:\/\/mouldking.store\/wp-content\/uploads\/2022\/12\/German-DR-180-Train-MOC-89521-5-768x768.jpg 768w, https:\/\/mouldking.store\/wp-content\/uploads\/2022\/12\/German-DR-180-Train-MOC-89521-5-600x600.jpg 600w, https:\/\/mouldking.store\/wp-content\/uploads\/2022\/12\/German-DR-180-Train-MOC-89521-5-150x150.jpg 150w, https:\/\/mouldking.store\/wp-content\/uploads\/2022\/12\/German-DR-180-Train-MOC-89521-5-60x60.jpg 60w, https:\/\/mouldking.store\/wp-content\/uploads\/2022\/12\/German-DR-180-Train-MOC-89521-5-90x90.jpg 90w, https:\/\/mouldking.store\/wp-content\/uploads\/2022\/12\/German-DR-180-Train-MOC-89521-5.jpg 1100w\" sizes=\"(max-width: 1024px) 100vw, 1024px\" \/><figcaption id=\"caption-attachment-38914\" class=\"wp-caption-text\">MOC-89521 Deutscher DR-180 Zug mit 818 STK<\/figcaption><\/figure>","protected":false},"excerpt":{"rendered":"<p>PDF-Bauanleitung<\/p>\n<p>Ohne Originalverpackung<\/p>\n<p>Zeiteinteilung: 4-8 Wochen<\/p>","protected":false},"featured_media":38909,"comment_status":"closed","ping_status":"closed","template":"","meta":{"_acf_changed":false},"product_cat":[1357,1406],"product_tag":[10295,10294,10296,430,10293,10297,10292,300],"class_list":["product","first","instock","shipping-taxable","purchasable","product-type-simple"],"acf":[],"_links":{"self":[{"href":"https:\/\/mouldking.store\/de\/wp-json\/wp\/v2\/product\/38908","targetHints":{"allow":["GET"]}}],"collection":[{"href":"https:\/\/mouldking.store\/de\/wp-json\/wp\/v2\/product"}],"about":[{"href":"https:\/\/mouldking.store\/de\/wp-json\/wp\/v2\/types\/product"}],"replies":[{"embeddable":true,"href":"https:\/\/mouldking.store\/de\/wp-json\/wp\/v2\/comments?post=38908"}],"wp:featuredmedia":[{"embeddable":true,"href":"https:\/\/mouldking.store\/de\/wp-json\/wp\/v2\/media\/38909"}],"wp:attachment":[{"href":"https:\/\/mouldking.store\/de\/wp-json\/wp\/v2\/media?parent=38908"}],"wp:term":[{"taxonomy":"product_cat","embeddable":true,"href":"https:\/\/mouldking.store\/de\/wp-json\/wp\/v2\/product_cat?post=38908"},{"taxonomy":"product_tag","embeddable":true,"href":"https:\/\/mouldking.store\/de\/wp-json\/wp\/v2\/product_tag?post=38908"}],"curies":[{"name":"wp","href":"https:\/\/api.w.org\/{rel}","templated":true}]}}