{"id":38915,"date":"2022-12-23T14:42:38","date_gmt":"2022-12-23T07:42:38","guid":{"rendered":"https:\/\/mouldking.store\/?post_type=product&#038;p=38915"},"modified":"2025-12-25T09:11:56","modified_gmt":"2025-12-25T02:11:56","slug":"moc-89520-german-db-cargo-152-with-883pcs","status":"publish","type":"product","link":"https:\/\/mouldking.store\/de\/shop\/moc-89520-german-db-cargo-152-with-883pcs\/","title":{"rendered":"MOC-89520 Deutsche DB-Cargo-152 mit 883STK"},"content":{"rendered":"<ol>\n<li>Marke: MOC<\/li>\n<li>Geschlecht: Unisex<\/li>\n<li>Name: German DB-Cargo-152<\/li>\n<li>Altersspanne: &gt; 6 Jahre alt<\/li>\n<li>Model Number: 89520<\/li>\n<li>Einstufung: Assemblage<\/li>\n<li>Kunststoffblockform: Selbstsichernde Steine<\/li>\n<li>Material: Kunststoff<\/li>\n<li>Kunststofftyp: ABS<\/li>\n<li>Bricks Blocks:883PCS<\/li>\n<li>Gewicht: 650 g<\/li>\n<li>Enth\u00e4lt eine ausf\u00fchrliche Montageanleitung.<\/li>\n<\/ol>\n<p>Notiz:<br \/>\n1. Ohne Originalverpackung, aber wir garantieren, dass unsere Produkte eine Qualit\u00e4tssicherung und eine sch\u00f6ne Verpackung haben.<br \/>\n2. Wie alle Teile, die wir vor dem Versand \u00fcberpr\u00fcft haben, machen Sie sich keine Sorgen, wenn Sie feststellen, dass einige Teile fehlen oder besch\u00e4digt sind, und kontaktieren Sie uns einfach, und wir k\u00f6nnen sie Ihnen umgehend kostenlos erneut zusenden.<\/p>\n<figure id=\"attachment_38916\" aria-describedby=\"caption-attachment-38916\" style=\"width: 1004px\" class=\"wp-caption aligncenter\"><img fetchpriority=\"high\" decoding=\"async\" class=\"wp-image-38916 size-full\" src=\"https:\/\/mouldking.store\/wp-content\/uploads\/2022\/12\/MOC-89520-Technic-German-DB-Cargo-152-MOC-FACTORY.png\" alt=\"MOC-89520 German DB-Cargo-152 With 883PCS\" width=\"1004\" height=\"1004\" title=\"-\" srcset=\"https:\/\/mouldking.store\/wp-content\/uploads\/2022\/12\/MOC-89520-Technic-German-DB-Cargo-152-MOC-FACTORY.png 1004w, https:\/\/mouldking.store\/wp-content\/uploads\/2022\/12\/MOC-89520-Technic-German-DB-Cargo-152-MOC-FACTORY-300x300.png 300w, https:\/\/mouldking.store\/wp-content\/uploads\/2022\/12\/MOC-89520-Technic-German-DB-Cargo-152-MOC-FACTORY-768x768.png 768w, https:\/\/mouldking.store\/wp-content\/uploads\/2022\/12\/MOC-89520-Technic-German-DB-Cargo-152-MOC-FACTORY-600x600.png 600w, https:\/\/mouldking.store\/wp-content\/uploads\/2022\/12\/MOC-89520-Technic-German-DB-Cargo-152-MOC-FACTORY-150x150.png 150w, https:\/\/mouldking.store\/wp-content\/uploads\/2022\/12\/MOC-89520-Technic-German-DB-Cargo-152-MOC-FACTORY-60x60.png 60w, https:\/\/mouldking.store\/wp-content\/uploads\/2022\/12\/MOC-89520-Technic-German-DB-Cargo-152-MOC-FACTORY-90x90.png 90w\" sizes=\"(max-width: 1004px) 100vw, 1004px\" \/><figcaption id=\"caption-attachment-38916\" class=\"wp-caption-text\">MOC-89520 Deutsche DB-Cargo-152 mit 883STK<\/figcaption><\/figure>\n<figure id=\"attachment_38917\" aria-describedby=\"caption-attachment-38917\" style=\"width: 1024px\" class=\"wp-caption aligncenter\"><img decoding=\"async\" class=\"wp-image-38917 size-large\" src=\"https:\/\/mouldking.store\/wp-content\/uploads\/2022\/12\/German-DB-Cargo-152-MOC-89520-1-1024x1024.jpg\" alt=\"MOC-89520 German DB-Cargo-152 With 883PCS\" width=\"1024\" height=\"1024\" title=\"-\" srcset=\"https:\/\/mouldking.store\/wp-content\/uploads\/2022\/12\/German-DB-Cargo-152-MOC-89520-1-1024x1024.jpg 1024w, https:\/\/mouldking.store\/wp-content\/uploads\/2022\/12\/German-DB-Cargo-152-MOC-89520-1-300x300.jpg 300w, https:\/\/mouldking.store\/wp-content\/uploads\/2022\/12\/German-DB-Cargo-152-MOC-89520-1-768x768.jpg 768w, https:\/\/mouldking.store\/wp-content\/uploads\/2022\/12\/German-DB-Cargo-152-MOC-89520-1-600x600.jpg 600w, https:\/\/mouldking.store\/wp-content\/uploads\/2022\/12\/German-DB-Cargo-152-MOC-89520-1-150x150.jpg 150w, https:\/\/mouldking.store\/wp-content\/uploads\/2022\/12\/German-DB-Cargo-152-MOC-89520-1-60x60.jpg 60w, https:\/\/mouldking.store\/wp-content\/uploads\/2022\/12\/German-DB-Cargo-152-MOC-89520-1-90x90.jpg 90w, https:\/\/mouldking.store\/wp-content\/uploads\/2022\/12\/German-DB-Cargo-152-MOC-89520-1.jpg 1100w\" sizes=\"(max-width: 1024px) 100vw, 1024px\" \/><figcaption id=\"caption-attachment-38917\" class=\"wp-caption-text\">MOC-89520 Deutsche DB-Cargo-152 mit 883STK<\/figcaption><\/figure>\n<figure id=\"attachment_38918\" aria-describedby=\"caption-attachment-38918\" style=\"width: 1024px\" class=\"wp-caption aligncenter\"><img decoding=\"async\" class=\"wp-image-38918 size-large\" src=\"https:\/\/mouldking.store\/wp-content\/uploads\/2022\/12\/German-DB-Cargo-152-MOC-89520-2-1024x1024.jpg\" alt=\"MOC-89520 German DB-Cargo-152 With 883PCS\" width=\"1024\" height=\"1024\" title=\"-\" srcset=\"https:\/\/mouldking.store\/wp-content\/uploads\/2022\/12\/German-DB-Cargo-152-MOC-89520-2-1024x1024.jpg 1024w, https:\/\/mouldking.store\/wp-content\/uploads\/2022\/12\/German-DB-Cargo-152-MOC-89520-2-300x300.jpg 300w, https:\/\/mouldking.store\/wp-content\/uploads\/2022\/12\/German-DB-Cargo-152-MOC-89520-2-768x768.jpg 768w, https:\/\/mouldking.store\/wp-content\/uploads\/2022\/12\/German-DB-Cargo-152-MOC-89520-2-600x600.jpg 600w, https:\/\/mouldking.store\/wp-content\/uploads\/2022\/12\/German-DB-Cargo-152-MOC-89520-2-150x150.jpg 150w, https:\/\/mouldking.store\/wp-content\/uploads\/2022\/12\/German-DB-Cargo-152-MOC-89520-2-60x60.jpg 60w, https:\/\/mouldking.store\/wp-content\/uploads\/2022\/12\/German-DB-Cargo-152-MOC-89520-2-90x90.jpg 90w, https:\/\/mouldking.store\/wp-content\/uploads\/2022\/12\/German-DB-Cargo-152-MOC-89520-2.jpg 1100w\" sizes=\"(max-width: 1024px) 100vw, 1024px\" \/><figcaption id=\"caption-attachment-38918\" class=\"wp-caption-text\">MOC-89520 Deutsche DB-Cargo-152 mit 883STK<\/figcaption><\/figure>\n<figure id=\"attachment_38919\" aria-describedby=\"caption-attachment-38919\" style=\"width: 1024px\" class=\"wp-caption aligncenter\"><img loading=\"lazy\" decoding=\"async\" class=\"wp-image-38919 size-large\" src=\"https:\/\/mouldking.store\/wp-content\/uploads\/2022\/12\/German-DB-Cargo-152-MOC-89520-3-1024x1024.jpg\" alt=\"MOC-89520 German DB-Cargo-152 With 883PCS\" width=\"1024\" height=\"1024\" title=\"-\" srcset=\"https:\/\/mouldking.store\/wp-content\/uploads\/2022\/12\/German-DB-Cargo-152-MOC-89520-3-1024x1024.jpg 1024w, https:\/\/mouldking.store\/wp-content\/uploads\/2022\/12\/German-DB-Cargo-152-MOC-89520-3-300x300.jpg 300w, https:\/\/mouldking.store\/wp-content\/uploads\/2022\/12\/German-DB-Cargo-152-MOC-89520-3-768x768.jpg 768w, https:\/\/mouldking.store\/wp-content\/uploads\/2022\/12\/German-DB-Cargo-152-MOC-89520-3-600x600.jpg 600w, https:\/\/mouldking.store\/wp-content\/uploads\/2022\/12\/German-DB-Cargo-152-MOC-89520-3-150x150.jpg 150w, https:\/\/mouldking.store\/wp-content\/uploads\/2022\/12\/German-DB-Cargo-152-MOC-89520-3-60x60.jpg 60w, https:\/\/mouldking.store\/wp-content\/uploads\/2022\/12\/German-DB-Cargo-152-MOC-89520-3-90x90.jpg 90w, https:\/\/mouldking.store\/wp-content\/uploads\/2022\/12\/German-DB-Cargo-152-MOC-89520-3.jpg 1100w\" sizes=\"(max-width: 1024px) 100vw, 1024px\" \/><figcaption id=\"caption-attachment-38919\" class=\"wp-caption-text\">MOC-89520 Deutsche DB-Cargo-152 mit 883STK<\/figcaption><\/figure>\n<figure id=\"attachment_38920\" aria-describedby=\"caption-attachment-38920\" style=\"width: 1024px\" class=\"wp-caption aligncenter\"><img loading=\"lazy\" decoding=\"async\" class=\"wp-image-38920 size-large\" src=\"https:\/\/mouldking.store\/wp-content\/uploads\/2022\/12\/German-DB-Cargo-152-MOC-89520-4-1024x1024.jpg\" alt=\"MOC-89520 German DB-Cargo-152 With 883PCS\" width=\"1024\" height=\"1024\" title=\"-\" srcset=\"https:\/\/mouldking.store\/wp-content\/uploads\/2022\/12\/German-DB-Cargo-152-MOC-89520-4-1024x1024.jpg 1024w, https:\/\/mouldking.store\/wp-content\/uploads\/2022\/12\/German-DB-Cargo-152-MOC-89520-4-300x300.jpg 300w, https:\/\/mouldking.store\/wp-content\/uploads\/2022\/12\/German-DB-Cargo-152-MOC-89520-4-768x768.jpg 768w, https:\/\/mouldking.store\/wp-content\/uploads\/2022\/12\/German-DB-Cargo-152-MOC-89520-4-600x600.jpg 600w, https:\/\/mouldking.store\/wp-content\/uploads\/2022\/12\/German-DB-Cargo-152-MOC-89520-4-150x150.jpg 150w, https:\/\/mouldking.store\/wp-content\/uploads\/2022\/12\/German-DB-Cargo-152-MOC-89520-4-60x60.jpg 60w, https:\/\/mouldking.store\/wp-content\/uploads\/2022\/12\/German-DB-Cargo-152-MOC-89520-4-90x90.jpg 90w, https:\/\/mouldking.store\/wp-content\/uploads\/2022\/12\/German-DB-Cargo-152-MOC-89520-4.jpg 1100w\" sizes=\"(max-width: 1024px) 100vw, 1024px\" \/><figcaption id=\"caption-attachment-38920\" class=\"wp-caption-text\">MOC-89520 Deutsche DB-Cargo-152 mit 883STK<\/figcaption><\/figure>\n<figure id=\"attachment_38921\" aria-describedby=\"caption-attachment-38921\" style=\"width: 1024px\" class=\"wp-caption aligncenter\"><img loading=\"lazy\" decoding=\"async\" class=\"wp-image-38921 size-large\" src=\"https:\/\/mouldking.store\/wp-content\/uploads\/2022\/12\/German-DB-Cargo-152-MOC-89520-5-1024x1024.jpg\" alt=\"MOC-89520 German DB-Cargo-152 With 883PCS\" width=\"1024\" height=\"1024\" title=\"-\" srcset=\"https:\/\/mouldking.store\/wp-content\/uploads\/2022\/12\/German-DB-Cargo-152-MOC-89520-5-1024x1024.jpg 1024w, https:\/\/mouldking.store\/wp-content\/uploads\/2022\/12\/German-DB-Cargo-152-MOC-89520-5-300x300.jpg 300w, https:\/\/mouldking.store\/wp-content\/uploads\/2022\/12\/German-DB-Cargo-152-MOC-89520-5-768x768.jpg 768w, https:\/\/mouldking.store\/wp-content\/uploads\/2022\/12\/German-DB-Cargo-152-MOC-89520-5-600x600.jpg 600w, https:\/\/mouldking.store\/wp-content\/uploads\/2022\/12\/German-DB-Cargo-152-MOC-89520-5-150x150.jpg 150w, https:\/\/mouldking.store\/wp-content\/uploads\/2022\/12\/German-DB-Cargo-152-MOC-89520-5-60x60.jpg 60w, https:\/\/mouldking.store\/wp-content\/uploads\/2022\/12\/German-DB-Cargo-152-MOC-89520-5-90x90.jpg 90w, https:\/\/mouldking.store\/wp-content\/uploads\/2022\/12\/German-DB-Cargo-152-MOC-89520-5.jpg 1100w\" sizes=\"(max-width: 1024px) 100vw, 1024px\" \/><figcaption id=\"caption-attachment-38921\" class=\"wp-caption-text\">MOC-89520 Deutsche DB-Cargo-152 mit 883STK<\/figcaption><\/figure>","protected":false},"excerpt":{"rendered":"<p>PDF-Bauanleitung<\/p>\n<p>Ohne Originalverpackung<\/p>\n<p>Zeiteinteilung: 4-8 Wochen<\/p>","protected":false},"featured_media":38916,"comment_status":"closed","ping_status":"closed","template":"","meta":{"_acf_changed":false},"product_cat":[1357,1406],"product_tag":[10300,10294,10301,430,10299,10302,10298],"class_list":["product","first","instock","shipping-taxable","purchasable","product-type-simple"],"acf":[],"_links":{"self":[{"href":"https:\/\/mouldking.store\/de\/wp-json\/wp\/v2\/product\/38915","targetHints":{"allow":["GET"]}}],"collection":[{"href":"https:\/\/mouldking.store\/de\/wp-json\/wp\/v2\/product"}],"about":[{"href":"https:\/\/mouldking.store\/de\/wp-json\/wp\/v2\/types\/product"}],"replies":[{"embeddable":true,"href":"https:\/\/mouldking.store\/de\/wp-json\/wp\/v2\/comments?post=38915"}],"wp:featuredmedia":[{"embeddable":true,"href":"https:\/\/mouldking.store\/de\/wp-json\/wp\/v2\/media\/38916"}],"wp:attachment":[{"href":"https:\/\/mouldking.store\/de\/wp-json\/wp\/v2\/media?parent=38915"}],"wp:term":[{"taxonomy":"product_cat","embeddable":true,"href":"https:\/\/mouldking.store\/de\/wp-json\/wp\/v2\/product_cat?post=38915"},{"taxonomy":"product_tag","embeddable":true,"href":"https:\/\/mouldking.store\/de\/wp-json\/wp\/v2\/product_tag?post=38915"}],"curies":[{"name":"wp","href":"https:\/\/api.w.org\/{rel}","templated":true}]}}