{"id":38922,"date":"2022-12-23T14:52:14","date_gmt":"2022-12-23T07:52:14","guid":{"rendered":"https:\/\/mouldking.store\/?post_type=product&#038;p=38922"},"modified":"2025-12-25T09:11:56","modified_gmt":"2025-12-25T02:11:56","slug":"moc-46691-center-drop-train-car-with-532pcs","status":"publish","type":"product","link":"https:\/\/mouldking.store\/de\/shop\/moc-46691-center-drop-train-car-with-532pcs\/","title":{"rendered":"MOC-46691 Center Drop Train Car mit 532PCS"},"content":{"rendered":"<ol>\n<li>Marke: MOC<\/li>\n<li>Geschlecht: Unisex<\/li>\n<li>Name: Center Drop Train Car<\/li>\n<li>Altersspanne: &gt; 6 Jahre alt<\/li>\n<li>Model Number: 46691<\/li>\n<li>Einstufung: Assemblage<\/li>\n<li>Kunststoffblockform: Selbstsichernde Steine<\/li>\n<li>Material: Kunststoff<\/li>\n<li>Kunststofftyp: ABS<\/li>\n<li>Bricks Blocks:532PCS<\/li>\n<li>Gewicht: 400 g<\/li>\n<li>Enth\u00e4lt eine ausf\u00fchrliche Montageanleitung.<\/li>\n<\/ol>\n<p>Notiz:<br \/>\n1. Ohne Originalverpackung, aber wir garantieren, dass unsere Produkte eine Qualit\u00e4tssicherung und eine sch\u00f6ne Verpackung haben.<br \/>\n2. Wie alle Teile, die wir vor dem Versand \u00fcberpr\u00fcft haben, machen Sie sich keine Sorgen, wenn Sie feststellen, dass einige Teile fehlen oder besch\u00e4digt sind, und kontaktieren Sie uns einfach, und wir k\u00f6nnen sie Ihnen umgehend kostenlos erneut zusenden.<\/p>\n<figure id=\"attachment_38924\" aria-describedby=\"caption-attachment-38924\" style=\"width: 1004px\" class=\"wp-caption aligncenter\"><img fetchpriority=\"high\" decoding=\"async\" class=\"wp-image-38924 size-full\" src=\"https:\/\/mouldking.store\/wp-content\/uploads\/2022\/12\/MOC-46691-Center-Drop-Train-Car.png\" alt=\"MOC-46691 Center Drop Train Car With 532PCS\" width=\"1004\" height=\"1004\" title=\"-\" srcset=\"https:\/\/mouldking.store\/wp-content\/uploads\/2022\/12\/MOC-46691-Center-Drop-Train-Car.png 1004w, https:\/\/mouldking.store\/wp-content\/uploads\/2022\/12\/MOC-46691-Center-Drop-Train-Car-300x300.png 300w, https:\/\/mouldking.store\/wp-content\/uploads\/2022\/12\/MOC-46691-Center-Drop-Train-Car-768x768.png 768w, https:\/\/mouldking.store\/wp-content\/uploads\/2022\/12\/MOC-46691-Center-Drop-Train-Car-600x600.png 600w, https:\/\/mouldking.store\/wp-content\/uploads\/2022\/12\/MOC-46691-Center-Drop-Train-Car-150x150.png 150w, https:\/\/mouldking.store\/wp-content\/uploads\/2022\/12\/MOC-46691-Center-Drop-Train-Car-60x60.png 60w, https:\/\/mouldking.store\/wp-content\/uploads\/2022\/12\/MOC-46691-Center-Drop-Train-Car-90x90.png 90w\" sizes=\"(max-width: 1004px) 100vw, 1004px\" \/><figcaption id=\"caption-attachment-38924\" class=\"wp-caption-text\">MOC-46691 Center Drop Train Car mit 532PCS<\/figcaption><\/figure>\n<figure id=\"attachment_38925\" aria-describedby=\"caption-attachment-38925\" style=\"width: 1024px\" class=\"wp-caption aligncenter\"><img decoding=\"async\" class=\"wp-image-38925 size-large\" src=\"https:\/\/mouldking.store\/wp-content\/uploads\/2022\/12\/Center-Drop-Train-Car-MOC-46691-1-1024x1024.jpg\" alt=\"MOC-46691 Center Drop Train Car With 532PCS\" width=\"1024\" height=\"1024\" title=\"-\" srcset=\"https:\/\/mouldking.store\/wp-content\/uploads\/2022\/12\/Center-Drop-Train-Car-MOC-46691-1-1024x1024.jpg 1024w, https:\/\/mouldking.store\/wp-content\/uploads\/2022\/12\/Center-Drop-Train-Car-MOC-46691-1-300x300.jpg 300w, https:\/\/mouldking.store\/wp-content\/uploads\/2022\/12\/Center-Drop-Train-Car-MOC-46691-1-768x768.jpg 768w, https:\/\/mouldking.store\/wp-content\/uploads\/2022\/12\/Center-Drop-Train-Car-MOC-46691-1-600x600.jpg 600w, https:\/\/mouldking.store\/wp-content\/uploads\/2022\/12\/Center-Drop-Train-Car-MOC-46691-1-150x150.jpg 150w, https:\/\/mouldking.store\/wp-content\/uploads\/2022\/12\/Center-Drop-Train-Car-MOC-46691-1-60x60.jpg 60w, https:\/\/mouldking.store\/wp-content\/uploads\/2022\/12\/Center-Drop-Train-Car-MOC-46691-1-90x90.jpg 90w, https:\/\/mouldking.store\/wp-content\/uploads\/2022\/12\/Center-Drop-Train-Car-MOC-46691-1.jpg 1100w\" sizes=\"(max-width: 1024px) 100vw, 1024px\" \/><figcaption id=\"caption-attachment-38925\" class=\"wp-caption-text\">MOC-46691 Center Drop Train Car mit 532PCS<\/figcaption><\/figure>\n<figure id=\"attachment_38926\" aria-describedby=\"caption-attachment-38926\" style=\"width: 1024px\" class=\"wp-caption aligncenter\"><img decoding=\"async\" class=\"wp-image-38926 size-large\" src=\"https:\/\/mouldking.store\/wp-content\/uploads\/2022\/12\/Center-Drop-Train-Car-MOC-46691-2-1024x1024.jpg\" alt=\"MOC-46691 Center Drop Train Car With 532PCS\" width=\"1024\" height=\"1024\" title=\"-\" srcset=\"https:\/\/mouldking.store\/wp-content\/uploads\/2022\/12\/Center-Drop-Train-Car-MOC-46691-2-1024x1024.jpg 1024w, https:\/\/mouldking.store\/wp-content\/uploads\/2022\/12\/Center-Drop-Train-Car-MOC-46691-2-300x300.jpg 300w, https:\/\/mouldking.store\/wp-content\/uploads\/2022\/12\/Center-Drop-Train-Car-MOC-46691-2-768x768.jpg 768w, https:\/\/mouldking.store\/wp-content\/uploads\/2022\/12\/Center-Drop-Train-Car-MOC-46691-2-600x600.jpg 600w, https:\/\/mouldking.store\/wp-content\/uploads\/2022\/12\/Center-Drop-Train-Car-MOC-46691-2-150x150.jpg 150w, https:\/\/mouldking.store\/wp-content\/uploads\/2022\/12\/Center-Drop-Train-Car-MOC-46691-2-60x60.jpg 60w, https:\/\/mouldking.store\/wp-content\/uploads\/2022\/12\/Center-Drop-Train-Car-MOC-46691-2-90x90.jpg 90w, https:\/\/mouldking.store\/wp-content\/uploads\/2022\/12\/Center-Drop-Train-Car-MOC-46691-2.jpg 1100w\" sizes=\"(max-width: 1024px) 100vw, 1024px\" \/><figcaption id=\"caption-attachment-38926\" class=\"wp-caption-text\">MOC-46691 Center Drop Train Car mit 532PCS<\/figcaption><\/figure>\n<figure id=\"attachment_38927\" aria-describedby=\"caption-attachment-38927\" style=\"width: 1024px\" class=\"wp-caption aligncenter\"><img loading=\"lazy\" decoding=\"async\" class=\"wp-image-38927 size-large\" src=\"https:\/\/mouldking.store\/wp-content\/uploads\/2022\/12\/Center-Drop-Train-Car-MOC-46691-3-1024x1024.jpg\" alt=\"MOC-46691 Center Drop Train Car With 532PCS\" width=\"1024\" height=\"1024\" title=\"-\" srcset=\"https:\/\/mouldking.store\/wp-content\/uploads\/2022\/12\/Center-Drop-Train-Car-MOC-46691-3-1024x1024.jpg 1024w, https:\/\/mouldking.store\/wp-content\/uploads\/2022\/12\/Center-Drop-Train-Car-MOC-46691-3-300x300.jpg 300w, https:\/\/mouldking.store\/wp-content\/uploads\/2022\/12\/Center-Drop-Train-Car-MOC-46691-3-768x768.jpg 768w, https:\/\/mouldking.store\/wp-content\/uploads\/2022\/12\/Center-Drop-Train-Car-MOC-46691-3-600x600.jpg 600w, https:\/\/mouldking.store\/wp-content\/uploads\/2022\/12\/Center-Drop-Train-Car-MOC-46691-3-150x150.jpg 150w, https:\/\/mouldking.store\/wp-content\/uploads\/2022\/12\/Center-Drop-Train-Car-MOC-46691-3-60x60.jpg 60w, https:\/\/mouldking.store\/wp-content\/uploads\/2022\/12\/Center-Drop-Train-Car-MOC-46691-3-90x90.jpg 90w, https:\/\/mouldking.store\/wp-content\/uploads\/2022\/12\/Center-Drop-Train-Car-MOC-46691-3.jpg 1100w\" sizes=\"(max-width: 1024px) 100vw, 1024px\" \/><figcaption id=\"caption-attachment-38927\" class=\"wp-caption-text\">MOC-46691 Center Drop Train Car mit 532PCS<\/figcaption><\/figure>\n<figure id=\"attachment_38928\" aria-describedby=\"caption-attachment-38928\" style=\"width: 1100px\" class=\"wp-caption aligncenter\"><img loading=\"lazy\" decoding=\"async\" class=\"wp-image-38928 size-full\" src=\"https:\/\/mouldking.store\/wp-content\/uploads\/2022\/12\/Center-Drop-Train-Car-MOC-46691-4.jpg\" alt=\"MOC-46691 Center Drop Train Car With 532PCS\" width=\"1100\" height=\"1100\" title=\"-\" srcset=\"https:\/\/mouldking.store\/wp-content\/uploads\/2022\/12\/Center-Drop-Train-Car-MOC-46691-4.jpg 1100w, https:\/\/mouldking.store\/wp-content\/uploads\/2022\/12\/Center-Drop-Train-Car-MOC-46691-4-300x300.jpg 300w, https:\/\/mouldking.store\/wp-content\/uploads\/2022\/12\/Center-Drop-Train-Car-MOC-46691-4-1024x1024.jpg 1024w, https:\/\/mouldking.store\/wp-content\/uploads\/2022\/12\/Center-Drop-Train-Car-MOC-46691-4-768x768.jpg 768w, https:\/\/mouldking.store\/wp-content\/uploads\/2022\/12\/Center-Drop-Train-Car-MOC-46691-4-600x600.jpg 600w, https:\/\/mouldking.store\/wp-content\/uploads\/2022\/12\/Center-Drop-Train-Car-MOC-46691-4-150x150.jpg 150w, https:\/\/mouldking.store\/wp-content\/uploads\/2022\/12\/Center-Drop-Train-Car-MOC-46691-4-60x60.jpg 60w, https:\/\/mouldking.store\/wp-content\/uploads\/2022\/12\/Center-Drop-Train-Car-MOC-46691-4-90x90.jpg 90w\" sizes=\"(max-width: 1100px) 100vw, 1100px\" \/><figcaption id=\"caption-attachment-38928\" class=\"wp-caption-text\">MOC-46691 Center Drop Train Car mit 532PCS<\/figcaption><\/figure>\n<figure id=\"attachment_38929\" aria-describedby=\"caption-attachment-38929\" style=\"width: 1024px\" class=\"wp-caption aligncenter\"><img loading=\"lazy\" decoding=\"async\" class=\"wp-image-38929 size-large\" src=\"https:\/\/mouldking.store\/wp-content\/uploads\/2022\/12\/Center-Drop-Train-Car-MOC-46691-5-1024x1024.jpg\" alt=\"MOC-46691 Center Drop Train Car With 532PCS\" width=\"1024\" height=\"1024\" title=\"-\" srcset=\"https:\/\/mouldking.store\/wp-content\/uploads\/2022\/12\/Center-Drop-Train-Car-MOC-46691-5-1024x1024.jpg 1024w, https:\/\/mouldking.store\/wp-content\/uploads\/2022\/12\/Center-Drop-Train-Car-MOC-46691-5-300x300.jpg 300w, https:\/\/mouldking.store\/wp-content\/uploads\/2022\/12\/Center-Drop-Train-Car-MOC-46691-5-768x768.jpg 768w, https:\/\/mouldking.store\/wp-content\/uploads\/2022\/12\/Center-Drop-Train-Car-MOC-46691-5-600x600.jpg 600w, https:\/\/mouldking.store\/wp-content\/uploads\/2022\/12\/Center-Drop-Train-Car-MOC-46691-5-150x150.jpg 150w, https:\/\/mouldking.store\/wp-content\/uploads\/2022\/12\/Center-Drop-Train-Car-MOC-46691-5-60x60.jpg 60w, https:\/\/mouldking.store\/wp-content\/uploads\/2022\/12\/Center-Drop-Train-Car-MOC-46691-5-90x90.jpg 90w, https:\/\/mouldking.store\/wp-content\/uploads\/2022\/12\/Center-Drop-Train-Car-MOC-46691-5.jpg 1100w\" sizes=\"(max-width: 1024px) 100vw, 1024px\" \/><figcaption id=\"caption-attachment-38929\" class=\"wp-caption-text\">MOC-46691 Center Drop Train Car mit 532PCS<\/figcaption><\/figure>","protected":false},"excerpt":{"rendered":"<p>PDF-Bauanleitung<\/p>\n<p>Ohne Originalverpackung<\/p>\n<p>Zeiteinteilung: 4-8 Wochen<\/p>","protected":false},"featured_media":38924,"comment_status":"closed","ping_status":"closed","template":"","meta":{"_acf_changed":false},"product_cat":[1357,1406,364],"product_tag":[457,4552,10307,10306,10305,430,10304,10309,10303,300,10308],"class_list":["product","first","instock","shipping-taxable","purchasable","product-type-simple"],"acf":[],"_links":{"self":[{"href":"https:\/\/mouldking.store\/de\/wp-json\/wp\/v2\/product\/38922","targetHints":{"allow":["GET"]}}],"collection":[{"href":"https:\/\/mouldking.store\/de\/wp-json\/wp\/v2\/product"}],"about":[{"href":"https:\/\/mouldking.store\/de\/wp-json\/wp\/v2\/types\/product"}],"replies":[{"embeddable":true,"href":"https:\/\/mouldking.store\/de\/wp-json\/wp\/v2\/comments?post=38922"}],"wp:featuredmedia":[{"embeddable":true,"href":"https:\/\/mouldking.store\/de\/wp-json\/wp\/v2\/media\/38924"}],"wp:attachment":[{"href":"https:\/\/mouldking.store\/de\/wp-json\/wp\/v2\/media?parent=38922"}],"wp:term":[{"taxonomy":"product_cat","embeddable":true,"href":"https:\/\/mouldking.store\/de\/wp-json\/wp\/v2\/product_cat?post=38922"},{"taxonomy":"product_tag","embeddable":true,"href":"https:\/\/mouldking.store\/de\/wp-json\/wp\/v2\/product_tag?post=38922"}],"curies":[{"name":"wp","href":"https:\/\/api.w.org\/{rel}","templated":true}]}}