{"id":38948,"date":"2022-12-23T15:13:36","date_gmt":"2022-12-23T08:13:36","guid":{"rendered":"https:\/\/mouldking.store\/?post_type=product&#038;p=38948"},"modified":"2025-12-25T09:11:55","modified_gmt":"2025-12-25T02:11:55","slug":"moc-114472-medieval-castle-gate-with-3033-pieces","status":"publish","type":"product","link":"https:\/\/mouldking.store\/de\/shop\/moc-114472-medieval-castle-gate-with-3033-pieces\/","title":{"rendered":"MOC-114472 Mittelalterliches Burgtor mit 3033 Teilen"},"content":{"rendered":"<ol>\n<li>Marke: MOC<\/li>\n<li>Geschlecht: Unisex<\/li>\n<li>Name: Mittelalterliches Burgtor<\/li>\n<li>Altersspanne: &gt; 6 Jahre alt<\/li>\n<li>Modellnummer: 114472<\/li>\n<li>Einstufung: Assemblage<\/li>\n<li>Kunststoffblockform: Selbstsichernde Steine<\/li>\n<li>Material: Kunststoff<\/li>\n<li>Kunststofftyp: ABS<\/li>\n<li>Ziegelsteine: 3033 PCS<\/li>\n<li>Gewicht: 3000 g<\/li>\n<li>Enth\u00e4lt eine ausf\u00fchrliche Montageanleitung.<\/li>\n<\/ol>\n<p>Notiz:<br \/>\n1. Ohne Originalverpackung, aber wir garantieren, dass unsere Produkte eine Qualit\u00e4tssicherung und eine sch\u00f6ne Verpackung haben.<br \/>\n2. Wie alle Teile, die wir vor dem Versand \u00fcberpr\u00fcft haben, machen Sie sich keine Sorgen, wenn Sie feststellen, dass einige Teile fehlen oder besch\u00e4digt sind, und kontaktieren Sie uns einfach, und wir k\u00f6nnen sie Ihnen umgehend kostenlos erneut zusenden.<\/p>\n<figure id=\"attachment_38956\" aria-describedby=\"caption-attachment-38956\" style=\"width: 1004px\" class=\"wp-caption aligncenter\"><img fetchpriority=\"high\" decoding=\"async\" class=\"wp-image-38956 size-full\" src=\"https:\/\/mouldking.store\/wp-content\/uploads\/2022\/12\/MOC-114472-Medieval-Castle-Gate.png\" alt=\"MOC-114472 Medieval Castle Gate With 3033 Pieces \" width=\"1004\" height=\"1004\" title=\"-\" srcset=\"https:\/\/mouldking.store\/wp-content\/uploads\/2022\/12\/MOC-114472-Medieval-Castle-Gate.png 1004w, https:\/\/mouldking.store\/wp-content\/uploads\/2022\/12\/MOC-114472-Medieval-Castle-Gate-300x300.png 300w, https:\/\/mouldking.store\/wp-content\/uploads\/2022\/12\/MOC-114472-Medieval-Castle-Gate-768x768.png 768w, https:\/\/mouldking.store\/wp-content\/uploads\/2022\/12\/MOC-114472-Medieval-Castle-Gate-600x600.png 600w, https:\/\/mouldking.store\/wp-content\/uploads\/2022\/12\/MOC-114472-Medieval-Castle-Gate-150x150.png 150w, https:\/\/mouldking.store\/wp-content\/uploads\/2022\/12\/MOC-114472-Medieval-Castle-Gate-60x60.png 60w, https:\/\/mouldking.store\/wp-content\/uploads\/2022\/12\/MOC-114472-Medieval-Castle-Gate-90x90.png 90w\" sizes=\"(max-width: 1004px) 100vw, 1004px\" \/><figcaption id=\"caption-attachment-38956\" class=\"wp-caption-text\">MOC-114472 Mittelalterliches Burgtor mit 3033 Teilen<\/figcaption><\/figure>\n<figure id=\"attachment_38957\" aria-describedby=\"caption-attachment-38957\" style=\"width: 1024px\" class=\"wp-caption aligncenter\"><img decoding=\"async\" class=\"wp-image-38957 size-large\" src=\"https:\/\/mouldking.store\/wp-content\/uploads\/2022\/12\/Medieval-Castle-Gate-MOC-114472-1-1024x1024.jpg\" alt=\"MOC-114472 Medieval Castle Gate With 3033 Pieces \" width=\"1024\" height=\"1024\" title=\"-\" srcset=\"https:\/\/mouldking.store\/wp-content\/uploads\/2022\/12\/Medieval-Castle-Gate-MOC-114472-1-1024x1024.jpg 1024w, https:\/\/mouldking.store\/wp-content\/uploads\/2022\/12\/Medieval-Castle-Gate-MOC-114472-1-300x300.jpg 300w, https:\/\/mouldking.store\/wp-content\/uploads\/2022\/12\/Medieval-Castle-Gate-MOC-114472-1-768x768.jpg 768w, https:\/\/mouldking.store\/wp-content\/uploads\/2022\/12\/Medieval-Castle-Gate-MOC-114472-1-600x600.jpg 600w, https:\/\/mouldking.store\/wp-content\/uploads\/2022\/12\/Medieval-Castle-Gate-MOC-114472-1-150x150.jpg 150w, https:\/\/mouldking.store\/wp-content\/uploads\/2022\/12\/Medieval-Castle-Gate-MOC-114472-1-60x60.jpg 60w, https:\/\/mouldking.store\/wp-content\/uploads\/2022\/12\/Medieval-Castle-Gate-MOC-114472-1-90x90.jpg 90w, https:\/\/mouldking.store\/wp-content\/uploads\/2022\/12\/Medieval-Castle-Gate-MOC-114472-1.jpg 1100w\" sizes=\"(max-width: 1024px) 100vw, 1024px\" \/><figcaption id=\"caption-attachment-38957\" class=\"wp-caption-text\">MOC-114472 Mittelalterliches Burgtor mit 3033 Teilen<\/figcaption><\/figure>\n<figure id=\"attachment_38958\" aria-describedby=\"caption-attachment-38958\" style=\"width: 1024px\" class=\"wp-caption aligncenter\"><img decoding=\"async\" class=\"wp-image-38958 size-large\" src=\"https:\/\/mouldking.store\/wp-content\/uploads\/2022\/12\/Medieval-Castle-Gate-MOC-114472-2-1024x1024.jpg\" alt=\"MOC-114472 Medieval Castle Gate With 3033 Pieces \" width=\"1024\" height=\"1024\" title=\"-\" srcset=\"https:\/\/mouldking.store\/wp-content\/uploads\/2022\/12\/Medieval-Castle-Gate-MOC-114472-2-1024x1024.jpg 1024w, https:\/\/mouldking.store\/wp-content\/uploads\/2022\/12\/Medieval-Castle-Gate-MOC-114472-2-300x300.jpg 300w, https:\/\/mouldking.store\/wp-content\/uploads\/2022\/12\/Medieval-Castle-Gate-MOC-114472-2-768x768.jpg 768w, https:\/\/mouldking.store\/wp-content\/uploads\/2022\/12\/Medieval-Castle-Gate-MOC-114472-2-600x600.jpg 600w, https:\/\/mouldking.store\/wp-content\/uploads\/2022\/12\/Medieval-Castle-Gate-MOC-114472-2-150x150.jpg 150w, https:\/\/mouldking.store\/wp-content\/uploads\/2022\/12\/Medieval-Castle-Gate-MOC-114472-2-60x60.jpg 60w, https:\/\/mouldking.store\/wp-content\/uploads\/2022\/12\/Medieval-Castle-Gate-MOC-114472-2-90x90.jpg 90w, https:\/\/mouldking.store\/wp-content\/uploads\/2022\/12\/Medieval-Castle-Gate-MOC-114472-2.jpg 1100w\" sizes=\"(max-width: 1024px) 100vw, 1024px\" \/><figcaption id=\"caption-attachment-38958\" class=\"wp-caption-text\">MOC-114472 Mittelalterliches Burgtor mit 3033 Teilen<\/figcaption><\/figure>\n<figure id=\"attachment_38959\" aria-describedby=\"caption-attachment-38959\" style=\"width: 1024px\" class=\"wp-caption aligncenter\"><img loading=\"lazy\" decoding=\"async\" class=\"wp-image-38959 size-large\" src=\"https:\/\/mouldking.store\/wp-content\/uploads\/2022\/12\/Medieval-Castle-Gate-MOC-114472-3-1024x1024.jpg\" alt=\"MOC-114472 Medieval Castle Gate With 3033 Pieces \" width=\"1024\" height=\"1024\" title=\"-\" srcset=\"https:\/\/mouldking.store\/wp-content\/uploads\/2022\/12\/Medieval-Castle-Gate-MOC-114472-3-1024x1024.jpg 1024w, https:\/\/mouldking.store\/wp-content\/uploads\/2022\/12\/Medieval-Castle-Gate-MOC-114472-3-300x300.jpg 300w, https:\/\/mouldking.store\/wp-content\/uploads\/2022\/12\/Medieval-Castle-Gate-MOC-114472-3-768x768.jpg 768w, https:\/\/mouldking.store\/wp-content\/uploads\/2022\/12\/Medieval-Castle-Gate-MOC-114472-3-600x600.jpg 600w, https:\/\/mouldking.store\/wp-content\/uploads\/2022\/12\/Medieval-Castle-Gate-MOC-114472-3-150x150.jpg 150w, https:\/\/mouldking.store\/wp-content\/uploads\/2022\/12\/Medieval-Castle-Gate-MOC-114472-3-60x60.jpg 60w, https:\/\/mouldking.store\/wp-content\/uploads\/2022\/12\/Medieval-Castle-Gate-MOC-114472-3-90x90.jpg 90w, https:\/\/mouldking.store\/wp-content\/uploads\/2022\/12\/Medieval-Castle-Gate-MOC-114472-3.jpg 1100w\" sizes=\"(max-width: 1024px) 100vw, 1024px\" \/><figcaption id=\"caption-attachment-38959\" class=\"wp-caption-text\">MOC-114472 Mittelalterliches Burgtor mit 3033 Teilen<\/figcaption><\/figure>\n<figure id=\"attachment_38960\" aria-describedby=\"caption-attachment-38960\" style=\"width: 1024px\" class=\"wp-caption aligncenter\"><img loading=\"lazy\" decoding=\"async\" class=\"wp-image-38960 size-large\" src=\"https:\/\/mouldking.store\/wp-content\/uploads\/2022\/12\/Medieval-Castle-Gate-MOC-114472-4-1024x1024.jpg\" alt=\"MOC-114472 Medieval Castle Gate With 3033 Pieces \" width=\"1024\" height=\"1024\" title=\"-\" srcset=\"https:\/\/mouldking.store\/wp-content\/uploads\/2022\/12\/Medieval-Castle-Gate-MOC-114472-4-1024x1024.jpg 1024w, https:\/\/mouldking.store\/wp-content\/uploads\/2022\/12\/Medieval-Castle-Gate-MOC-114472-4-300x300.jpg 300w, https:\/\/mouldking.store\/wp-content\/uploads\/2022\/12\/Medieval-Castle-Gate-MOC-114472-4-768x768.jpg 768w, https:\/\/mouldking.store\/wp-content\/uploads\/2022\/12\/Medieval-Castle-Gate-MOC-114472-4-600x600.jpg 600w, https:\/\/mouldking.store\/wp-content\/uploads\/2022\/12\/Medieval-Castle-Gate-MOC-114472-4-150x150.jpg 150w, https:\/\/mouldking.store\/wp-content\/uploads\/2022\/12\/Medieval-Castle-Gate-MOC-114472-4-60x60.jpg 60w, https:\/\/mouldking.store\/wp-content\/uploads\/2022\/12\/Medieval-Castle-Gate-MOC-114472-4-90x90.jpg 90w, https:\/\/mouldking.store\/wp-content\/uploads\/2022\/12\/Medieval-Castle-Gate-MOC-114472-4.jpg 1100w\" sizes=\"(max-width: 1024px) 100vw, 1024px\" \/><figcaption id=\"caption-attachment-38960\" class=\"wp-caption-text\">MOC-114472 Mittelalterliches Burgtor mit 3033 Teilen<\/figcaption><\/figure>\n<figure id=\"attachment_38961\" aria-describedby=\"caption-attachment-38961\" style=\"width: 1024px\" class=\"wp-caption aligncenter\"><img loading=\"lazy\" decoding=\"async\" class=\"wp-image-38961 size-large\" src=\"https:\/\/mouldking.store\/wp-content\/uploads\/2022\/12\/Medieval-Castle-Gate-MOC-114472-5-1024x1024.jpg\" alt=\"MOC-114472 Medieval Castle Gate With 3033 Pieces \" width=\"1024\" height=\"1024\" title=\"-\" srcset=\"https:\/\/mouldking.store\/wp-content\/uploads\/2022\/12\/Medieval-Castle-Gate-MOC-114472-5-1024x1024.jpg 1024w, https:\/\/mouldking.store\/wp-content\/uploads\/2022\/12\/Medieval-Castle-Gate-MOC-114472-5-300x300.jpg 300w, https:\/\/mouldking.store\/wp-content\/uploads\/2022\/12\/Medieval-Castle-Gate-MOC-114472-5-768x768.jpg 768w, https:\/\/mouldking.store\/wp-content\/uploads\/2022\/12\/Medieval-Castle-Gate-MOC-114472-5-600x600.jpg 600w, https:\/\/mouldking.store\/wp-content\/uploads\/2022\/12\/Medieval-Castle-Gate-MOC-114472-5-150x150.jpg 150w, https:\/\/mouldking.store\/wp-content\/uploads\/2022\/12\/Medieval-Castle-Gate-MOC-114472-5-60x60.jpg 60w, https:\/\/mouldking.store\/wp-content\/uploads\/2022\/12\/Medieval-Castle-Gate-MOC-114472-5-90x90.jpg 90w, https:\/\/mouldking.store\/wp-content\/uploads\/2022\/12\/Medieval-Castle-Gate-MOC-114472-5.jpg 1100w\" sizes=\"(max-width: 1024px) 100vw, 1024px\" \/><figcaption id=\"caption-attachment-38961\" class=\"wp-caption-text\">MOC-114472 Mittelalterliches Burgtor mit 3033 Teilen<\/figcaption><\/figure>","protected":false},"excerpt":{"rendered":"<p>PDF-Bauanleitung<\/p>\n<p>Ohne Originalverpackung<\/p>\n<p>Zeiteinteilung: 4-8 Wochen<\/p>","protected":false},"featured_media":38956,"comment_status":"closed","ping_status":"closed","template":"","meta":{"_acf_changed":false},"product_cat":[1365,1395,1406],"product_tag":[787,10332,10331,4996,10333,430,10330,10334,10329],"class_list":["product","first","instock","shipping-taxable","purchasable","product-type-simple"],"acf":[],"_links":{"self":[{"href":"https:\/\/mouldking.store\/de\/wp-json\/wp\/v2\/product\/38948","targetHints":{"allow":["GET"]}}],"collection":[{"href":"https:\/\/mouldking.store\/de\/wp-json\/wp\/v2\/product"}],"about":[{"href":"https:\/\/mouldking.store\/de\/wp-json\/wp\/v2\/types\/product"}],"replies":[{"embeddable":true,"href":"https:\/\/mouldking.store\/de\/wp-json\/wp\/v2\/comments?post=38948"}],"wp:featuredmedia":[{"embeddable":true,"href":"https:\/\/mouldking.store\/de\/wp-json\/wp\/v2\/media\/38956"}],"wp:attachment":[{"href":"https:\/\/mouldking.store\/de\/wp-json\/wp\/v2\/media?parent=38948"}],"wp:term":[{"taxonomy":"product_cat","embeddable":true,"href":"https:\/\/mouldking.store\/de\/wp-json\/wp\/v2\/product_cat?post=38948"},{"taxonomy":"product_tag","embeddable":true,"href":"https:\/\/mouldking.store\/de\/wp-json\/wp\/v2\/product_tag?post=38948"}],"curies":[{"name":"wp","href":"https:\/\/api.w.org\/{rel}","templated":true}]}}