{"id":39007,"date":"2022-12-27T11:00:47","date_gmt":"2022-12-27T04:00:47","guid":{"rendered":"https:\/\/mouldking.store\/?post_type=product&#038;p=39007"},"modified":"2022-12-27T11:01:53","modified_gmt":"2022-12-27T04:01:53","slug":"dk-5006-kaiadie-mecha-with-2365pcs","status":"publish","type":"product","link":"https:\/\/mouldking.store\/de\/shop\/dk-5006-kaiadie-mecha-with-2365pcs\/","title":{"rendered":"DK 5006 Kaiadie Mecha mit 2365 STK"},"content":{"rendered":"<p>Produktinformation:<\/p>\n<ol>\n<li>Marke: DK<\/li>\n<li>Geschlecht: Unisex<\/li>\n<li>Name: Kaiadie Mecha<\/li>\n<li>Altersspanne: &gt; 6 Jahre alt<\/li>\n<li>Modellnummer: 5006<\/li>\n<li>Einstufung: Assemblage<\/li>\n<li>Kunststoffblockform: Selbstsichernde Steine<\/li>\n<li>Material: Kunststoff<\/li>\n<li>Kunststofftyp: ABS<\/li>\n<li>Ziegelsteine: 2365 St\u00fcck<\/li>\n<li>Enth\u00e4lt eine ausf\u00fchrliche Montageanleitung.<\/li>\n<\/ol>\n<p>Notiz:<br \/>\n1. Ohne Originalverpackung, aber wir garantieren, dass unsere Produkte eine Qualit\u00e4tssicherung und eine sch\u00f6ne Verpackung haben.<br \/>\n2. Wie alle Teile, die wir vor dem Versand \u00fcberpr\u00fcft haben, machen Sie sich keine Sorgen, wenn Sie feststellen, dass einige Teile fehlen oder besch\u00e4digt sind, und kontaktieren Sie uns einfach, und wir k\u00f6nnen sie Ihnen umgehend kostenlos erneut zusenden.<\/p>\n<figure id=\"attachment_39008\" aria-describedby=\"caption-attachment-39008\" style=\"width: 800px\" class=\"wp-caption aligncenter\"><img fetchpriority=\"high\" decoding=\"async\" class=\"wp-image-39008 size-full\" src=\"https:\/\/mouldking.store\/wp-content\/uploads\/2022\/12\/DK5006-Movie-Game-Kaiadie-Mecha-5.jpg\" alt=\"DK 5006 Kaiadie Mecha With 2365PCS\" width=\"800\" height=\"800\" title=\"-\" srcset=\"https:\/\/mouldking.store\/wp-content\/uploads\/2022\/12\/DK5006-Movie-Game-Kaiadie-Mecha-5.jpg 800w, https:\/\/mouldking.store\/wp-content\/uploads\/2022\/12\/DK5006-Movie-Game-Kaiadie-Mecha-5-300x300.jpg 300w, https:\/\/mouldking.store\/wp-content\/uploads\/2022\/12\/DK5006-Movie-Game-Kaiadie-Mecha-5-768x768.jpg 768w, https:\/\/mouldking.store\/wp-content\/uploads\/2022\/12\/DK5006-Movie-Game-Kaiadie-Mecha-5-600x600.jpg 600w, https:\/\/mouldking.store\/wp-content\/uploads\/2022\/12\/DK5006-Movie-Game-Kaiadie-Mecha-5-150x150.jpg 150w, https:\/\/mouldking.store\/wp-content\/uploads\/2022\/12\/DK5006-Movie-Game-Kaiadie-Mecha-5-60x60.jpg 60w, https:\/\/mouldking.store\/wp-content\/uploads\/2022\/12\/DK5006-Movie-Game-Kaiadie-Mecha-5-90x90.jpg 90w\" sizes=\"(max-width: 800px) 100vw, 800px\" \/><figcaption id=\"caption-attachment-39008\" class=\"wp-caption-text\">DK 5006 Kaiadie Mecha mit 2365 STK<\/figcaption><\/figure>\n<figure id=\"attachment_39009\" aria-describedby=\"caption-attachment-39009\" style=\"width: 800px\" class=\"wp-caption aligncenter\"><img decoding=\"async\" class=\"wp-image-39009 size-full\" src=\"https:\/\/mouldking.store\/wp-content\/uploads\/2022\/12\/DK5006-Movie-Game-Kaiadie-Mecha-4.jpg\" alt=\"DK 5006 Kaiadie Mecha With 2365PCS\" width=\"800\" height=\"800\" title=\"-\" srcset=\"https:\/\/mouldking.store\/wp-content\/uploads\/2022\/12\/DK5006-Movie-Game-Kaiadie-Mecha-4.jpg 800w, https:\/\/mouldking.store\/wp-content\/uploads\/2022\/12\/DK5006-Movie-Game-Kaiadie-Mecha-4-300x300.jpg 300w, https:\/\/mouldking.store\/wp-content\/uploads\/2022\/12\/DK5006-Movie-Game-Kaiadie-Mecha-4-768x768.jpg 768w, https:\/\/mouldking.store\/wp-content\/uploads\/2022\/12\/DK5006-Movie-Game-Kaiadie-Mecha-4-600x600.jpg 600w, https:\/\/mouldking.store\/wp-content\/uploads\/2022\/12\/DK5006-Movie-Game-Kaiadie-Mecha-4-150x150.jpg 150w, https:\/\/mouldking.store\/wp-content\/uploads\/2022\/12\/DK5006-Movie-Game-Kaiadie-Mecha-4-60x60.jpg 60w, https:\/\/mouldking.store\/wp-content\/uploads\/2022\/12\/DK5006-Movie-Game-Kaiadie-Mecha-4-90x90.jpg 90w\" sizes=\"(max-width: 800px) 100vw, 800px\" \/><figcaption id=\"caption-attachment-39009\" class=\"wp-caption-text\">DK 5006 Kaiadie Mecha mit 2365 STK<\/figcaption><\/figure>\n<figure id=\"attachment_39010\" aria-describedby=\"caption-attachment-39010\" style=\"width: 800px\" class=\"wp-caption aligncenter\"><img decoding=\"async\" class=\"wp-image-39010 size-full\" src=\"https:\/\/mouldking.store\/wp-content\/uploads\/2022\/12\/DK5006-Movie-Game-Kaiadie-Mecha-3.jpg\" alt=\"DK 5006 Kaiadie Mecha With 2365PCS\" width=\"800\" height=\"800\" title=\"-\" srcset=\"https:\/\/mouldking.store\/wp-content\/uploads\/2022\/12\/DK5006-Movie-Game-Kaiadie-Mecha-3.jpg 800w, https:\/\/mouldking.store\/wp-content\/uploads\/2022\/12\/DK5006-Movie-Game-Kaiadie-Mecha-3-300x300.jpg 300w, https:\/\/mouldking.store\/wp-content\/uploads\/2022\/12\/DK5006-Movie-Game-Kaiadie-Mecha-3-768x768.jpg 768w, https:\/\/mouldking.store\/wp-content\/uploads\/2022\/12\/DK5006-Movie-Game-Kaiadie-Mecha-3-600x600.jpg 600w, https:\/\/mouldking.store\/wp-content\/uploads\/2022\/12\/DK5006-Movie-Game-Kaiadie-Mecha-3-150x150.jpg 150w, https:\/\/mouldking.store\/wp-content\/uploads\/2022\/12\/DK5006-Movie-Game-Kaiadie-Mecha-3-60x60.jpg 60w, https:\/\/mouldking.store\/wp-content\/uploads\/2022\/12\/DK5006-Movie-Game-Kaiadie-Mecha-3-90x90.jpg 90w\" sizes=\"(max-width: 800px) 100vw, 800px\" \/><figcaption id=\"caption-attachment-39010\" class=\"wp-caption-text\">DK 5006 Kaiadie Mecha mit 2365 STK<\/figcaption><\/figure>\n<figure id=\"attachment_39011\" aria-describedby=\"caption-attachment-39011\" style=\"width: 800px\" class=\"wp-caption aligncenter\"><img loading=\"lazy\" decoding=\"async\" class=\"wp-image-39011 size-full\" src=\"https:\/\/mouldking.store\/wp-content\/uploads\/2022\/12\/DK5006-Movie-Game-Kaiadie-Mecha-2.jpg\" alt=\"DK 5006 Kaiadie Mecha With 2365PCS\" width=\"800\" height=\"800\" title=\"-\" srcset=\"https:\/\/mouldking.store\/wp-content\/uploads\/2022\/12\/DK5006-Movie-Game-Kaiadie-Mecha-2.jpg 800w, https:\/\/mouldking.store\/wp-content\/uploads\/2022\/12\/DK5006-Movie-Game-Kaiadie-Mecha-2-300x300.jpg 300w, https:\/\/mouldking.store\/wp-content\/uploads\/2022\/12\/DK5006-Movie-Game-Kaiadie-Mecha-2-768x768.jpg 768w, https:\/\/mouldking.store\/wp-content\/uploads\/2022\/12\/DK5006-Movie-Game-Kaiadie-Mecha-2-600x600.jpg 600w, https:\/\/mouldking.store\/wp-content\/uploads\/2022\/12\/DK5006-Movie-Game-Kaiadie-Mecha-2-150x150.jpg 150w, https:\/\/mouldking.store\/wp-content\/uploads\/2022\/12\/DK5006-Movie-Game-Kaiadie-Mecha-2-60x60.jpg 60w, https:\/\/mouldking.store\/wp-content\/uploads\/2022\/12\/DK5006-Movie-Game-Kaiadie-Mecha-2-90x90.jpg 90w\" sizes=\"(max-width: 800px) 100vw, 800px\" \/><figcaption id=\"caption-attachment-39011\" class=\"wp-caption-text\">DK 5006 Kaiadie Mecha mit 2365 STK<\/figcaption><\/figure>\n<figure id=\"attachment_39012\" aria-describedby=\"caption-attachment-39012\" style=\"width: 800px\" class=\"wp-caption aligncenter\"><img loading=\"lazy\" decoding=\"async\" class=\"wp-image-39012 size-full\" src=\"https:\/\/mouldking.store\/wp-content\/uploads\/2022\/12\/DK5006-Movie-Game-Kaiadie-Mecha-1.jpg\" alt=\"DK 5006 Kaiadie Mecha With 2365PCS\" width=\"800\" height=\"800\" title=\"-\" srcset=\"https:\/\/mouldking.store\/wp-content\/uploads\/2022\/12\/DK5006-Movie-Game-Kaiadie-Mecha-1.jpg 800w, https:\/\/mouldking.store\/wp-content\/uploads\/2022\/12\/DK5006-Movie-Game-Kaiadie-Mecha-1-300x300.jpg 300w, https:\/\/mouldking.store\/wp-content\/uploads\/2022\/12\/DK5006-Movie-Game-Kaiadie-Mecha-1-768x768.jpg 768w, https:\/\/mouldking.store\/wp-content\/uploads\/2022\/12\/DK5006-Movie-Game-Kaiadie-Mecha-1-600x600.jpg 600w, https:\/\/mouldking.store\/wp-content\/uploads\/2022\/12\/DK5006-Movie-Game-Kaiadie-Mecha-1-150x150.jpg 150w, https:\/\/mouldking.store\/wp-content\/uploads\/2022\/12\/DK5006-Movie-Game-Kaiadie-Mecha-1-60x60.jpg 60w, https:\/\/mouldking.store\/wp-content\/uploads\/2022\/12\/DK5006-Movie-Game-Kaiadie-Mecha-1-90x90.jpg 90w\" sizes=\"(max-width: 800px) 100vw, 800px\" \/><figcaption id=\"caption-attachment-39012\" class=\"wp-caption-text\">DK 5006 Kaiadie Mecha mit 2365 STK<\/figcaption><\/figure>","protected":false},"excerpt":{"rendered":"<p>Product information: Brand: DK Gender: Unisex Name: Kaiadie Mecha Age Range: &gt; 6 years old Model Number: 5006 Classification: Assemblage Plastic Block Shape: Self-Locking Bricks Material: Plastic Plastic Type: ABS Bricks Blocks:2365PCS Contains detailed assembly instructions. Notice: 1. Without an original box, but we guarantee our products have quality assurance and nice packaging. 2. As [&hellip;]<\/p>","protected":false},"featured_media":39008,"comment_status":"closed","ping_status":"closed","template":"","meta":{"_acf_changed":false},"product_cat":[1408],"product_tag":[10349,2914,10350,10353,10348,10351,10352,9302],"class_list":["product","first","instock","shipping-taxable","purchasable","product-type-simple"],"acf":[],"_links":{"self":[{"href":"https:\/\/mouldking.store\/de\/wp-json\/wp\/v2\/product\/39007","targetHints":{"allow":["GET"]}}],"collection":[{"href":"https:\/\/mouldking.store\/de\/wp-json\/wp\/v2\/product"}],"about":[{"href":"https:\/\/mouldking.store\/de\/wp-json\/wp\/v2\/types\/product"}],"replies":[{"embeddable":true,"href":"https:\/\/mouldking.store\/de\/wp-json\/wp\/v2\/comments?post=39007"}],"wp:featuredmedia":[{"embeddable":true,"href":"https:\/\/mouldking.store\/de\/wp-json\/wp\/v2\/media\/39008"}],"wp:attachment":[{"href":"https:\/\/mouldking.store\/de\/wp-json\/wp\/v2\/media?parent=39007"}],"wp:term":[{"taxonomy":"product_cat","embeddable":true,"href":"https:\/\/mouldking.store\/de\/wp-json\/wp\/v2\/product_cat?post=39007"},{"taxonomy":"product_tag","embeddable":true,"href":"https:\/\/mouldking.store\/de\/wp-json\/wp\/v2\/product_tag?post=39007"}],"curies":[{"name":"wp","href":"https:\/\/api.w.org\/{rel}","templated":true}]}}