{"id":39029,"date":"2022-12-27T11:12:52","date_gmt":"2022-12-27T04:12:52","guid":{"rendered":"https:\/\/mouldking.store\/?post_type=product&#038;p=39029"},"modified":"2022-12-27T11:12:52","modified_gmt":"2022-12-27T04:12:52","slug":"panlos-676006-rc-m1a2-abrams-main-battle-tank-with-1096-pieces","status":"publish","type":"product","link":"https:\/\/mouldking.store\/de\/shop\/panlos-676006-rc-m1a2-abrams-main-battle-tank-with-1096-pieces\/","title":{"rendered":"PANLOS 676006 RC M1A2 Abrams Kampfpanzer mit 1096 Teilen"},"content":{"rendered":"<p>Produktinformation:<\/p>\n<ol>\n<li>Marke: PANLOS<\/li>\n<li>Geschlecht: Unisex<\/li>\n<li>Name: RC M1A2 Abrams Main Battle Tank<\/li>\n<li>Altersspanne: &gt; 6 Jahre alt<\/li>\n<li>Model Number: 676006<\/li>\n<li>Einstufung: Assemblage<\/li>\n<li>Kunststoffblockform: Selbstsichernde Steine<\/li>\n<li>Material: Kunststoff<\/li>\n<li>Kunststofftyp: ABS<\/li>\n<li>Bricks Blocks:1096 PCS<\/li>\n<li>Size: \u00a031 x 12 x 17 cm<\/li>\n<li>Enth\u00e4lt eine ausf\u00fchrliche Montageanleitung.<\/li>\n<\/ol>\n<p>Notiz:<br \/>\n1. Ohne Originalverpackung, aber wir garantieren, dass unsere Produkte eine Qualit\u00e4tssicherung und eine sch\u00f6ne Verpackung haben.<br \/>\n2. Wie alle Teile, die wir vor dem Versand \u00fcberpr\u00fcft haben, machen Sie sich keine Sorgen, wenn Sie feststellen, dass einige Teile fehlen oder besch\u00e4digt sind, und kontaktieren Sie uns einfach, und wir k\u00f6nnen sie Ihnen umgehend kostenlos erneut zusenden.<\/p>\n<figure id=\"attachment_39031\" aria-describedby=\"caption-attachment-39031\" style=\"width: 800px\" class=\"wp-caption aligncenter\"><img fetchpriority=\"high\" decoding=\"async\" class=\"wp-image-39031 size-full\" src=\"https:\/\/mouldking.store\/wp-content\/uploads\/2022\/12\/PANLOS-676006-RC-M1A2-Abrams-Main-Battle-Tank-4.jpg\" alt=\"PANLOS 676006 RC M1A2 Abrams Main Battle Tank With 1096 Pieces\" width=\"800\" height=\"800\" title=\"-\" srcset=\"https:\/\/mouldking.store\/wp-content\/uploads\/2022\/12\/PANLOS-676006-RC-M1A2-Abrams-Main-Battle-Tank-4.jpg 800w, https:\/\/mouldking.store\/wp-content\/uploads\/2022\/12\/PANLOS-676006-RC-M1A2-Abrams-Main-Battle-Tank-4-300x300.jpg 300w, https:\/\/mouldking.store\/wp-content\/uploads\/2022\/12\/PANLOS-676006-RC-M1A2-Abrams-Main-Battle-Tank-4-768x768.jpg 768w, https:\/\/mouldking.store\/wp-content\/uploads\/2022\/12\/PANLOS-676006-RC-M1A2-Abrams-Main-Battle-Tank-4-600x600.jpg 600w, https:\/\/mouldking.store\/wp-content\/uploads\/2022\/12\/PANLOS-676006-RC-M1A2-Abrams-Main-Battle-Tank-4-150x150.jpg 150w, https:\/\/mouldking.store\/wp-content\/uploads\/2022\/12\/PANLOS-676006-RC-M1A2-Abrams-Main-Battle-Tank-4-60x60.jpg 60w, https:\/\/mouldking.store\/wp-content\/uploads\/2022\/12\/PANLOS-676006-RC-M1A2-Abrams-Main-Battle-Tank-4-90x90.jpg 90w\" sizes=\"(max-width: 800px) 100vw, 800px\" \/><figcaption id=\"caption-attachment-39031\" class=\"wp-caption-text\">PANLOS 676006 RC M1A2 Abrams Kampfpanzer mit 1096 Teilen<\/figcaption><\/figure>\n<figure id=\"attachment_39032\" aria-describedby=\"caption-attachment-39032\" style=\"width: 715px\" class=\"wp-caption aligncenter\"><img decoding=\"async\" class=\"wp-image-39032 size-full\" src=\"https:\/\/mouldking.store\/wp-content\/uploads\/2022\/12\/PANLOS-676006-RC-M1A2-Abrams-Main-Battle-Tank-3.jpg\" alt=\"PANLOS 676006 RC M1A2 Abrams Main Battle Tank With 1096 Pieces\" width=\"715\" height=\"1024\" title=\"-\" srcset=\"https:\/\/mouldking.store\/wp-content\/uploads\/2022\/12\/PANLOS-676006-RC-M1A2-Abrams-Main-Battle-Tank-3.jpg 715w, https:\/\/mouldking.store\/wp-content\/uploads\/2022\/12\/PANLOS-676006-RC-M1A2-Abrams-Main-Battle-Tank-3-209x300.jpg 209w, https:\/\/mouldking.store\/wp-content\/uploads\/2022\/12\/PANLOS-676006-RC-M1A2-Abrams-Main-Battle-Tank-3-300x430.jpg 300w, https:\/\/mouldking.store\/wp-content\/uploads\/2022\/12\/PANLOS-676006-RC-M1A2-Abrams-Main-Battle-Tank-3-600x859.jpg 600w, https:\/\/mouldking.store\/wp-content\/uploads\/2022\/12\/PANLOS-676006-RC-M1A2-Abrams-Main-Battle-Tank-3-105x150.jpg 105w, https:\/\/mouldking.store\/wp-content\/uploads\/2022\/12\/PANLOS-676006-RC-M1A2-Abrams-Main-Battle-Tank-3-42x60.jpg 42w, https:\/\/mouldking.store\/wp-content\/uploads\/2022\/12\/PANLOS-676006-RC-M1A2-Abrams-Main-Battle-Tank-3-63x90.jpg 63w\" sizes=\"(max-width: 715px) 100vw, 715px\" \/><figcaption id=\"caption-attachment-39032\" class=\"wp-caption-text\">PANLOS 676006 RC M1A2 Abrams Kampfpanzer mit 1096 Teilen<\/figcaption><\/figure>\n<figure id=\"attachment_39033\" aria-describedby=\"caption-attachment-39033\" style=\"width: 931px\" class=\"wp-caption aligncenter\"><img decoding=\"async\" class=\"wp-image-39033 size-full\" src=\"https:\/\/mouldking.store\/wp-content\/uploads\/2022\/12\/PANLOS-676006-RC-M1A2-Abrams-Main-Battle-Tank-2.jpg\" alt=\"PANLOS 676006 RC M1A2 Abrams Main Battle Tank With 1096 Pieces\" width=\"931\" height=\"1024\" title=\"-\" srcset=\"https:\/\/mouldking.store\/wp-content\/uploads\/2022\/12\/PANLOS-676006-RC-M1A2-Abrams-Main-Battle-Tank-2.jpg 931w, https:\/\/mouldking.store\/wp-content\/uploads\/2022\/12\/PANLOS-676006-RC-M1A2-Abrams-Main-Battle-Tank-2-273x300.jpg 273w, https:\/\/mouldking.store\/wp-content\/uploads\/2022\/12\/PANLOS-676006-RC-M1A2-Abrams-Main-Battle-Tank-2-768x845.jpg 768w, https:\/\/mouldking.store\/wp-content\/uploads\/2022\/12\/PANLOS-676006-RC-M1A2-Abrams-Main-Battle-Tank-2-300x330.jpg 300w, https:\/\/mouldking.store\/wp-content\/uploads\/2022\/12\/PANLOS-676006-RC-M1A2-Abrams-Main-Battle-Tank-2-600x660.jpg 600w, https:\/\/mouldking.store\/wp-content\/uploads\/2022\/12\/PANLOS-676006-RC-M1A2-Abrams-Main-Battle-Tank-2-136x150.jpg 136w, https:\/\/mouldking.store\/wp-content\/uploads\/2022\/12\/PANLOS-676006-RC-M1A2-Abrams-Main-Battle-Tank-2-55x60.jpg 55w, https:\/\/mouldking.store\/wp-content\/uploads\/2022\/12\/PANLOS-676006-RC-M1A2-Abrams-Main-Battle-Tank-2-82x90.jpg 82w\" sizes=\"(max-width: 931px) 100vw, 931px\" \/><figcaption id=\"caption-attachment-39033\" class=\"wp-caption-text\">PANLOS 676006 RC M1A2 Abrams Kampfpanzer mit 1096 Teilen<\/figcaption><\/figure>\n<figure id=\"attachment_39034\" aria-describedby=\"caption-attachment-39034\" style=\"width: 654px\" class=\"wp-caption aligncenter\"><img loading=\"lazy\" decoding=\"async\" class=\"wp-image-39034 size-full\" src=\"https:\/\/mouldking.store\/wp-content\/uploads\/2022\/12\/PANLOS-676006-RC-M1A2-Abrams-Main-Battle-Tank-1.jpg\" alt=\"PANLOS 676006 RC M1A2 Abrams Main Battle Tank With 1096 Pieces\" width=\"654\" height=\"1024\" title=\"-\" srcset=\"https:\/\/mouldking.store\/wp-content\/uploads\/2022\/12\/PANLOS-676006-RC-M1A2-Abrams-Main-Battle-Tank-1.jpg 654w, https:\/\/mouldking.store\/wp-content\/uploads\/2022\/12\/PANLOS-676006-RC-M1A2-Abrams-Main-Battle-Tank-1-192x300.jpg 192w, https:\/\/mouldking.store\/wp-content\/uploads\/2022\/12\/PANLOS-676006-RC-M1A2-Abrams-Main-Battle-Tank-1-300x470.jpg 300w, https:\/\/mouldking.store\/wp-content\/uploads\/2022\/12\/PANLOS-676006-RC-M1A2-Abrams-Main-Battle-Tank-1-600x939.jpg 600w, https:\/\/mouldking.store\/wp-content\/uploads\/2022\/12\/PANLOS-676006-RC-M1A2-Abrams-Main-Battle-Tank-1-96x150.jpg 96w, https:\/\/mouldking.store\/wp-content\/uploads\/2022\/12\/PANLOS-676006-RC-M1A2-Abrams-Main-Battle-Tank-1-38x60.jpg 38w, https:\/\/mouldking.store\/wp-content\/uploads\/2022\/12\/PANLOS-676006-RC-M1A2-Abrams-Main-Battle-Tank-1-57x90.jpg 57w\" sizes=\"(max-width: 654px) 100vw, 654px\" \/><figcaption id=\"caption-attachment-39034\" class=\"wp-caption-text\">PANLOS 676006 RC M1A2 Abrams Kampfpanzer mit 1096 Teilen<\/figcaption><\/figure>","protected":false},"excerpt":{"rendered":"<p>Product information: Brand: PANLOS Gender: Unisex Name: RC M1A2 Abrams Main Battle Tank Age Range: &gt; 6 years old Model Number: 676006 Classification: Assemblage Plastic Block Shape: Self-Locking Bricks Material: Plastic Plastic Type: ABS Bricks Blocks:1096 PCS Size: \u00a031 x 12 x 17 cm Contains detailed assembly instructions. Notice: 1. Without an original box, but [&hellip;]<\/p>","protected":false},"featured_media":39031,"comment_status":"closed","ping_status":"closed","template":"","meta":{"_acf_changed":false},"product_cat":[1350],"product_tag":[10368,10370,10372,9077,2645,10369,10371,2641,1851,10374,10375,10367,10373,485],"class_list":["product","first","instock","shipping-taxable","purchasable","product-type-simple"],"acf":[],"_links":{"self":[{"href":"https:\/\/mouldking.store\/de\/wp-json\/wp\/v2\/product\/39029","targetHints":{"allow":["GET"]}}],"collection":[{"href":"https:\/\/mouldking.store\/de\/wp-json\/wp\/v2\/product"}],"about":[{"href":"https:\/\/mouldking.store\/de\/wp-json\/wp\/v2\/types\/product"}],"replies":[{"embeddable":true,"href":"https:\/\/mouldking.store\/de\/wp-json\/wp\/v2\/comments?post=39029"}],"wp:featuredmedia":[{"embeddable":true,"href":"https:\/\/mouldking.store\/de\/wp-json\/wp\/v2\/media\/39031"}],"wp:attachment":[{"href":"https:\/\/mouldking.store\/de\/wp-json\/wp\/v2\/media?parent=39029"}],"wp:term":[{"taxonomy":"product_cat","embeddable":true,"href":"https:\/\/mouldking.store\/de\/wp-json\/wp\/v2\/product_cat?post=39029"},{"taxonomy":"product_tag","embeddable":true,"href":"https:\/\/mouldking.store\/de\/wp-json\/wp\/v2\/product_tag?post=39029"}],"curies":[{"name":"wp","href":"https:\/\/api.w.org\/{rel}","templated":true}]}}