{"id":39055,"date":"2022-12-27T11:49:15","date_gmt":"2022-12-27T04:49:15","guid":{"rendered":"https:\/\/mouldking.store\/?post_type=product&#038;p=39055"},"modified":"2025-12-25T09:11:55","modified_gmt":"2025-12-25T02:11:55","slug":"moc-89519-sci-fi-uscss-prometheus-giant-space-ship-with-8629pcs","status":"publish","type":"product","link":"https:\/\/mouldking.store\/de\/shop\/moc-89519-sci-fi-uscss-prometheus-giant-space-ship-with-8629pcs\/","title":{"rendered":"MOC-89519 Sci-Fi USCSS Prometheus Giant Space Ship mit 8629PCS"},"content":{"rendered":"<ol>\n<li>Marke: MOC<\/li>\n<li>Geschlecht: Unisex<\/li>\n<li>Name: Sci-Fi USCSS Prometheus Giant Space Ship<\/li>\n<li>Altersspanne: &gt; 12 Jahre alt<\/li>\n<li>Model Number: 89519<\/li>\n<li>Einstufung: Assemblage<\/li>\n<li>Kunststoffblockform: Selbstsichernde Steine<\/li>\n<li>Material: Kunststoff<\/li>\n<li>Kunststofftyp: ABS<\/li>\n<li>Bricks Blocks:8629PCS<\/li>\n<li>Weight:6600g<\/li>\n<li>Enth\u00e4lt eine ausf\u00fchrliche Montageanleitung.<\/li>\n<\/ol>\n<p>Notiz:<br \/>\n1. Ohne Originalverpackung, aber wir garantieren, dass unsere Produkte eine Qualit\u00e4tssicherung und eine sch\u00f6ne Verpackung haben.<br \/>\n2. Wie alle Teile, die wir vor dem Versand \u00fcberpr\u00fcft haben, machen Sie sich keine Sorgen, wenn Sie feststellen, dass einige Teile fehlen oder besch\u00e4digt sind, und kontaktieren Sie uns einfach, und wir k\u00f6nnen sie Ihnen umgehend kostenlos erneut zusenden.<\/p>\n<figure id=\"attachment_39056\" aria-describedby=\"caption-attachment-39056\" style=\"width: 1004px\" class=\"wp-caption aligncenter\"><img fetchpriority=\"high\" decoding=\"async\" class=\"wp-image-39056 size-full\" src=\"https:\/\/mouldking.store\/wp-content\/uploads\/2022\/12\/MOC-89519-Space-Sci-Fi-USCSS-Prometheus-Giant-Space-Ship-MOC-FACTORY.png\" alt=\"MOC-89519 Sci-Fi USCSS Prometheus Giant Space Ship With 8629PCS\" width=\"1004\" height=\"1004\" title=\"-\" srcset=\"https:\/\/mouldking.store\/wp-content\/uploads\/2022\/12\/MOC-89519-Space-Sci-Fi-USCSS-Prometheus-Giant-Space-Ship-MOC-FACTORY.png 1004w, https:\/\/mouldking.store\/wp-content\/uploads\/2022\/12\/MOC-89519-Space-Sci-Fi-USCSS-Prometheus-Giant-Space-Ship-MOC-FACTORY-300x300.png 300w, https:\/\/mouldking.store\/wp-content\/uploads\/2022\/12\/MOC-89519-Space-Sci-Fi-USCSS-Prometheus-Giant-Space-Ship-MOC-FACTORY-768x768.png 768w, https:\/\/mouldking.store\/wp-content\/uploads\/2022\/12\/MOC-89519-Space-Sci-Fi-USCSS-Prometheus-Giant-Space-Ship-MOC-FACTORY-600x600.png 600w, https:\/\/mouldking.store\/wp-content\/uploads\/2022\/12\/MOC-89519-Space-Sci-Fi-USCSS-Prometheus-Giant-Space-Ship-MOC-FACTORY-150x150.png 150w, https:\/\/mouldking.store\/wp-content\/uploads\/2022\/12\/MOC-89519-Space-Sci-Fi-USCSS-Prometheus-Giant-Space-Ship-MOC-FACTORY-60x60.png 60w, https:\/\/mouldking.store\/wp-content\/uploads\/2022\/12\/MOC-89519-Space-Sci-Fi-USCSS-Prometheus-Giant-Space-Ship-MOC-FACTORY-90x90.png 90w\" sizes=\"(max-width: 1004px) 100vw, 1004px\" \/><figcaption id=\"caption-attachment-39056\" class=\"wp-caption-text\">MOC-89519 Sci-Fi USCSS Prometheus Giant Space Ship mit 8629PCS<\/figcaption><\/figure>\n<figure id=\"attachment_39057\" aria-describedby=\"caption-attachment-39057\" style=\"width: 1024px\" class=\"wp-caption aligncenter\"><img decoding=\"async\" class=\"wp-image-39057 size-large\" src=\"https:\/\/mouldking.store\/wp-content\/uploads\/2022\/12\/Sci-Fi-USCSS-Prometheus-Giant-Space-Ship-MOC-89519-2-1024x1024.jpg\" alt=\"MOC-89519 Sci-Fi USCSS Prometheus Giant Space Ship With 8629PCS\" width=\"1024\" height=\"1024\" title=\"-\" srcset=\"https:\/\/mouldking.store\/wp-content\/uploads\/2022\/12\/Sci-Fi-USCSS-Prometheus-Giant-Space-Ship-MOC-89519-2-1024x1024.jpg 1024w, https:\/\/mouldking.store\/wp-content\/uploads\/2022\/12\/Sci-Fi-USCSS-Prometheus-Giant-Space-Ship-MOC-89519-2-300x300.jpg 300w, https:\/\/mouldking.store\/wp-content\/uploads\/2022\/12\/Sci-Fi-USCSS-Prometheus-Giant-Space-Ship-MOC-89519-2-768x768.jpg 768w, https:\/\/mouldking.store\/wp-content\/uploads\/2022\/12\/Sci-Fi-USCSS-Prometheus-Giant-Space-Ship-MOC-89519-2-600x600.jpg 600w, https:\/\/mouldking.store\/wp-content\/uploads\/2022\/12\/Sci-Fi-USCSS-Prometheus-Giant-Space-Ship-MOC-89519-2-150x150.jpg 150w, https:\/\/mouldking.store\/wp-content\/uploads\/2022\/12\/Sci-Fi-USCSS-Prometheus-Giant-Space-Ship-MOC-89519-2-60x60.jpg 60w, https:\/\/mouldking.store\/wp-content\/uploads\/2022\/12\/Sci-Fi-USCSS-Prometheus-Giant-Space-Ship-MOC-89519-2-90x90.jpg 90w, https:\/\/mouldking.store\/wp-content\/uploads\/2022\/12\/Sci-Fi-USCSS-Prometheus-Giant-Space-Ship-MOC-89519-2.jpg 1100w\" sizes=\"(max-width: 1024px) 100vw, 1024px\" \/><figcaption id=\"caption-attachment-39057\" class=\"wp-caption-text\">MOC-89519 Sci-Fi USCSS Prometheus Giant Space Ship mit 8629PCS<\/figcaption><\/figure>\n<figure id=\"attachment_39058\" aria-describedby=\"caption-attachment-39058\" style=\"width: 1024px\" class=\"wp-caption aligncenter\"><img decoding=\"async\" class=\"wp-image-39058 size-large\" src=\"https:\/\/mouldking.store\/wp-content\/uploads\/2022\/12\/Sci-Fi-USCSS-Prometheus-Giant-Space-Ship-MOC-89519-3-1024x1024.jpg\" alt=\"MOC-89519 Sci-Fi USCSS Prometheus Giant Space Ship With 8629PCS\" width=\"1024\" height=\"1024\" title=\"-\" srcset=\"https:\/\/mouldking.store\/wp-content\/uploads\/2022\/12\/Sci-Fi-USCSS-Prometheus-Giant-Space-Ship-MOC-89519-3-1024x1024.jpg 1024w, https:\/\/mouldking.store\/wp-content\/uploads\/2022\/12\/Sci-Fi-USCSS-Prometheus-Giant-Space-Ship-MOC-89519-3-300x300.jpg 300w, https:\/\/mouldking.store\/wp-content\/uploads\/2022\/12\/Sci-Fi-USCSS-Prometheus-Giant-Space-Ship-MOC-89519-3-768x768.jpg 768w, https:\/\/mouldking.store\/wp-content\/uploads\/2022\/12\/Sci-Fi-USCSS-Prometheus-Giant-Space-Ship-MOC-89519-3-600x600.jpg 600w, https:\/\/mouldking.store\/wp-content\/uploads\/2022\/12\/Sci-Fi-USCSS-Prometheus-Giant-Space-Ship-MOC-89519-3-150x150.jpg 150w, https:\/\/mouldking.store\/wp-content\/uploads\/2022\/12\/Sci-Fi-USCSS-Prometheus-Giant-Space-Ship-MOC-89519-3-60x60.jpg 60w, https:\/\/mouldking.store\/wp-content\/uploads\/2022\/12\/Sci-Fi-USCSS-Prometheus-Giant-Space-Ship-MOC-89519-3-90x90.jpg 90w, https:\/\/mouldking.store\/wp-content\/uploads\/2022\/12\/Sci-Fi-USCSS-Prometheus-Giant-Space-Ship-MOC-89519-3.jpg 1100w\" sizes=\"(max-width: 1024px) 100vw, 1024px\" \/><figcaption id=\"caption-attachment-39058\" class=\"wp-caption-text\">MOC-89519 Sci-Fi USCSS Prometheus Giant Space Ship mit 8629PCS<\/figcaption><\/figure>\n<figure id=\"attachment_39059\" aria-describedby=\"caption-attachment-39059\" style=\"width: 1024px\" class=\"wp-caption aligncenter\"><img loading=\"lazy\" decoding=\"async\" class=\"wp-image-39059 size-large\" src=\"https:\/\/mouldking.store\/wp-content\/uploads\/2022\/12\/Sci-Fi-USCSS-Prometheus-Giant-Space-Ship-MOC-89519-4-1024x1024.jpg\" alt=\"MOC-89519 Sci-Fi USCSS Prometheus Giant Space Ship With 8629PCS\" width=\"1024\" height=\"1024\" title=\"-\" srcset=\"https:\/\/mouldking.store\/wp-content\/uploads\/2022\/12\/Sci-Fi-USCSS-Prometheus-Giant-Space-Ship-MOC-89519-4-1024x1024.jpg 1024w, https:\/\/mouldking.store\/wp-content\/uploads\/2022\/12\/Sci-Fi-USCSS-Prometheus-Giant-Space-Ship-MOC-89519-4-300x300.jpg 300w, https:\/\/mouldking.store\/wp-content\/uploads\/2022\/12\/Sci-Fi-USCSS-Prometheus-Giant-Space-Ship-MOC-89519-4-768x768.jpg 768w, https:\/\/mouldking.store\/wp-content\/uploads\/2022\/12\/Sci-Fi-USCSS-Prometheus-Giant-Space-Ship-MOC-89519-4-600x600.jpg 600w, https:\/\/mouldking.store\/wp-content\/uploads\/2022\/12\/Sci-Fi-USCSS-Prometheus-Giant-Space-Ship-MOC-89519-4-150x150.jpg 150w, https:\/\/mouldking.store\/wp-content\/uploads\/2022\/12\/Sci-Fi-USCSS-Prometheus-Giant-Space-Ship-MOC-89519-4-60x60.jpg 60w, https:\/\/mouldking.store\/wp-content\/uploads\/2022\/12\/Sci-Fi-USCSS-Prometheus-Giant-Space-Ship-MOC-89519-4-90x90.jpg 90w, https:\/\/mouldking.store\/wp-content\/uploads\/2022\/12\/Sci-Fi-USCSS-Prometheus-Giant-Space-Ship-MOC-89519-4.jpg 1100w\" sizes=\"(max-width: 1024px) 100vw, 1024px\" \/><figcaption id=\"caption-attachment-39059\" class=\"wp-caption-text\">MOC-89519 Sci-Fi USCSS Prometheus Giant Space Ship mit 8629PCS<\/figcaption><\/figure>\n<figure id=\"attachment_39060\" aria-describedby=\"caption-attachment-39060\" style=\"width: 1024px\" class=\"wp-caption aligncenter\"><img loading=\"lazy\" decoding=\"async\" class=\"wp-image-39060 size-large\" src=\"https:\/\/mouldking.store\/wp-content\/uploads\/2022\/12\/Sci-Fi-USCSS-Prometheus-Giant-Space-Ship-MOC-89519-5-1024x1024.jpg\" alt=\"MOC-89519 Sci-Fi USCSS Prometheus Giant Space Ship With 8629PCS\" width=\"1024\" height=\"1024\" title=\"-\" srcset=\"https:\/\/mouldking.store\/wp-content\/uploads\/2022\/12\/Sci-Fi-USCSS-Prometheus-Giant-Space-Ship-MOC-89519-5-1024x1024.jpg 1024w, https:\/\/mouldking.store\/wp-content\/uploads\/2022\/12\/Sci-Fi-USCSS-Prometheus-Giant-Space-Ship-MOC-89519-5-300x300.jpg 300w, https:\/\/mouldking.store\/wp-content\/uploads\/2022\/12\/Sci-Fi-USCSS-Prometheus-Giant-Space-Ship-MOC-89519-5-768x768.jpg 768w, https:\/\/mouldking.store\/wp-content\/uploads\/2022\/12\/Sci-Fi-USCSS-Prometheus-Giant-Space-Ship-MOC-89519-5-600x600.jpg 600w, https:\/\/mouldking.store\/wp-content\/uploads\/2022\/12\/Sci-Fi-USCSS-Prometheus-Giant-Space-Ship-MOC-89519-5-150x150.jpg 150w, https:\/\/mouldking.store\/wp-content\/uploads\/2022\/12\/Sci-Fi-USCSS-Prometheus-Giant-Space-Ship-MOC-89519-5-60x60.jpg 60w, https:\/\/mouldking.store\/wp-content\/uploads\/2022\/12\/Sci-Fi-USCSS-Prometheus-Giant-Space-Ship-MOC-89519-5-90x90.jpg 90w, https:\/\/mouldking.store\/wp-content\/uploads\/2022\/12\/Sci-Fi-USCSS-Prometheus-Giant-Space-Ship-MOC-89519-5.jpg 1100w\" sizes=\"(max-width: 1024px) 100vw, 1024px\" \/><figcaption id=\"caption-attachment-39060\" class=\"wp-caption-text\">MOC-89519 Sci-Fi USCSS Prometheus Giant Space Ship mit 8629PCS<\/figcaption><\/figure>\n<figure id=\"attachment_39061\" aria-describedby=\"caption-attachment-39061\" style=\"width: 1024px\" class=\"wp-caption aligncenter\"><img loading=\"lazy\" decoding=\"async\" class=\"wp-image-39061 size-large\" src=\"https:\/\/mouldking.store\/wp-content\/uploads\/2022\/12\/Sci-Fi-USCSS-Prometheus-Giant-Space-Ship-MOC-89519-6-1024x1024.jpg\" alt=\"MOC-89519 Sci-Fi USCSS Prometheus Giant Space Ship With 8629PCS\" width=\"1024\" height=\"1024\" title=\"-\" srcset=\"https:\/\/mouldking.store\/wp-content\/uploads\/2022\/12\/Sci-Fi-USCSS-Prometheus-Giant-Space-Ship-MOC-89519-6-1024x1024.jpg 1024w, https:\/\/mouldking.store\/wp-content\/uploads\/2022\/12\/Sci-Fi-USCSS-Prometheus-Giant-Space-Ship-MOC-89519-6-300x300.jpg 300w, https:\/\/mouldking.store\/wp-content\/uploads\/2022\/12\/Sci-Fi-USCSS-Prometheus-Giant-Space-Ship-MOC-89519-6-768x768.jpg 768w, https:\/\/mouldking.store\/wp-content\/uploads\/2022\/12\/Sci-Fi-USCSS-Prometheus-Giant-Space-Ship-MOC-89519-6-600x600.jpg 600w, https:\/\/mouldking.store\/wp-content\/uploads\/2022\/12\/Sci-Fi-USCSS-Prometheus-Giant-Space-Ship-MOC-89519-6-150x150.jpg 150w, https:\/\/mouldking.store\/wp-content\/uploads\/2022\/12\/Sci-Fi-USCSS-Prometheus-Giant-Space-Ship-MOC-89519-6-60x60.jpg 60w, https:\/\/mouldking.store\/wp-content\/uploads\/2022\/12\/Sci-Fi-USCSS-Prometheus-Giant-Space-Ship-MOC-89519-6-90x90.jpg 90w, https:\/\/mouldking.store\/wp-content\/uploads\/2022\/12\/Sci-Fi-USCSS-Prometheus-Giant-Space-Ship-MOC-89519-6.jpg 1100w\" sizes=\"(max-width: 1024px) 100vw, 1024px\" \/><figcaption id=\"caption-attachment-39061\" class=\"wp-caption-text\">MOC-89519 Sci-Fi USCSS Prometheus Giant Space Ship mit 8629PCS<\/figcaption><\/figure>\n<figure id=\"attachment_39062\" aria-describedby=\"caption-attachment-39062\" style=\"width: 1024px\" class=\"wp-caption aligncenter\"><img loading=\"lazy\" decoding=\"async\" class=\"wp-image-39062 size-large\" src=\"https:\/\/mouldking.store\/wp-content\/uploads\/2022\/12\/Sci-Fi-USCSS-Prometheus-Giant-Space-Ship-MOC-89519-7-1024x1024.jpg\" alt=\"MOC-89519 Sci-Fi USCSS Prometheus Giant Space Ship With 8629PCS\" width=\"1024\" height=\"1024\" title=\"-\" srcset=\"https:\/\/mouldking.store\/wp-content\/uploads\/2022\/12\/Sci-Fi-USCSS-Prometheus-Giant-Space-Ship-MOC-89519-7-1024x1024.jpg 1024w, https:\/\/mouldking.store\/wp-content\/uploads\/2022\/12\/Sci-Fi-USCSS-Prometheus-Giant-Space-Ship-MOC-89519-7-300x300.jpg 300w, https:\/\/mouldking.store\/wp-content\/uploads\/2022\/12\/Sci-Fi-USCSS-Prometheus-Giant-Space-Ship-MOC-89519-7-768x768.jpg 768w, https:\/\/mouldking.store\/wp-content\/uploads\/2022\/12\/Sci-Fi-USCSS-Prometheus-Giant-Space-Ship-MOC-89519-7-600x600.jpg 600w, https:\/\/mouldking.store\/wp-content\/uploads\/2022\/12\/Sci-Fi-USCSS-Prometheus-Giant-Space-Ship-MOC-89519-7-150x150.jpg 150w, https:\/\/mouldking.store\/wp-content\/uploads\/2022\/12\/Sci-Fi-USCSS-Prometheus-Giant-Space-Ship-MOC-89519-7-60x60.jpg 60w, https:\/\/mouldking.store\/wp-content\/uploads\/2022\/12\/Sci-Fi-USCSS-Prometheus-Giant-Space-Ship-MOC-89519-7-90x90.jpg 90w, https:\/\/mouldking.store\/wp-content\/uploads\/2022\/12\/Sci-Fi-USCSS-Prometheus-Giant-Space-Ship-MOC-89519-7.jpg 1100w\" sizes=\"(max-width: 1024px) 100vw, 1024px\" \/><figcaption id=\"caption-attachment-39062\" class=\"wp-caption-text\">MOC-89519 Sci-Fi USCSS Prometheus Giant Space Ship mit 8629PCS<\/figcaption><\/figure>","protected":false},"excerpt":{"rendered":"<p>PDF-Bauanleitung<\/p>\n<p>Ohne Originalverpackung<\/p>\n<p>Zeiteinteilung: 4-8 Wochen<\/p>","protected":false},"featured_media":39056,"comment_status":"closed","ping_status":"closed","template":"","meta":{"_acf_changed":false},"product_cat":[1406,6016],"product_tag":[10403,10404,430,10400,10407,10399,10402,10405,9414,10406,304,2276,3916,10401],"class_list":["product","first","instock","shipping-taxable","purchasable","product-type-simple"],"acf":[],"_links":{"self":[{"href":"https:\/\/mouldking.store\/de\/wp-json\/wp\/v2\/product\/39055","targetHints":{"allow":["GET"]}}],"collection":[{"href":"https:\/\/mouldking.store\/de\/wp-json\/wp\/v2\/product"}],"about":[{"href":"https:\/\/mouldking.store\/de\/wp-json\/wp\/v2\/types\/product"}],"replies":[{"embeddable":true,"href":"https:\/\/mouldking.store\/de\/wp-json\/wp\/v2\/comments?post=39055"}],"wp:featuredmedia":[{"embeddable":true,"href":"https:\/\/mouldking.store\/de\/wp-json\/wp\/v2\/media\/39056"}],"wp:attachment":[{"href":"https:\/\/mouldking.store\/de\/wp-json\/wp\/v2\/media?parent=39055"}],"wp:term":[{"taxonomy":"product_cat","embeddable":true,"href":"https:\/\/mouldking.store\/de\/wp-json\/wp\/v2\/product_cat?post=39055"},{"taxonomy":"product_tag","embeddable":true,"href":"https:\/\/mouldking.store\/de\/wp-json\/wp\/v2\/product_tag?post=39055"}],"curies":[{"name":"wp","href":"https:\/\/api.w.org\/{rel}","templated":true}]}}