{"id":39071,"date":"2022-12-27T12:04:41","date_gmt":"2022-12-27T05:04:41","guid":{"rendered":"https:\/\/mouldking.store\/?post_type=product&#038;p=39071"},"modified":"2025-12-25T09:11:55","modified_gmt":"2025-12-25T02:11:55","slug":"moc-118220-volvo-fh16-750-8x6-with-3090pcs","status":"publish","type":"product","link":"https:\/\/mouldking.store\/de\/shop\/moc-118220-volvo-fh16-750-8x6-with-3090pcs\/","title":{"rendered":"MOC-118220 Volvo FH16 750 8\u00d76 mit 3090 STK"},"content":{"rendered":"<ol>\n<li>Marke: MOC<\/li>\n<li>Geschlecht: Unisex<\/li>\n<li>Bezeichnung: Volvo FH16 750 8\u00d76<\/li>\n<li>Altersspanne: &gt; 6 Jahre alt<\/li>\n<li>Modellnummer: 118220<\/li>\n<li>Einstufung: Assemblage<\/li>\n<li>Kunststoffblockform: Selbstsichernde Steine<\/li>\n<li>Material: Kunststoff<\/li>\n<li>Kunststofftyp: ABS<\/li>\n<li>Ziegelsteine: 3090 ST\u00dcCKE<\/li>\n<li>Gewicht: 3100 g<\/li>\n<li>Enth\u00e4lt eine ausf\u00fchrliche Montageanleitung.<\/li>\n<\/ol>\n<p>Notiz:<br \/>\n1. Ohne Originalverpackung, aber wir garantieren, dass unsere Produkte eine Qualit\u00e4tssicherung und eine sch\u00f6ne Verpackung haben.<br \/>\n2. Wie alle Teile, die wir vor dem Versand \u00fcberpr\u00fcft haben, machen Sie sich keine Sorgen, wenn Sie feststellen, dass einige Teile fehlen oder besch\u00e4digt sind, und kontaktieren Sie uns einfach, und wir k\u00f6nnen sie Ihnen umgehend kostenlos erneut zusenden.<\/p>\n<figure id=\"attachment_39072\" aria-describedby=\"caption-attachment-39072\" style=\"width: 1004px\" class=\"wp-caption aligncenter\"><img fetchpriority=\"high\" decoding=\"async\" class=\"wp-image-39072 size-full\" src=\"https:\/\/mouldking.store\/wp-content\/uploads\/2022\/12\/MOC-118220-Technic-Volvo-FH16-750-8\u00d76-MOC-FACTORY.png\" alt=\"MOC-118220 Volvo FH16 750 8\u00d76 With 3090PCS\" width=\"1004\" height=\"1004\" title=\"-\" srcset=\"https:\/\/mouldking.store\/wp-content\/uploads\/2022\/12\/MOC-118220-Technic-Volvo-FH16-750-8\u00d76-MOC-FACTORY.png 1004w, https:\/\/mouldking.store\/wp-content\/uploads\/2022\/12\/MOC-118220-Technic-Volvo-FH16-750-8\u00d76-MOC-FACTORY-300x300.png 300w, https:\/\/mouldking.store\/wp-content\/uploads\/2022\/12\/MOC-118220-Technic-Volvo-FH16-750-8\u00d76-MOC-FACTORY-768x768.png 768w, https:\/\/mouldking.store\/wp-content\/uploads\/2022\/12\/MOC-118220-Technic-Volvo-FH16-750-8\u00d76-MOC-FACTORY-600x600.png 600w, https:\/\/mouldking.store\/wp-content\/uploads\/2022\/12\/MOC-118220-Technic-Volvo-FH16-750-8\u00d76-MOC-FACTORY-150x150.png 150w, https:\/\/mouldking.store\/wp-content\/uploads\/2022\/12\/MOC-118220-Technic-Volvo-FH16-750-8\u00d76-MOC-FACTORY-60x60.png 60w, https:\/\/mouldking.store\/wp-content\/uploads\/2022\/12\/MOC-118220-Technic-Volvo-FH16-750-8\u00d76-MOC-FACTORY-90x90.png 90w\" sizes=\"(max-width: 1004px) 100vw, 1004px\" \/><figcaption id=\"caption-attachment-39072\" class=\"wp-caption-text\">MOC-118220 Volvo FH16 750 8\u00d76 mit 3090 STK<\/figcaption><\/figure>\n<figure id=\"attachment_39073\" aria-describedby=\"caption-attachment-39073\" style=\"width: 1024px\" class=\"wp-caption aligncenter\"><img decoding=\"async\" class=\"wp-image-39073 size-large\" src=\"https:\/\/mouldking.store\/wp-content\/uploads\/2022\/12\/Volvo-FH16-750-8x6-MOC-118220-Technic-2-1024x1024.jpg\" alt=\"MOC-118220 Volvo FH16 750 8\u00d76 With 3090PCS\" width=\"1024\" height=\"1024\" title=\"-\" srcset=\"https:\/\/mouldking.store\/wp-content\/uploads\/2022\/12\/Volvo-FH16-750-8x6-MOC-118220-Technic-2-1024x1024.jpg 1024w, https:\/\/mouldking.store\/wp-content\/uploads\/2022\/12\/Volvo-FH16-750-8x6-MOC-118220-Technic-2-300x300.jpg 300w, https:\/\/mouldking.store\/wp-content\/uploads\/2022\/12\/Volvo-FH16-750-8x6-MOC-118220-Technic-2-768x768.jpg 768w, https:\/\/mouldking.store\/wp-content\/uploads\/2022\/12\/Volvo-FH16-750-8x6-MOC-118220-Technic-2-600x600.jpg 600w, https:\/\/mouldking.store\/wp-content\/uploads\/2022\/12\/Volvo-FH16-750-8x6-MOC-118220-Technic-2-150x150.jpg 150w, https:\/\/mouldking.store\/wp-content\/uploads\/2022\/12\/Volvo-FH16-750-8x6-MOC-118220-Technic-2-60x60.jpg 60w, https:\/\/mouldking.store\/wp-content\/uploads\/2022\/12\/Volvo-FH16-750-8x6-MOC-118220-Technic-2-90x90.jpg 90w, https:\/\/mouldking.store\/wp-content\/uploads\/2022\/12\/Volvo-FH16-750-8x6-MOC-118220-Technic-2.jpg 1100w\" sizes=\"(max-width: 1024px) 100vw, 1024px\" \/><figcaption id=\"caption-attachment-39073\" class=\"wp-caption-text\">MOC-118220 Volvo FH16 750 8\u00d76 mit 3090 STK<\/figcaption><\/figure>\n<figure id=\"attachment_39074\" aria-describedby=\"caption-attachment-39074\" style=\"width: 1024px\" class=\"wp-caption aligncenter\"><img decoding=\"async\" class=\"wp-image-39074 size-large\" src=\"https:\/\/mouldking.store\/wp-content\/uploads\/2022\/12\/Volvo-FH16-750-8x6-MOC-118220-Technic-3-1024x1024.jpg\" alt=\"MOC-118220 Volvo FH16 750 8\u00d76 With 3090PCS\" width=\"1024\" height=\"1024\" title=\"-\" srcset=\"https:\/\/mouldking.store\/wp-content\/uploads\/2022\/12\/Volvo-FH16-750-8x6-MOC-118220-Technic-3-1024x1024.jpg 1024w, https:\/\/mouldking.store\/wp-content\/uploads\/2022\/12\/Volvo-FH16-750-8x6-MOC-118220-Technic-3-300x300.jpg 300w, https:\/\/mouldking.store\/wp-content\/uploads\/2022\/12\/Volvo-FH16-750-8x6-MOC-118220-Technic-3-768x768.jpg 768w, https:\/\/mouldking.store\/wp-content\/uploads\/2022\/12\/Volvo-FH16-750-8x6-MOC-118220-Technic-3-600x600.jpg 600w, https:\/\/mouldking.store\/wp-content\/uploads\/2022\/12\/Volvo-FH16-750-8x6-MOC-118220-Technic-3-150x150.jpg 150w, https:\/\/mouldking.store\/wp-content\/uploads\/2022\/12\/Volvo-FH16-750-8x6-MOC-118220-Technic-3-60x60.jpg 60w, https:\/\/mouldking.store\/wp-content\/uploads\/2022\/12\/Volvo-FH16-750-8x6-MOC-118220-Technic-3-90x90.jpg 90w, https:\/\/mouldking.store\/wp-content\/uploads\/2022\/12\/Volvo-FH16-750-8x6-MOC-118220-Technic-3.jpg 1100w\" sizes=\"(max-width: 1024px) 100vw, 1024px\" \/><figcaption id=\"caption-attachment-39074\" class=\"wp-caption-text\">MOC-118220 Volvo FH16 750 8\u00d76 mit 3090 STK<\/figcaption><\/figure>\n<figure id=\"attachment_39075\" aria-describedby=\"caption-attachment-39075\" style=\"width: 1024px\" class=\"wp-caption aligncenter\"><img loading=\"lazy\" decoding=\"async\" class=\"wp-image-39075 size-large\" src=\"https:\/\/mouldking.store\/wp-content\/uploads\/2022\/12\/Volvo-FH16-750-8x6-MOC-118220-Technic-4-1024x1024.jpg\" alt=\"MOC-118220 Volvo FH16 750 8\u00d76 With 3090PCS\" width=\"1024\" height=\"1024\" title=\"-\" srcset=\"https:\/\/mouldking.store\/wp-content\/uploads\/2022\/12\/Volvo-FH16-750-8x6-MOC-118220-Technic-4-1024x1024.jpg 1024w, https:\/\/mouldking.store\/wp-content\/uploads\/2022\/12\/Volvo-FH16-750-8x6-MOC-118220-Technic-4-300x300.jpg 300w, https:\/\/mouldking.store\/wp-content\/uploads\/2022\/12\/Volvo-FH16-750-8x6-MOC-118220-Technic-4-768x768.jpg 768w, https:\/\/mouldking.store\/wp-content\/uploads\/2022\/12\/Volvo-FH16-750-8x6-MOC-118220-Technic-4-600x600.jpg 600w, https:\/\/mouldking.store\/wp-content\/uploads\/2022\/12\/Volvo-FH16-750-8x6-MOC-118220-Technic-4-150x150.jpg 150w, https:\/\/mouldking.store\/wp-content\/uploads\/2022\/12\/Volvo-FH16-750-8x6-MOC-118220-Technic-4-60x60.jpg 60w, https:\/\/mouldking.store\/wp-content\/uploads\/2022\/12\/Volvo-FH16-750-8x6-MOC-118220-Technic-4-90x90.jpg 90w, https:\/\/mouldking.store\/wp-content\/uploads\/2022\/12\/Volvo-FH16-750-8x6-MOC-118220-Technic-4.jpg 1100w\" sizes=\"(max-width: 1024px) 100vw, 1024px\" \/><figcaption id=\"caption-attachment-39075\" class=\"wp-caption-text\">MOC-118220 Volvo FH16 750 8\u00d76 mit 3090 STK<\/figcaption><\/figure>\n<figure id=\"attachment_39076\" aria-describedby=\"caption-attachment-39076\" style=\"width: 1024px\" class=\"wp-caption aligncenter\"><img loading=\"lazy\" decoding=\"async\" class=\"wp-image-39076 size-large\" src=\"https:\/\/mouldking.store\/wp-content\/uploads\/2022\/12\/Volvo-FH16-750-8x6-MOC-118220-Technic-5-1024x1024.jpg\" alt=\"MOC-118220 Volvo FH16 750 8\u00d76 With 3090PCS\" width=\"1024\" height=\"1024\" title=\"-\" srcset=\"https:\/\/mouldking.store\/wp-content\/uploads\/2022\/12\/Volvo-FH16-750-8x6-MOC-118220-Technic-5-1024x1024.jpg 1024w, https:\/\/mouldking.store\/wp-content\/uploads\/2022\/12\/Volvo-FH16-750-8x6-MOC-118220-Technic-5-300x300.jpg 300w, https:\/\/mouldking.store\/wp-content\/uploads\/2022\/12\/Volvo-FH16-750-8x6-MOC-118220-Technic-5-768x768.jpg 768w, https:\/\/mouldking.store\/wp-content\/uploads\/2022\/12\/Volvo-FH16-750-8x6-MOC-118220-Technic-5-600x600.jpg 600w, https:\/\/mouldking.store\/wp-content\/uploads\/2022\/12\/Volvo-FH16-750-8x6-MOC-118220-Technic-5-150x150.jpg 150w, https:\/\/mouldking.store\/wp-content\/uploads\/2022\/12\/Volvo-FH16-750-8x6-MOC-118220-Technic-5-60x60.jpg 60w, https:\/\/mouldking.store\/wp-content\/uploads\/2022\/12\/Volvo-FH16-750-8x6-MOC-118220-Technic-5-90x90.jpg 90w, https:\/\/mouldking.store\/wp-content\/uploads\/2022\/12\/Volvo-FH16-750-8x6-MOC-118220-Technic-5.jpg 1100w\" sizes=\"(max-width: 1024px) 100vw, 1024px\" \/><figcaption id=\"caption-attachment-39076\" class=\"wp-caption-text\">MOC-118220 Volvo FH16 750 8\u00d76 mit 3090 STK<\/figcaption><\/figure>\n<figure id=\"attachment_39077\" aria-describedby=\"caption-attachment-39077\" style=\"width: 1024px\" class=\"wp-caption aligncenter\"><img loading=\"lazy\" decoding=\"async\" class=\"wp-image-39077 size-large\" src=\"https:\/\/mouldking.store\/wp-content\/uploads\/2022\/12\/Volvo-FH16-750-8x6-MOC-118220-Technic-6-1024x1024.jpg\" alt=\"MOC-118220 Volvo FH16 750 8\u00d76 With 3090PCS\" width=\"1024\" height=\"1024\" title=\"-\" srcset=\"https:\/\/mouldking.store\/wp-content\/uploads\/2022\/12\/Volvo-FH16-750-8x6-MOC-118220-Technic-6-1024x1024.jpg 1024w, https:\/\/mouldking.store\/wp-content\/uploads\/2022\/12\/Volvo-FH16-750-8x6-MOC-118220-Technic-6-300x300.jpg 300w, https:\/\/mouldking.store\/wp-content\/uploads\/2022\/12\/Volvo-FH16-750-8x6-MOC-118220-Technic-6-768x768.jpg 768w, https:\/\/mouldking.store\/wp-content\/uploads\/2022\/12\/Volvo-FH16-750-8x6-MOC-118220-Technic-6-600x600.jpg 600w, https:\/\/mouldking.store\/wp-content\/uploads\/2022\/12\/Volvo-FH16-750-8x6-MOC-118220-Technic-6-150x150.jpg 150w, https:\/\/mouldking.store\/wp-content\/uploads\/2022\/12\/Volvo-FH16-750-8x6-MOC-118220-Technic-6-60x60.jpg 60w, https:\/\/mouldking.store\/wp-content\/uploads\/2022\/12\/Volvo-FH16-750-8x6-MOC-118220-Technic-6-90x90.jpg 90w, https:\/\/mouldking.store\/wp-content\/uploads\/2022\/12\/Volvo-FH16-750-8x6-MOC-118220-Technic-6.jpg 1100w\" sizes=\"(max-width: 1024px) 100vw, 1024px\" \/><figcaption id=\"caption-attachment-39077\" class=\"wp-caption-text\">MOC-118220 Volvo FH16 750 8\u00d76 mit 3090 STK<\/figcaption><\/figure>\n<figure id=\"attachment_39078\" aria-describedby=\"caption-attachment-39078\" style=\"width: 1100px\" class=\"wp-caption aligncenter\"><img loading=\"lazy\" decoding=\"async\" class=\"wp-image-39078 size-full\" src=\"https:\/\/mouldking.store\/wp-content\/uploads\/2022\/12\/Volvo-FH16-750-8x6-MOC-118220-Technic-7.jpg\" alt=\"MOC-118220 Volvo FH16 750 8\u00d76 With 3090PCS\" width=\"1100\" height=\"1100\" title=\"-\" srcset=\"https:\/\/mouldking.store\/wp-content\/uploads\/2022\/12\/Volvo-FH16-750-8x6-MOC-118220-Technic-7.jpg 1100w, https:\/\/mouldking.store\/wp-content\/uploads\/2022\/12\/Volvo-FH16-750-8x6-MOC-118220-Technic-7-300x300.jpg 300w, https:\/\/mouldking.store\/wp-content\/uploads\/2022\/12\/Volvo-FH16-750-8x6-MOC-118220-Technic-7-1024x1024.jpg 1024w, https:\/\/mouldking.store\/wp-content\/uploads\/2022\/12\/Volvo-FH16-750-8x6-MOC-118220-Technic-7-768x768.jpg 768w, https:\/\/mouldking.store\/wp-content\/uploads\/2022\/12\/Volvo-FH16-750-8x6-MOC-118220-Technic-7-600x600.jpg 600w, https:\/\/mouldking.store\/wp-content\/uploads\/2022\/12\/Volvo-FH16-750-8x6-MOC-118220-Technic-7-150x150.jpg 150w, https:\/\/mouldking.store\/wp-content\/uploads\/2022\/12\/Volvo-FH16-750-8x6-MOC-118220-Technic-7-60x60.jpg 60w, https:\/\/mouldking.store\/wp-content\/uploads\/2022\/12\/Volvo-FH16-750-8x6-MOC-118220-Technic-7-90x90.jpg 90w\" sizes=\"(max-width: 1100px) 100vw, 1100px\" \/><figcaption id=\"caption-attachment-39078\" class=\"wp-caption-text\">MOC-118220 Volvo FH16 750 8\u00d76 mit 3090 STK<\/figcaption><\/figure>","protected":false},"excerpt":{"rendered":"<p>PDF-Bauanleitung<\/p>\n<p>Ohne Originalverpackung<\/p>\n<p>Zeiteinteilung: 4-8 Wochen<\/p>","protected":false},"featured_media":39072,"comment_status":"closed","ping_status":"closed","template":"","meta":{"_acf_changed":false},"product_cat":[1357,1406,364],"product_tag":[10411,430,10418,10421,10417,10410,10419,10420],"class_list":["product","first","instock","shipping-taxable","purchasable","product-type-simple"],"acf":[],"_links":{"self":[{"href":"https:\/\/mouldking.store\/de\/wp-json\/wp\/v2\/product\/39071","targetHints":{"allow":["GET"]}}],"collection":[{"href":"https:\/\/mouldking.store\/de\/wp-json\/wp\/v2\/product"}],"about":[{"href":"https:\/\/mouldking.store\/de\/wp-json\/wp\/v2\/types\/product"}],"replies":[{"embeddable":true,"href":"https:\/\/mouldking.store\/de\/wp-json\/wp\/v2\/comments?post=39071"}],"wp:featuredmedia":[{"embeddable":true,"href":"https:\/\/mouldking.store\/de\/wp-json\/wp\/v2\/media\/39072"}],"wp:attachment":[{"href":"https:\/\/mouldking.store\/de\/wp-json\/wp\/v2\/media?parent=39071"}],"wp:term":[{"taxonomy":"product_cat","embeddable":true,"href":"https:\/\/mouldking.store\/de\/wp-json\/wp\/v2\/product_cat?post=39071"},{"taxonomy":"product_tag","embeddable":true,"href":"https:\/\/mouldking.store\/de\/wp-json\/wp\/v2\/product_tag?post=39071"}],"curies":[{"name":"wp","href":"https:\/\/api.w.org\/{rel}","templated":true}]}}