{"id":39123,"date":"2022-12-27T14:39:39","date_gmt":"2022-12-27T07:39:39","guid":{"rendered":"https:\/\/mouldking.store\/?post_type=product&#038;p=39123"},"modified":"2025-12-25T09:11:54","modified_gmt":"2025-12-25T02:11:54","slug":"moc-89517-a30-challenger-tank-with-979pcs","status":"publish","type":"product","link":"https:\/\/mouldking.store\/de\/shop\/moc-89517-a30-challenger-tank-with-979pcs\/","title":{"rendered":"MOC-89517 A30 Challenger Panzer mit 979PCS"},"content":{"rendered":"<ol>\n<li>Marke: MOC<\/li>\n<li>Geschlecht: Unisex<\/li>\n<li>Name: A30 Challenger Tank<\/li>\n<li>Altersspanne: &gt; 6 Jahre alt<\/li>\n<li>Model Number: 89517<\/li>\n<li>Einstufung: Assemblage<\/li>\n<li>Kunststoffblockform: Selbstsichernde Steine<\/li>\n<li>Material: Kunststoff<\/li>\n<li>Kunststofftyp: ABS<\/li>\n<li>Bricks Blocks:979PCS<\/li>\n<li>Gewicht: 1100 g<\/li>\n<li>Enth\u00e4lt eine ausf\u00fchrliche Montageanleitung.<\/li>\n<\/ol>\n<p>Notiz:<br \/>\n1. Ohne Originalverpackung, aber wir garantieren, dass unsere Produkte eine Qualit\u00e4tssicherung und eine sch\u00f6ne Verpackung haben.<br \/>\n2. Wie alle Teile, die wir vor dem Versand \u00fcberpr\u00fcft haben, machen Sie sich keine Sorgen, wenn Sie feststellen, dass einige Teile fehlen oder besch\u00e4digt sind, und kontaktieren Sie uns einfach, und wir k\u00f6nnen sie Ihnen umgehend kostenlos erneut zusenden.<\/p>\n<figure id=\"attachment_39124\" aria-describedby=\"caption-attachment-39124\" style=\"width: 1004px\" class=\"wp-caption aligncenter\"><img fetchpriority=\"high\" decoding=\"async\" class=\"wp-image-39124 size-full\" src=\"https:\/\/mouldking.store\/wp-content\/uploads\/2022\/12\/MOC-89517-Military-A30-Challenger-Tank-MOC-FACTORY.png\" alt=\"MOC-89517 A30 Challenger Tank With 979PCS\" width=\"1004\" height=\"1004\" title=\"-\" srcset=\"https:\/\/mouldking.store\/wp-content\/uploads\/2022\/12\/MOC-89517-Military-A30-Challenger-Tank-MOC-FACTORY.png 1004w, https:\/\/mouldking.store\/wp-content\/uploads\/2022\/12\/MOC-89517-Military-A30-Challenger-Tank-MOC-FACTORY-300x300.png 300w, https:\/\/mouldking.store\/wp-content\/uploads\/2022\/12\/MOC-89517-Military-A30-Challenger-Tank-MOC-FACTORY-768x768.png 768w, https:\/\/mouldking.store\/wp-content\/uploads\/2022\/12\/MOC-89517-Military-A30-Challenger-Tank-MOC-FACTORY-600x600.png 600w, https:\/\/mouldking.store\/wp-content\/uploads\/2022\/12\/MOC-89517-Military-A30-Challenger-Tank-MOC-FACTORY-150x150.png 150w, https:\/\/mouldking.store\/wp-content\/uploads\/2022\/12\/MOC-89517-Military-A30-Challenger-Tank-MOC-FACTORY-60x60.png 60w, https:\/\/mouldking.store\/wp-content\/uploads\/2022\/12\/MOC-89517-Military-A30-Challenger-Tank-MOC-FACTORY-90x90.png 90w\" sizes=\"(max-width: 1004px) 100vw, 1004px\" \/><figcaption id=\"caption-attachment-39124\" class=\"wp-caption-text\">MOC-89517 A30 Challenger Panzer mit 979PCS<\/figcaption><\/figure>\n<figure id=\"attachment_39125\" aria-describedby=\"caption-attachment-39125\" style=\"width: 1024px\" class=\"wp-caption aligncenter\"><img decoding=\"async\" class=\"wp-image-39125 size-large\" src=\"https:\/\/mouldking.store\/wp-content\/uploads\/2022\/12\/A30-Challenger-Tank-MOC-89517-2-1024x1024.jpg\" alt=\"MOC-89517 A30 Challenger Tank With 979PCS\" width=\"1024\" height=\"1024\" title=\"-\" srcset=\"https:\/\/mouldking.store\/wp-content\/uploads\/2022\/12\/A30-Challenger-Tank-MOC-89517-2-1024x1024.jpg 1024w, https:\/\/mouldking.store\/wp-content\/uploads\/2022\/12\/A30-Challenger-Tank-MOC-89517-2-300x300.jpg 300w, https:\/\/mouldking.store\/wp-content\/uploads\/2022\/12\/A30-Challenger-Tank-MOC-89517-2-768x768.jpg 768w, https:\/\/mouldking.store\/wp-content\/uploads\/2022\/12\/A30-Challenger-Tank-MOC-89517-2-600x600.jpg 600w, https:\/\/mouldking.store\/wp-content\/uploads\/2022\/12\/A30-Challenger-Tank-MOC-89517-2-150x150.jpg 150w, https:\/\/mouldking.store\/wp-content\/uploads\/2022\/12\/A30-Challenger-Tank-MOC-89517-2-60x60.jpg 60w, https:\/\/mouldking.store\/wp-content\/uploads\/2022\/12\/A30-Challenger-Tank-MOC-89517-2-90x90.jpg 90w, https:\/\/mouldking.store\/wp-content\/uploads\/2022\/12\/A30-Challenger-Tank-MOC-89517-2.jpg 1100w\" sizes=\"(max-width: 1024px) 100vw, 1024px\" \/><figcaption id=\"caption-attachment-39125\" class=\"wp-caption-text\">MOC-89517 A30 Challenger Panzer mit 979PCS<\/figcaption><\/figure>\n<figure id=\"attachment_39126\" aria-describedby=\"caption-attachment-39126\" style=\"width: 1024px\" class=\"wp-caption aligncenter\"><img decoding=\"async\" class=\"wp-image-39126 size-large\" src=\"https:\/\/mouldking.store\/wp-content\/uploads\/2022\/12\/A30-Challenger-Tank-MOC-89517-3-1024x1024.jpg\" alt=\"MOC-89517 A30 Challenger Tank With 979PCS\" width=\"1024\" height=\"1024\" title=\"-\" srcset=\"https:\/\/mouldking.store\/wp-content\/uploads\/2022\/12\/A30-Challenger-Tank-MOC-89517-3-1024x1024.jpg 1024w, https:\/\/mouldking.store\/wp-content\/uploads\/2022\/12\/A30-Challenger-Tank-MOC-89517-3-300x300.jpg 300w, https:\/\/mouldking.store\/wp-content\/uploads\/2022\/12\/A30-Challenger-Tank-MOC-89517-3-768x768.jpg 768w, https:\/\/mouldking.store\/wp-content\/uploads\/2022\/12\/A30-Challenger-Tank-MOC-89517-3-600x600.jpg 600w, https:\/\/mouldking.store\/wp-content\/uploads\/2022\/12\/A30-Challenger-Tank-MOC-89517-3-150x150.jpg 150w, https:\/\/mouldking.store\/wp-content\/uploads\/2022\/12\/A30-Challenger-Tank-MOC-89517-3-60x60.jpg 60w, https:\/\/mouldking.store\/wp-content\/uploads\/2022\/12\/A30-Challenger-Tank-MOC-89517-3-90x90.jpg 90w, https:\/\/mouldking.store\/wp-content\/uploads\/2022\/12\/A30-Challenger-Tank-MOC-89517-3.jpg 1100w\" sizes=\"(max-width: 1024px) 100vw, 1024px\" \/><figcaption id=\"caption-attachment-39126\" class=\"wp-caption-text\">MOC-89517 A30 Challenger Panzer mit 979PCS<\/figcaption><\/figure>\n<figure id=\"attachment_39127\" aria-describedby=\"caption-attachment-39127\" style=\"width: 1100px\" class=\"wp-caption aligncenter\"><img loading=\"lazy\" decoding=\"async\" class=\"wp-image-39127 size-full\" src=\"https:\/\/mouldking.store\/wp-content\/uploads\/2022\/12\/A30-Challenger-Tank-MOC-89517-4.jpg\" alt=\"MOC-89517 A30 Challenger Tank With 979PCS\" width=\"1100\" height=\"1100\" title=\"-\" srcset=\"https:\/\/mouldking.store\/wp-content\/uploads\/2022\/12\/A30-Challenger-Tank-MOC-89517-4.jpg 1100w, https:\/\/mouldking.store\/wp-content\/uploads\/2022\/12\/A30-Challenger-Tank-MOC-89517-4-300x300.jpg 300w, https:\/\/mouldking.store\/wp-content\/uploads\/2022\/12\/A30-Challenger-Tank-MOC-89517-4-1024x1024.jpg 1024w, https:\/\/mouldking.store\/wp-content\/uploads\/2022\/12\/A30-Challenger-Tank-MOC-89517-4-768x768.jpg 768w, https:\/\/mouldking.store\/wp-content\/uploads\/2022\/12\/A30-Challenger-Tank-MOC-89517-4-600x600.jpg 600w, https:\/\/mouldking.store\/wp-content\/uploads\/2022\/12\/A30-Challenger-Tank-MOC-89517-4-150x150.jpg 150w, https:\/\/mouldking.store\/wp-content\/uploads\/2022\/12\/A30-Challenger-Tank-MOC-89517-4-60x60.jpg 60w, https:\/\/mouldking.store\/wp-content\/uploads\/2022\/12\/A30-Challenger-Tank-MOC-89517-4-90x90.jpg 90w\" sizes=\"(max-width: 1100px) 100vw, 1100px\" \/><figcaption id=\"caption-attachment-39127\" class=\"wp-caption-text\">MOC-89517 A30 Challenger Panzer mit 979PCS<\/figcaption><\/figure>\n<figure id=\"attachment_39128\" aria-describedby=\"caption-attachment-39128\" style=\"width: 1024px\" class=\"wp-caption aligncenter\"><img loading=\"lazy\" decoding=\"async\" class=\"wp-image-39128 size-large\" src=\"https:\/\/mouldking.store\/wp-content\/uploads\/2022\/12\/A30-Challenger-Tank-MOC-89517-5-1024x1024.jpg\" alt=\"MOC-89517 A30 Challenger Tank With 979PCS\" width=\"1024\" height=\"1024\" title=\"-\" srcset=\"https:\/\/mouldking.store\/wp-content\/uploads\/2022\/12\/A30-Challenger-Tank-MOC-89517-5-1024x1024.jpg 1024w, https:\/\/mouldking.store\/wp-content\/uploads\/2022\/12\/A30-Challenger-Tank-MOC-89517-5-300x300.jpg 300w, https:\/\/mouldking.store\/wp-content\/uploads\/2022\/12\/A30-Challenger-Tank-MOC-89517-5-768x768.jpg 768w, https:\/\/mouldking.store\/wp-content\/uploads\/2022\/12\/A30-Challenger-Tank-MOC-89517-5-600x600.jpg 600w, https:\/\/mouldking.store\/wp-content\/uploads\/2022\/12\/A30-Challenger-Tank-MOC-89517-5-150x150.jpg 150w, https:\/\/mouldking.store\/wp-content\/uploads\/2022\/12\/A30-Challenger-Tank-MOC-89517-5-60x60.jpg 60w, https:\/\/mouldking.store\/wp-content\/uploads\/2022\/12\/A30-Challenger-Tank-MOC-89517-5-90x90.jpg 90w, https:\/\/mouldking.store\/wp-content\/uploads\/2022\/12\/A30-Challenger-Tank-MOC-89517-5.jpg 1100w\" sizes=\"(max-width: 1024px) 100vw, 1024px\" \/><figcaption id=\"caption-attachment-39128\" class=\"wp-caption-text\">MOC-89517 A30 Challenger Panzer mit 979PCS<\/figcaption><\/figure>\n<figure id=\"attachment_39129\" aria-describedby=\"caption-attachment-39129\" style=\"width: 1100px\" class=\"wp-caption aligncenter\"><img loading=\"lazy\" decoding=\"async\" class=\"wp-image-39129 size-full\" src=\"https:\/\/mouldking.store\/wp-content\/uploads\/2022\/12\/A30-Challenger-Tank-MOC-89517-6.jpg\" alt=\"MOC-89517 A30 Challenger Tank With 979PCS\" width=\"1100\" height=\"1100\" title=\"-\" srcset=\"https:\/\/mouldking.store\/wp-content\/uploads\/2022\/12\/A30-Challenger-Tank-MOC-89517-6.jpg 1100w, https:\/\/mouldking.store\/wp-content\/uploads\/2022\/12\/A30-Challenger-Tank-MOC-89517-6-300x300.jpg 300w, https:\/\/mouldking.store\/wp-content\/uploads\/2022\/12\/A30-Challenger-Tank-MOC-89517-6-1024x1024.jpg 1024w, https:\/\/mouldking.store\/wp-content\/uploads\/2022\/12\/A30-Challenger-Tank-MOC-89517-6-768x768.jpg 768w, https:\/\/mouldking.store\/wp-content\/uploads\/2022\/12\/A30-Challenger-Tank-MOC-89517-6-600x600.jpg 600w, https:\/\/mouldking.store\/wp-content\/uploads\/2022\/12\/A30-Challenger-Tank-MOC-89517-6-150x150.jpg 150w, https:\/\/mouldking.store\/wp-content\/uploads\/2022\/12\/A30-Challenger-Tank-MOC-89517-6-60x60.jpg 60w, https:\/\/mouldking.store\/wp-content\/uploads\/2022\/12\/A30-Challenger-Tank-MOC-89517-6-90x90.jpg 90w\" sizes=\"(max-width: 1100px) 100vw, 1100px\" \/><figcaption id=\"caption-attachment-39129\" class=\"wp-caption-text\">MOC-89517 A30 Challenger Panzer mit 979PCS<\/figcaption><\/figure>\n<figure id=\"attachment_39130\" aria-describedby=\"caption-attachment-39130\" style=\"width: 1024px\" class=\"wp-caption aligncenter\"><img loading=\"lazy\" decoding=\"async\" class=\"wp-image-39130 size-large\" src=\"https:\/\/mouldking.store\/wp-content\/uploads\/2022\/12\/A30-Challenger-Tank-MOC-89517-7-1024x1024.jpg\" alt=\"MOC-89517 A30 Challenger Tank With 979PCS\" width=\"1024\" height=\"1024\" title=\"-\" srcset=\"https:\/\/mouldking.store\/wp-content\/uploads\/2022\/12\/A30-Challenger-Tank-MOC-89517-7-1024x1024.jpg 1024w, https:\/\/mouldking.store\/wp-content\/uploads\/2022\/12\/A30-Challenger-Tank-MOC-89517-7-300x300.jpg 300w, https:\/\/mouldking.store\/wp-content\/uploads\/2022\/12\/A30-Challenger-Tank-MOC-89517-7-768x768.jpg 768w, https:\/\/mouldking.store\/wp-content\/uploads\/2022\/12\/A30-Challenger-Tank-MOC-89517-7-600x600.jpg 600w, https:\/\/mouldking.store\/wp-content\/uploads\/2022\/12\/A30-Challenger-Tank-MOC-89517-7-150x150.jpg 150w, https:\/\/mouldking.store\/wp-content\/uploads\/2022\/12\/A30-Challenger-Tank-MOC-89517-7-60x60.jpg 60w, https:\/\/mouldking.store\/wp-content\/uploads\/2022\/12\/A30-Challenger-Tank-MOC-89517-7-90x90.jpg 90w, https:\/\/mouldking.store\/wp-content\/uploads\/2022\/12\/A30-Challenger-Tank-MOC-89517-7.jpg 1100w\" sizes=\"(max-width: 1024px) 100vw, 1024px\" \/><figcaption id=\"caption-attachment-39130\" class=\"wp-caption-text\">MOC-89517 A30 Challenger Panzer mit 979PCS<\/figcaption><\/figure>","protected":false},"excerpt":{"rendered":"<p>PDF-Bauanleitung<\/p>\n<p>Ohne Originalverpackung<\/p>\n<p>Zeiteinteilung: 4-8 Wochen<\/p>","protected":false},"featured_media":39124,"comment_status":"closed","ping_status":"closed","template":"","meta":{"_acf_changed":false},"product_cat":[1350,1406,372],"product_tag":[10458,10459,3938,430,10457,10460,10456,485],"class_list":["product","first","instock","shipping-taxable","purchasable","product-type-simple"],"acf":[],"_links":{"self":[{"href":"https:\/\/mouldking.store\/de\/wp-json\/wp\/v2\/product\/39123","targetHints":{"allow":["GET"]}}],"collection":[{"href":"https:\/\/mouldking.store\/de\/wp-json\/wp\/v2\/product"}],"about":[{"href":"https:\/\/mouldking.store\/de\/wp-json\/wp\/v2\/types\/product"}],"replies":[{"embeddable":true,"href":"https:\/\/mouldking.store\/de\/wp-json\/wp\/v2\/comments?post=39123"}],"wp:featuredmedia":[{"embeddable":true,"href":"https:\/\/mouldking.store\/de\/wp-json\/wp\/v2\/media\/39124"}],"wp:attachment":[{"href":"https:\/\/mouldking.store\/de\/wp-json\/wp\/v2\/media?parent=39123"}],"wp:term":[{"taxonomy":"product_cat","embeddable":true,"href":"https:\/\/mouldking.store\/de\/wp-json\/wp\/v2\/product_cat?post=39123"},{"taxonomy":"product_tag","embeddable":true,"href":"https:\/\/mouldking.store\/de\/wp-json\/wp\/v2\/product_tag?post=39123"}],"curies":[{"name":"wp","href":"https:\/\/api.w.org\/{rel}","templated":true}]}}