{"id":39146,"date":"2022-12-27T15:06:32","date_gmt":"2022-12-27T08:06:32","guid":{"rendered":"https:\/\/mouldking.store\/?post_type=product&#038;p=39146"},"modified":"2025-12-25T09:11:54","modified_gmt":"2025-12-25T02:11:54","slug":"moc-123380-germany-neuschwanstein-castle-with-57602pcs","status":"publish","type":"product","link":"https:\/\/mouldking.store\/de\/shop\/moc-123380-germany-neuschwanstein-castle-with-57602pcs\/","title":{"rendered":"MOC-123380 Deutschland Schloss Neuschwanstein mit 57602PCS"},"content":{"rendered":"<ol>\n<li>Marke: MOC<\/li>\n<li>Geschlecht: Unisex<\/li>\n<li>Name: Germany Neuschwanstein Castle<\/li>\n<li>Altersspanne: &gt; 6 Jahre alt<\/li>\n<li>Model Number: 123380<\/li>\n<li>Einstufung: Assemblage<\/li>\n<li>Kunststoffblockform: Selbstsichernde Steine<\/li>\n<li>Material: Kunststoff<\/li>\n<li>Kunststofftyp: ABS<\/li>\n<li>Bricks Blocks:57602PCS<\/li>\n<li>Weight:48000g<\/li>\n<li>Enth\u00e4lt eine ausf\u00fchrliche Montageanleitung.<\/li>\n<\/ol>\n<p>Notiz:<br \/>\n1. Ohne Originalverpackung, aber wir garantieren, dass unsere Produkte eine Qualit\u00e4tssicherung und eine sch\u00f6ne Verpackung haben.<br \/>\n2. Wie alle Teile, die wir vor dem Versand \u00fcberpr\u00fcft haben, machen Sie sich keine Sorgen, wenn Sie feststellen, dass einige Teile fehlen oder besch\u00e4digt sind, und kontaktieren Sie uns einfach, und wir k\u00f6nnen sie Ihnen umgehend kostenlos erneut zusenden.<\/p>\n<figure id=\"attachment_39147\" aria-describedby=\"caption-attachment-39147\" style=\"width: 1004px\" class=\"wp-caption aligncenter\"><img fetchpriority=\"high\" decoding=\"async\" class=\"wp-image-39147 size-full\" src=\"https:\/\/mouldking.store\/wp-content\/uploads\/2022\/12\/MOC-123380-Modular-Building-Germany-Neuschwanstein-Castle-MOC-FACTORY.png\" alt=\"MOC-123380 Germany Neuschwanstein Castle With 57602PCS\" width=\"1004\" height=\"1004\" title=\"-\" srcset=\"https:\/\/mouldking.store\/wp-content\/uploads\/2022\/12\/MOC-123380-Modular-Building-Germany-Neuschwanstein-Castle-MOC-FACTORY.png 1004w, https:\/\/mouldking.store\/wp-content\/uploads\/2022\/12\/MOC-123380-Modular-Building-Germany-Neuschwanstein-Castle-MOC-FACTORY-300x300.png 300w, https:\/\/mouldking.store\/wp-content\/uploads\/2022\/12\/MOC-123380-Modular-Building-Germany-Neuschwanstein-Castle-MOC-FACTORY-768x768.png 768w, https:\/\/mouldking.store\/wp-content\/uploads\/2022\/12\/MOC-123380-Modular-Building-Germany-Neuschwanstein-Castle-MOC-FACTORY-600x600.png 600w, https:\/\/mouldking.store\/wp-content\/uploads\/2022\/12\/MOC-123380-Modular-Building-Germany-Neuschwanstein-Castle-MOC-FACTORY-150x150.png 150w, https:\/\/mouldking.store\/wp-content\/uploads\/2022\/12\/MOC-123380-Modular-Building-Germany-Neuschwanstein-Castle-MOC-FACTORY-60x60.png 60w, https:\/\/mouldking.store\/wp-content\/uploads\/2022\/12\/MOC-123380-Modular-Building-Germany-Neuschwanstein-Castle-MOC-FACTORY-90x90.png 90w\" sizes=\"(max-width: 1004px) 100vw, 1004px\" \/><figcaption id=\"caption-attachment-39147\" class=\"wp-caption-text\">MOC-123380 Deutschland Schloss Neuschwanstein mit 57602PCS<\/figcaption><\/figure>\n<figure id=\"attachment_39148\" aria-describedby=\"caption-attachment-39148\" style=\"width: 1024px\" class=\"wp-caption aligncenter\"><img decoding=\"async\" class=\"wp-image-39148 size-large\" src=\"https:\/\/mouldking.store\/wp-content\/uploads\/2022\/12\/Germany-Neuschwanstein-Castle-MOC-123380-2-1024x1024.jpg\" alt=\"MOC-123380 Germany Neuschwanstein Castle With 57602PCS\" width=\"1024\" height=\"1024\" title=\"-\" srcset=\"https:\/\/mouldking.store\/wp-content\/uploads\/2022\/12\/Germany-Neuschwanstein-Castle-MOC-123380-2-1024x1024.jpg 1024w, https:\/\/mouldking.store\/wp-content\/uploads\/2022\/12\/Germany-Neuschwanstein-Castle-MOC-123380-2-300x300.jpg 300w, https:\/\/mouldking.store\/wp-content\/uploads\/2022\/12\/Germany-Neuschwanstein-Castle-MOC-123380-2-768x768.jpg 768w, https:\/\/mouldking.store\/wp-content\/uploads\/2022\/12\/Germany-Neuschwanstein-Castle-MOC-123380-2-600x600.jpg 600w, https:\/\/mouldking.store\/wp-content\/uploads\/2022\/12\/Germany-Neuschwanstein-Castle-MOC-123380-2-150x150.jpg 150w, https:\/\/mouldking.store\/wp-content\/uploads\/2022\/12\/Germany-Neuschwanstein-Castle-MOC-123380-2-60x60.jpg 60w, https:\/\/mouldking.store\/wp-content\/uploads\/2022\/12\/Germany-Neuschwanstein-Castle-MOC-123380-2-90x90.jpg 90w, https:\/\/mouldking.store\/wp-content\/uploads\/2022\/12\/Germany-Neuschwanstein-Castle-MOC-123380-2.jpg 1100w\" sizes=\"(max-width: 1024px) 100vw, 1024px\" \/><figcaption id=\"caption-attachment-39148\" class=\"wp-caption-text\">MOC-123380 Deutschland Schloss Neuschwanstein mit 57602PCS<\/figcaption><\/figure>\n<figure id=\"attachment_39149\" aria-describedby=\"caption-attachment-39149\" style=\"width: 1024px\" class=\"wp-caption aligncenter\"><img decoding=\"async\" class=\"wp-image-39149 size-large\" src=\"https:\/\/mouldking.store\/wp-content\/uploads\/2022\/12\/Germany-Neuschwanstein-Castle-MOC-123380-3-1024x1024.jpg\" alt=\"MOC-123380 Germany Neuschwanstein Castle With 57602PCS\" width=\"1024\" height=\"1024\" title=\"-\" srcset=\"https:\/\/mouldking.store\/wp-content\/uploads\/2022\/12\/Germany-Neuschwanstein-Castle-MOC-123380-3-1024x1024.jpg 1024w, https:\/\/mouldking.store\/wp-content\/uploads\/2022\/12\/Germany-Neuschwanstein-Castle-MOC-123380-3-300x300.jpg 300w, https:\/\/mouldking.store\/wp-content\/uploads\/2022\/12\/Germany-Neuschwanstein-Castle-MOC-123380-3-768x768.jpg 768w, https:\/\/mouldking.store\/wp-content\/uploads\/2022\/12\/Germany-Neuschwanstein-Castle-MOC-123380-3-600x600.jpg 600w, https:\/\/mouldking.store\/wp-content\/uploads\/2022\/12\/Germany-Neuschwanstein-Castle-MOC-123380-3-150x150.jpg 150w, https:\/\/mouldking.store\/wp-content\/uploads\/2022\/12\/Germany-Neuschwanstein-Castle-MOC-123380-3-60x60.jpg 60w, https:\/\/mouldking.store\/wp-content\/uploads\/2022\/12\/Germany-Neuschwanstein-Castle-MOC-123380-3-90x90.jpg 90w, https:\/\/mouldking.store\/wp-content\/uploads\/2022\/12\/Germany-Neuschwanstein-Castle-MOC-123380-3.jpg 1100w\" sizes=\"(max-width: 1024px) 100vw, 1024px\" \/><figcaption id=\"caption-attachment-39149\" class=\"wp-caption-text\">MOC-123380 Deutschland Schloss Neuschwanstein mit 57602PCS<\/figcaption><\/figure>\n<figure id=\"attachment_39150\" aria-describedby=\"caption-attachment-39150\" style=\"width: 1024px\" class=\"wp-caption aligncenter\"><img loading=\"lazy\" decoding=\"async\" class=\"wp-image-39150 size-large\" src=\"https:\/\/mouldking.store\/wp-content\/uploads\/2022\/12\/Germany-Neuschwanstein-Castle-MOC-123380-4-1024x1024.jpg\" alt=\"MOC-123380 Germany Neuschwanstein Castle With 57602PCS\" width=\"1024\" height=\"1024\" title=\"-\" srcset=\"https:\/\/mouldking.store\/wp-content\/uploads\/2022\/12\/Germany-Neuschwanstein-Castle-MOC-123380-4-1024x1024.jpg 1024w, https:\/\/mouldking.store\/wp-content\/uploads\/2022\/12\/Germany-Neuschwanstein-Castle-MOC-123380-4-300x300.jpg 300w, https:\/\/mouldking.store\/wp-content\/uploads\/2022\/12\/Germany-Neuschwanstein-Castle-MOC-123380-4-768x768.jpg 768w, https:\/\/mouldking.store\/wp-content\/uploads\/2022\/12\/Germany-Neuschwanstein-Castle-MOC-123380-4-600x600.jpg 600w, https:\/\/mouldking.store\/wp-content\/uploads\/2022\/12\/Germany-Neuschwanstein-Castle-MOC-123380-4-150x150.jpg 150w, https:\/\/mouldking.store\/wp-content\/uploads\/2022\/12\/Germany-Neuschwanstein-Castle-MOC-123380-4-60x60.jpg 60w, https:\/\/mouldking.store\/wp-content\/uploads\/2022\/12\/Germany-Neuschwanstein-Castle-MOC-123380-4-90x90.jpg 90w, https:\/\/mouldking.store\/wp-content\/uploads\/2022\/12\/Germany-Neuschwanstein-Castle-MOC-123380-4.jpg 1100w\" sizes=\"(max-width: 1024px) 100vw, 1024px\" \/><figcaption id=\"caption-attachment-39150\" class=\"wp-caption-text\">MOC-123380 Deutschland Schloss Neuschwanstein mit 57602PCS<\/figcaption><\/figure>\n<figure id=\"attachment_39151\" aria-describedby=\"caption-attachment-39151\" style=\"width: 1024px\" class=\"wp-caption aligncenter\"><img loading=\"lazy\" decoding=\"async\" class=\"wp-image-39151 size-large\" src=\"https:\/\/mouldking.store\/wp-content\/uploads\/2022\/12\/Germany-Neuschwanstein-Castle-MOC-123380-5-1024x1024.jpg\" alt=\"MOC-123380 Germany Neuschwanstein Castle With 57602PCS\" width=\"1024\" height=\"1024\" title=\"-\" srcset=\"https:\/\/mouldking.store\/wp-content\/uploads\/2022\/12\/Germany-Neuschwanstein-Castle-MOC-123380-5-1024x1024.jpg 1024w, https:\/\/mouldking.store\/wp-content\/uploads\/2022\/12\/Germany-Neuschwanstein-Castle-MOC-123380-5-300x300.jpg 300w, https:\/\/mouldking.store\/wp-content\/uploads\/2022\/12\/Germany-Neuschwanstein-Castle-MOC-123380-5-768x768.jpg 768w, https:\/\/mouldking.store\/wp-content\/uploads\/2022\/12\/Germany-Neuschwanstein-Castle-MOC-123380-5-600x600.jpg 600w, https:\/\/mouldking.store\/wp-content\/uploads\/2022\/12\/Germany-Neuschwanstein-Castle-MOC-123380-5-150x150.jpg 150w, https:\/\/mouldking.store\/wp-content\/uploads\/2022\/12\/Germany-Neuschwanstein-Castle-MOC-123380-5-60x60.jpg 60w, https:\/\/mouldking.store\/wp-content\/uploads\/2022\/12\/Germany-Neuschwanstein-Castle-MOC-123380-5-90x90.jpg 90w, https:\/\/mouldking.store\/wp-content\/uploads\/2022\/12\/Germany-Neuschwanstein-Castle-MOC-123380-5.jpg 1100w\" sizes=\"(max-width: 1024px) 100vw, 1024px\" \/><figcaption id=\"caption-attachment-39151\" class=\"wp-caption-text\">MOC-123380 Deutschland Schloss Neuschwanstein mit 57602PCS<\/figcaption><\/figure>\n<figure id=\"attachment_39152\" aria-describedby=\"caption-attachment-39152\" style=\"width: 1024px\" class=\"wp-caption aligncenter\"><img loading=\"lazy\" decoding=\"async\" class=\"wp-image-39152 size-large\" src=\"https:\/\/mouldking.store\/wp-content\/uploads\/2022\/12\/Germany-Neuschwanstein-Castle-MOC-123380-6-1024x1024.jpg\" alt=\"MOC-123380 Germany Neuschwanstein Castle With 57602PCS\" width=\"1024\" height=\"1024\" title=\"-\" srcset=\"https:\/\/mouldking.store\/wp-content\/uploads\/2022\/12\/Germany-Neuschwanstein-Castle-MOC-123380-6-1024x1024.jpg 1024w, https:\/\/mouldking.store\/wp-content\/uploads\/2022\/12\/Germany-Neuschwanstein-Castle-MOC-123380-6-300x300.jpg 300w, https:\/\/mouldking.store\/wp-content\/uploads\/2022\/12\/Germany-Neuschwanstein-Castle-MOC-123380-6-768x768.jpg 768w, https:\/\/mouldking.store\/wp-content\/uploads\/2022\/12\/Germany-Neuschwanstein-Castle-MOC-123380-6-600x600.jpg 600w, https:\/\/mouldking.store\/wp-content\/uploads\/2022\/12\/Germany-Neuschwanstein-Castle-MOC-123380-6-150x150.jpg 150w, https:\/\/mouldking.store\/wp-content\/uploads\/2022\/12\/Germany-Neuschwanstein-Castle-MOC-123380-6-60x60.jpg 60w, https:\/\/mouldking.store\/wp-content\/uploads\/2022\/12\/Germany-Neuschwanstein-Castle-MOC-123380-6-90x90.jpg 90w, https:\/\/mouldking.store\/wp-content\/uploads\/2022\/12\/Germany-Neuschwanstein-Castle-MOC-123380-6.jpg 1100w\" sizes=\"(max-width: 1024px) 100vw, 1024px\" \/><figcaption id=\"caption-attachment-39152\" class=\"wp-caption-text\">MOC-123380 Deutschland Schloss Neuschwanstein mit 57602PCS<\/figcaption><\/figure>\n<figure id=\"attachment_39153\" aria-describedby=\"caption-attachment-39153\" style=\"width: 1024px\" class=\"wp-caption aligncenter\"><img loading=\"lazy\" decoding=\"async\" class=\"wp-image-39153 size-large\" src=\"https:\/\/mouldking.store\/wp-content\/uploads\/2022\/12\/Germany-Neuschwanstein-Castle-MOC-123380-7-1024x1024.jpg\" alt=\"MOC-123380 Germany Neuschwanstein Castle With 57602PCS\" width=\"1024\" height=\"1024\" title=\"-\" srcset=\"https:\/\/mouldking.store\/wp-content\/uploads\/2022\/12\/Germany-Neuschwanstein-Castle-MOC-123380-7-1024x1024.jpg 1024w, https:\/\/mouldking.store\/wp-content\/uploads\/2022\/12\/Germany-Neuschwanstein-Castle-MOC-123380-7-300x300.jpg 300w, https:\/\/mouldking.store\/wp-content\/uploads\/2022\/12\/Germany-Neuschwanstein-Castle-MOC-123380-7-768x768.jpg 768w, https:\/\/mouldking.store\/wp-content\/uploads\/2022\/12\/Germany-Neuschwanstein-Castle-MOC-123380-7-600x600.jpg 600w, https:\/\/mouldking.store\/wp-content\/uploads\/2022\/12\/Germany-Neuschwanstein-Castle-MOC-123380-7-150x150.jpg 150w, https:\/\/mouldking.store\/wp-content\/uploads\/2022\/12\/Germany-Neuschwanstein-Castle-MOC-123380-7-60x60.jpg 60w, https:\/\/mouldking.store\/wp-content\/uploads\/2022\/12\/Germany-Neuschwanstein-Castle-MOC-123380-7-90x90.jpg 90w, https:\/\/mouldking.store\/wp-content\/uploads\/2022\/12\/Germany-Neuschwanstein-Castle-MOC-123380-7.jpg 1100w\" sizes=\"(max-width: 1024px) 100vw, 1024px\" \/><figcaption id=\"caption-attachment-39153\" class=\"wp-caption-text\">MOC-123380 Deutschland Schloss Neuschwanstein mit 57602PCS<\/figcaption><\/figure>","protected":false},"excerpt":{"rendered":"<p>PDF-Bauanleitung<\/p>\n<p>Ohne Originalverpackung<\/p>\n<p>Zeiteinteilung: 4-8 Wochen<\/p>","protected":false},"featured_media":39147,"comment_status":"closed","ping_status":"closed","template":"","meta":{"_acf_changed":false},"product_cat":[1395,1406,390],"product_tag":[787,1606,10483,430,10482,10484,10481,2876],"class_list":["product","first","instock","shipping-taxable","purchasable","product-type-simple"],"acf":[],"_links":{"self":[{"href":"https:\/\/mouldking.store\/de\/wp-json\/wp\/v2\/product\/39146","targetHints":{"allow":["GET"]}}],"collection":[{"href":"https:\/\/mouldking.store\/de\/wp-json\/wp\/v2\/product"}],"about":[{"href":"https:\/\/mouldking.store\/de\/wp-json\/wp\/v2\/types\/product"}],"replies":[{"embeddable":true,"href":"https:\/\/mouldking.store\/de\/wp-json\/wp\/v2\/comments?post=39146"}],"wp:featuredmedia":[{"embeddable":true,"href":"https:\/\/mouldking.store\/de\/wp-json\/wp\/v2\/media\/39147"}],"wp:attachment":[{"href":"https:\/\/mouldking.store\/de\/wp-json\/wp\/v2\/media?parent=39146"}],"wp:term":[{"taxonomy":"product_cat","embeddable":true,"href":"https:\/\/mouldking.store\/de\/wp-json\/wp\/v2\/product_cat?post=39146"},{"taxonomy":"product_tag","embeddable":true,"href":"https:\/\/mouldking.store\/de\/wp-json\/wp\/v2\/product_tag?post=39146"}],"curies":[{"name":"wp","href":"https:\/\/api.w.org\/{rel}","templated":true}]}}