{"id":39162,"date":"2022-12-27T15:21:09","date_gmt":"2022-12-27T08:21:09","guid":{"rendered":"https:\/\/mouldking.store\/?post_type=product&#038;p=39162"},"modified":"2025-12-25T09:11:54","modified_gmt":"2025-12-25T02:11:54","slug":"moc-42439-saddle-tank-engine-train-with-513pcs","status":"publish","type":"product","link":"https:\/\/mouldking.store\/de\/shop\/moc-42439-saddle-tank-engine-train-with-513pcs\/","title":{"rendered":"MOC-42439 Sattel-Tenderlok-Zug mit 513 STK"},"content":{"rendered":"<ol>\n<li>Marke: MOC<\/li>\n<li>Geschlecht: Unisex<\/li>\n<li>Name: Sattel-Tenderlok-Zug<\/li>\n<li>Altersspanne: &gt; 6 Jahre alt<\/li>\n<li>Modellnummer: 42439<\/li>\n<li>Einstufung: Assemblage<\/li>\n<li>Kunststoffblockform: Selbstsichernde Steine<\/li>\n<li>Material: Kunststoff<\/li>\n<li>Kunststofftyp: ABS<\/li>\n<li>Ziegelsteine: 513 ST\u00dcCKE<\/li>\n<li>Gewicht: 450 g<\/li>\n<li>Enth\u00e4lt eine ausf\u00fchrliche Montageanleitung.<\/li>\n<\/ol>\n<p>Notiz:<br \/>\n1. Ohne Originalverpackung, aber wir garantieren, dass unsere Produkte eine Qualit\u00e4tssicherung und eine sch\u00f6ne Verpackung haben.<br \/>\n2. Wie alle Teile, die wir vor dem Versand \u00fcberpr\u00fcft haben, machen Sie sich keine Sorgen, wenn Sie feststellen, dass einige Teile fehlen oder besch\u00e4digt sind, und kontaktieren Sie uns einfach, und wir k\u00f6nnen sie Ihnen umgehend kostenlos erneut zusenden.<\/p>\n<figure id=\"attachment_39163\" aria-describedby=\"caption-attachment-39163\" style=\"width: 1004px\" class=\"wp-caption aligncenter\"><img fetchpriority=\"high\" decoding=\"async\" class=\"wp-image-39163 size-full\" src=\"https:\/\/mouldking.store\/wp-content\/uploads\/2022\/12\/MOC-42439-Technic-Saddle-Tank-Engine-Train-MOC-FACTORY.png\" alt=\"MOC-42439 Saddle Tank Engine Train With 513PCS\" width=\"1004\" height=\"1004\" title=\"-\" srcset=\"https:\/\/mouldking.store\/wp-content\/uploads\/2022\/12\/MOC-42439-Technic-Saddle-Tank-Engine-Train-MOC-FACTORY.png 1004w, https:\/\/mouldking.store\/wp-content\/uploads\/2022\/12\/MOC-42439-Technic-Saddle-Tank-Engine-Train-MOC-FACTORY-300x300.png 300w, https:\/\/mouldking.store\/wp-content\/uploads\/2022\/12\/MOC-42439-Technic-Saddle-Tank-Engine-Train-MOC-FACTORY-768x768.png 768w, https:\/\/mouldking.store\/wp-content\/uploads\/2022\/12\/MOC-42439-Technic-Saddle-Tank-Engine-Train-MOC-FACTORY-600x600.png 600w, https:\/\/mouldking.store\/wp-content\/uploads\/2022\/12\/MOC-42439-Technic-Saddle-Tank-Engine-Train-MOC-FACTORY-150x150.png 150w, https:\/\/mouldking.store\/wp-content\/uploads\/2022\/12\/MOC-42439-Technic-Saddle-Tank-Engine-Train-MOC-FACTORY-60x60.png 60w, https:\/\/mouldking.store\/wp-content\/uploads\/2022\/12\/MOC-42439-Technic-Saddle-Tank-Engine-Train-MOC-FACTORY-90x90.png 90w\" sizes=\"(max-width: 1004px) 100vw, 1004px\" \/><figcaption id=\"caption-attachment-39163\" class=\"wp-caption-text\">MOC-42439 Sattel-Tenderlok-Zug mit 513 STK<\/figcaption><\/figure>\n<figure id=\"attachment_39164\" aria-describedby=\"caption-attachment-39164\" style=\"width: 1024px\" class=\"wp-caption aligncenter\"><img decoding=\"async\" class=\"wp-image-39164 size-large\" src=\"https:\/\/mouldking.store\/wp-content\/uploads\/2022\/12\/Saddle-Tank-Engine-Train-MOC-42439-2-1024x1024.jpg\" alt=\"MOC-42439 Saddle Tank Engine Train With 513PCS\" width=\"1024\" height=\"1024\" title=\"-\" srcset=\"https:\/\/mouldking.store\/wp-content\/uploads\/2022\/12\/Saddle-Tank-Engine-Train-MOC-42439-2-1024x1024.jpg 1024w, https:\/\/mouldking.store\/wp-content\/uploads\/2022\/12\/Saddle-Tank-Engine-Train-MOC-42439-2-300x300.jpg 300w, https:\/\/mouldking.store\/wp-content\/uploads\/2022\/12\/Saddle-Tank-Engine-Train-MOC-42439-2-768x768.jpg 768w, https:\/\/mouldking.store\/wp-content\/uploads\/2022\/12\/Saddle-Tank-Engine-Train-MOC-42439-2-600x600.jpg 600w, https:\/\/mouldking.store\/wp-content\/uploads\/2022\/12\/Saddle-Tank-Engine-Train-MOC-42439-2-150x150.jpg 150w, https:\/\/mouldking.store\/wp-content\/uploads\/2022\/12\/Saddle-Tank-Engine-Train-MOC-42439-2-60x60.jpg 60w, https:\/\/mouldking.store\/wp-content\/uploads\/2022\/12\/Saddle-Tank-Engine-Train-MOC-42439-2-90x90.jpg 90w, https:\/\/mouldking.store\/wp-content\/uploads\/2022\/12\/Saddle-Tank-Engine-Train-MOC-42439-2.jpg 1100w\" sizes=\"(max-width: 1024px) 100vw, 1024px\" \/><figcaption id=\"caption-attachment-39164\" class=\"wp-caption-text\">MOC-42439 Sattel-Tenderlok-Zug mit 513 STK<\/figcaption><\/figure>\n<figure id=\"attachment_39165\" aria-describedby=\"caption-attachment-39165\" style=\"width: 1024px\" class=\"wp-caption aligncenter\"><img decoding=\"async\" class=\"wp-image-39165 size-large\" src=\"https:\/\/mouldking.store\/wp-content\/uploads\/2022\/12\/Saddle-Tank-Engine-Train-MOC-42439-3-1024x1024.jpg\" alt=\"MOC-42439 Saddle Tank Engine Train With 513PCS\" width=\"1024\" height=\"1024\" title=\"-\" srcset=\"https:\/\/mouldking.store\/wp-content\/uploads\/2022\/12\/Saddle-Tank-Engine-Train-MOC-42439-3-1024x1024.jpg 1024w, https:\/\/mouldking.store\/wp-content\/uploads\/2022\/12\/Saddle-Tank-Engine-Train-MOC-42439-3-300x300.jpg 300w, https:\/\/mouldking.store\/wp-content\/uploads\/2022\/12\/Saddle-Tank-Engine-Train-MOC-42439-3-768x768.jpg 768w, https:\/\/mouldking.store\/wp-content\/uploads\/2022\/12\/Saddle-Tank-Engine-Train-MOC-42439-3-600x600.jpg 600w, https:\/\/mouldking.store\/wp-content\/uploads\/2022\/12\/Saddle-Tank-Engine-Train-MOC-42439-3-150x150.jpg 150w, https:\/\/mouldking.store\/wp-content\/uploads\/2022\/12\/Saddle-Tank-Engine-Train-MOC-42439-3-60x60.jpg 60w, https:\/\/mouldking.store\/wp-content\/uploads\/2022\/12\/Saddle-Tank-Engine-Train-MOC-42439-3-90x90.jpg 90w, https:\/\/mouldking.store\/wp-content\/uploads\/2022\/12\/Saddle-Tank-Engine-Train-MOC-42439-3.jpg 1100w\" sizes=\"(max-width: 1024px) 100vw, 1024px\" \/><figcaption id=\"caption-attachment-39165\" class=\"wp-caption-text\">MOC-42439 Sattel-Tenderlok-Zug mit 513 STK<\/figcaption><\/figure>\n<figure id=\"attachment_39166\" aria-describedby=\"caption-attachment-39166\" style=\"width: 1024px\" class=\"wp-caption aligncenter\"><img loading=\"lazy\" decoding=\"async\" class=\"wp-image-39166 size-large\" src=\"https:\/\/mouldking.store\/wp-content\/uploads\/2022\/12\/Saddle-Tank-Engine-Train-MOC-42439-4-1024x1024.jpg\" alt=\"MOC-42439 Saddle Tank Engine Train With 513PCS\" width=\"1024\" height=\"1024\" title=\"-\" srcset=\"https:\/\/mouldking.store\/wp-content\/uploads\/2022\/12\/Saddle-Tank-Engine-Train-MOC-42439-4-1024x1024.jpg 1024w, https:\/\/mouldking.store\/wp-content\/uploads\/2022\/12\/Saddle-Tank-Engine-Train-MOC-42439-4-300x300.jpg 300w, https:\/\/mouldking.store\/wp-content\/uploads\/2022\/12\/Saddle-Tank-Engine-Train-MOC-42439-4-768x768.jpg 768w, https:\/\/mouldking.store\/wp-content\/uploads\/2022\/12\/Saddle-Tank-Engine-Train-MOC-42439-4-600x600.jpg 600w, https:\/\/mouldking.store\/wp-content\/uploads\/2022\/12\/Saddle-Tank-Engine-Train-MOC-42439-4-150x150.jpg 150w, https:\/\/mouldking.store\/wp-content\/uploads\/2022\/12\/Saddle-Tank-Engine-Train-MOC-42439-4-60x60.jpg 60w, https:\/\/mouldking.store\/wp-content\/uploads\/2022\/12\/Saddle-Tank-Engine-Train-MOC-42439-4-90x90.jpg 90w, https:\/\/mouldking.store\/wp-content\/uploads\/2022\/12\/Saddle-Tank-Engine-Train-MOC-42439-4.jpg 1100w\" sizes=\"(max-width: 1024px) 100vw, 1024px\" \/><figcaption id=\"caption-attachment-39166\" class=\"wp-caption-text\">MOC-42439 Sattel-Tenderlok-Zug mit 513 STK<\/figcaption><\/figure>\n<figure id=\"attachment_39167\" aria-describedby=\"caption-attachment-39167\" style=\"width: 1024px\" class=\"wp-caption aligncenter\"><img loading=\"lazy\" decoding=\"async\" class=\"wp-image-39167 size-large\" src=\"https:\/\/mouldking.store\/wp-content\/uploads\/2022\/12\/Saddle-Tank-Engine-Train-MOC-42439-5-1024x1024.jpg\" alt=\"MOC-42439 Saddle Tank Engine Train With 513PCS\" width=\"1024\" height=\"1024\" title=\"-\" srcset=\"https:\/\/mouldking.store\/wp-content\/uploads\/2022\/12\/Saddle-Tank-Engine-Train-MOC-42439-5-1024x1024.jpg 1024w, https:\/\/mouldking.store\/wp-content\/uploads\/2022\/12\/Saddle-Tank-Engine-Train-MOC-42439-5-300x300.jpg 300w, https:\/\/mouldking.store\/wp-content\/uploads\/2022\/12\/Saddle-Tank-Engine-Train-MOC-42439-5-768x768.jpg 768w, https:\/\/mouldking.store\/wp-content\/uploads\/2022\/12\/Saddle-Tank-Engine-Train-MOC-42439-5-600x600.jpg 600w, https:\/\/mouldking.store\/wp-content\/uploads\/2022\/12\/Saddle-Tank-Engine-Train-MOC-42439-5-150x150.jpg 150w, https:\/\/mouldking.store\/wp-content\/uploads\/2022\/12\/Saddle-Tank-Engine-Train-MOC-42439-5-60x60.jpg 60w, https:\/\/mouldking.store\/wp-content\/uploads\/2022\/12\/Saddle-Tank-Engine-Train-MOC-42439-5-90x90.jpg 90w, https:\/\/mouldking.store\/wp-content\/uploads\/2022\/12\/Saddle-Tank-Engine-Train-MOC-42439-5.jpg 1100w\" sizes=\"(max-width: 1024px) 100vw, 1024px\" \/><figcaption id=\"caption-attachment-39167\" class=\"wp-caption-text\">MOC-42439 Sattel-Tenderlok-Zug mit 513 STK<\/figcaption><\/figure>\n<figure id=\"attachment_39168\" aria-describedby=\"caption-attachment-39168\" style=\"width: 1024px\" class=\"wp-caption aligncenter\"><img loading=\"lazy\" decoding=\"async\" class=\"wp-image-39168 size-large\" src=\"https:\/\/mouldking.store\/wp-content\/uploads\/2022\/12\/Saddle-Tank-Engine-Train-MOC-42439-6-1024x1024.jpg\" alt=\"MOC-42439 Saddle Tank Engine Train With 513PCS\" width=\"1024\" height=\"1024\" title=\"-\" srcset=\"https:\/\/mouldking.store\/wp-content\/uploads\/2022\/12\/Saddle-Tank-Engine-Train-MOC-42439-6-1024x1024.jpg 1024w, https:\/\/mouldking.store\/wp-content\/uploads\/2022\/12\/Saddle-Tank-Engine-Train-MOC-42439-6-300x300.jpg 300w, https:\/\/mouldking.store\/wp-content\/uploads\/2022\/12\/Saddle-Tank-Engine-Train-MOC-42439-6-768x768.jpg 768w, https:\/\/mouldking.store\/wp-content\/uploads\/2022\/12\/Saddle-Tank-Engine-Train-MOC-42439-6-600x600.jpg 600w, https:\/\/mouldking.store\/wp-content\/uploads\/2022\/12\/Saddle-Tank-Engine-Train-MOC-42439-6-150x150.jpg 150w, https:\/\/mouldking.store\/wp-content\/uploads\/2022\/12\/Saddle-Tank-Engine-Train-MOC-42439-6-60x60.jpg 60w, https:\/\/mouldking.store\/wp-content\/uploads\/2022\/12\/Saddle-Tank-Engine-Train-MOC-42439-6-90x90.jpg 90w, https:\/\/mouldking.store\/wp-content\/uploads\/2022\/12\/Saddle-Tank-Engine-Train-MOC-42439-6.jpg 1100w\" sizes=\"(max-width: 1024px) 100vw, 1024px\" \/><figcaption id=\"caption-attachment-39168\" class=\"wp-caption-text\">MOC-42439 Sattel-Tenderlok-Zug mit 513 STK<\/figcaption><\/figure>","protected":false},"excerpt":{"rendered":"<p>PDF-Bauanleitung<\/p>\n<p>Ohne Originalverpackung<\/p>\n<p>Zeiteinteilung: 4-8 Wochen<\/p>","protected":false},"featured_media":39163,"comment_status":"closed","ping_status":"closed","template":"","meta":{"_acf_changed":false},"product_cat":[1357,1406,364],"product_tag":[10493,10494,430,10491,10497,10490,10492,10495,10496,485,300],"class_list":["product","first","instock","shipping-taxable","purchasable","product-type-simple"],"acf":[],"_links":{"self":[{"href":"https:\/\/mouldking.store\/de\/wp-json\/wp\/v2\/product\/39162","targetHints":{"allow":["GET"]}}],"collection":[{"href":"https:\/\/mouldking.store\/de\/wp-json\/wp\/v2\/product"}],"about":[{"href":"https:\/\/mouldking.store\/de\/wp-json\/wp\/v2\/types\/product"}],"replies":[{"embeddable":true,"href":"https:\/\/mouldking.store\/de\/wp-json\/wp\/v2\/comments?post=39162"}],"wp:featuredmedia":[{"embeddable":true,"href":"https:\/\/mouldking.store\/de\/wp-json\/wp\/v2\/media\/39163"}],"wp:attachment":[{"href":"https:\/\/mouldking.store\/de\/wp-json\/wp\/v2\/media?parent=39162"}],"wp:term":[{"taxonomy":"product_cat","embeddable":true,"href":"https:\/\/mouldking.store\/de\/wp-json\/wp\/v2\/product_cat?post=39162"},{"taxonomy":"product_tag","embeddable":true,"href":"https:\/\/mouldking.store\/de\/wp-json\/wp\/v2\/product_tag?post=39162"}],"curies":[{"name":"wp","href":"https:\/\/api.w.org\/{rel}","templated":true}]}}