{"id":39241,"date":"2023-01-03T11:39:22","date_gmt":"2023-01-03T04:39:22","guid":{"rendered":"https:\/\/mouldking.store\/?post_type=product&#038;p=39241"},"modified":"2025-12-25T09:11:54","modified_gmt":"2025-12-25T02:11:54","slug":"moc-89515-neuschwanstein-replica-castle-architecture-with-57139pcs","status":"publish","type":"product","link":"https:\/\/mouldking.store\/de\/shop\/moc-89515-neuschwanstein-replica-castle-architecture-with-57139pcs\/","title":{"rendered":"MOC-89515 Neuschwanstein Replica Castle Architecture With 57139PCS"},"content":{"rendered":"<ol>\n<li>Marke: MOC<\/li>\n<li>Geschlecht: Unisex<\/li>\n<li>Name: Neuschwanstein Replica Castle Architecture<\/li>\n<li>Altersspanne: &gt; 6 Jahre alt<\/li>\n<li>Modellnummer: 89515<\/li>\n<li>Einstufung: Assemblage<\/li>\n<li>Kunststoffblockform: Selbstsichernde Steine<\/li>\n<li>Material: Kunststoff<\/li>\n<li>Kunststofftyp: ABS<\/li>\n<li>Ziegelsteine: 57139 ST\u00dcCKE<\/li>\n<li>Enth\u00e4lt eine ausf\u00fchrliche Montageanleitung.<\/li>\n<\/ol>\n<p>Notiz:<br \/>\n1. Ohne Originalverpackung, aber wir garantieren, dass unsere Produkte eine Qualit\u00e4tssicherung und eine sch\u00f6ne Verpackung haben.<br \/>\n2. Wie alle Teile, die wir vor dem Versand \u00fcberpr\u00fcft haben, machen Sie sich keine Sorgen, wenn Sie feststellen, dass einige Teile fehlen oder besch\u00e4digt sind, und kontaktieren Sie uns einfach, und wir k\u00f6nnen sie Ihnen umgehend kostenlos erneut zusenden.<\/p>\n<figure id=\"attachment_39242\" aria-describedby=\"caption-attachment-39242\" style=\"width: 1004px\" class=\"wp-caption aligncenter\"><img fetchpriority=\"high\" decoding=\"async\" class=\"wp-image-39242 size-full\" src=\"https:\/\/mouldking.store\/wp-content\/uploads\/2023\/01\/MOC-89515-Modular-Building-Neuschwanstein-Replica-Castle-Architecture-MOC-FACTORY.png\" alt=\"MOC-89515 Neuschwanstein Replica Castle Architecture With 57139PCS \" width=\"1004\" height=\"1004\" title=\"-\"><figcaption id=\"caption-attachment-39242\" class=\"wp-caption-text\">MOC-89515 Neuschwanstein Replica Castle Architecture With 57139PCS<\/figcaption><\/figure>\n<figure id=\"attachment_39243\" aria-describedby=\"caption-attachment-39243\" style=\"width: 1000px\" class=\"wp-caption aligncenter\"><img decoding=\"async\" class=\"wp-image-39243 size-full\" src=\"https:\/\/mouldking.store\/wp-content\/uploads\/2023\/01\/Neuschwanstein-Replica-Castle-Architecture-MOC-89515-2.png\" alt=\"MOC-89515 Neuschwanstein Replica Castle Architecture With 57139PCS \" width=\"1000\" height=\"1000\" title=\"-\"><figcaption id=\"caption-attachment-39243\" class=\"wp-caption-text\">MOC-89515 Neuschwanstein Replica Castle Architecture With 57139PCS<\/figcaption><\/figure>\n<figure id=\"attachment_39244\" aria-describedby=\"caption-attachment-39244\" style=\"width: 1000px\" class=\"wp-caption aligncenter\"><img decoding=\"async\" class=\"wp-image-39244 size-full\" src=\"https:\/\/mouldking.store\/wp-content\/uploads\/2023\/01\/Neuschwanstein-Replica-Castle-Architecture-MOC-89515-1.png\" alt=\"MOC-89515 Neuschwanstein Replica Castle Architecture With 57139PCS \" width=\"1000\" height=\"1000\" title=\"-\"><figcaption id=\"caption-attachment-39244\" class=\"wp-caption-text\">MOC-89515 Neuschwanstein Replica Castle Architecture With 57139PCS<\/figcaption><\/figure>","protected":false},"excerpt":{"rendered":"<p>PDF-Bauanleitung<\/p>\n<p>Ohne Originalverpackung<\/p>\n<p>Zeiteinteilung: 4-8 Wochen<\/p>","protected":false},"featured_media":39242,"comment_status":"closed","ping_status":"closed","template":"","meta":{"_acf_changed":false},"product_cat":[390],"product_tag":[787,10562,430,10559,10564,10558,2876,10561,10563,10560],"class_list":["product","first","instock","shipping-taxable","purchasable","product-type-simple"],"acf":[],"_links":{"self":[{"href":"https:\/\/mouldking.store\/de\/wp-json\/wp\/v2\/product\/39241","targetHints":{"allow":["GET"]}}],"collection":[{"href":"https:\/\/mouldking.store\/de\/wp-json\/wp\/v2\/product"}],"about":[{"href":"https:\/\/mouldking.store\/de\/wp-json\/wp\/v2\/types\/product"}],"replies":[{"embeddable":true,"href":"https:\/\/mouldking.store\/de\/wp-json\/wp\/v2\/comments?post=39241"}],"wp:featuredmedia":[{"embeddable":true,"href":"https:\/\/mouldking.store\/de\/wp-json\/wp\/v2\/media\/39242"}],"wp:attachment":[{"href":"https:\/\/mouldking.store\/de\/wp-json\/wp\/v2\/media?parent=39241"}],"wp:term":[{"taxonomy":"product_cat","embeddable":true,"href":"https:\/\/mouldking.store\/de\/wp-json\/wp\/v2\/product_cat?post=39241"},{"taxonomy":"product_tag","embeddable":true,"href":"https:\/\/mouldking.store\/de\/wp-json\/wp\/v2\/product_tag?post=39241"}],"curies":[{"name":"wp","href":"https:\/\/api.w.org\/{rel}","templated":true}]}}