{"id":39248,"date":"2023-01-03T11:57:53","date_gmt":"2023-01-03T04:57:53","guid":{"rendered":"https:\/\/mouldking.store\/?post_type=product&#038;p=39248"},"modified":"2025-12-25T09:11:54","modified_gmt":"2025-12-25T02:11:54","slug":"moc-64235-the-seven-rings-part-a-with-99538-pieces","status":"publish","type":"product","link":"https:\/\/mouldking.store\/de\/shop\/moc-64235-the-seven-rings-part-a-with-99538-pieces\/","title":{"rendered":"MOC-64235 Die sieben Ringe \u2013 Teil A mit 99538 Teilen"},"content":{"rendered":"<ol>\n<li>Marke: MOC<\/li>\n<li>Geschlecht: Unisex<\/li>\n<li>Name: Die sieben Ringe \u2013 Teil A<\/li>\n<li>Altersspanne: &gt; 6 Jahre alt<\/li>\n<li>Modellnummer: 64235<\/li>\n<li>Einstufung: Assemblage<\/li>\n<li>Kunststoffblockform: Selbstsichernde Steine<\/li>\n<li>Material: Kunststoff<\/li>\n<li>Kunststofftyp: ABS<\/li>\n<li>Ziegelsteine: 99538 ST\u00dcCKE<\/li>\n<li>Ma\u00dfe<strong>:<\/strong>\u00a0B: 231,8cm L: 116,7cm H: 131,2cm<\/li>\n<li>Enth\u00e4lt eine ausf\u00fchrliche Montageanleitung.<\/li>\n<\/ol>\n<p>Notiz:<br \/>\n1. Ohne Originalverpackung, aber wir garantieren, dass unsere Produkte eine Qualit\u00e4tssicherung und eine sch\u00f6ne Verpackung haben.<br \/>\n2. Wie alle Teile, die wir vor dem Versand \u00fcberpr\u00fcft haben, machen Sie sich keine Sorgen, wenn Sie feststellen, dass einige Teile fehlen oder besch\u00e4digt sind, und kontaktieren Sie uns einfach, und wir k\u00f6nnen sie Ihnen umgehend kostenlos erneut zusenden.<\/p>\n<figure id=\"attachment_39249\" aria-describedby=\"caption-attachment-39249\" style=\"width: 1004px\" class=\"wp-caption aligncenter\"><img fetchpriority=\"high\" decoding=\"async\" class=\"wp-image-39249 size-full\" src=\"https:\/\/mouldking.store\/wp-content\/uploads\/2023\/01\/MOC-64235-Modular-Building-The-Seven-Rings-\u2013-Part-A-MOC-FACTORY.png\" alt=\"MOC-64235 The Seven Rings \u2013 Part A With 99538 Pieces\" width=\"1004\" height=\"1004\" title=\"-\"><figcaption id=\"caption-attachment-39249\" class=\"wp-caption-text\">MOC-64235 Die sieben Ringe \u2013 Teil A mit 99538 Teilen<\/figcaption><\/figure>\n<figure id=\"attachment_39250\" aria-describedby=\"caption-attachment-39250\" style=\"width: 1000px\" class=\"wp-caption aligncenter\"><img decoding=\"async\" class=\"wp-image-39250 size-full\" src=\"https:\/\/mouldking.store\/wp-content\/uploads\/2023\/01\/The-Seven-Rings-Part-A-MOC-64235-2.png\" alt=\"MOC-64235 The Seven Rings \u2013 Part A With 99538 Pieces\" width=\"1000\" height=\"1000\" title=\"-\"><figcaption id=\"caption-attachment-39250\" class=\"wp-caption-text\">MOC-64235 Die sieben Ringe \u2013 Teil A mit 99538 Teilen<\/figcaption><\/figure>\n<figure id=\"attachment_39251\" aria-describedby=\"caption-attachment-39251\" style=\"width: 1000px\" class=\"wp-caption aligncenter\"><img decoding=\"async\" class=\"wp-image-39251 size-full\" src=\"https:\/\/mouldking.store\/wp-content\/uploads\/2023\/01\/The-Seven-Rings-Part-A-MOC-64235-3.png\" alt=\"MOC-64235 The Seven Rings \u2013 Part A With 99538 Pieces\" width=\"1000\" height=\"1000\" title=\"-\"><figcaption id=\"caption-attachment-39251\" class=\"wp-caption-text\">MOC-64235 Die sieben Ringe \u2013 Teil A mit 99538 Teilen<\/figcaption><\/figure>\n<figure id=\"attachment_39252\" aria-describedby=\"caption-attachment-39252\" style=\"width: 1000px\" class=\"wp-caption aligncenter\"><img loading=\"lazy\" decoding=\"async\" class=\"wp-image-39252 size-full\" src=\"https:\/\/mouldking.store\/wp-content\/uploads\/2023\/01\/The-Seven-Rings-Part-A-MOC-64235-4.png\" alt=\"MOC-64235 The Seven Rings \u2013 Part A With 99538 Pieces\" width=\"1000\" height=\"1000\" title=\"-\"><figcaption id=\"caption-attachment-39252\" class=\"wp-caption-text\">MOC-64235 Die sieben Ringe \u2013 Teil A mit 99538 Teilen<\/figcaption><\/figure>","protected":false},"excerpt":{"rendered":"<p>Ohne Originalverpackung<\/p>\n<p>Zeiteinteilung: 4-8 Wochen<\/p>","protected":false},"featured_media":39249,"comment_status":"closed","ping_status":"closed","template":"","meta":{"_acf_changed":false},"product_cat":[1395,390],"product_tag":[430,10570,10574,10569,10572,10571,10573],"class_list":["product","first","instock","shipping-taxable","purchasable","product-type-simple"],"acf":[],"_links":{"self":[{"href":"https:\/\/mouldking.store\/de\/wp-json\/wp\/v2\/product\/39248","targetHints":{"allow":["GET"]}}],"collection":[{"href":"https:\/\/mouldking.store\/de\/wp-json\/wp\/v2\/product"}],"about":[{"href":"https:\/\/mouldking.store\/de\/wp-json\/wp\/v2\/types\/product"}],"replies":[{"embeddable":true,"href":"https:\/\/mouldking.store\/de\/wp-json\/wp\/v2\/comments?post=39248"}],"wp:featuredmedia":[{"embeddable":true,"href":"https:\/\/mouldking.store\/de\/wp-json\/wp\/v2\/media\/39249"}],"wp:attachment":[{"href":"https:\/\/mouldking.store\/de\/wp-json\/wp\/v2\/media?parent=39248"}],"wp:term":[{"taxonomy":"product_cat","embeddable":true,"href":"https:\/\/mouldking.store\/de\/wp-json\/wp\/v2\/product_cat?post=39248"},{"taxonomy":"product_tag","embeddable":true,"href":"https:\/\/mouldking.store\/de\/wp-json\/wp\/v2\/product_tag?post=39248"}],"curies":[{"name":"wp","href":"https:\/\/api.w.org\/{rel}","templated":true}]}}