{"id":39259,"date":"2023-01-03T12:15:13","date_gmt":"2023-01-03T05:15:13","guid":{"rendered":"https:\/\/mouldking.store\/?post_type=product&#038;p=39259"},"modified":"2025-12-25T09:11:54","modified_gmt":"2025-12-25T02:11:54","slug":"moc-122847-1-4-potion-classroom-with-1084-pieces","status":"publish","type":"product","link":"https:\/\/mouldking.store\/de\/shop\/moc-122847-1-4-potion-classroom-with-1084-pieces\/","title":{"rendered":"MOC-122847 1\/4 Tr\u00e4nke-Klassenzimmer mit 1084 Teilen"},"content":{"rendered":"<ol>\n<li>Marke: MOC<\/li>\n<li>Geschlecht: Unisex<\/li>\n<li>Name: 1\/4 Potion Classroom<\/li>\n<li>Altersspanne: &gt; 6 Jahre alt<\/li>\n<li>Model Number: 122847<\/li>\n<li>Einstufung: Assemblage<\/li>\n<li>Kunststoffblockform: Selbstsichernde Steine<\/li>\n<li>Material: Kunststoff<\/li>\n<li>Kunststofftyp: ABS<\/li>\n<li>Bricks Blocks:1084 PCS<\/li>\n<li>Enth\u00e4lt eine ausf\u00fchrliche Montageanleitung.<\/li>\n<\/ol>\n<p>Notiz:<br \/>\n1. Ohne Originalverpackung, aber wir garantieren, dass unsere Produkte eine Qualit\u00e4tssicherung und eine sch\u00f6ne Verpackung haben.<br \/>\n2. Wie alle Teile, die wir vor dem Versand \u00fcberpr\u00fcft haben, machen Sie sich keine Sorgen, wenn Sie feststellen, dass einige Teile fehlen oder besch\u00e4digt sind, und kontaktieren Sie uns einfach, und wir k\u00f6nnen sie Ihnen umgehend kostenlos erneut zusenden.<\/p>\n<figure id=\"attachment_39260\" aria-describedby=\"caption-attachment-39260\" style=\"width: 1004px\" class=\"wp-caption aligncenter\"><img fetchpriority=\"high\" decoding=\"async\" class=\"wp-image-39260 size-full\" src=\"https:\/\/mouldking.store\/wp-content\/uploads\/2023\/01\/MOC-122847-Movie-14-Potion-Classroom-MOC-FACTORY.png\" alt=\"MOC-122847 1\/4 Potion Classroom With 1084 Pieces\" width=\"1004\" height=\"1004\" title=\"-\"><figcaption id=\"caption-attachment-39260\" class=\"wp-caption-text\">MOC-122847 1\/4 Tr\u00e4nke-Klassenzimmer mit 1084 Teilen<\/figcaption><\/figure>\n<figure id=\"attachment_39261\" aria-describedby=\"caption-attachment-39261\" style=\"width: 683px\" class=\"wp-caption aligncenter\"><img decoding=\"async\" class=\"wp-image-39261 size-full\" src=\"https:\/\/mouldking.store\/wp-content\/uploads\/2023\/01\/14-Potion-Classroom-MOC-122847-2.png\" alt=\"MOC-122847 1\/4 Potion Classroom With 1084 Pieces\" width=\"683\" height=\"501\" title=\"-\"><figcaption id=\"caption-attachment-39261\" class=\"wp-caption-text\">MOC-122847 1\/4 Tr\u00e4nke-Klassenzimmer mit 1084 Teilen<\/figcaption><\/figure>\n<figure id=\"attachment_39262\" aria-describedby=\"caption-attachment-39262\" style=\"width: 683px\" class=\"wp-caption aligncenter\"><img decoding=\"async\" class=\"wp-image-39262 size-full\" src=\"https:\/\/mouldking.store\/wp-content\/uploads\/2023\/01\/14-Potion-Classroom-MOC-122847-3.png\" alt=\"MOC-122847 1\/4 Potion Classroom With 1084 Pieces\" width=\"683\" height=\"501\" title=\"-\"><figcaption id=\"caption-attachment-39262\" class=\"wp-caption-text\">MOC-122847 1\/4 Tr\u00e4nke-Klassenzimmer mit 1084 Teilen<\/figcaption><\/figure>\n<figure id=\"attachment_39263\" aria-describedby=\"caption-attachment-39263\" style=\"width: 683px\" class=\"wp-caption aligncenter\"><img loading=\"lazy\" decoding=\"async\" class=\"wp-image-39263 size-full\" src=\"https:\/\/mouldking.store\/wp-content\/uploads\/2023\/01\/14-Potion-Classroom-MOC-122847-4.png\" alt=\"MOC-122847 1\/4 Potion Classroom With 1084 Pieces\" width=\"683\" height=\"501\" title=\"-\"><figcaption id=\"caption-attachment-39263\" class=\"wp-caption-text\">MOC-122847 1\/4 Tr\u00e4nke-Klassenzimmer mit 1084 Teilen<\/figcaption><\/figure>","protected":false},"excerpt":{"rendered":"<p>PDF-Bauanleitung<\/p>\n<p>Ohne Originalverpackung<\/p>\n<p>Zeiteinteilung: 4-8 Wochen<\/p>","protected":false},"featured_media":39260,"comment_status":"closed","ping_status":"closed","template":"","meta":{"_acf_changed":false},"product_cat":[1406,581],"product_tag":[10583,10587,10585,430,10582,10588,10581,10584,10586],"class_list":["product","first","instock","shipping-taxable","purchasable","product-type-simple"],"acf":[],"_links":{"self":[{"href":"https:\/\/mouldking.store\/de\/wp-json\/wp\/v2\/product\/39259","targetHints":{"allow":["GET"]}}],"collection":[{"href":"https:\/\/mouldking.store\/de\/wp-json\/wp\/v2\/product"}],"about":[{"href":"https:\/\/mouldking.store\/de\/wp-json\/wp\/v2\/types\/product"}],"replies":[{"embeddable":true,"href":"https:\/\/mouldking.store\/de\/wp-json\/wp\/v2\/comments?post=39259"}],"wp:featuredmedia":[{"embeddable":true,"href":"https:\/\/mouldking.store\/de\/wp-json\/wp\/v2\/media\/39260"}],"wp:attachment":[{"href":"https:\/\/mouldking.store\/de\/wp-json\/wp\/v2\/media?parent=39259"}],"wp:term":[{"taxonomy":"product_cat","embeddable":true,"href":"https:\/\/mouldking.store\/de\/wp-json\/wp\/v2\/product_cat?post=39259"},{"taxonomy":"product_tag","embeddable":true,"href":"https:\/\/mouldking.store\/de\/wp-json\/wp\/v2\/product_tag?post=39259"}],"curies":[{"name":"wp","href":"https:\/\/api.w.org\/{rel}","templated":true}]}}