{"id":39264,"date":"2023-01-03T12:22:42","date_gmt":"2023-01-03T05:22:42","guid":{"rendered":"https:\/\/mouldking.store\/?post_type=product&#038;p=39264"},"modified":"2025-12-25T09:11:54","modified_gmt":"2025-12-25T02:11:54","slug":"moc-122859-2-4-hufflepuf-common-room-with-751-pieces","status":"publish","type":"product","link":"https:\/\/mouldking.store\/de\/shop\/moc-122859-2-4-hufflepuf-common-room-with-751-pieces\/","title":{"rendered":"MOC-122859 2\/4 Hufflepuff* Gemeinschaftsraum mit 751 Teilen"},"content":{"rendered":"<ol>\n<li>Marke: MOC<\/li>\n<li>Geschlecht: Unisex<\/li>\n<li>Name: 2\/4 Hufflepuf* Common Room<\/li>\n<li>Altersspanne: &gt; 6 Jahre alt<\/li>\n<li>Model Number: 122859<\/li>\n<li>Einstufung: Assemblage<\/li>\n<li>Kunststoffblockform: Selbstsichernde Steine<\/li>\n<li>Material: Kunststoff<\/li>\n<li>Kunststofftyp: ABS<\/li>\n<li>Bricks Blocks:751 PCS<\/li>\n<li>Enth\u00e4lt eine ausf\u00fchrliche Montageanleitung.<\/li>\n<\/ol>\n<p>Notiz:<br \/>\n1. Ohne Originalverpackung, aber wir garantieren, dass unsere Produkte eine Qualit\u00e4tssicherung und eine sch\u00f6ne Verpackung haben.<br \/>\n2. Wie alle Teile, die wir vor dem Versand \u00fcberpr\u00fcft haben, machen Sie sich keine Sorgen, wenn Sie feststellen, dass einige Teile fehlen oder besch\u00e4digt sind, und kontaktieren Sie uns einfach, und wir k\u00f6nnen sie Ihnen umgehend kostenlos erneut zusenden.<\/p>\n<figure id=\"attachment_39265\" aria-describedby=\"caption-attachment-39265\" style=\"width: 1004px\" class=\"wp-caption aligncenter\"><img fetchpriority=\"high\" decoding=\"async\" class=\"wp-image-39265 size-full\" src=\"https:\/\/mouldking.store\/wp-content\/uploads\/2023\/01\/MOC-122859-Movie-24-Hufflepuf-Common-Room-MOC-FACTORY.png\" alt=\"MOC-122859 2\/4 Hufflepuf* Common Room With 751 Pieces\" width=\"1004\" height=\"1004\" title=\"-\"><figcaption id=\"caption-attachment-39265\" class=\"wp-caption-text\">MOC-122859 2\/4 Hufflepuff* Gemeinschaftsraum mit 751 Teilen<\/figcaption><\/figure>\n<figure id=\"attachment_39266\" aria-describedby=\"caption-attachment-39266\" style=\"width: 800px\" class=\"wp-caption aligncenter\"><img decoding=\"async\" class=\"wp-image-39266 size-full\" src=\"https:\/\/mouldking.store\/wp-content\/uploads\/2023\/01\/24-Hufflepuf-Common-Room-MOC-122859-2.png\" alt=\"MOC-122859 2\/4 Hufflepuf* Common Room With 751 Pieces\" width=\"800\" height=\"600\" title=\"-\"><figcaption id=\"caption-attachment-39266\" class=\"wp-caption-text\">MOC-122859 2\/4 Hufflepuff* Gemeinschaftsraum mit 751 Teilen<\/figcaption><\/figure>\n<figure id=\"attachment_39267\" aria-describedby=\"caption-attachment-39267\" style=\"width: 800px\" class=\"wp-caption aligncenter\"><img decoding=\"async\" class=\"wp-image-39267 size-full\" src=\"https:\/\/mouldking.store\/wp-content\/uploads\/2023\/01\/24-Hufflepuf-Common-Room-MOC-122859-3.png\" alt=\"MOC-122859 2\/4 Hufflepuf* Common Room With 751 Pieces\" width=\"800\" height=\"600\" title=\"-\"><figcaption id=\"caption-attachment-39267\" class=\"wp-caption-text\">MOC-122859 2\/4 Hufflepuff* Gemeinschaftsraum mit 751 Teilen<\/figcaption><\/figure>\n<figure id=\"attachment_39268\" aria-describedby=\"caption-attachment-39268\" style=\"width: 1000px\" class=\"wp-caption aligncenter\"><img loading=\"lazy\" decoding=\"async\" class=\"wp-image-39268 size-full\" src=\"https:\/\/mouldking.store\/wp-content\/uploads\/2023\/01\/24-Hufflepuf-Common-Room-MOC-122859-4.png\" alt=\"MOC-122859 2\/4 Hufflepuf* Common Room With 751 Pieces\" width=\"1000\" height=\"750\" title=\"-\"><figcaption id=\"caption-attachment-39268\" class=\"wp-caption-text\">MOC-122859 2\/4 Hufflepuff* Gemeinschaftsraum mit 751 Teilen<\/figcaption><\/figure>","protected":false},"excerpt":{"rendered":"<p>PDF-Bauanleitung<\/p>\n<p>Ohne Originalverpackung<\/p>\n<p>Zeiteinteilung: 4-8 Wochen<\/p>","protected":false},"author":1145,"featured_media":39265,"comment_status":"closed","ping_status":"closed","template":"","meta":{"_acf_changed":false},"product_cat":[581],"product_tag":[10591,10596,10593,10594,10592,10595,430,10590,10597,10589,6442],"class_list":["product","first","instock","shipping-taxable","purchasable","product-type-simple"],"acf":[],"_links":{"self":[{"href":"https:\/\/mouldking.store\/de\/wp-json\/wp\/v2\/product\/39264","targetHints":{"allow":["GET"]}}],"collection":[{"href":"https:\/\/mouldking.store\/de\/wp-json\/wp\/v2\/product"}],"about":[{"href":"https:\/\/mouldking.store\/de\/wp-json\/wp\/v2\/types\/product"}],"author":[{"embeddable":true,"href":"https:\/\/mouldking.store\/de\/wp-json\/wp\/v2\/users\/1145"}],"replies":[{"embeddable":true,"href":"https:\/\/mouldking.store\/de\/wp-json\/wp\/v2\/comments?post=39264"}],"wp:featuredmedia":[{"embeddable":true,"href":"https:\/\/mouldking.store\/de\/wp-json\/wp\/v2\/media\/39265"}],"wp:attachment":[{"href":"https:\/\/mouldking.store\/de\/wp-json\/wp\/v2\/media?parent=39264"}],"wp:term":[{"taxonomy":"product_cat","embeddable":true,"href":"https:\/\/mouldking.store\/de\/wp-json\/wp\/v2\/product_cat?post=39264"},{"taxonomy":"product_tag","embeddable":true,"href":"https:\/\/mouldking.store\/de\/wp-json\/wp\/v2\/product_tag?post=39264"}],"curies":[{"name":"wp","href":"https:\/\/api.w.org\/{rel}","templated":true}]}}