{"id":39269,"date":"2023-01-03T12:29:26","date_gmt":"2023-01-03T05:29:26","guid":{"rendered":"https:\/\/mouldking.store\/?post_type=product&#038;p=39269"},"modified":"2025-12-25T09:11:54","modified_gmt":"2025-12-25T02:11:54","slug":"moc-122948-3-4-dumbledores-office-with-622-pieces","status":"publish","type":"product","link":"https:\/\/mouldking.store\/de\/shop\/moc-122948-3-4-dumbledores-office-with-622-pieces\/","title":{"rendered":"MOC-122948 3\/4 Dumbledores B\u00fcro mit 622 Teilen"},"content":{"rendered":"<ol>\n<li>Marke: MOC<\/li>\n<li>Geschlecht: Unisex<\/li>\n<li>Name: 3\/4 Dumbledore\u2019s Office<\/li>\n<li>Altersspanne: &gt; 6 Jahre alt<\/li>\n<li>Model Number: 122948<\/li>\n<li>Einstufung: Assemblage<\/li>\n<li>Kunststoffblockform: Selbstsichernde Steine<\/li>\n<li>Material: Kunststoff<\/li>\n<li>Kunststofftyp: ABS<\/li>\n<li>Bricks Blocks:622 PCS<\/li>\n<li>Enth\u00e4lt eine ausf\u00fchrliche Montageanleitung.<\/li>\n<\/ol>\n<p>Notiz:<br \/>\n1. Ohne Originalverpackung, aber wir garantieren, dass unsere Produkte eine Qualit\u00e4tssicherung und eine sch\u00f6ne Verpackung haben.<br \/>\n2. Wie alle Teile, die wir vor dem Versand \u00fcberpr\u00fcft haben, machen Sie sich keine Sorgen, wenn Sie feststellen, dass einige Teile fehlen oder besch\u00e4digt sind, und kontaktieren Sie uns einfach, und wir k\u00f6nnen sie Ihnen umgehend kostenlos erneut zusenden.<\/p>\n<figure id=\"attachment_39270\" aria-describedby=\"caption-attachment-39270\" style=\"width: 1004px\" class=\"wp-caption aligncenter\"><img fetchpriority=\"high\" decoding=\"async\" class=\"wp-image-39270 size-full\" src=\"https:\/\/mouldking.store\/wp-content\/uploads\/2023\/01\/MOC-122948-Movie-34-Dumbledores-Office-MOC-FACTORY.png\" alt=\"MOC-122948 3\/4 Dumbledore\u2019s Office With 622 Pieces\" width=\"1004\" height=\"1004\" title=\"-\"><figcaption id=\"caption-attachment-39270\" class=\"wp-caption-text\">MOC-122948 3\/4 Dumbledores B\u00fcro mit 622 Teilen<\/figcaption><\/figure>\n<figure id=\"attachment_39271\" aria-describedby=\"caption-attachment-39271\" style=\"width: 800px\" class=\"wp-caption aligncenter\"><img decoding=\"async\" class=\"wp-image-39271 size-full\" src=\"https:\/\/mouldking.store\/wp-content\/uploads\/2023\/01\/34-Dumbledores-Office-MOC-122948-2.png\" alt=\"MOC-122948 3\/4 Dumbledore\u2019s Office With 622 Pieces\" width=\"800\" height=\"600\" title=\"-\"><figcaption id=\"caption-attachment-39271\" class=\"wp-caption-text\">MOC-122948 3\/4 Dumbledores B\u00fcro mit 622 Teilen<\/figcaption><\/figure>\n<figure id=\"attachment_39272\" aria-describedby=\"caption-attachment-39272\" style=\"width: 800px\" class=\"wp-caption aligncenter\"><img decoding=\"async\" class=\"wp-image-39272 size-full\" src=\"https:\/\/mouldking.store\/wp-content\/uploads\/2023\/01\/34-Dumbledores-Office-MOC-122948-3.png\" alt=\"MOC-122948 3\/4 Dumbledore\u2019s Office With 622 Pieces\" width=\"800\" height=\"600\" title=\"-\"><figcaption id=\"caption-attachment-39272\" class=\"wp-caption-text\">MOC-122948 3\/4 Dumbledores B\u00fcro mit 622 Teilen<\/figcaption><\/figure>\n<figure id=\"attachment_39273\" aria-describedby=\"caption-attachment-39273\" style=\"width: 800px\" class=\"wp-caption aligncenter\"><img loading=\"lazy\" decoding=\"async\" class=\"wp-image-39273 size-full\" src=\"https:\/\/mouldking.store\/wp-content\/uploads\/2023\/01\/34-Dumbledores-Office-MOC-122948-4.png\" alt=\"MOC-122948 3\/4 Dumbledore\u2019s Office With 622 Pieces\" width=\"800\" height=\"600\" title=\"-\"><figcaption id=\"caption-attachment-39273\" class=\"wp-caption-text\">MOC-122948 3\/4 Dumbledores B\u00fcro mit 622 Teilen<\/figcaption><\/figure>","protected":false},"excerpt":{"rendered":"<p>PDF-Bauanleitung<\/p>\n<p>Ohne Originalverpackung<\/p>\n<p>Zeiteinteilung: 4-8 Wochen<\/p>","protected":false},"featured_media":39270,"comment_status":"closed","ping_status":"closed","template":"","meta":{"_acf_changed":false},"product_cat":[390,581],"product_tag":[10600,10604,10601,10603,430,10599,10605,10598,10602],"class_list":["product","first","instock","shipping-taxable","purchasable","product-type-simple"],"acf":[],"_links":{"self":[{"href":"https:\/\/mouldking.store\/de\/wp-json\/wp\/v2\/product\/39269","targetHints":{"allow":["GET"]}}],"collection":[{"href":"https:\/\/mouldking.store\/de\/wp-json\/wp\/v2\/product"}],"about":[{"href":"https:\/\/mouldking.store\/de\/wp-json\/wp\/v2\/types\/product"}],"replies":[{"embeddable":true,"href":"https:\/\/mouldking.store\/de\/wp-json\/wp\/v2\/comments?post=39269"}],"wp:featuredmedia":[{"embeddable":true,"href":"https:\/\/mouldking.store\/de\/wp-json\/wp\/v2\/media\/39270"}],"wp:attachment":[{"href":"https:\/\/mouldking.store\/de\/wp-json\/wp\/v2\/media?parent=39269"}],"wp:term":[{"taxonomy":"product_cat","embeddable":true,"href":"https:\/\/mouldking.store\/de\/wp-json\/wp\/v2\/product_cat?post=39269"},{"taxonomy":"product_tag","embeddable":true,"href":"https:\/\/mouldking.store\/de\/wp-json\/wp\/v2\/product_tag?post=39269"}],"curies":[{"name":"wp","href":"https:\/\/api.w.org\/{rel}","templated":true}]}}