{"id":39275,"date":"2023-01-03T14:15:45","date_gmt":"2023-01-03T07:15:45","guid":{"rendered":"https:\/\/mouldking.store\/?post_type=product&#038;p=39275"},"modified":"2025-12-25T09:11:53","modified_gmt":"2025-12-25T02:11:53","slug":"moc-124887-4-4-divination-classroom-with-672-pieces","status":"publish","type":"product","link":"https:\/\/mouldking.store\/de\/shop\/moc-124887-4-4-divination-classroom-with-672-pieces\/","title":{"rendered":"MOC-124887 4\/4 Divination Classroom mit 672 Teilen"},"content":{"rendered":"<ol>\n<li>Marke: MOC<\/li>\n<li>Geschlecht: Unisex<\/li>\n<li>Name: 4\/4 Weissagungsklassenzimmer<\/li>\n<li>Altersspanne: &gt; 6 Jahre alt<\/li>\n<li>Modellnummer: 124887<\/li>\n<li>Einstufung: Assemblage<\/li>\n<li>Kunststoffblockform: Selbstsichernde Steine<\/li>\n<li>Material: Kunststoff<\/li>\n<li>Kunststofftyp: ABS<\/li>\n<li>Ziegelsteine: 672 ST\u00dcCKE<\/li>\n<li>Enth\u00e4lt eine ausf\u00fchrliche Montageanleitung.<\/li>\n<\/ol>\n<p>Notiz:<br \/>\n1. Ohne Originalverpackung, aber wir garantieren, dass unsere Produkte eine Qualit\u00e4tssicherung und eine sch\u00f6ne Verpackung haben.<br \/>\n2. Wie alle Teile, die wir vor dem Versand \u00fcberpr\u00fcft haben, machen Sie sich keine Sorgen, wenn Sie feststellen, dass einige Teile fehlen oder besch\u00e4digt sind, und kontaktieren Sie uns einfach, und wir k\u00f6nnen sie Ihnen umgehend kostenlos erneut zusenden.<\/p>\n<figure id=\"attachment_39276\" aria-describedby=\"caption-attachment-39276\" style=\"width: 1004px\" class=\"wp-caption aligncenter\"><img fetchpriority=\"high\" decoding=\"async\" class=\"wp-image-39276 size-full\" src=\"https:\/\/mouldking.store\/wp-content\/uploads\/2023\/01\/MOC-124887-Movie-44-Divination-Classroom-MOC-FACTORY.png\" alt=\"MOC-124887 4\/4 Divination Classroom With 672 Pieces\" width=\"1004\" height=\"1004\" title=\"-\"><figcaption id=\"caption-attachment-39276\" class=\"wp-caption-text\">MOC-124887 4\/4 Divination Classroom mit 672 Teilen<\/figcaption><\/figure>\n<figure id=\"attachment_39277\" aria-describedby=\"caption-attachment-39277\" style=\"width: 1000px\" class=\"wp-caption aligncenter\"><img decoding=\"async\" class=\"wp-image-39277 size-full\" src=\"https:\/\/mouldking.store\/wp-content\/uploads\/2023\/01\/44-Divination-Classroom-MOC-124887-2.png\" alt=\"MOC-124887 4\/4 Divination Classroom With 672 Pieces\" width=\"1000\" height=\"750\" title=\"-\"><figcaption id=\"caption-attachment-39277\" class=\"wp-caption-text\">MOC-124887 4\/4 Divination Classroom mit 672 Teilen<\/figcaption><\/figure>\n<figure id=\"attachment_39278\" aria-describedby=\"caption-attachment-39278\" style=\"width: 800px\" class=\"wp-caption aligncenter\"><img decoding=\"async\" class=\"wp-image-39278 size-full\" src=\"https:\/\/mouldking.store\/wp-content\/uploads\/2023\/01\/44-Divination-Classroom-MOC-124887-3.png\" alt=\"MOC-124887 4\/4 Divination Classroom With 672 Pieces\" width=\"800\" height=\"600\" title=\"-\"><figcaption id=\"caption-attachment-39278\" class=\"wp-caption-text\">MOC-124887 4\/4 Divination Classroom mit 672 Teilen<\/figcaption><\/figure>\n<figure id=\"attachment_39279\" aria-describedby=\"caption-attachment-39279\" style=\"width: 800px\" class=\"wp-caption aligncenter\"><img loading=\"lazy\" decoding=\"async\" class=\"wp-image-39279 size-full\" src=\"https:\/\/mouldking.store\/wp-content\/uploads\/2023\/01\/44-Divination-Classroom-MOC-124887-4.png\" alt=\"MOC-124887 4\/4 Divination Classroom With 672 Pieces\" width=\"800\" height=\"600\" title=\"-\"><figcaption id=\"caption-attachment-39279\" class=\"wp-caption-text\">MOC-124887 4\/4 Divination Classroom mit 672 Teilen<\/figcaption><\/figure>\n<figure id=\"attachment_39280\" aria-describedby=\"caption-attachment-39280\" style=\"width: 800px\" class=\"wp-caption aligncenter\"><img loading=\"lazy\" decoding=\"async\" class=\"wp-image-39280 size-full\" src=\"https:\/\/mouldking.store\/wp-content\/uploads\/2023\/01\/44-Divination-Classroom-MOC-124887-5.png\" alt=\"MOC-124887 4\/4 Divination Classroom With 672 Pieces\" width=\"800\" height=\"600\" title=\"-\"><figcaption id=\"caption-attachment-39280\" class=\"wp-caption-text\">MOC-124887 4\/4 Divination Classroom mit 672 Teilen<\/figcaption><\/figure>","protected":false},"excerpt":{"rendered":"<p>PDF-Bauanleitung<\/p>\n<p>Ohne Originalverpackung<\/p>\n<p>Zeiteinteilung: 4-8 Wochen<\/p>","protected":false},"featured_media":39276,"comment_status":"closed","ping_status":"closed","template":"","meta":{"_acf_changed":false},"product_cat":[581,1408],"product_tag":[10608,10611,10585,10609,10610,430,10607,10612,10606],"class_list":["product","first","instock","shipping-taxable","purchasable","product-type-simple"],"acf":[],"_links":{"self":[{"href":"https:\/\/mouldking.store\/de\/wp-json\/wp\/v2\/product\/39275","targetHints":{"allow":["GET"]}}],"collection":[{"href":"https:\/\/mouldking.store\/de\/wp-json\/wp\/v2\/product"}],"about":[{"href":"https:\/\/mouldking.store\/de\/wp-json\/wp\/v2\/types\/product"}],"replies":[{"embeddable":true,"href":"https:\/\/mouldking.store\/de\/wp-json\/wp\/v2\/comments?post=39275"}],"wp:featuredmedia":[{"embeddable":true,"href":"https:\/\/mouldking.store\/de\/wp-json\/wp\/v2\/media\/39276"}],"wp:attachment":[{"href":"https:\/\/mouldking.store\/de\/wp-json\/wp\/v2\/media?parent=39275"}],"wp:term":[{"taxonomy":"product_cat","embeddable":true,"href":"https:\/\/mouldking.store\/de\/wp-json\/wp\/v2\/product_cat?post=39275"},{"taxonomy":"product_tag","embeddable":true,"href":"https:\/\/mouldking.store\/de\/wp-json\/wp\/v2\/product_tag?post=39275"}],"curies":[{"name":"wp","href":"https:\/\/api.w.org\/{rel}","templated":true}]}}