{"id":39313,"date":"2023-01-03T15:12:47","date_gmt":"2023-01-03T08:12:47","guid":{"rendered":"https:\/\/mouldking.store\/?post_type=product&#038;p=39313"},"modified":"2025-12-25T09:11:53","modified_gmt":"2025-12-25T02:11:53","slug":"moc-89513-duel-on-exegol-with-1050-pieces","status":"publish","type":"product","link":"https:\/\/mouldking.store\/de\/shop\/moc-89513-duel-on-exegol-with-1050-pieces\/","title":{"rendered":"MOC-89513 Duell auf Exegol mit 1050 Teilen"},"content":{"rendered":"<ol>\n<li>Marke: MOC<\/li>\n<li>Geschlecht: Unisex<\/li>\n<li>Name: Duel On Exegol<\/li>\n<li>Altersspanne: &gt; 6 Jahre alt<\/li>\n<li>Model Number: 89513<\/li>\n<li>Einstufung: Assemblage<\/li>\n<li>Kunststoffblockform: Selbstsichernde Steine<\/li>\n<li>Material: Kunststoff<\/li>\n<li>Kunststofftyp: ABS<\/li>\n<li>Bricks Blocks:1050 PCS<\/li>\n<li>Enth\u00e4lt eine ausf\u00fchrliche Montageanleitung.<\/li>\n<\/ol>\n<p>Notiz:<br \/>\n1. Ohne Originalverpackung, aber wir garantieren, dass unsere Produkte eine Qualit\u00e4tssicherung und eine sch\u00f6ne Verpackung haben.<br \/>\n2. Wie alle Teile, die wir vor dem Versand \u00fcberpr\u00fcft haben, machen Sie sich keine Sorgen, wenn Sie feststellen, dass einige Teile fehlen oder besch\u00e4digt sind, und kontaktieren Sie uns einfach, und wir k\u00f6nnen sie Ihnen umgehend kostenlos erneut zusenden.<\/p>\n<figure id=\"attachment_39314\" aria-describedby=\"caption-attachment-39314\" style=\"width: 1004px\" class=\"wp-caption aligncenter\"><img fetchpriority=\"high\" decoding=\"async\" class=\"wp-image-39314 size-full\" src=\"https:\/\/mouldking.store\/wp-content\/uploads\/2023\/01\/MOC-89513-Star-Wars-Duel-On-Exegol-MOC-FACTORY.png\" alt=\"MOC-89513 Duel On Exegol With 1050 Pieces\" width=\"1004\" height=\"1004\" title=\"-\"><figcaption id=\"caption-attachment-39314\" class=\"wp-caption-text\">MOC-89513 Duell auf Exegol mit 1050 Teilen<\/figcaption><\/figure>\n<figure id=\"attachment_39315\" aria-describedby=\"caption-attachment-39315\" style=\"width: 1000px\" class=\"wp-caption aligncenter\"><img decoding=\"async\" class=\"wp-image-39315 size-full\" src=\"https:\/\/mouldking.store\/wp-content\/uploads\/2023\/01\/Duel-On-Exegol-MOC-89513-2.png\" alt=\"MOC-89513 Duel On Exegol With 1050 Pieces\" width=\"1000\" height=\"1000\" title=\"-\"><figcaption id=\"caption-attachment-39315\" class=\"wp-caption-text\">MOC-89513 Duell auf Exegol mit 1050 Teilen<\/figcaption><\/figure>\n<figure id=\"attachment_39316\" aria-describedby=\"caption-attachment-39316\" style=\"width: 1000px\" class=\"wp-caption aligncenter\"><img decoding=\"async\" class=\"wp-image-39316 size-full\" src=\"https:\/\/mouldking.store\/wp-content\/uploads\/2023\/01\/Duel-On-Exegol-MOC-89513-3.png\" alt=\"MOC-89513 Duel On Exegol With 1050 Pieces\" width=\"1000\" height=\"1000\" title=\"-\"><figcaption id=\"caption-attachment-39316\" class=\"wp-caption-text\">MOC-89513 Duell auf Exegol mit 1050 Teilen<\/figcaption><\/figure>\n<figure id=\"attachment_39317\" aria-describedby=\"caption-attachment-39317\" style=\"width: 1000px\" class=\"wp-caption aligncenter\"><img loading=\"lazy\" decoding=\"async\" class=\"wp-image-39317 size-full\" src=\"https:\/\/mouldking.store\/wp-content\/uploads\/2023\/01\/Duel-On-Exegol-MOC-89513-4.png\" alt=\"MOC-89513 Duel On Exegol With 1050 Pieces\" width=\"1000\" height=\"1000\" title=\"-\"><figcaption id=\"caption-attachment-39317\" class=\"wp-caption-text\">MOC-89513 Duell auf Exegol mit 1050 Teilen<\/figcaption><\/figure>\n<figure id=\"attachment_39318\" aria-describedby=\"caption-attachment-39318\" style=\"width: 1000px\" class=\"wp-caption aligncenter\"><img loading=\"lazy\" decoding=\"async\" class=\"wp-image-39318 size-full\" src=\"https:\/\/mouldking.store\/wp-content\/uploads\/2023\/01\/Duel-On-Exegol-MOC-89513-5.png\" alt=\"MOC-89513 Duel On Exegol With 1050 Pieces\" width=\"1000\" height=\"1000\" title=\"-\"><figcaption id=\"caption-attachment-39318\" class=\"wp-caption-text\">MOC-89513 Duell auf Exegol mit 1050 Teilen<\/figcaption><\/figure>\n<figure id=\"attachment_39319\" aria-describedby=\"caption-attachment-39319\" style=\"width: 1000px\" class=\"wp-caption aligncenter\"><img loading=\"lazy\" decoding=\"async\" class=\"wp-image-39319 size-full\" src=\"https:\/\/mouldking.store\/wp-content\/uploads\/2023\/01\/Duel-On-Exegol-MOC-89513-6.png\" alt=\"MOC-89513 Duel On Exegol With 1050 Pieces\" width=\"1000\" height=\"1000\" title=\"-\"><figcaption id=\"caption-attachment-39319\" class=\"wp-caption-text\">MOC-89513 Duell auf Exegol mit 1050 Teilen<\/figcaption><\/figure>","protected":false},"excerpt":{"rendered":"<p>PDF-Bauanleitung<\/p>\n<p>Ohne Originalverpackung<\/p>\n<p>Zeiteinteilung: 4-8 Wochen<\/p>","protected":false},"featured_media":39314,"comment_status":"closed","ping_status":"closed","template":"","meta":{"_acf_changed":false},"product_cat":[415],"product_tag":[10646,10648,10647,430,10645,10649,10644],"class_list":["product","first","instock","shipping-taxable","purchasable","product-type-simple"],"acf":[],"_links":{"self":[{"href":"https:\/\/mouldking.store\/de\/wp-json\/wp\/v2\/product\/39313","targetHints":{"allow":["GET"]}}],"collection":[{"href":"https:\/\/mouldking.store\/de\/wp-json\/wp\/v2\/product"}],"about":[{"href":"https:\/\/mouldking.store\/de\/wp-json\/wp\/v2\/types\/product"}],"replies":[{"embeddable":true,"href":"https:\/\/mouldking.store\/de\/wp-json\/wp\/v2\/comments?post=39313"}],"wp:featuredmedia":[{"embeddable":true,"href":"https:\/\/mouldking.store\/de\/wp-json\/wp\/v2\/media\/39314"}],"wp:attachment":[{"href":"https:\/\/mouldking.store\/de\/wp-json\/wp\/v2\/media?parent=39313"}],"wp:term":[{"taxonomy":"product_cat","embeddable":true,"href":"https:\/\/mouldking.store\/de\/wp-json\/wp\/v2\/product_cat?post=39313"},{"taxonomy":"product_tag","embeddable":true,"href":"https:\/\/mouldking.store\/de\/wp-json\/wp\/v2\/product_tag?post=39313"}],"curies":[{"name":"wp","href":"https:\/\/api.w.org\/{rel}","templated":true}]}}