{"id":39321,"date":"2023-01-03T15:19:03","date_gmt":"2023-01-03T08:19:03","guid":{"rendered":"https:\/\/mouldking.store\/?post_type=product&#038;p=39321"},"modified":"2025-12-25T09:11:53","modified_gmt":"2025-12-25T02:11:53","slug":"moc-122473-dexters-diner-with-621-pieces","status":"publish","type":"product","link":"https:\/\/mouldking.store\/de\/shop\/moc-122473-dexters-diner-with-621-pieces\/","title":{"rendered":"MOC-122473 Dexter`s Diner mit 621 Teilen"},"content":{"rendered":"<ol>\n<li>Marke: MOC<\/li>\n<li>Geschlecht: Unisex<\/li>\n<li>Name: Dexter`s Diner<\/li>\n<li>Altersspanne: &gt; 6 Jahre alt<\/li>\n<li>Model Number: 122473<\/li>\n<li>Einstufung: Assemblage<\/li>\n<li>Kunststoffblockform: Selbstsichernde Steine<\/li>\n<li>Material: Kunststoff<\/li>\n<li>Kunststofftyp: ABS<\/li>\n<li>Bricks Blocks:621 PCS<\/li>\n<li>Enth\u00e4lt eine ausf\u00fchrliche Montageanleitung.<\/li>\n<\/ol>\n<p>Notiz:<br \/>\n1. Ohne Originalverpackung, aber wir garantieren, dass unsere Produkte eine Qualit\u00e4tssicherung und eine sch\u00f6ne Verpackung haben.<br \/>\n2. Wie alle Teile, die wir vor dem Versand \u00fcberpr\u00fcft haben, machen Sie sich keine Sorgen, wenn Sie feststellen, dass einige Teile fehlen oder besch\u00e4digt sind, und kontaktieren Sie uns einfach, und wir k\u00f6nnen sie Ihnen umgehend kostenlos erneut zusenden.<\/p>\n<figure id=\"attachment_39322\" aria-describedby=\"caption-attachment-39322\" style=\"width: 1004px\" class=\"wp-caption aligncenter\"><img fetchpriority=\"high\" decoding=\"async\" class=\"wp-image-39322 size-full\" src=\"https:\/\/mouldking.store\/wp-content\/uploads\/2023\/01\/MOC-122473-Star-Wars-Dexters-Diner-MOC-FACTORY.png\" alt=\"MOC-122473 Dexter&#096;s Diner With 621 Pieces \" width=\"1004\" height=\"1004\" title=\"-\"><figcaption id=\"caption-attachment-39322\" class=\"wp-caption-text\">MOC-122473 Dexter`s Diner mit 621 Teilen<\/figcaption><\/figure>\n<figure id=\"attachment_39323\" aria-describedby=\"caption-attachment-39323\" style=\"width: 1000px\" class=\"wp-caption aligncenter\"><img decoding=\"async\" class=\"wp-image-39323 size-full\" src=\"https:\/\/mouldking.store\/wp-content\/uploads\/2023\/01\/Dexters-Diner-MOC-122473-2.png\" alt=\"MOC-122473 Dexter&#096;s Diner With 621 Pieces \" width=\"1000\" height=\"750\" title=\"-\"><figcaption id=\"caption-attachment-39323\" class=\"wp-caption-text\">MOC-122473 Dexter`s Diner mit 621 Teilen<\/figcaption><\/figure>\n<figure id=\"attachment_39324\" aria-describedby=\"caption-attachment-39324\" style=\"width: 800px\" class=\"wp-caption aligncenter\"><img decoding=\"async\" class=\"wp-image-39324 size-full\" src=\"https:\/\/mouldking.store\/wp-content\/uploads\/2023\/01\/Dexters-Diner-MOC-122473-3.png\" alt=\"MOC-122473 Dexter&#096;s Diner With 621 Pieces \" width=\"800\" height=\"600\" title=\"-\"><figcaption id=\"caption-attachment-39324\" class=\"wp-caption-text\">MOC-122473 Dexter`s Diner mit 621 Teilen<\/figcaption><\/figure>\n<figure id=\"attachment_39325\" aria-describedby=\"caption-attachment-39325\" style=\"width: 800px\" class=\"wp-caption aligncenter\"><img loading=\"lazy\" decoding=\"async\" class=\"wp-image-39325 size-full\" src=\"https:\/\/mouldking.store\/wp-content\/uploads\/2023\/01\/Dexters-Diner-MOC-122473-4.png\" alt=\"MOC-122473 Dexter&#096;s Diner With 621 Pieces \" width=\"800\" height=\"600\" title=\"-\"><figcaption id=\"caption-attachment-39325\" class=\"wp-caption-text\">MOC-122473 Dexter`s Diner mit 621 Teilen<\/figcaption><\/figure>","protected":false},"excerpt":{"rendered":"<p>PDF-Bauanleitung<\/p>\n<p>Ohne Originalverpackung<\/p>\n<p>Zeiteinteilung: 4-8 Wochen<\/p>","protected":false},"featured_media":39322,"comment_status":"closed","ping_status":"closed","template":"","meta":{"_acf_changed":false},"product_cat":[415],"product_tag":[10652,10654,10653,430,10651,10655,10650],"class_list":["product","first","instock","shipping-taxable","purchasable","product-type-simple"],"acf":[],"_links":{"self":[{"href":"https:\/\/mouldking.store\/de\/wp-json\/wp\/v2\/product\/39321","targetHints":{"allow":["GET"]}}],"collection":[{"href":"https:\/\/mouldking.store\/de\/wp-json\/wp\/v2\/product"}],"about":[{"href":"https:\/\/mouldking.store\/de\/wp-json\/wp\/v2\/types\/product"}],"replies":[{"embeddable":true,"href":"https:\/\/mouldking.store\/de\/wp-json\/wp\/v2\/comments?post=39321"}],"wp:featuredmedia":[{"embeddable":true,"href":"https:\/\/mouldking.store\/de\/wp-json\/wp\/v2\/media\/39322"}],"wp:attachment":[{"href":"https:\/\/mouldking.store\/de\/wp-json\/wp\/v2\/media?parent=39321"}],"wp:term":[{"taxonomy":"product_cat","embeddable":true,"href":"https:\/\/mouldking.store\/de\/wp-json\/wp\/v2\/product_cat?post=39321"},{"taxonomy":"product_tag","embeddable":true,"href":"https:\/\/mouldking.store\/de\/wp-json\/wp\/v2\/product_tag?post=39321"}],"curies":[{"name":"wp","href":"https:\/\/api.w.org\/{rel}","templated":true}]}}