{"id":39326,"date":"2023-01-03T15:26:27","date_gmt":"2023-01-03T08:26:27","guid":{"rendered":"https:\/\/mouldking.store\/?post_type=product&#038;p=39326"},"modified":"2025-12-25T09:11:53","modified_gmt":"2025-12-25T02:11:53","slug":"moc-89512-the-magistrate-movie-scene-with-2449-pieces","status":"publish","type":"product","link":"https:\/\/mouldking.store\/de\/shop\/moc-89512-the-magistrate-movie-scene-with-2449-pieces\/","title":{"rendered":"MOC-89512 Die Magistrate-Filmszene mit 2449 Teilen"},"content":{"rendered":"<ol>\n<li>Marke: MOC<\/li>\n<li>Geschlecht: Unisex<\/li>\n<li>Product name: The Magistrate Movie Scene<\/li>\n<li>Altersspanne: &gt; 6 Jahre alt<\/li>\n<li>Model Number: 89512<\/li>\n<li>Einstufung: Assemblage<\/li>\n<li>Kunststoffblockform: Selbstsichernde Steine<\/li>\n<li>Material: Kunststoff<\/li>\n<li>Kunststofftyp: ABS<\/li>\n<li>Bricks Blocks:2449 PCS<\/li>\n<li>Enth\u00e4lt eine ausf\u00fchrliche Montageanleitung.<\/li>\n<\/ol>\n<p>Notiz:<br \/>\n1. Ohne Originalverpackung, aber wir garantieren, dass unsere Produkte eine Qualit\u00e4tssicherung und eine sch\u00f6ne Verpackung haben.<br \/>\n2. Wie alle Teile, die wir vor dem Versand \u00fcberpr\u00fcft haben, machen Sie sich keine Sorgen, wenn Sie feststellen, dass einige Teile fehlen oder besch\u00e4digt sind, und kontaktieren Sie uns einfach, und wir k\u00f6nnen sie Ihnen umgehend kostenlos erneut zusenden.<\/p>\n<figure id=\"attachment_39327\" aria-describedby=\"caption-attachment-39327\" style=\"width: 1004px\" class=\"wp-caption aligncenter\"><img fetchpriority=\"high\" decoding=\"async\" class=\"wp-image-39327 size-full\" src=\"https:\/\/mouldking.store\/wp-content\/uploads\/2023\/01\/MOC-89512-Star-Wars-The-Magistrate-Movie-Scene-MOC-FACTORY.png\" alt=\"MOC-89512 The Magistrate Movie Scene With 2449 Pieces\" width=\"1004\" height=\"1004\" title=\"-\"><figcaption id=\"caption-attachment-39327\" class=\"wp-caption-text\">MOC-89512 Die Magistrate-Filmszene mit 2449 Teilen<\/figcaption><\/figure>\n<figure id=\"attachment_39328\" aria-describedby=\"caption-attachment-39328\" style=\"width: 1000px\" class=\"wp-caption aligncenter\"><img decoding=\"async\" class=\"wp-image-39328 size-full\" src=\"https:\/\/mouldking.store\/wp-content\/uploads\/2023\/01\/The-Magistrate-Movie-Scene-MOC-89512-1.png\" alt=\"MOC-89512 The Magistrate Movie Scene With 2449 Pieces\" width=\"1000\" height=\"1000\" title=\"-\"><figcaption id=\"caption-attachment-39328\" class=\"wp-caption-text\">MOC-89512 Die Magistrate-Filmszene mit 2449 Teilen<\/figcaption><\/figure>\n<figure id=\"attachment_39329\" aria-describedby=\"caption-attachment-39329\" style=\"width: 1000px\" class=\"wp-caption aligncenter\"><img decoding=\"async\" class=\"wp-image-39329 size-full\" src=\"https:\/\/mouldking.store\/wp-content\/uploads\/2023\/01\/The-Magistrate-Movie-Scene-MOC-89512-2.png\" alt=\"MOC-89512 The Magistrate Movie Scene With 2449 Pieces\" width=\"1000\" height=\"1000\" title=\"-\"><figcaption id=\"caption-attachment-39329\" class=\"wp-caption-text\">MOC-89512 Die Magistrate-Filmszene mit 2449 Teilen<\/figcaption><\/figure>\n<figure id=\"attachment_39330\" aria-describedby=\"caption-attachment-39330\" style=\"width: 1000px\" class=\"wp-caption aligncenter\"><img loading=\"lazy\" decoding=\"async\" class=\"wp-image-39330 size-full\" src=\"https:\/\/mouldking.store\/wp-content\/uploads\/2023\/01\/The-Magistrate-Movie-Scene-MOC-89512-3.png\" alt=\"MOC-89512 The Magistrate Movie Scene With 2449 Pieces\" width=\"1000\" height=\"1000\" title=\"-\"><figcaption id=\"caption-attachment-39330\" class=\"wp-caption-text\">MOC-89512 Die Magistrate-Filmszene mit 2449 Teilen<\/figcaption><\/figure>","protected":false},"excerpt":{"rendered":"<p>PDF-Bauanleitung<\/p>\n<p>Ohne Originalverpackung<\/p>\n<p>Zeiteinteilung: 4-8 Wochen<\/p>","protected":false},"featured_media":39327,"comment_status":"closed","ping_status":"closed","template":"","meta":{"_acf_changed":false},"product_cat":[415],"product_tag":[10658,430,10657,10661,10656,434,10040,10659,10660],"class_list":["product","first","instock","shipping-taxable","purchasable","product-type-simple"],"acf":[],"_links":{"self":[{"href":"https:\/\/mouldking.store\/de\/wp-json\/wp\/v2\/product\/39326","targetHints":{"allow":["GET"]}}],"collection":[{"href":"https:\/\/mouldking.store\/de\/wp-json\/wp\/v2\/product"}],"about":[{"href":"https:\/\/mouldking.store\/de\/wp-json\/wp\/v2\/types\/product"}],"replies":[{"embeddable":true,"href":"https:\/\/mouldking.store\/de\/wp-json\/wp\/v2\/comments?post=39326"}],"wp:featuredmedia":[{"embeddable":true,"href":"https:\/\/mouldking.store\/de\/wp-json\/wp\/v2\/media\/39327"}],"wp:attachment":[{"href":"https:\/\/mouldking.store\/de\/wp-json\/wp\/v2\/media?parent=39326"}],"wp:term":[{"taxonomy":"product_cat","embeddable":true,"href":"https:\/\/mouldking.store\/de\/wp-json\/wp\/v2\/product_cat?post=39326"},{"taxonomy":"product_tag","embeddable":true,"href":"https:\/\/mouldking.store\/de\/wp-json\/wp\/v2\/product_tag?post=39326"}],"curies":[{"name":"wp","href":"https:\/\/api.w.org\/{rel}","templated":true}]}}