{"id":39331,"date":"2023-01-03T15:33:06","date_gmt":"2023-01-03T08:33:06","guid":{"rendered":"https:\/\/mouldking.store\/?post_type=product&#038;p=39331"},"modified":"2025-12-25T09:11:50","modified_gmt":"2025-12-25T02:11:50","slug":"moc-45221-imperial-hangar-display-with-5288-pieces","status":"publish","type":"product","link":"https:\/\/mouldking.store\/de\/shop\/moc-45221-imperial-hangar-display-with-5288-pieces\/","title":{"rendered":"MOC-45221 Imperiales Hangar-Display mit 5288 Teilen"},"content":{"rendered":"<ol>\n<li>Marke: MOC<\/li>\n<li>Geschlecht: Unisex<\/li>\n<li>Name: Imperiale Hangar-Anzeige<\/li>\n<li>Altersspanne: &gt; 6 Jahre alt<\/li>\n<li>Modellnummer: 45221<\/li>\n<li>Einstufung: Assemblage<\/li>\n<li>Kunststoffblockform: Selbstsichernde Steine<\/li>\n<li>Material: Kunststoff<\/li>\n<li>Kunststofftyp: ABS<\/li>\n<li>Ziegelsteine: 5288 ST\u00dcCKE<\/li>\n<li>Enth\u00e4lt eine ausf\u00fchrliche Montageanleitung.<\/li>\n<\/ol>\n<p>Notiz:<br \/>\n1. Ohne Originalverpackung, aber wir garantieren, dass unsere Produkte eine Qualit\u00e4tssicherung und eine sch\u00f6ne Verpackung haben.<br \/>\n2. Wie alle Teile, die wir vor dem Versand \u00fcberpr\u00fcft haben, machen Sie sich keine Sorgen, wenn Sie feststellen, dass einige Teile fehlen oder besch\u00e4digt sind, und kontaktieren Sie uns einfach, und wir k\u00f6nnen sie Ihnen umgehend kostenlos erneut zusenden.<\/p>\n<figure id=\"attachment_39332\" aria-describedby=\"caption-attachment-39332\" style=\"width: 1004px\" class=\"wp-caption aligncenter\"><img fetchpriority=\"high\" decoding=\"async\" class=\"wp-image-39332 size-full\" src=\"https:\/\/mouldking.store\/wp-content\/uploads\/2023\/01\/MOC-45221-Star-Wars-Imperial-Hangar-Display-MOC-FACTORY.png\" alt=\"MOC-45221 Imperial Hangar Display With 5288 Pieces\" width=\"1004\" height=\"1004\" title=\"-\"><figcaption id=\"caption-attachment-39332\" class=\"wp-caption-text\">MOC-45221 Imperiales Hangar-Display mit 5288 Teilen<\/figcaption><\/figure>\n<figure id=\"attachment_39333\" aria-describedby=\"caption-attachment-39333\" style=\"width: 1000px\" class=\"wp-caption aligncenter\"><img decoding=\"async\" class=\"wp-image-39333 size-full\" src=\"https:\/\/mouldking.store\/wp-content\/uploads\/2023\/01\/Imperial-Hangar-Display-MOC-45221-2.png\" alt=\"MOC-45221 Imperial Hangar Display With 5288 Pieces\" width=\"1000\" height=\"562\" title=\"-\"><figcaption id=\"caption-attachment-39333\" class=\"wp-caption-text\">MOC-45221 Imperiales Hangar-Display mit 5288 Teilen<\/figcaption><\/figure>\n<figure id=\"attachment_39334\" aria-describedby=\"caption-attachment-39334\" style=\"width: 1920px\" class=\"wp-caption aligncenter\"><img decoding=\"async\" class=\"wp-image-39334 size-full\" src=\"https:\/\/mouldking.store\/wp-content\/uploads\/2023\/01\/Imperial-Hangar-Display-MOC-45221-3.png\" alt=\"MOC-45221 Imperial Hangar Display With 5288 Pieces\" width=\"1920\" height=\"1080\" title=\"-\"><figcaption id=\"caption-attachment-39334\" class=\"wp-caption-text\">MOC-45221 Imperiales Hangar-Display mit 5288 Teilen<\/figcaption><\/figure>\n<figure id=\"attachment_39335\" aria-describedby=\"caption-attachment-39335\" style=\"width: 1920px\" class=\"wp-caption aligncenter\"><img loading=\"lazy\" decoding=\"async\" class=\"wp-image-39335 size-full\" src=\"https:\/\/mouldking.store\/wp-content\/uploads\/2023\/01\/Imperial-Hangar-Display-MOC-45221-4.png\" alt=\"MOC-45221 Imperial Hangar Display With 5288 Pieces\" width=\"1920\" height=\"1080\" title=\"-\"><figcaption id=\"caption-attachment-39335\" class=\"wp-caption-text\">MOC-45221 Imperiales Hangar-Display mit 5288 Teilen<\/figcaption><\/figure>\n<figure id=\"attachment_39336\" aria-describedby=\"caption-attachment-39336\" style=\"width: 1920px\" class=\"wp-caption aligncenter\"><img loading=\"lazy\" decoding=\"async\" class=\"wp-image-39336 size-full\" src=\"https:\/\/mouldking.store\/wp-content\/uploads\/2023\/01\/Imperial-Hangar-Display-MOC-45221-5.png\" alt=\"MOC-45221 Imperial Hangar Display With 5288 Pieces\" width=\"1920\" height=\"1080\" title=\"-\"><figcaption id=\"caption-attachment-39336\" class=\"wp-caption-text\">MOC-45221 Imperiales Hangar-Display mit 5288 Teilen<\/figcaption><\/figure>\n<figure id=\"attachment_39337\" aria-describedby=\"caption-attachment-39337\" style=\"width: 1920px\" class=\"wp-caption aligncenter\"><img loading=\"lazy\" decoding=\"async\" class=\"wp-image-39337 size-full\" src=\"https:\/\/mouldking.store\/wp-content\/uploads\/2023\/01\/Imperial-Hangar-Display-MOC-45221-6.png\" alt=\"MOC-45221 Imperial Hangar Display With 5288 Pieces\" width=\"1920\" height=\"1080\" title=\"-\"><figcaption id=\"caption-attachment-39337\" class=\"wp-caption-text\">MOC-45221 Imperiales Hangar-Display mit 5288 Teilen<\/figcaption><\/figure>","protected":false},"excerpt":{"rendered":"<p>PDF-Bauanleitung<\/p>\n<p>Ohne Originalverpackung<\/p>\n<p>Zeiteinteilung: 4-8 Wochen<\/p>","protected":false},"featured_media":39332,"comment_status":"closed","ping_status":"closed","template":"","meta":{"_acf_changed":false},"product_cat":[15],"product_tag":[10665,10664,8443,10666,430,10663,10667,10662],"class_list":["product","first","instock","shipping-taxable","purchasable","product-type-simple"],"acf":[],"_links":{"self":[{"href":"https:\/\/mouldking.store\/de\/wp-json\/wp\/v2\/product\/39331","targetHints":{"allow":["GET"]}}],"collection":[{"href":"https:\/\/mouldking.store\/de\/wp-json\/wp\/v2\/product"}],"about":[{"href":"https:\/\/mouldking.store\/de\/wp-json\/wp\/v2\/types\/product"}],"replies":[{"embeddable":true,"href":"https:\/\/mouldking.store\/de\/wp-json\/wp\/v2\/comments?post=39331"}],"wp:featuredmedia":[{"embeddable":true,"href":"https:\/\/mouldking.store\/de\/wp-json\/wp\/v2\/media\/39332"}],"wp:attachment":[{"href":"https:\/\/mouldking.store\/de\/wp-json\/wp\/v2\/media?parent=39331"}],"wp:term":[{"taxonomy":"product_cat","embeddable":true,"href":"https:\/\/mouldking.store\/de\/wp-json\/wp\/v2\/product_cat?post=39331"},{"taxonomy":"product_tag","embeddable":true,"href":"https:\/\/mouldking.store\/de\/wp-json\/wp\/v2\/product_tag?post=39331"}],"curies":[{"name":"wp","href":"https:\/\/api.w.org\/{rel}","templated":true}]}}