{"id":39338,"date":"2023-01-03T15:40:08","date_gmt":"2023-01-03T08:40:08","guid":{"rendered":"https:\/\/mouldking.store\/?post_type=product&#038;p=39338"},"modified":"2025-12-25T09:11:50","modified_gmt":"2025-12-25T02:11:50","slug":"moc-113467-ucs-white-tree-castle-with-40179-pieces","status":"publish","type":"product","link":"https:\/\/mouldking.store\/de\/shop\/moc-113467-ucs-white-tree-castle-with-40179-pieces\/","title":{"rendered":"MOC-113467 UCS White Tree Castle mit 40179 Teilen"},"content":{"rendered":"<ol>\n<li>Marke: MOC<\/li>\n<li>Geschlecht: Unisex<\/li>\n<li>Name: UCS White Tree Castle<\/li>\n<li>Altersspanne: &gt; 6 Jahre alt<\/li>\n<li>Modellnummer: 113467<\/li>\n<li>Einstufung: Assemblage<\/li>\n<li>Kunststoffblockform: Selbstsichernde Steine<\/li>\n<li>Material: Kunststoff<\/li>\n<li>Kunststofftyp: ABS<\/li>\n<li>Ziegelsteine: 40179 ST\u00dcCKE<\/li>\n<li>Enth\u00e4lt eine ausf\u00fchrliche Montageanleitung.<\/li>\n<\/ol>\n<p>Notiz:<br \/>\n1. Ohne Originalverpackung, aber wir garantieren, dass unsere Produkte eine Qualit\u00e4tssicherung und eine sch\u00f6ne Verpackung haben.<br \/>\n2. Wie alle Teile, die wir vor dem Versand \u00fcberpr\u00fcft haben, machen Sie sich keine Sorgen, wenn Sie feststellen, dass einige Teile fehlen oder besch\u00e4digt sind, und kontaktieren Sie uns einfach, und wir k\u00f6nnen sie Ihnen umgehend kostenlos erneut zusenden.<\/p>\n<figure id=\"attachment_39339\" aria-describedby=\"caption-attachment-39339\" style=\"width: 1004px\" class=\"wp-caption aligncenter\"><img fetchpriority=\"high\" decoding=\"async\" class=\"wp-image-39339 size-full\" src=\"https:\/\/mouldking.store\/wp-content\/uploads\/2023\/01\/MOC-113467-Modular-Building-UCS-White-Tree-Castle-MOC-FACTORY.png\" alt=\"MOC-113467 UCS White Tree Castle With 40179 Pieces\" width=\"1004\" height=\"1004\" title=\"-\"><figcaption id=\"caption-attachment-39339\" class=\"wp-caption-text\">MOC-113467 UCS White Tree Castle mit 40179 Teilen<\/figcaption><\/figure>\n<figure id=\"attachment_39340\" aria-describedby=\"caption-attachment-39340\" style=\"width: 800px\" class=\"wp-caption aligncenter\"><img decoding=\"async\" class=\"wp-image-39340 size-full\" src=\"https:\/\/mouldking.store\/wp-content\/uploads\/2023\/01\/UCS-White-Tree-Castle-MOC-113467-2.png\" alt=\"MOC-113467 UCS White Tree Castle With 40179 Pieces\" width=\"800\" height=\"600\" title=\"-\"><figcaption id=\"caption-attachment-39340\" class=\"wp-caption-text\">MOC-113467 UCS White Tree Castle mit 40179 Teilen<\/figcaption><\/figure>\n<figure id=\"attachment_39341\" aria-describedby=\"caption-attachment-39341\" style=\"width: 800px\" class=\"wp-caption aligncenter\"><img decoding=\"async\" class=\"wp-image-39341 size-full\" src=\"https:\/\/mouldking.store\/wp-content\/uploads\/2023\/01\/UCS-White-Tree-Castle-MOC-113467-3.png\" alt=\"MOC-113467 UCS White Tree Castle With 40179 Pieces\" width=\"800\" height=\"600\" title=\"-\"><figcaption id=\"caption-attachment-39341\" class=\"wp-caption-text\">MOC-113467 UCS White Tree Castle mit 40179 Teilen<\/figcaption><\/figure>\n<figure id=\"attachment_39342\" aria-describedby=\"caption-attachment-39342\" style=\"width: 800px\" class=\"wp-caption aligncenter\"><img loading=\"lazy\" decoding=\"async\" class=\"wp-image-39342 size-full\" src=\"https:\/\/mouldking.store\/wp-content\/uploads\/2023\/01\/UCS-White-Tree-Castle-MOC-113467-4.png\" alt=\"MOC-113467 UCS White Tree Castle With 40179 Pieces\" width=\"800\" height=\"600\" title=\"-\"><figcaption id=\"caption-attachment-39342\" class=\"wp-caption-text\">MOC-113467 UCS White Tree Castle mit 40179 Teilen<\/figcaption><\/figure>\n<figure id=\"attachment_39343\" aria-describedby=\"caption-attachment-39343\" style=\"width: 800px\" class=\"wp-caption aligncenter\"><img loading=\"lazy\" decoding=\"async\" class=\"wp-image-39343 size-full\" src=\"https:\/\/mouldking.store\/wp-content\/uploads\/2023\/01\/UCS-White-Tree-Castle-MOC-113467-5.png\" alt=\"MOC-113467 UCS White Tree Castle With 40179 Pieces\" width=\"800\" height=\"600\" title=\"-\"><figcaption id=\"caption-attachment-39343\" class=\"wp-caption-text\">MOC-113467 UCS White Tree Castle mit 40179 Teilen<\/figcaption><\/figure>\n<figure id=\"attachment_39344\" aria-describedby=\"caption-attachment-39344\" style=\"width: 800px\" class=\"wp-caption aligncenter\"><img loading=\"lazy\" decoding=\"async\" class=\"wp-image-39344 size-full\" src=\"https:\/\/mouldking.store\/wp-content\/uploads\/2023\/01\/UCS-White-Tree-Castle-MOC-113467-6.png\" alt=\"MOC-113467 UCS White Tree Castle With 40179 Pieces\" width=\"800\" height=\"600\" title=\"-\"><figcaption id=\"caption-attachment-39344\" class=\"wp-caption-text\">MOC-113467 UCS White Tree Castle mit 40179 Teilen<\/figcaption><\/figure>","protected":false},"excerpt":{"rendered":"<p>PDF-Bauanleitung<\/p>\n<p>Ohne Originalverpackung<\/p>\n<p>Zeiteinteilung: 4-8 Wochen<\/p>","protected":false},"featured_media":39339,"comment_status":"closed","ping_status":"closed","template":"","meta":{"_acf_changed":false},"product_cat":[1395,390],"product_tag":[787,430,10669,10673,10668,5983,4093,10672,1461,10670,10671],"class_list":["product","first","instock","shipping-taxable","purchasable","product-type-simple"],"acf":[],"_links":{"self":[{"href":"https:\/\/mouldking.store\/de\/wp-json\/wp\/v2\/product\/39338","targetHints":{"allow":["GET"]}}],"collection":[{"href":"https:\/\/mouldking.store\/de\/wp-json\/wp\/v2\/product"}],"about":[{"href":"https:\/\/mouldking.store\/de\/wp-json\/wp\/v2\/types\/product"}],"replies":[{"embeddable":true,"href":"https:\/\/mouldking.store\/de\/wp-json\/wp\/v2\/comments?post=39338"}],"wp:featuredmedia":[{"embeddable":true,"href":"https:\/\/mouldking.store\/de\/wp-json\/wp\/v2\/media\/39339"}],"wp:attachment":[{"href":"https:\/\/mouldking.store\/de\/wp-json\/wp\/v2\/media?parent=39338"}],"wp:term":[{"taxonomy":"product_cat","embeddable":true,"href":"https:\/\/mouldking.store\/de\/wp-json\/wp\/v2\/product_cat?post=39338"},{"taxonomy":"product_tag","embeddable":true,"href":"https:\/\/mouldking.store\/de\/wp-json\/wp\/v2\/product_tag?post=39338"}],"curies":[{"name":"wp","href":"https:\/\/api.w.org\/{rel}","templated":true}]}}