{"id":39346,"date":"2023-01-03T15:46:46","date_gmt":"2023-01-03T08:46:46","guid":{"rendered":"https:\/\/mouldking.store\/?post_type=product&#038;p=39346"},"modified":"2025-12-25T09:11:50","modified_gmt":"2025-12-25T02:11:50","slug":"moc-69457-docking-bay-327-with-10061-pieces","status":"publish","type":"product","link":"https:\/\/mouldking.store\/de\/shop\/moc-69457-docking-bay-327-with-10061-pieces\/","title":{"rendered":"MOC-69457 Docking Bay 327 mit 10061 St\u00fcck"},"content":{"rendered":"<ol>\n<li>Marke: MOC<\/li>\n<li>Geschlecht: Unisex<\/li>\n<li>Name: Andockbucht 327<\/li>\n<li>Altersspanne: &gt; 6 Jahre alt<\/li>\n<li>Modellnummer: 69457<\/li>\n<li>Einstufung: Assemblage<\/li>\n<li>Kunststoffblockform: Selbstsichernde Steine<\/li>\n<li>Material: Kunststoff<\/li>\n<li>Kunststofftyp: ABS<\/li>\n<li>Ziegelsteine: 10061 St\u00fcck<\/li>\n<li>Enth\u00e4lt eine ausf\u00fchrliche Montageanleitung.<\/li>\n<\/ol>\n<p>Notiz:<br \/>\n1. Ohne Originalverpackung, aber wir garantieren, dass unsere Produkte eine Qualit\u00e4tssicherung und eine sch\u00f6ne Verpackung haben.<br \/>\n2. Wie alle Teile, die wir vor dem Versand \u00fcberpr\u00fcft haben, machen Sie sich keine Sorgen, wenn Sie feststellen, dass einige Teile fehlen oder besch\u00e4digt sind, und kontaktieren Sie uns einfach, und wir k\u00f6nnen sie Ihnen umgehend kostenlos erneut zusenden.<\/p>\n<figure id=\"attachment_39347\" aria-describedby=\"caption-attachment-39347\" style=\"width: 1004px\" class=\"wp-caption aligncenter\"><img fetchpriority=\"high\" decoding=\"async\" class=\"wp-image-39347 size-full\" src=\"https:\/\/mouldking.store\/wp-content\/uploads\/2023\/01\/MOC-69457-Star-Wars-Docking-Bay-327-MOC-FACTORY.png\" alt=\"MOC-69457 Docking Bay 327 With 10061 Pieces\" width=\"1004\" height=\"1004\" title=\"-\"><figcaption id=\"caption-attachment-39347\" class=\"wp-caption-text\">MOC-69457 Docking Bay 327 mit 10061 St\u00fcck<\/figcaption><\/figure>\n<figure id=\"attachment_39348\" aria-describedby=\"caption-attachment-39348\" style=\"width: 2048px\" class=\"wp-caption aligncenter\"><img decoding=\"async\" class=\"wp-image-39348 size-full\" src=\"https:\/\/mouldking.store\/wp-content\/uploads\/2023\/01\/Docking-Bay-327-MOC-69457-2.png\" alt=\"MOC-69457 Docking Bay 327 With 10061 Pieces\" width=\"2048\" height=\"1536\" title=\"-\"><figcaption id=\"caption-attachment-39348\" class=\"wp-caption-text\">MOC-69457 Docking Bay 327 mit 10061 St\u00fcck<\/figcaption><\/figure>\n<figure id=\"attachment_39349\" aria-describedby=\"caption-attachment-39349\" style=\"width: 2048px\" class=\"wp-caption aligncenter\"><img decoding=\"async\" class=\"wp-image-39349 size-full\" src=\"https:\/\/mouldking.store\/wp-content\/uploads\/2023\/01\/Docking-Bay-327-MOC-69457-3.png\" alt=\"MOC-69457 Docking Bay 327 With 10061 Pieces\" width=\"2048\" height=\"1536\" title=\"-\"><figcaption id=\"caption-attachment-39349\" class=\"wp-caption-text\">MOC-69457 Docking Bay 327 mit 10061 St\u00fcck<\/figcaption><\/figure>\n<figure id=\"attachment_39350\" aria-describedby=\"caption-attachment-39350\" style=\"width: 2048px\" class=\"wp-caption aligncenter\"><img loading=\"lazy\" decoding=\"async\" class=\"wp-image-39350 size-full\" src=\"https:\/\/mouldking.store\/wp-content\/uploads\/2023\/01\/Docking-Bay-327-MOC-69457-4.png\" alt=\"MOC-69457 Docking Bay 327 With 10061 Pieces\" width=\"2048\" height=\"1583\" title=\"-\"><figcaption id=\"caption-attachment-39350\" class=\"wp-caption-text\">MOC-69457 Docking Bay 327 mit 10061 St\u00fcck<\/figcaption><\/figure>\n<figure id=\"attachment_39351\" aria-describedby=\"caption-attachment-39351\" style=\"width: 2048px\" class=\"wp-caption aligncenter\"><img loading=\"lazy\" decoding=\"async\" class=\"wp-image-39351 size-full\" src=\"https:\/\/mouldking.store\/wp-content\/uploads\/2023\/01\/Docking-Bay-327-MOC-69457-5.png\" alt=\"MOC-69457 Docking Bay 327 With 10061 Pieces\" width=\"2048\" height=\"1536\" title=\"-\"><figcaption id=\"caption-attachment-39351\" class=\"wp-caption-text\">MOC-69457 Docking Bay 327 mit 10061 St\u00fcck<\/figcaption><\/figure>\n<figure id=\"attachment_39352\" aria-describedby=\"caption-attachment-39352\" style=\"width: 2048px\" class=\"wp-caption aligncenter\"><img loading=\"lazy\" decoding=\"async\" class=\"wp-image-39352 size-full\" src=\"https:\/\/mouldking.store\/wp-content\/uploads\/2023\/01\/Docking-Bay-327-MOC-69457-6.png\" alt=\"MOC-69457 Docking Bay 327 With 10061 Pieces\" width=\"2048\" height=\"1536\" title=\"-\"><figcaption id=\"caption-attachment-39352\" class=\"wp-caption-text\">MOC-69457 Docking Bay 327 mit 10061 St\u00fcck<\/figcaption><\/figure>","protected":false},"excerpt":{"rendered":"<p>PDF-Bauanleitung<\/p>\n<p>Ohne Originalverpackung<\/p>\n<p>Zeiteinteilung: 4-8 Wochen<\/p>","protected":false},"featured_media":39347,"comment_status":"closed","ping_status":"closed","template":"","meta":{"_acf_changed":false},"product_cat":[415],"product_tag":[5564,10676,10677,10678,430,10675,10679,10674],"class_list":["product","first","instock","shipping-taxable","purchasable","product-type-simple"],"acf":[],"_links":{"self":[{"href":"https:\/\/mouldking.store\/de\/wp-json\/wp\/v2\/product\/39346","targetHints":{"allow":["GET"]}}],"collection":[{"href":"https:\/\/mouldking.store\/de\/wp-json\/wp\/v2\/product"}],"about":[{"href":"https:\/\/mouldking.store\/de\/wp-json\/wp\/v2\/types\/product"}],"replies":[{"embeddable":true,"href":"https:\/\/mouldking.store\/de\/wp-json\/wp\/v2\/comments?post=39346"}],"wp:featuredmedia":[{"embeddable":true,"href":"https:\/\/mouldking.store\/de\/wp-json\/wp\/v2\/media\/39347"}],"wp:attachment":[{"href":"https:\/\/mouldking.store\/de\/wp-json\/wp\/v2\/media?parent=39346"}],"wp:term":[{"taxonomy":"product_cat","embeddable":true,"href":"https:\/\/mouldking.store\/de\/wp-json\/wp\/v2\/product_cat?post=39346"},{"taxonomy":"product_tag","embeddable":true,"href":"https:\/\/mouldking.store\/de\/wp-json\/wp\/v2\/product_tag?post=39346"}],"curies":[{"name":"wp","href":"https:\/\/api.w.org\/{rel}","templated":true}]}}