{"id":39367,"date":"2023-01-03T16:32:36","date_gmt":"2023-01-03T09:32:36","guid":{"rendered":"https:\/\/mouldking.store\/?post_type=product&#038;p=39367"},"modified":"2025-12-25T09:11:50","modified_gmt":"2025-12-25T02:11:50","slug":"moc-124926-rancor-pit-bounty-hunters-throne-room-with-442-pieces","status":"publish","type":"product","link":"https:\/\/mouldking.store\/de\/shop\/moc-124926-rancor-pit-bounty-hunters-throne-room-with-442-pieces\/","title":{"rendered":"MOC-124926 Rancor Pit Bounty Hunter&#039;s Throne Room mit 442 Teilen"},"content":{"rendered":"<ol>\n<li>Marke: MOC<\/li>\n<li>Geschlecht: Unisex<\/li>\n<li>Name: Rancor Pit Bounty Hunter\u2019s Throne Room<\/li>\n<li>Altersspanne: &gt; 6 Jahre alt<\/li>\n<li>Modellnummer: 124926<\/li>\n<li>Einstufung: Assemblage<\/li>\n<li>Kunststoffblockform: Selbstsichernde Steine<\/li>\n<li>Material: Kunststoff<\/li>\n<li>Kunststofftyp: ABS<\/li>\n<li>Ziegelsteine: 442 ST\u00dcCKE<\/li>\n<li>Enth\u00e4lt eine ausf\u00fchrliche Montageanleitung.<\/li>\n<\/ol>\n<p>Notiz:<br \/>\n1. Ohne Originalverpackung, aber wir garantieren, dass unsere Produkte eine Qualit\u00e4tssicherung und eine sch\u00f6ne Verpackung haben.<br \/>\n2. Wie alle Teile, die wir vor dem Versand \u00fcberpr\u00fcft haben, machen Sie sich keine Sorgen, wenn Sie feststellen, dass einige Teile fehlen oder besch\u00e4digt sind, und kontaktieren Sie uns einfach, und wir k\u00f6nnen sie Ihnen umgehend kostenlos erneut zusenden.<\/p>\n<figure id=\"attachment_39368\" aria-describedby=\"caption-attachment-39368\" style=\"width: 1004px\" class=\"wp-caption aligncenter\"><img fetchpriority=\"high\" decoding=\"async\" class=\"wp-image-39368 size-full\" src=\"https:\/\/mouldking.store\/wp-content\/uploads\/2023\/01\/MOC-124926-Star-Wars-Rancor-Pit-Bounty-Hunters-Throne-Room-MOC-FACTORY.png\" alt=\"MOC-124926 Rancor Pit Bounty Hunter\u2019s Throne Room With 442 Pieces\" width=\"1004\" height=\"1004\" title=\"-\"><figcaption id=\"caption-attachment-39368\" class=\"wp-caption-text\">MOC-124926 Rancor Pit Bounty Hunter&#039;s Throne Room mit 442 Teilen<\/figcaption><\/figure>\n<figure id=\"attachment_39369\" aria-describedby=\"caption-attachment-39369\" style=\"width: 1920px\" class=\"wp-caption aligncenter\"><img decoding=\"async\" class=\"wp-image-39369 size-full\" src=\"https:\/\/mouldking.store\/wp-content\/uploads\/2023\/01\/Rancor-Pit-Bounty-Hunters-Throne-Room-MOC-124926-2.png\" alt=\"MOC-124926 Rancor Pit Bounty Hunter\u2019s Throne Room With 442 Pieces\" width=\"1920\" height=\"1080\" title=\"-\"><figcaption id=\"caption-attachment-39369\" class=\"wp-caption-text\">MOC-124926 Rancor Pit Bounty Hunter&#039;s Throne Room mit 442 Teilen<\/figcaption><\/figure>\n<figure id=\"attachment_39370\" aria-describedby=\"caption-attachment-39370\" style=\"width: 1920px\" class=\"wp-caption aligncenter\"><img decoding=\"async\" class=\"wp-image-39370 size-full\" src=\"https:\/\/mouldking.store\/wp-content\/uploads\/2023\/01\/Rancor-Pit-Bounty-Hunters-Throne-Room-MOC-124926-3.png\" alt=\"MOC-124926 Rancor Pit Bounty Hunter\u2019s Throne Room With 442 Pieces\" width=\"1920\" height=\"1080\" title=\"-\"><figcaption id=\"caption-attachment-39370\" class=\"wp-caption-text\">MOC-124926 Rancor Pit Bounty Hunter&#039;s Throne Room mit 442 Teilen<\/figcaption><\/figure>\n<figure id=\"attachment_39371\" aria-describedby=\"caption-attachment-39371\" style=\"width: 1920px\" class=\"wp-caption aligncenter\"><img loading=\"lazy\" decoding=\"async\" class=\"wp-image-39371 size-full\" src=\"https:\/\/mouldking.store\/wp-content\/uploads\/2023\/01\/Rancor-Pit-Bounty-Hunters-Throne-Room-MOC-124926-4.png\" alt=\"MOC-124926 Rancor Pit Bounty Hunter\u2019s Throne Room With 442 Pieces\" width=\"1920\" height=\"1080\" title=\"-\"><figcaption id=\"caption-attachment-39371\" class=\"wp-caption-text\">MOC-124926 Rancor Pit Bounty Hunter&#039;s Throne Room mit 442 Teilen<\/figcaption><\/figure>","protected":false},"excerpt":{"rendered":"<p>PDF-Bauanleitung<\/p>\n<p>Ohne Originalverpackung<\/p>\n<p>Zeiteinteilung: 4-8 Wochen<\/p>","protected":false},"featured_media":39368,"comment_status":"closed","ping_status":"closed","template":"","meta":{"_acf_changed":false},"product_cat":[415],"product_tag":[10700,10701,430,10698,10703,10697,10699,10702,9141],"class_list":["product","first","instock","shipping-taxable","purchasable","product-type-simple"],"acf":[],"_links":{"self":[{"href":"https:\/\/mouldking.store\/de\/wp-json\/wp\/v2\/product\/39367","targetHints":{"allow":["GET"]}}],"collection":[{"href":"https:\/\/mouldking.store\/de\/wp-json\/wp\/v2\/product"}],"about":[{"href":"https:\/\/mouldking.store\/de\/wp-json\/wp\/v2\/types\/product"}],"replies":[{"embeddable":true,"href":"https:\/\/mouldking.store\/de\/wp-json\/wp\/v2\/comments?post=39367"}],"wp:featuredmedia":[{"embeddable":true,"href":"https:\/\/mouldking.store\/de\/wp-json\/wp\/v2\/media\/39368"}],"wp:attachment":[{"href":"https:\/\/mouldking.store\/de\/wp-json\/wp\/v2\/media?parent=39367"}],"wp:term":[{"taxonomy":"product_cat","embeddable":true,"href":"https:\/\/mouldking.store\/de\/wp-json\/wp\/v2\/product_cat?post=39367"},{"taxonomy":"product_tag","embeddable":true,"href":"https:\/\/mouldking.store\/de\/wp-json\/wp\/v2\/product_tag?post=39367"}],"curies":[{"name":"wp","href":"https:\/\/api.w.org\/{rel}","templated":true}]}}