{"id":39377,"date":"2023-01-03T16:45:22","date_gmt":"2023-01-03T09:45:22","guid":{"rendered":"https:\/\/mouldking.store\/?post_type=product&#038;p=39377"},"modified":"2025-12-25T09:11:50","modified_gmt":"2025-12-25T02:11:50","slug":"moc-126262-the-lord-of-the-rings-barad-dur-dark-tower-with-5996-pieces","status":"publish","type":"product","link":"https:\/\/mouldking.store\/de\/shop\/moc-126262-the-lord-of-the-rings-barad-dur-dark-tower-with-5996-pieces\/","title":{"rendered":"MOC-126262 Der Herr der Ringe Barad-d\u00fbr Dunkler Turm mit 5996 Teilen"},"content":{"rendered":"<ol>\n<li>Marke: MOC<\/li>\n<li>Geschlecht: Unisex<\/li>\n<li>Name: Der Herr der Ringe Dunkler Turm von Barad-d\u00fbr<\/li>\n<li>Altersspanne: &gt; 6 Jahre alt<\/li>\n<li>Modellnummer: 126262<\/li>\n<li>Einstufung: Assemblage<\/li>\n<li>Kunststoffblockform: Selbstsichernde Steine<\/li>\n<li>Material: Kunststoff<\/li>\n<li>Kunststofftyp: ABS<\/li>\n<li>Ziegelsteine: 5996 ST\u00dcCKE<\/li>\n<li>Gr\u00f6\u00dfe: 31 x 27 x 62 cm<\/li>\n<li>Enth\u00e4lt eine ausf\u00fchrliche Montageanleitung.<\/li>\n<\/ol>\n<p>Notiz:<br \/>\n1. Ohne Originalverpackung, aber wir garantieren, dass unsere Produkte eine Qualit\u00e4tssicherung und eine sch\u00f6ne Verpackung haben.<br \/>\n2. Wie alle Teile, die wir vor dem Versand \u00fcberpr\u00fcft haben, machen Sie sich keine Sorgen, wenn Sie feststellen, dass einige Teile fehlen oder besch\u00e4digt sind, und kontaktieren Sie uns einfach, und wir k\u00f6nnen sie Ihnen umgehend kostenlos erneut zusenden.<\/p>\n<figure id=\"attachment_39378\" aria-describedby=\"caption-attachment-39378\" style=\"width: 1004px\" class=\"wp-caption aligncenter\"><img fetchpriority=\"high\" decoding=\"async\" class=\"wp-image-39378 size-full\" src=\"https:\/\/mouldking.store\/wp-content\/uploads\/2023\/01\/MOC-126262-Movie-The-Lord-of-the-Rings-Barad-dur-Dark-Tower-MOC-FACTORY.png\" alt=\"MOC-126262 The Lord of the Rings Barad-d\u00fbr Dark Tower With 5996 Pieces\" width=\"1004\" height=\"1004\" title=\"-\"><figcaption id=\"caption-attachment-39378\" class=\"wp-caption-text\">MOC-126262 Der Herr der Ringe Barad-d\u00fbr Dunkler Turm mit 5996 Teilen<\/figcaption><\/figure>\n<figure id=\"attachment_39379\" aria-describedby=\"caption-attachment-39379\" style=\"width: 1080px\" class=\"wp-caption aligncenter\"><img decoding=\"async\" class=\"wp-image-39379 size-full\" src=\"https:\/\/mouldking.store\/wp-content\/uploads\/2023\/01\/The-Lord-of-the-Rings-Barad-dur-Dark-Tower-MOC-126262-2.png\" alt=\"MOC-126262 The Lord of the Rings Barad-d\u00fbr Dark Tower With 5996 Pieces\" width=\"1080\" height=\"1920\" title=\"-\"><figcaption id=\"caption-attachment-39379\" class=\"wp-caption-text\">MOC-126262 Der Herr der Ringe Barad-d\u00fbr Dunkler Turm mit 5996 Teilen<\/figcaption><\/figure>\n<figure id=\"attachment_39380\" aria-describedby=\"caption-attachment-39380\" style=\"width: 4032px\" class=\"wp-caption aligncenter\"><img decoding=\"async\" class=\"wp-image-39380 size-full\" src=\"https:\/\/mouldking.store\/wp-content\/uploads\/2023\/01\/The-Lord-of-the-Rings-Barad-dur-Dark-Tower-MOC-126262-3.jpg\" alt=\"MOC-126262 The Lord of the Rings Barad-d\u00fbr Dark Tower With 5996 Pieces\" width=\"4032\" height=\"2268\" title=\"-\"><figcaption id=\"caption-attachment-39380\" class=\"wp-caption-text\">MOC-126262 Der Herr der Ringe Barad-d\u00fbr Dunkler Turm mit 5996 Teilen<\/figcaption><\/figure>","protected":false},"excerpt":{"rendered":"<p>PDF-Bauanleitung<\/p>\n<p>Ohne Originalverpackung<\/p>\n<p>Zeiteinteilung: 4-8 Wochen<\/p>","protected":false},"featured_media":39378,"comment_status":"closed","ping_status":"closed","template":"","meta":{"_acf_changed":false},"product_cat":[415],"product_tag":[10711,10713,10712,430,10710,10715,10709,6169,10714],"class_list":["product","first","instock","shipping-taxable","purchasable","product-type-simple"],"acf":[],"_links":{"self":[{"href":"https:\/\/mouldking.store\/de\/wp-json\/wp\/v2\/product\/39377","targetHints":{"allow":["GET"]}}],"collection":[{"href":"https:\/\/mouldking.store\/de\/wp-json\/wp\/v2\/product"}],"about":[{"href":"https:\/\/mouldking.store\/de\/wp-json\/wp\/v2\/types\/product"}],"replies":[{"embeddable":true,"href":"https:\/\/mouldking.store\/de\/wp-json\/wp\/v2\/comments?post=39377"}],"wp:featuredmedia":[{"embeddable":true,"href":"https:\/\/mouldking.store\/de\/wp-json\/wp\/v2\/media\/39378"}],"wp:attachment":[{"href":"https:\/\/mouldking.store\/de\/wp-json\/wp\/v2\/media?parent=39377"}],"wp:term":[{"taxonomy":"product_cat","embeddable":true,"href":"https:\/\/mouldking.store\/de\/wp-json\/wp\/v2\/product_cat?post=39377"},{"taxonomy":"product_tag","embeddable":true,"href":"https:\/\/mouldking.store\/de\/wp-json\/wp\/v2\/product_tag?post=39377"}],"curies":[{"name":"wp","href":"https:\/\/api.w.org\/{rel}","templated":true}]}}