{"id":39384,"date":"2023-01-03T16:58:13","date_gmt":"2023-01-03T09:58:13","guid":{"rendered":"https:\/\/mouldking.store\/?post_type=product&#038;p=39384"},"modified":"2025-12-25T09:11:50","modified_gmt":"2025-12-25T02:11:50","slug":"moc-122034-wolfs-head-grond-with-2486-pieces","status":"publish","type":"product","link":"https:\/\/mouldking.store\/de\/shop\/moc-122034-wolfs-head-grond-with-2486-pieces\/","title":{"rendered":"MOC-122034 Wolfskopf Grond mit 2486 Teilen"},"content":{"rendered":"<ol>\n<li>Marke: MOC<\/li>\n<li>Geschlecht: Unisex<\/li>\n<li>Name: Wolf\u2019s Head Grond<\/li>\n<li>Altersspanne: &gt; 6 Jahre alt<\/li>\n<li>Modellnummer: 122034<\/li>\n<li>Einstufung: Assemblage<\/li>\n<li>Kunststoffblockform: Selbstsichernde Steine<\/li>\n<li>Material: Kunststoff<\/li>\n<li>Kunststofftyp: ABS<\/li>\n<li>Bricks Blocks:2486 PCS<\/li>\n<li>Enth\u00e4lt eine ausf\u00fchrliche Montageanleitung.<\/li>\n<\/ol>\n<p>Notiz:<br \/>\n1. Ohne Originalverpackung, aber wir garantieren, dass unsere Produkte eine Qualit\u00e4tssicherung und eine sch\u00f6ne Verpackung haben.<br \/>\n2. Wie alle Teile, die wir vor dem Versand \u00fcberpr\u00fcft haben, machen Sie sich keine Sorgen, wenn Sie feststellen, dass einige Teile fehlen oder besch\u00e4digt sind, und kontaktieren Sie uns einfach, und wir k\u00f6nnen sie Ihnen umgehend kostenlos erneut zusenden.<\/p>\n<figure id=\"attachment_39385\" aria-describedby=\"caption-attachment-39385\" style=\"width: 1004px\" class=\"wp-caption aligncenter\"><img fetchpriority=\"high\" decoding=\"async\" class=\"wp-image-39385 size-full\" src=\"https:\/\/mouldking.store\/wp-content\/uploads\/2023\/01\/MOC-122034-Movie-Wolfs-Head-Grond-MOC-FACTORY.png\" alt=\"MOC-122034 Wolf\u2019s Head Grond With 2486 Pieces\" width=\"1004\" height=\"1004\" title=\"-\"><figcaption id=\"caption-attachment-39385\" class=\"wp-caption-text\">MOC-122034 Wolfskopf Grond mit 2486 Teilen<\/figcaption><\/figure>\n<figure id=\"attachment_39386\" aria-describedby=\"caption-attachment-39386\" style=\"width: 1000px\" class=\"wp-caption aligncenter\"><img decoding=\"async\" class=\"wp-image-39386 size-full\" src=\"https:\/\/mouldking.store\/wp-content\/uploads\/2023\/01\/Wolfs-Head-Grond-MOC-122034-1.png\" alt=\"MOC-122034 Wolf\u2019s Head Grond With 2486 Pieces\" width=\"1000\" height=\"1000\" title=\"-\"><figcaption id=\"caption-attachment-39386\" class=\"wp-caption-text\">MOC-122034 Wolfskopf Grond mit 2486 Teilen<\/figcaption><\/figure>\n<figure id=\"attachment_39387\" aria-describedby=\"caption-attachment-39387\" style=\"width: 1000px\" class=\"wp-caption aligncenter\"><img decoding=\"async\" class=\"wp-image-39387 size-full\" src=\"https:\/\/mouldking.store\/wp-content\/uploads\/2023\/01\/Wolfs-Head-Grond-MOC-122034-2.png\" alt=\"MOC-122034 Wolf\u2019s Head Grond With 2486 Pieces\" width=\"1000\" height=\"1000\" title=\"-\"><figcaption id=\"caption-attachment-39387\" class=\"wp-caption-text\">MOC-122034 Wolfskopf Grond mit 2486 Teilen<\/figcaption><\/figure>\n<figure id=\"attachment_39388\" aria-describedby=\"caption-attachment-39388\" style=\"width: 1000px\" class=\"wp-caption aligncenter\"><img loading=\"lazy\" decoding=\"async\" class=\"wp-image-39388 size-full\" src=\"https:\/\/mouldking.store\/wp-content\/uploads\/2023\/01\/Wolfs-Head-Grond-MOC-122034-3.png\" alt=\"MOC-122034 Wolf\u2019s Head Grond With 2486 Pieces\" width=\"1000\" height=\"1000\" title=\"-\"><figcaption id=\"caption-attachment-39388\" class=\"wp-caption-text\">MOC-122034 Wolfskopf Grond mit 2486 Teilen<\/figcaption><\/figure>\n<figure id=\"attachment_39389\" aria-describedby=\"caption-attachment-39389\" style=\"width: 1000px\" class=\"wp-caption aligncenter\"><img loading=\"lazy\" decoding=\"async\" class=\"wp-image-39389 size-full\" src=\"https:\/\/mouldking.store\/wp-content\/uploads\/2023\/01\/Wolfs-Head-Grond-MOC-122034-4.png\" alt=\"MOC-122034 Wolf\u2019s Head Grond With 2486 Pieces\" width=\"1000\" height=\"1000\" title=\"-\"><figcaption id=\"caption-attachment-39389\" class=\"wp-caption-text\">MOC-122034 Wolfskopf Grond mit 2486 Teilen<\/figcaption><\/figure>","protected":false},"excerpt":{"rendered":"<p>PDF-Bauanleitung<\/p>\n<p>Ohne Originalverpackung<\/p>\n<p>Zeiteinteilung: 4-8 Wochen<\/p>","protected":false},"featured_media":39385,"comment_status":"closed","ping_status":"closed","template":"","meta":{"_acf_changed":false},"product_cat":[581],"product_tag":[10724,6483,430,10723,10726,10722,7835,10725],"class_list":["product","first","instock","shipping-taxable","purchasable","product-type-simple"],"acf":[],"_links":{"self":[{"href":"https:\/\/mouldking.store\/de\/wp-json\/wp\/v2\/product\/39384","targetHints":{"allow":["GET"]}}],"collection":[{"href":"https:\/\/mouldking.store\/de\/wp-json\/wp\/v2\/product"}],"about":[{"href":"https:\/\/mouldking.store\/de\/wp-json\/wp\/v2\/types\/product"}],"replies":[{"embeddable":true,"href":"https:\/\/mouldking.store\/de\/wp-json\/wp\/v2\/comments?post=39384"}],"wp:featuredmedia":[{"embeddable":true,"href":"https:\/\/mouldking.store\/de\/wp-json\/wp\/v2\/media\/39385"}],"wp:attachment":[{"href":"https:\/\/mouldking.store\/de\/wp-json\/wp\/v2\/media?parent=39384"}],"wp:term":[{"taxonomy":"product_cat","embeddable":true,"href":"https:\/\/mouldking.store\/de\/wp-json\/wp\/v2\/product_cat?post=39384"},{"taxonomy":"product_tag","embeddable":true,"href":"https:\/\/mouldking.store\/de\/wp-json\/wp\/v2\/product_tag?post=39384"}],"curies":[{"name":"wp","href":"https:\/\/api.w.org\/{rel}","templated":true}]}}