{"id":39411,"date":"2023-01-03T17:29:05","date_gmt":"2023-01-03T10:29:05","guid":{"rendered":"https:\/\/mouldking.store\/?post_type=product&#038;p=39411"},"modified":"2025-12-25T09:11:49","modified_gmt":"2025-12-25T02:11:49","slug":"moc-89508-horizon-zero-dawn-scrapper-with-219-pieces","status":"publish","type":"product","link":"https:\/\/mouldking.store\/de\/shop\/moc-89508-horizon-zero-dawn-scrapper-with-219-pieces\/","title":{"rendered":"MOC-89508 Horizon Zero Dawn Scrapper mit 219 Teilen"},"content":{"rendered":"<ol>\n<li>Marke: MOC<\/li>\n<li>Geschlecht: Unisex<\/li>\n<li>Name: Horizon Zero Dawn Scrapper<\/li>\n<li>Altersspanne: &gt; 6 Jahre alt<\/li>\n<li>Modellnummer: 89508<\/li>\n<li>Einstufung: Assemblage<\/li>\n<li>Kunststoffblockform: Selbstsichernde Steine<\/li>\n<li>Material: Kunststoff<\/li>\n<li>Kunststofftyp: ABS<\/li>\n<li>Ziegelsteine: 219 ST\u00dcCKE<\/li>\n<li>Gr\u00f6\u00dfe: 7,7 x 13,2 x 9,8 cm<\/li>\n<li>Enth\u00e4lt eine ausf\u00fchrliche Montageanleitung.<\/li>\n<\/ol>\n<p>Notiz:<br \/>\n1. Ohne Originalverpackung, aber wir garantieren, dass unsere Produkte eine Qualit\u00e4tssicherung und eine sch\u00f6ne Verpackung haben.<br \/>\n2. Wie alle Teile, die wir vor dem Versand \u00fcberpr\u00fcft haben, machen Sie sich keine Sorgen, wenn Sie feststellen, dass einige Teile fehlen oder besch\u00e4digt sind, und kontaktieren Sie uns einfach, und wir k\u00f6nnen sie Ihnen umgehend kostenlos erneut zusenden.<\/p>\n<figure id=\"attachment_39412\" aria-describedby=\"caption-attachment-39412\" style=\"width: 1004px\" class=\"wp-caption aligncenter\"><img fetchpriority=\"high\" decoding=\"async\" class=\"wp-image-39412 size-full\" src=\"https:\/\/mouldking.store\/wp-content\/uploads\/2023\/01\/MOC-89508-Creator-Horizon-Zero-Dawn-Scrapper-MOC-FACTORY.png\" alt=\"MOC-89508 Horizon Zero Dawn Scrapper With 219 Pieces\" width=\"1004\" height=\"1004\" title=\"-\"><figcaption id=\"caption-attachment-39412\" class=\"wp-caption-text\">MOC-89508 Horizon Zero Dawn Scrapper mit 219 Teilen<\/figcaption><\/figure>\n<figure id=\"attachment_39413\" aria-describedby=\"caption-attachment-39413\" style=\"width: 800px\" class=\"wp-caption aligncenter\"><img decoding=\"async\" class=\"wp-image-39413 size-full\" src=\"https:\/\/mouldking.store\/wp-content\/uploads\/2023\/01\/Horizon-Zero-Dawn-Scrapper-MOC-89508-2.jpg\" alt=\"MOC-89508 Horizon Zero Dawn Scrapper With 219 Pieces\" width=\"800\" height=\"800\" title=\"-\"><figcaption id=\"caption-attachment-39413\" class=\"wp-caption-text\">MOC-89508 Horizon Zero Dawn Scrapper mit 219 Teilen<\/figcaption><\/figure>\n<figure id=\"attachment_39414\" aria-describedby=\"caption-attachment-39414\" style=\"width: 800px\" class=\"wp-caption aligncenter\"><img decoding=\"async\" class=\"wp-image-39414 size-full\" src=\"https:\/\/mouldking.store\/wp-content\/uploads\/2023\/01\/Horizon-Zero-Dawn-Scrapper-MOC-89508-3.jpg\" alt=\"MOC-89508 Horizon Zero Dawn Scrapper With 219 Pieces\" width=\"800\" height=\"800\" title=\"-\"><figcaption id=\"caption-attachment-39414\" class=\"wp-caption-text\">MOC-89508 Horizon Zero Dawn Scrapper mit 219 Teilen<\/figcaption><\/figure>\n<figure id=\"attachment_39415\" aria-describedby=\"caption-attachment-39415\" style=\"width: 800px\" class=\"wp-caption aligncenter\"><img loading=\"lazy\" decoding=\"async\" class=\"wp-image-39415 size-full\" src=\"https:\/\/mouldking.store\/wp-content\/uploads\/2023\/01\/Horizon-Zero-Dawn-Scrapper-MOC-89508-4.jpg\" alt=\"MOC-89508 Horizon Zero Dawn Scrapper With 219 Pieces\" width=\"800\" height=\"800\" title=\"-\"><figcaption id=\"caption-attachment-39415\" class=\"wp-caption-text\">MOC-89508 Horizon Zero Dawn Scrapper mit 219 Teilen<\/figcaption><\/figure>\n<figure id=\"attachment_39416\" aria-describedby=\"caption-attachment-39416\" style=\"width: 800px\" class=\"wp-caption aligncenter\"><img loading=\"lazy\" decoding=\"async\" class=\"wp-image-39416 size-full\" src=\"https:\/\/mouldking.store\/wp-content\/uploads\/2023\/01\/Horizon-Zero-Dawn-Scrapper-MOC-89508-5.jpg\" alt=\"MOC-89508 Horizon Zero Dawn Scrapper With 219 Pieces\" width=\"800\" height=\"800\" title=\"-\"><figcaption id=\"caption-attachment-39416\" class=\"wp-caption-text\">MOC-89508 Horizon Zero Dawn Scrapper mit 219 Teilen<\/figcaption><\/figure>\n<figure id=\"attachment_39417\" aria-describedby=\"caption-attachment-39417\" style=\"width: 800px\" class=\"wp-caption aligncenter\"><img loading=\"lazy\" decoding=\"async\" class=\"wp-image-39417 size-full\" src=\"https:\/\/mouldking.store\/wp-content\/uploads\/2023\/01\/Horizon-Zero-Dawn-Scrapper-MOC-89508-6.jpg\" alt=\"MOC-89508 Horizon Zero Dawn Scrapper With 219 Pieces\" width=\"800\" height=\"800\" title=\"-\"><figcaption id=\"caption-attachment-39417\" class=\"wp-caption-text\">MOC-89508 Horizon Zero Dawn Scrapper mit 219 Teilen<\/figcaption><\/figure>\n<figure id=\"attachment_39418\" aria-describedby=\"caption-attachment-39418\" style=\"width: 800px\" class=\"wp-caption aligncenter\"><img loading=\"lazy\" decoding=\"async\" class=\"wp-image-39418 size-full\" src=\"https:\/\/mouldking.store\/wp-content\/uploads\/2023\/01\/Horizon-Zero-Dawn-Scrapper-MOC-89508-7.jpg\" alt=\"MOC-89508 Horizon Zero Dawn Scrapper With 219 Pieces\" width=\"800\" height=\"800\" title=\"-\"><figcaption id=\"caption-attachment-39418\" class=\"wp-caption-text\">MOC-89508 Horizon Zero Dawn Scrapper mit 219 Teilen<\/figcaption><\/figure>\n<figure id=\"attachment_39419\" aria-describedby=\"caption-attachment-39419\" style=\"width: 800px\" class=\"wp-caption aligncenter\"><img loading=\"lazy\" decoding=\"async\" class=\"wp-image-39419 size-full\" src=\"https:\/\/mouldking.store\/wp-content\/uploads\/2023\/01\/Horizon-Zero-Dawn-Scrapper-MOC-89508-8.jpg\" alt=\"MOC-89508 Horizon Zero Dawn Scrapper With 219 Pieces\" width=\"800\" height=\"800\" title=\"-\"><figcaption id=\"caption-attachment-39419\" class=\"wp-caption-text\">MOC-89508 Horizon Zero Dawn Scrapper mit 219 Teilen<\/figcaption><\/figure>\n<figure id=\"attachment_39420\" aria-describedby=\"caption-attachment-39420\" style=\"width: 800px\" class=\"wp-caption aligncenter\"><img loading=\"lazy\" decoding=\"async\" class=\"wp-image-39420 size-full\" src=\"https:\/\/mouldking.store\/wp-content\/uploads\/2023\/01\/Horizon-Zero-Dawn-Scrapper-MOC-89508-9.jpg\" alt=\"MOC-89508 Horizon Zero Dawn Scrapper With 219 Pieces\" width=\"800\" height=\"800\" title=\"-\"><figcaption id=\"caption-attachment-39420\" class=\"wp-caption-text\">MOC-89508 Horizon Zero Dawn Scrapper mit 219 Teilen<\/figcaption><\/figure>\n<figure id=\"attachment_39421\" aria-describedby=\"caption-attachment-39421\" style=\"width: 800px\" class=\"wp-caption aligncenter\"><img loading=\"lazy\" decoding=\"async\" class=\"wp-image-39421 size-full\" src=\"https:\/\/mouldking.store\/wp-content\/uploads\/2023\/01\/Horizon-Zero-Dawn-Scrapper-MOC-89508-10.jpg\" alt=\"MOC-89508 Horizon Zero Dawn Scrapper With 219 Pieces\" width=\"800\" height=\"800\" title=\"-\"><figcaption id=\"caption-attachment-39421\" class=\"wp-caption-text\">MOC-89508 Horizon Zero Dawn Scrapper mit 219 Teilen<\/figcaption><\/figure>","protected":false},"excerpt":{"rendered":"<p>Brand: MOC Gender: Unisex Name: Horizon Zero Dawn Scrapper Age Range: &gt; 6 years old Model Number: 89508 Classification: Assemblage Plastic Block Shape: Self-Locking Bricks Material: Plastic Plastic Type: ABS Bricks Blocks:219 PCS Size: 7.7 x 13.2 x 9.8 cm Contains detailed assembly instructions. Notice: 1. Without an original box, but we guarantee our products [&hellip;]<\/p>","protected":false},"featured_media":39412,"comment_status":"closed","ping_status":"closed","template":"","meta":{"_acf_changed":false},"product_cat":[1365,1406,371],"product_tag":[8168,5808,10755,430,10753,10756,10752,10754,8169],"class_list":["product","first","instock","shipping-taxable","purchasable","product-type-simple"],"acf":[],"_links":{"self":[{"href":"https:\/\/mouldking.store\/de\/wp-json\/wp\/v2\/product\/39411","targetHints":{"allow":["GET"]}}],"collection":[{"href":"https:\/\/mouldking.store\/de\/wp-json\/wp\/v2\/product"}],"about":[{"href":"https:\/\/mouldking.store\/de\/wp-json\/wp\/v2\/types\/product"}],"replies":[{"embeddable":true,"href":"https:\/\/mouldking.store\/de\/wp-json\/wp\/v2\/comments?post=39411"}],"wp:featuredmedia":[{"embeddable":true,"href":"https:\/\/mouldking.store\/de\/wp-json\/wp\/v2\/media\/39412"}],"wp:attachment":[{"href":"https:\/\/mouldking.store\/de\/wp-json\/wp\/v2\/media?parent=39411"}],"wp:term":[{"taxonomy":"product_cat","embeddable":true,"href":"https:\/\/mouldking.store\/de\/wp-json\/wp\/v2\/product_cat?post=39411"},{"taxonomy":"product_tag","embeddable":true,"href":"https:\/\/mouldking.store\/de\/wp-json\/wp\/v2\/product_tag?post=39411"}],"curies":[{"name":"wp","href":"https:\/\/api.w.org\/{rel}","templated":true}]}}